{"id":4018,"date":"2025-06-19T18:09:53","date_gmt":"2025-06-19T10:09:53","guid":{"rendered":"https:\/\/theperfumebottles.com\/?post_type=product&#038;p=4018"},"modified":"2025-06-19T18:09:55","modified_gmt":"2025-06-19T10:09:55","slug":"empty-amber-essential-oil-bottles-wholesale","status":"publish","type":"product","link":"https:\/\/theperfumebottles.com\/pl\/produkt\/empty-amber-essential-oil-bottles-wholesale\/","title":{"rendered":"Hurtowa sprzeda\u017c pustych butelek na olejki eteryczne w kolorze bursztynowym o pojemno\u015bci 50 ml i 100 ml"},"content":{"rendered":"<p>Wybierz nas dla hurtowej sprzeda\u017cy butelek na olejki eteryczne! Puste butelki na olejki eteryczne wykonane z UV-odpornego kruszcowego szk\u0142a, aby chroni\u0107 olejki przed rozk\u0142adem pod wp\u0142ywem \u015bwiat\u0142a. Stylowa butelka jest odpowiednia do opakowa\u0144 pod mark\u0105 i wspiera personalizacj\u0119. Preferowane s\u0105 du\u017ce ilo\u015bci, aby spe\u0142ni\u0107 Twoje potrzeby hurtowych zakup\u00f3w!<\/p>\n<h2>Kluczowe specyfikacje<\/h2>\n<table style=\"border-collapse: collapse; margin-left: auto; margin-right: auto; width: 80%;\" border=\"0\" width=\"80%\" cellspacing=\"0\" cellpadding=\"0\">\n<tbody>\n<tr style=\"height: 13.50pt;\">\n<td style=\"height: 13.50pt; width: 122.25pt;\" width=\"163\" height=\"18\">Specyfikacja<\/td>\n<td style=\"width: 259.50pt;\" width=\"346\">Bli\u017csze dane<\/td>\n<\/tr>\n<tr style=\"height: 13.50pt;\">\n<td style=\"height: 13.50pt;\" height=\"18\">Tworzywo<\/td>\n<td>Szk\u0142o (Kruszczone)<\/td>\n<\/tr>\n<tr style=\"height: 13.50pt;\">\n<td style=\"height: 13.50pt;\" height=\"18\">Opcje pojemno\u015bci<\/td>\n<td>50ml \/ 100ml<\/td>\n<\/tr>\n<tr style=\"height: 13.50pt;\">\n<td style=\"height: 13.50pt;\" height=\"18\">Typ czapki<\/td>\n<td>Zakr\u0119tkowy \/ Szczypczak \/ Spray<\/td>\n<\/tr>\n<tr style=\"height: 13.50pt;\">\n<td style=\"height: 13.50pt;\" height=\"18\">Kszta\u0142t butelki<\/td>\n<td>Cylindryczny \/ Okr\u0105g\u0142y \/ Kwadratowy (opcjonalnie)<\/td>\n<\/tr>\n<tr style=\"height: 13.50pt;\">\n<td style=\"height: 13.50pt;\" height=\"18\">Stosowanie<\/td>\n<td>Olejki eteryczne, olejki perfumowe, mieszanki<\/td>\n<\/tr>\n<tr style=\"height: 13.50pt;\">\n<td style=\"height: 13.50pt;\" height=\"18\">Wyko\u0144czenie powierzchni<\/td>\n<td>G\u0142adki, przyjazny dla etykiet<\/td>\n<\/tr>\n<tr style=\"height: 13.50pt;\">\n<td style=\"height: 13.50pt;\" height=\"18\">Personalizacja<\/td>\n<td>Druk logotypu, kolor, styl nakr\u0119tki<\/td>\n<\/tr>\n<\/tbody>\n<\/table>\n<h2>Rzeczywisty przyk\u0142ad<\/h2>\n<p>Jeden z naszych powracaj\u0105cych klient\u00f3w to ma\u0142a australijska marka zdrowia naturalnego, kt\u00f3ra chcia\u0142a wprowadzi\u0107 now\u0105 lini\u0119 aromaterapeutycznych spray\u00f3w. Wybrali nasi hurtowi butelki na olejki eteryczne o pojemno\u015bci 50ml z personalizowanymi cobaltowymi nakr\u0119tkami i wyt\u0142oczonymi logotypami.<\/p>\n<p>W ci\u0105gu sze\u015bciu tygodni ich sprzeda\u017c wzros\u0142a o 20%. Opowiedzieli nam, \u017ce \"butelki sprawiaj\u0105, \u017ce nasze produkty czuj\u0105 si\u0119 luksusowe, nie przeci\u0105\u017caj\u0105c przy tym bud\u017cetu.\"<\/p>\n<p>To jest pi\u0119kno inteligentnego opakowania \u2013 a wszystko zaczyna si\u0119 od odpowiedniej butelki.<\/p>\n<h2>Sugestie dotycz\u0105ce opakowa\u0144<\/h2>\n<p>Chcesz, aby ta butelka by\u0142a naprawd\u0119 Twoja? Rozumiemy Twoje inwestycje w mark\u0119, wi\u0119c oferujemy Ci kompleksowe us\u0142ugi personalizacji, aby pom\u00f3c Ci stworzy\u0107 najlepszy wygl\u0105d opakowania i pokaza\u0107 urod\u0119 Twojej marki!<\/p>\n<ul>\n<li><strong>Wybierz kolor:<\/strong> klasyczny kruszczy, pokazuj\u0105cy luksusow\u0105 tekstur\u0119. Je\u015bli chcesz innego stylu, mo\u017cesz wybra\u0107 zielony, niebieski, r\u00f3\u017cowy i przezroczyste wyko\u0144czenia. Ka\u017cdy z nich mo\u017ce pasowa\u0107 do nastroju Twojej marki!<\/li>\n<li><strong>Nakr\u0119tka z wzorem:<\/strong> Je\u015bli lubisz pe\u0142n\u0105 tekstur\u0119, mo\u017cesz wybra\u0107 g\u0142adk\u0105 metalow\u0105 nakr\u0119tk\u0119; je\u015bli d\u0105\u017cysz do prostoty i skromno\u015bci, matowa plastikowa nakr\u0119tka to dobry wyb\u00f3r; je\u015bli chcesz p\u00f3j\u015b\u0107 naturaln\u0105 i ekologiczn\u0105 drog\u0105, ekologiczna nakr\u0119tka z drewnianym wzorem jest idealna!<\/li>\n<li><strong>Logo marki:<\/strong> Chcesz, aby logotyp Twojej marki by\u0142 szczeg\u00f3lnie wyrazisty? Druk sitowy, wyt\u0142oczenie, etykiety samoprzylepne s\u0105 dost\u0119pne. Niezale\u017cnie od procesu, Tw\u00f3j logotyp mo\u017ce by\u0107 mocno \"ro\u015bni\u0119ty\" na butelce, sprawiaj\u0105c, \u017ce ludzie pami\u0119taj\u0105 go na pierwszy rzut oka!<\/li>\n<\/ul>\n<h2>Podsumowanie<\/h2>\n<p>Czy chcesz hurtowo kupi\u0107 parti\u0119 ekonomicznych butelek na olejki eteryczne, aby szybko rozpocz\u0105\u0107 produkcj\u0119 linii produkt\u00f3w, czy te\u017c chcesz z personalizacj\u0105 zestawu \"niezapomnianych\" pustych opakowa\u0144 na istniej\u0105c\u0105 seri\u0119 olejk\u00f3w eterycznych, jeste\u015bmy gotowi by\u0107 Twoim \"partnerem za kulisami\". Od wyboru rozmiaru do wyboru projektu, od propozycji materia\u0142\u00f3w do dostosowywania proces\u00f3w, je\u015bli masz jakie\u015b w\u0105tpliwo\u015bci lub pomys\u0142y, skontaktuj si\u0119 z nami \u2013 nasza ekipa zawsze gotowa jest pom\u00f3c Ci przekszta\u0142ci\u0107 \"idealny kszta\u0142t\" w Twojej g\u0142owie w \"zaskoczenie\", kt\u00f3rego mog\u0105 poczu\u0107 klienci.<\/p>","protected":false},"excerpt":{"rendered":"<p>Wysokiej jako\u015bci puste butelki na olejki eteryczne dost\u0119pne w hurtowni. Idealne do aromaterapii, olejk\u00f3w eterycznych i opakowa\u0144 pod mark\u0105.<\/p>","protected":false},"featured_media":4038,"comment_status":"open","ping_status":"closed","template":"","meta":{"_acf_changed":false,"site-sidebar-layout":"default","site-content-layout":"","ast-site-content-layout":"default","site-content-style":"default","site-sidebar-style":"default","ast-global-header-display":"","ast-banner-title-visibility":"","ast-main-header-display":"","ast-hfb-above-header-display":"","ast-hfb-below-header-display":"","ast-hfb-mobile-header-display":"","site-post-title":"","ast-breadcrumbs-content":"","ast-featured-img":"","footer-sml-layout":"","ast-disable-related-posts":"","theme-transparent-header-meta":"default","adv-header-id-meta":"","stick-header-meta":"","header-above-stick-meta":"","header-main-stick-meta":"","header-below-stick-meta":"","astra-migrate-meta-layouts":"set","ast-page-background-enabled":"default","ast-page-background-meta":{"desktop":{"background-color":"var(--ast-global-color-5)","background-image":"","background-repeat":"repeat","background-position":"center center","background-size":"auto","background-attachment":"scroll","background-type":"","background-media":"","overlay-type":"","overlay-color":"","overlay-opacity":"","overlay-gradient":""},"tablet":{"background-color":"","background-image":"","background-repeat":"repeat","background-position":"center center","background-size":"auto","background-attachment":"scroll","background-type":"","background-media":"","overlay-type":"","overlay-color":"","overlay-opacity":"","overlay-gradient":""},"mobile":{"background-color":"","background-image":"","background-repeat":"repeat","background-position":"center center","background-size":"auto","background-attachment":"scroll","background-type":"","background-media":"","overlay-type":"","overlay-color":"","overlay-opacity":"","overlay-gradient":""}},"ast-content-background-meta":{"desktop":{"background-color":"var(--ast-global-color-4)","background-image":"","background-repeat":"repeat","background-position":"center center","background-size":"auto","background-attachment":"scroll","background-type":"","background-media":"","overlay-type":"","overlay-color":"","overlay-opacity":"","overlay-gradient":""},"tablet":{"background-color":"var(--ast-global-color-4)","background-image":"","background-repeat":"repeat","background-position":"center center","background-size":"auto","background-attachment":"scroll","background-type":"","background-media":"","overlay-type":"","overlay-color":"","overlay-opacity":"","overlay-gradient":""},"mobile":{"background-color":"var(--ast-global-color-4)","background-image":"","background-repeat":"repeat","background-position":"center center","background-size":"auto","background-attachment":"scroll","background-type":"","background-media":"","overlay-type":"","overlay-color":"","overlay-opacity":"","overlay-gradient":""}}},"product_brand":[],"product_cat":[57,72,62],"product_tag":[],"class_list":{"0":"post-4018","1":"product","2":"type-product","3":"status-publish","4":"has-post-thumbnail","6":"product_cat-essential-oil-bottles","7":"product_cat-cosmetic-packaging","8":"product_cat-cosmetic-containers","9":"desktop-align-left","10":"tablet-align-left","11":"mobile-align-left","13":"first","14":"instock","15":"shipping-taxable","16":"product-type-simple"},"acf":[],"jetpack_sharing_enabled":true,"_links":{"self":[{"href":"https:\/\/theperfumebottles.com\/pl\/wp-json\/wp\/v2\/product\/4018","targetHints":{"allow":["GET"]}}],"collection":[{"href":"https:\/\/theperfumebottles.com\/pl\/wp-json\/wp\/v2\/product"}],"about":[{"href":"https:\/\/theperfumebottles.com\/pl\/wp-json\/wp\/v2\/types\/product"}],"replies":[{"embeddable":true,"href":"https:\/\/theperfumebottles.com\/pl\/wp-json\/wp\/v2\/comments?post=4018"}],"wp:featuredmedia":[{"embeddable":true,"href":"https:\/\/theperfumebottles.com\/pl\/wp-json\/wp\/v2\/media\/4038"}],"wp:attachment":[{"href":"https:\/\/theperfumebottles.com\/pl\/wp-json\/wp\/v2\/media?parent=4018"}],"wp:term":[{"taxonomy":"product_brand","embeddable":true,"href":"https:\/\/theperfumebottles.com\/pl\/wp-json\/wp\/v2\/product_brand?post=4018"},{"taxonomy":"product_cat","embeddable":true,"href":"https:\/\/theperfumebottles.com\/pl\/wp-json\/wp\/v2\/product_cat?post=4018"},{"taxonomy":"product_tag","embeddable":true,"href":"https:\/\/theperfumebottles.com\/pl\/wp-json\/wp\/v2\/product_tag?post=4018"}],"curies":[{"name":"wp","href":"https:\/\/api.w.org\/{rel}","templated":true}]}}