{"id":4274,"date":"2025-06-27T09:35:18","date_gmt":"2025-06-27T01:35:18","guid":{"rendered":"https:\/\/theperfumebottles.com\/?post_type=product&#038;p=4274"},"modified":"2025-06-27T09:35:20","modified_gmt":"2025-06-27T01:35:20","slug":"custom-bulk-perfume-bottles-glass-packaging-deals","status":"publish","type":"product","link":"https:\/\/theperfumebottles.com\/pl\/produkt\/custom-bulk-perfume-bottles-glass-packaging-deals\/","title":{"rendered":"Butelki perfum na zam\u00f3wienie 30 ml, 50 ml, 100 ml \u2013 oferty na opakowania szklane"},"content":{"rendered":"<p>Chcesz zam\u00f3wi\u0107 hurtowe butelki perfum? Z naszymi pustymi butelkami na perfumy nie pomylisz si\u0119! Doskona\u0142a jako\u015b\u0107, prosty i elegancki design, wystarczy etykieta i odrobina dekoracji, aby nada\u0107 butelce wyj\u0105tkowy wygl\u0105d. Wprowadzenie nowych produkt\u00f3w na rynek lub uzupe\u0142nienie zapas\u00f3w \u2013 wszystko z \u0142atwo\u015bci\u0105!<\/p>\n<h2>Kluczowe specyfikacje<\/h2>\n<table style=\"border-collapse: collapse;margin-left: auto;margin-right: auto;width: 80%\" border=\"0\" width=\"80%\" cellspacing=\"0\" cellpadding=\"0\">\n<tbody>\n<tr style=\"height: 13.50pt\">\n<td style=\"height: 13.50pt;width: 103.50pt\" width=\"138\" height=\"18\">Funkcja<\/td>\n<td style=\"width: 186.75pt\" width=\"249\">Bli\u017csze dane<\/td>\n<\/tr>\n<tr style=\"height: 13.50pt\">\n<td style=\"height: 13.50pt\" height=\"18\">Tworzywo<\/td>\n<td>Szk\u0142o kryszta\u0142owe<\/td>\n<\/tr>\n<tr style=\"height: 13.50pt\">\n<td style=\"height: 13.50pt\" height=\"18\">Kszta\u0142t<\/td>\n<td>Prostok\u0105tny<\/td>\n<\/tr>\n<tr style=\"height: 13.50pt\">\n<td style=\"height: 13.50pt\" height=\"18\">Pojemno\u015b\u0107<\/td>\n<td>30 ml\/50 ml \/ 100 ml<\/td>\n<\/tr>\n<tr style=\"height: 13.50pt\">\n<td style=\"height: 13.50pt\" height=\"18\">Rodzaj zamkni\u0119cia<\/td>\n<td>\n<article class=\"4ever-article\" data-clipboard-cangjie=\"[&quot;root&quot;,{&quot;copyFrom&quot;:&quot;im-native&quot;},[&quot;p&quot;,{},[&quot;span&quot;,{&quot;data-type&quot;:&quot;text&quot;},[&quot;span&quot;,{&quot;data-type&quot;:&quot;leaf&quot;},&quot;Screw neck&quot;]]]]\">Szyjka gwintowana + spryskiwacz<\/article>\n<\/td>\n<\/tr>\n<tr style=\"height: 13.50pt\">\n<td style=\"height: 13.50pt\" height=\"18\">Personalizacja<\/td>\n<td>Dost\u0119pne s\u0105 pe\u0142ne opcje kolorystyczne<\/td>\n<\/tr>\n<\/tbody>\n<\/table>\n<h2>Prawdziwa historia sukcesu<\/h2>\n<p>Istnieje butikowa marka perfum, kt\u00f3ra pod\u0105\u017ca wyrafinowan\u0105 \u015bcie\u017ck\u0105 i chce stworzy\u0107 minimalistyczny i stylowy zapach. Wybra\u0142a nasze puste flakony na \u201ep\u0142\u00f3tno\u201d i zam\u00f3wi\u0142a parti\u0119 50 ml butelek, kt\u00f3re dodatkowo ozdobiono r\u00f3\u017cowoz\u0142otymi lam\u00f3wkami i delikatnymi lawendowymi tonami, co nada\u0142o im bardzo ekskluzywny wygl\u0105d! Efekt? Te limitowane perfumy wyprzeda\u0142y si\u0119 zaledwie kilka tygodni po tym, jak trafi\u0142y na p\u00f3\u0142ki, a na portalach spo\u0142eczno\u015bciowych pojawi\u0142o si\u0119 mn\u00f3stwo entuzjastycznych recenzji~<\/p>\n<h2>Profesjonalne porady<\/h2>\n<p>Je\u015bli Twoi docelowi klienci ceni\u0105 sobie proste pi\u0119kno zasady \u201emniej znaczy wi\u0119cej\u201d, mo\u017cesz wybra\u0107 flakon o matowej fakturze i nisko nasyconych barwach; je\u015bli natomiast celujesz w klient\u00f3w luksusowych, mo\u017cesz doda\u0107 do flakonu metalow\u0105 nakr\u0119tk\u0119 i g\u0142\u0119boki, szlachetny kolor, aby efekt wizualny by\u0142 intensywny, a klienci nigdy go nie zapomn\u0105 od pierwszego wejrzenia!<\/p>\n<h2>Chcesz stworzy\u0107 w\u0142asny flakon perfum?<\/h2>\n<p>Niezale\u017cnie od tego, czy wprowadzasz na rynek now\u0105 seri\u0119 perfum, czy od\u015bwie\u017casz istniej\u0105c\u0105 lini\u0119 produkt\u00f3w, nasze szklane flakony nie tylko zachowaj\u0105 styl, ale tak\u017ce \u201eelastycznie b\u0119d\u0105 si\u0119 rozwija\u0107\u201d wraz ze sprzeda\u017c\u0105. Mo\u017cesz je dowolnie personalizowa\u0107 \u2013 od koloru po styl nakr\u0119tek! Gdy Twoja firma si\u0119 rozrasta i chcesz zwi\u0119kszy\u0107 skal\u0119 produkcji, pomo\u017cemy Ci z \u0142atwo\u015bci\u0105 znale\u017a\u0107 najbardziej odpowiednie flakony do perfum (butelki do produkcji seryjnej), idealnie dopasowane do wizji Twojej marki~<\/p>\n<p>Do\u0142\u0105cz do nas i wsp\u00f3lnie zrealizujmy niezapomniany \u201eprojekt butelki perfum\u201d, dzi\u0119ki kt\u00f3remu Twoje perfumy b\u0119d\u0105 niezapomniane!<\/p>\n<p>&nbsp;<\/p>","protected":false},"excerpt":{"rendered":"<p>Wysokiej jako\u015bci butelki na perfumy z eleganckimi z\u0142otymi zakr\u0119tkami. Idealne dla marek perfum, projekt\u00f3w DIY lub rozwi\u0105za\u0144 w zakresie pakowania hurtowego.<\/p>","protected":false},"featured_media":4277,"comment_status":"open","ping_status":"closed","template":"","meta":{"_acf_changed":false,"site-sidebar-layout":"default","site-content-layout":"","ast-site-content-layout":"default","site-content-style":"default","site-sidebar-style":"default","ast-global-header-display":"","ast-banner-title-visibility":"","ast-main-header-display":"","ast-hfb-above-header-display":"","ast-hfb-below-header-display":"","ast-hfb-mobile-header-display":"","site-post-title":"","ast-breadcrumbs-content":"","ast-featured-img":"","footer-sml-layout":"","ast-disable-related-posts":"","theme-transparent-header-meta":"default","adv-header-id-meta":"","stick-header-meta":"","header-above-stick-meta":"","header-main-stick-meta":"","header-below-stick-meta":"","astra-migrate-meta-layouts":"set","ast-page-background-enabled":"default","ast-page-background-meta":{"desktop":{"background-color":"var(--ast-global-color-5)","background-image":"","background-repeat":"repeat","background-position":"center center","background-size":"auto","background-attachment":"scroll","background-type":"","background-media":"","overlay-type":"","overlay-color":"","overlay-opacity":"","overlay-gradient":""},"tablet":{"background-color":"","background-image":"","background-repeat":"repeat","background-position":"center center","background-size":"auto","background-attachment":"scroll","background-type":"","background-media":"","overlay-type":"","overlay-color":"","overlay-opacity":"","overlay-gradient":""},"mobile":{"background-color":"","background-image":"","background-repeat":"repeat","background-position":"center center","background-size":"auto","background-attachment":"scroll","background-type":"","background-media":"","overlay-type":"","overlay-color":"","overlay-opacity":"","overlay-gradient":""}},"ast-content-background-meta":{"desktop":{"background-color":"var(--ast-global-color-4)","background-image":"","background-repeat":"repeat","background-position":"center center","background-size":"auto","background-attachment":"scroll","background-type":"","background-media":"","overlay-type":"","overlay-color":"","overlay-opacity":"","overlay-gradient":""},"tablet":{"background-color":"var(--ast-global-color-4)","background-image":"","background-repeat":"repeat","background-position":"center center","background-size":"auto","background-attachment":"scroll","background-type":"","background-media":"","overlay-type":"","overlay-color":"","overlay-opacity":"","overlay-gradient":""},"mobile":{"background-color":"var(--ast-global-color-4)","background-image":"","background-repeat":"repeat","background-position":"center center","background-size":"auto","background-attachment":"scroll","background-type":"","background-media":"","overlay-type":"","overlay-color":"","overlay-opacity":"","overlay-gradient":""}}},"product_brand":[],"product_cat":[72,91,41],"product_tag":[],"class_list":{"0":"post-4274","1":"product","2":"type-product","3":"status-publish","4":"has-post-thumbnail","6":"product_cat-cosmetic-packaging","7":"product_cat-custom-perfume-bottles","8":"product_cat-perfume-bottles","9":"desktop-align-left","10":"tablet-align-left","11":"mobile-align-left","13":"first","14":"instock","15":"shipping-taxable","16":"product-type-simple"},"acf":[],"jetpack_sharing_enabled":true,"_links":{"self":[{"href":"https:\/\/theperfumebottles.com\/pl\/wp-json\/wp\/v2\/product\/4274","targetHints":{"allow":["GET"]}}],"collection":[{"href":"https:\/\/theperfumebottles.com\/pl\/wp-json\/wp\/v2\/product"}],"about":[{"href":"https:\/\/theperfumebottles.com\/pl\/wp-json\/wp\/v2\/types\/product"}],"replies":[{"embeddable":true,"href":"https:\/\/theperfumebottles.com\/pl\/wp-json\/wp\/v2\/comments?post=4274"}],"wp:featuredmedia":[{"embeddable":true,"href":"https:\/\/theperfumebottles.com\/pl\/wp-json\/wp\/v2\/media\/4277"}],"wp:attachment":[{"href":"https:\/\/theperfumebottles.com\/pl\/wp-json\/wp\/v2\/media?parent=4274"}],"wp:term":[{"taxonomy":"product_brand","embeddable":true,"href":"https:\/\/theperfumebottles.com\/pl\/wp-json\/wp\/v2\/product_brand?post=4274"},{"taxonomy":"product_cat","embeddable":true,"href":"https:\/\/theperfumebottles.com\/pl\/wp-json\/wp\/v2\/product_cat?post=4274"},{"taxonomy":"product_tag","embeddable":true,"href":"https:\/\/theperfumebottles.com\/pl\/wp-json\/wp\/v2\/product_tag?post=4274"}],"curies":[{"name":"wp","href":"https:\/\/api.w.org\/{rel}","templated":true}]}}