{"id":4433,"date":"2025-07-14T13:38:33","date_gmt":"2025-07-14T05:38:33","guid":{"rendered":"https:\/\/theperfumebottles.com\/?post_type=product&#038;p=4433"},"modified":"2025-07-14T13:38:34","modified_gmt":"2025-07-14T05:38:34","slug":"30ml-cream-jar-premium-skincare-packaging-for-wholesale","status":"publish","type":"product","link":"https:\/\/theperfumebottles.com\/pl\/produkt\/30ml-cream-jar-premium-skincare-packaging-for-wholesale\/","title":{"rendered":"S\u0142oik na krem \u200b\u200b30 ml \u2013 Opakowanie premium do piel\u0119gnacji sk\u00f3ry dla hurtowni"},"content":{"rendered":"<p>Potrzebujesz opakowania do piel\u0119gnacji sk\u00f3ry, kt\u00f3re \u0142\u0105czy trwa\u0142o\u015b\u0107 z nowoczesnym designem? Nasz 30-mililitrowy s\u0142oiczek do kremu zosta\u0142 stworzony z my\u015bl\u0105 o producentach i sklepach, kt\u00f3re poszukuj\u0105 opakowa\u0144, kt\u00f3re b\u0119d\u0105 dobrze prezentowa\u0107 si\u0119 na p\u00f3\u0142kach. Jako sprawdzony producent butelek, oferujemy szklane s\u0142oiki z bezpiecznymi zamkni\u0119ciami gwintowanymi \u2013 idealne do produkt\u00f3w do piel\u0119gnacji sk\u00f3ry, takich jak balsamy do twarzy, balsamy do cia\u0142a czy \u017cele pod oczy. Te przystosowane do transportu pojemniki nie tylko utrzymuj\u0105 Twoje produkty, ale wr\u0119cz je podnosz\u0105.<\/p>\n<h2>Kluczowe specyfikacje<\/h2>\n<table style=\"border-collapse: collapse;width: 1047px;height: 501px;margin-left: 160px\" border=\"0\" width=\"144\" cellspacing=\"0\" cellpadding=\"0\">\n<tbody>\n<tr style=\"height: 13.50pt\">\n<td style=\"height: 13.5pt;width: 54pt\" width=\"72\" height=\"18\">Funkcja<\/td>\n<td style=\"width: 54.00pt\" width=\"72\">Bli\u017csze dane<\/td>\n<\/tr>\n<tr style=\"height: 13.50pt\">\n<td style=\"height: 13.50pt\" height=\"18\">Pojemno\u015b\u0107<\/td>\n<td>30 ml (1 uncja)<\/td>\n<\/tr>\n<tr style=\"height: 13.50pt\">\n<td style=\"height: 13.50pt\" height=\"18\">Kszta\u0142t<\/td>\n<td>Prosty cylinder<\/td>\n<\/tr>\n<tr style=\"height: 13.50pt\">\n<td style=\"height: 13.50pt\" height=\"18\">Metoda uszczelniania<\/td>\n<td>Plastikowa\/metalowa \u015bruba<\/td>\n<\/tr>\n<tr style=\"height: 13.50pt\">\n<td style=\"height: 13.50pt\" height=\"18\">Tworzywo<\/td>\n<td>Szk\u0142o<\/td>\n<\/tr>\n<tr style=\"height: 13.50pt\">\n<td style=\"height: 13.50pt\" height=\"18\">Opcje kolor\u00f3w<\/td>\n<td>Przezroczysty, bursztynowy, matowy bia\u0142y (mo\u017cliwo\u015b\u0107 dostosowania)<\/td>\n<\/tr>\n<tr style=\"height: 13.50pt\">\n<td style=\"height: 13.50pt\" height=\"18\">Stosowanie<\/td>\n<td>Kremy do twarzy, balsamy do cia\u0142a, \u017cele pod oczy<\/td>\n<\/tr>\n<tr style=\"height: 13.50pt\">\n<td style=\"height: 13.50pt\" height=\"18\">Sko\u0144czy\u0107<\/td>\n<td>Matowe dla prywatno\u015bci i estetyki<\/td>\n<\/tr>\n<tr style=\"height: 13.50pt\">\n<td style=\"height: 13.50pt\" height=\"18\">Gotowe do wysy\u0142ki<\/td>\n<td>Tak (dost\u0119pne w standardowym stanie)<\/td>\n<\/tr>\n<\/tbody>\n<\/table>\n<h2>Przypadek sukcesu: Wprowadzenie na rynek luksusowej marki kosmetyk\u00f3w do piel\u0119gnacji sk\u00f3ry<\/h2>\n<p>Luksusowa marka kosmetyk\u00f3w do piel\u0119gnacji sk\u00f3ry za\u017cyczy\u0142a sobie opakowania do piel\u0119gnacji sk\u00f3ry dla swojej nowej linii krem\u00f3w przeciwstarzeniowych. Spersonalizowali\u015bmy 30-mililitrowe, matowobia\u0142e s\u0142oiczki ze z\u0142otymi t\u0142oczonymi logo i metalowymi zakr\u0119tkami. Efekt? Dwustuprocentowy wzrost sprzeda\u017cy online i 35% wzrost liczby partnerstw hurtowych. To pokazuje, jak s\u0142oiczki do krem\u00f3w mog\u0105 przekszta\u0142ci\u0107 niszowe produkty w lider\u00f3w rynku.<\/p>\n<h2>Wskaz\u00f3wki dotycz\u0105ce personalizacji Twojej marki<\/h2>\n<ul>\n<li><strong>Barwienie kolor\u00f3w:<\/strong> U\u017cyj koloru bursztynowego do produkt\u00f3w wra\u017cliwych na promieniowanie UV, a koloru czystego do produkt\u00f3w najwy\u017cszej jako\u015bci.<\/li>\n<li><strong>Opcje pokrywy:<\/strong> Plastikowe pokrywki redukuj\u0105 koszty pakowania hurtowych ilo\u015bci, a metalowe pokrywki zapewniaj\u0105 wra\u017cenie wysokiej jako\u015bci.<\/li>\n<li><strong>Projekt etykiety:<\/strong> Po\u0142\u0105cz z wyt\u0142oczonymi symbolami ciep\u0142a lub plombami zabezpieczaj\u0105cymi przed otwarciem, aby uzyska\u0107 pewno\u015b\u0107 autentyczno\u015bci.<\/li>\n<li><strong>Rabaty ilo\u015bciowe:<\/strong> Zam\u00f3w opakowania na kosmetyki w du\u017cych ilo\u015bciach, aby skorzysta\u0107 z zr\u00f3\u017cnicowanych cen i szybkiej wysy\u0142ki.<\/li>\n<\/ul>","protected":false},"excerpt":{"rendered":"<p>S\u0142oik premium o pojemno\u015bci 30 ml do krem\u00f3w do piel\u0119gnacji sk\u00f3ry. Idealny do krem\u00f3w do twarzy i balsam\u00f3w do cia\u0142a. Szklane pojemniki z mo\u017cliwo\u015bci\u0105 personalizacji, dost\u0119pne hurtowo, z hermetycznymi pokrywkami.<\/p>","protected":false},"featured_media":4434,"comment_status":"open","ping_status":"closed","template":"","meta":{"_acf_changed":false,"site-sidebar-layout":"default","site-content-layout":"","ast-site-content-layout":"default","site-content-style":"default","site-sidebar-style":"default","ast-global-header-display":"","ast-banner-title-visibility":"","ast-main-header-display":"","ast-hfb-above-header-display":"","ast-hfb-below-header-display":"","ast-hfb-mobile-header-display":"","site-post-title":"","ast-breadcrumbs-content":"","ast-featured-img":"","footer-sml-layout":"","ast-disable-related-posts":"","theme-transparent-header-meta":"default","adv-header-id-meta":"","stick-header-meta":"","header-above-stick-meta":"","header-main-stick-meta":"","header-below-stick-meta":"","astra-migrate-meta-layouts":"set","ast-page-background-enabled":"default","ast-page-background-meta":{"desktop":{"background-color":"var(--ast-global-color-5)","background-image":"","background-repeat":"repeat","background-position":"center center","background-size":"auto","background-attachment":"scroll","background-type":"","background-media":"","overlay-type":"","overlay-color":"","overlay-opacity":"","overlay-gradient":""},"tablet":{"background-color":"","background-image":"","background-repeat":"repeat","background-position":"center center","background-size":"auto","background-attachment":"scroll","background-type":"","background-media":"","overlay-type":"","overlay-color":"","overlay-opacity":"","overlay-gradient":""},"mobile":{"background-color":"","background-image":"","background-repeat":"repeat","background-position":"center center","background-size":"auto","background-attachment":"scroll","background-type":"","background-media":"","overlay-type":"","overlay-color":"","overlay-opacity":"","overlay-gradient":""}},"ast-content-background-meta":{"desktop":{"background-color":"var(--ast-global-color-4)","background-image":"","background-repeat":"repeat","background-position":"center center","background-size":"auto","background-attachment":"scroll","background-type":"","background-media":"","overlay-type":"","overlay-color":"","overlay-opacity":"","overlay-gradient":""},"tablet":{"background-color":"var(--ast-global-color-4)","background-image":"","background-repeat":"repeat","background-position":"center center","background-size":"auto","background-attachment":"scroll","background-type":"","background-media":"","overlay-type":"","overlay-color":"","overlay-opacity":"","overlay-gradient":""},"mobile":{"background-color":"var(--ast-global-color-4)","background-image":"","background-repeat":"repeat","background-position":"center center","background-size":"auto","background-attachment":"scroll","background-type":"","background-media":"","overlay-type":"","overlay-color":"","overlay-opacity":"","overlay-gradient":""}}},"product_brand":[],"product_cat":[56,72,62],"product_tag":[106,105],"class_list":{"0":"post-4433","1":"product","2":"type-product","3":"status-publish","4":"has-post-thumbnail","6":"product_cat-cosmetic-jars","7":"product_cat-cosmetic-packaging","8":"product_cat-cosmetic-containers","9":"product_tag-cream-jar","10":"product_tag-skincare-packaging","11":"desktop-align-left","12":"tablet-align-left","13":"mobile-align-left","15":"first","16":"instock","17":"shipping-taxable","18":"product-type-simple"},"acf":[],"jetpack_sharing_enabled":true,"_links":{"self":[{"href":"https:\/\/theperfumebottles.com\/pl\/wp-json\/wp\/v2\/product\/4433","targetHints":{"allow":["GET"]}}],"collection":[{"href":"https:\/\/theperfumebottles.com\/pl\/wp-json\/wp\/v2\/product"}],"about":[{"href":"https:\/\/theperfumebottles.com\/pl\/wp-json\/wp\/v2\/types\/product"}],"replies":[{"embeddable":true,"href":"https:\/\/theperfumebottles.com\/pl\/wp-json\/wp\/v2\/comments?post=4433"}],"wp:featuredmedia":[{"embeddable":true,"href":"https:\/\/theperfumebottles.com\/pl\/wp-json\/wp\/v2\/media\/4434"}],"wp:attachment":[{"href":"https:\/\/theperfumebottles.com\/pl\/wp-json\/wp\/v2\/media?parent=4433"}],"wp:term":[{"taxonomy":"product_brand","embeddable":true,"href":"https:\/\/theperfumebottles.com\/pl\/wp-json\/wp\/v2\/product_brand?post=4433"},{"taxonomy":"product_cat","embeddable":true,"href":"https:\/\/theperfumebottles.com\/pl\/wp-json\/wp\/v2\/product_cat?post=4433"},{"taxonomy":"product_tag","embeddable":true,"href":"https:\/\/theperfumebottles.com\/pl\/wp-json\/wp\/v2\/product_tag?post=4433"}],"curies":[{"name":"wp","href":"https:\/\/api.w.org\/{rel}","templated":true}]}}