{"id":4474,"date":"2025-07-15T17:44:31","date_gmt":"2025-07-15T09:44:31","guid":{"rendered":"https:\/\/theperfumebottles.com\/?post_type=product&#038;p=4474"},"modified":"2026-03-30T17:09:12","modified_gmt":"2026-03-30T09:09:12","slug":"cylindrical-skincare-containers-wholesale","status":"publish","type":"product","link":"https:\/\/theperfumebottles.com\/pl\/produkt\/cylindrical-skincare-containers-wholesale\/","title":{"rendered":"Hurtowa sprzeda\u017c cylindrycznych pojemnik\u00f3w do piel\u0119gnacji sk\u00f3ry o pojemno\u015bci 4 uncji i 8 uncji"},"content":{"rendered":"<p>Te hurtowe pojemniki do piel\u0119gnacji sk\u00f3ry to bursztynowe s\u0142oiki blokuj\u0105ce \u015bwiat\u0142o, matowo-czarne s\u0142oiki ekspozycyjne oraz przezroczyste s\u0142oiki ekspozycyjne. S\u0142oiki maj\u0105 czysty, op\u0142ywowy, cylindryczny kszta\u0142t i s\u0105 wyposa\u017cone w pasuj\u0105c\u0105 pokrywk\u0119.<\/p>\n<h2 data-spm-anchor-id=\"5176.28103460.0.i24.29ab1db83FoVh8\"><strong>Kluczowe specyfikacje<\/strong><\/h2>\n<table style=\"border-collapse: collapse; width: 906px; height: 373px; margin-left: 240px;\" border=\"0\" width=\"144\" cellspacing=\"0\" cellpadding=\"0\">\n<tbody>\n<tr style=\"height: 13.50pt;\">\n<td style=\"height: 13.50pt; width: 54.00pt;\" width=\"72\" height=\"18\">Funkcja<\/td>\n<td style=\"width: 54.00pt;\" width=\"72\">Bli\u017csze dane<\/td>\n<\/tr>\n<tr style=\"height: 13.50pt;\">\n<td style=\"height: 13.50pt;\" height=\"18\">Pojemno\u015b\u0107<\/td>\n<td>4oz \/ 8oz<\/td>\n<\/tr>\n<tr style=\"height: 13.50pt;\">\n<td style=\"height: 13.50pt;\" height=\"18\">Kszta\u0142t<\/td>\n<td>Proste boki<\/td>\n<\/tr>\n<tr style=\"height: 13.50pt;\">\n<td style=\"height: 13.50pt;\" height=\"18\">Metoda uszczelniania<\/td>\n<td>Pokrywa gwintowana (plastik\/metal\/drewno)<\/td>\n<\/tr>\n<tr style=\"height: 13.50pt;\">\n<td style=\"height: 13.50pt;\" height=\"18\">Tworzywo<\/td>\n<td>Szk\u0142o kryszta\u0142owe<\/td>\n<\/tr>\n<tr style=\"height: 13.50pt;\">\n<td style=\"height: 13.50pt;\" height=\"18\">Zabarwienie<\/td>\n<td>Bursztynowy, czarny, przezroczysty, zielony, niebieski (mo\u017cliwo\u015b\u0107 dostosowania)\u2026<\/td>\n<\/tr>\n<tr style=\"height: 13.50pt;\">\n<td style=\"height: 13.50pt;\" height=\"18\">Przypadki u\u017cycia<\/td>\n<td>Krem do twarzy, balsam do cia\u0142a, krem \u200b\u200bpod oczy<\/td>\n<\/tr>\n<\/tbody>\n<\/table>\n<h2><span class=\"highlights\" data-v-df95d256=\"\">Historia sukcesu<\/span><\/h2>\n<p>Nasze opakowania w s\u0142oiczkach z kremem \u2013 bursztynowy krem \u200b\u200bna noc z retinolem i matowa czarna maska \u200b\u200bz w\u0119glem bambusowym \u2013 zosta\u0142y wybrane przez mark\u0119 oferuj\u0105c\u0105 produkty well-being. S\u0142oiki maj\u0105 indywidualnie nadrukowane sitodrukiem wzory zio\u0142owe. Bursztynowe szklane pojemniki stosowane w produktach z retinolem zwi\u0119kszy\u0142y stabilno\u015b\u0107 produktu o 40%, a matowe czarne szklane pojemniki stosowane w kremach na noc podnios\u0142y cen\u0119 o 25%. Marka odnios\u0142a du\u017cy sukces i zam\u00f3wi\u0142a kolejne 300 000 s\u0142oiczk\u00f3w nowej linii balsam\u00f3w do cia\u0142a i piel\u0119gnacji sk\u00f3ry g\u0142owy.<\/p>\n<h2><span class=\"highlights\" data-v-df95d256=\"\">Sugestie dotycz\u0105ce personalizacji<\/span><\/h2>\n<ul>\n<li><strong>Stylizacja szk\u0142a i etykiet:<\/strong> Wybierz czyste szk\u0142o z prostymi, minimalistycznymi etykietami, aby uzyska\u0107 nowoczesny wygl\u0105d, lub zdecyduj si\u0119 na czarne szk\u0142o i metalowe znaki towarowe, aby uzyska\u0107 ekskluzywny, kosztowny wygl\u0105d.<\/li>\n<li><strong>Wyb\u00f3r pokrywki:<\/strong> Po\u0142\u0105cz z plastikowymi pokrywkami lub metalowymi nakr\u0119tkami, aby uzyska\u0107 elegancki, profesjonalny wygl\u0105d.<\/li>\n<li><strong>Korzy\u015bci hurtowe:<\/strong> Skorzystaj z dostawy luzem przy zam\u00f3wieniach hurtowych na produkty do piel\u0119gnacji sk\u00f3ry w ilo\u015bci 500 sztuk lub wi\u0119cej.<\/li>\n<\/ul>","protected":false},"excerpt":{"rendered":"<p>Hurtowa sprzeda\u017c wysokiej jako\u015bci pojemnik\u00f3w do piel\u0119gnacji sk\u00f3ry z wieloma wyko\u0144czeniami i bezpiecznymi pokrywkami. S\u0142oiki na kremy i opakowania kosmetyczne dla marek. Szybka wysy\u0142ka gwarantuje szybk\u0105 dostaw\u0119.<\/p>","protected":false},"featured_media":4479,"comment_status":"open","ping_status":"closed","template":"","meta":{"_acf_changed":false,"site-sidebar-layout":"default","site-content-layout":"","ast-site-content-layout":"default","site-content-style":"default","site-sidebar-style":"default","ast-global-header-display":"","ast-banner-title-visibility":"","ast-main-header-display":"","ast-hfb-above-header-display":"","ast-hfb-below-header-display":"","ast-hfb-mobile-header-display":"","site-post-title":"","ast-breadcrumbs-content":"","ast-featured-img":"","footer-sml-layout":"","ast-disable-related-posts":"","theme-transparent-header-meta":"default","adv-header-id-meta":"","stick-header-meta":"","header-above-stick-meta":"","header-main-stick-meta":"","header-below-stick-meta":"","astra-migrate-meta-layouts":"set","ast-page-background-enabled":"default","ast-page-background-meta":{"desktop":{"background-color":"var(--ast-global-color-5)","background-image":"","background-repeat":"repeat","background-position":"center center","background-size":"auto","background-attachment":"scroll","background-type":"","background-media":"","overlay-type":"","overlay-color":"","overlay-opacity":"","overlay-gradient":""},"tablet":{"background-color":"","background-image":"","background-repeat":"repeat","background-position":"center center","background-size":"auto","background-attachment":"scroll","background-type":"","background-media":"","overlay-type":"","overlay-color":"","overlay-opacity":"","overlay-gradient":""},"mobile":{"background-color":"","background-image":"","background-repeat":"repeat","background-position":"center center","background-size":"auto","background-attachment":"scroll","background-type":"","background-media":"","overlay-type":"","overlay-color":"","overlay-opacity":"","overlay-gradient":""}},"ast-content-background-meta":{"desktop":{"background-color":"var(--ast-global-color-4)","background-image":"","background-repeat":"repeat","background-position":"center center","background-size":"auto","background-attachment":"scroll","background-type":"","background-media":"","overlay-type":"","overlay-color":"","overlay-opacity":"","overlay-gradient":""},"tablet":{"background-color":"var(--ast-global-color-4)","background-image":"","background-repeat":"repeat","background-position":"center center","background-size":"auto","background-attachment":"scroll","background-type":"","background-media":"","overlay-type":"","overlay-color":"","overlay-opacity":"","overlay-gradient":""},"mobile":{"background-color":"var(--ast-global-color-4)","background-image":"","background-repeat":"repeat","background-position":"center center","background-size":"auto","background-attachment":"scroll","background-type":"","background-media":"","overlay-type":"","overlay-color":"","overlay-opacity":"","overlay-gradient":""}}},"product_brand":[],"product_cat":[56,62,72],"product_tag":[114,113],"class_list":{"0":"post-4474","1":"product","2":"type-product","3":"status-publish","4":"has-post-thumbnail","6":"product_cat-cosmetic-jars","7":"product_cat-cosmetic-containers","8":"product_cat-cosmetic-packaging","9":"product_tag-cream-jars-cosmetic-packaging","10":"product_tag-skincare-containers-wholesale","11":"desktop-align-left","12":"tablet-align-left","13":"mobile-align-left","15":"first","16":"instock","17":"shipping-taxable","18":"product-type-simple"},"acf":[],"jetpack_sharing_enabled":true,"_links":{"self":[{"href":"https:\/\/theperfumebottles.com\/pl\/wp-json\/wp\/v2\/product\/4474","targetHints":{"allow":["GET"]}}],"collection":[{"href":"https:\/\/theperfumebottles.com\/pl\/wp-json\/wp\/v2\/product"}],"about":[{"href":"https:\/\/theperfumebottles.com\/pl\/wp-json\/wp\/v2\/types\/product"}],"replies":[{"embeddable":true,"href":"https:\/\/theperfumebottles.com\/pl\/wp-json\/wp\/v2\/comments?post=4474"}],"wp:featuredmedia":[{"embeddable":true,"href":"https:\/\/theperfumebottles.com\/pl\/wp-json\/wp\/v2\/media\/4479"}],"wp:attachment":[{"href":"https:\/\/theperfumebottles.com\/pl\/wp-json\/wp\/v2\/media?parent=4474"}],"wp:term":[{"taxonomy":"product_brand","embeddable":true,"href":"https:\/\/theperfumebottles.com\/pl\/wp-json\/wp\/v2\/product_brand?post=4474"},{"taxonomy":"product_cat","embeddable":true,"href":"https:\/\/theperfumebottles.com\/pl\/wp-json\/wp\/v2\/product_cat?post=4474"},{"taxonomy":"product_tag","embeddable":true,"href":"https:\/\/theperfumebottles.com\/pl\/wp-json\/wp\/v2\/product_tag?post=4474"}],"curies":[{"name":"wp","href":"https:\/\/api.w.org\/{rel}","templated":true}]}}