{"id":4500,"date":"2025-07-15T17:43:26","date_gmt":"2025-07-15T09:43:26","guid":{"rendered":"https:\/\/theperfumebottles.com\/?post_type=product&#038;p=4500"},"modified":"2026-04-02T17:10:35","modified_gmt":"2026-04-02T09:10:35","slug":"glass-cosmetic-bottles-for-luxury-skincare-packaging","status":"publish","type":"product","link":"https:\/\/theperfumebottles.com\/pl\/produkt\/glass-cosmetic-bottles-for-luxury-skincare-packaging\/","title":{"rendered":"Szklane butelki kosmetyczne o pojemno\u015bci 30 ml, 50 ml, 100 ml i 120 ml do luksusowych opakowa\u0144 do piel\u0119gnacji sk\u00f3ry"},"content":{"rendered":"<p>Podkre\u015bl swoje logo kosmetyczne dzi\u0119ki naszym wysokiej jako\u015bci szklanym buteleczkom, starannie wykonanym z my\u015bl\u0105 o opakowaniach kosmetyk\u00f3w do piel\u0119gnacji sk\u00f3ry i urody. Zaprojektowane z my\u015bl\u0105 o ochronie i zachowaniu integralno\u015bci Twoich produkt\u00f3w, wysokiej jako\u015bci szk\u0142o oferuje doskona\u0142\u0105 odporno\u015b\u0107 na czynniki \u015brodowiskowe, gwarantuj\u0105c \u015bwie\u017co\u015b\u0107 i skuteczno\u015b\u0107 Twoich receptur. Te opakowania dodadz\u0105 Twojej linii produkt\u00f3w luksusowego charakteru, wzmacniaj\u0105c wizerunek Twojej marki i tworz\u0105c wyrafinowane, niezapomniane wra\u017cenia dla Twoich klient\u00f3w.<\/p>\n<h2><span class=\"highlights\" data-v-df95d256=\"\">Kluczowe specyfikacje<\/span><\/h2>\n<table style=\"border-collapse: collapse; width: 80%; height: 287px; margin-left: auto; margin-right: auto;\" border=\"0\" width=\"144\" cellspacing=\"0\" cellpadding=\"0\">\n<tbody>\n<tr style=\"height: 13.50pt;\">\n<td style=\"height: 13.50pt; width: 54.00pt;\" width=\"72\" height=\"18\">Funkcja<\/td>\n<td style=\"width: 54.00pt;\" width=\"72\">Bli\u017csze dane<\/td>\n<\/tr>\n<tr style=\"height: 13.50pt;\">\n<td style=\"height: 13.50pt;\" height=\"18\">Pojemno\u015b\u0107<\/td>\n<td>30 ml, 50 ml, 100 ml, 120 ml<\/td>\n<\/tr>\n<tr style=\"height: 13.50pt;\">\n<td style=\"height: 13.50pt;\" height=\"18\">Kszta\u0142t<\/td>\n<td>Okr\u0105g\u0142y<\/td>\n<\/tr>\n<tr style=\"height: 13.50pt;\">\n<td style=\"height: 13.50pt;\" height=\"18\">Metoda uszczelniania<\/td>\n<td>Zakr\u0119tka (plastikowe\/metalowe pokrywki)<\/td>\n<\/tr>\n<tr style=\"height: 13.50pt;\">\n<td style=\"height: 13.50pt;\" height=\"18\">Tworzywo<\/td>\n<td>Szk\u0142o kryszta\u0142owe<\/td>\n<\/tr>\n<tr style=\"height: 13.50pt;\">\n<td style=\"height: 13.50pt;\" height=\"18\">Opcje kolor\u00f3w<\/td>\n<td>Czarny (mo\u017cliwo\u015b\u0107 dostosowania)<\/td>\n<\/tr>\n<tr style=\"height: 13.50pt;\">\n<td style=\"height: 13.50pt;\" height=\"18\">Stosowanie<\/td>\n<td>Balsam do twarzy, olejek kosmetyczny\u2026<\/td>\n<\/tr>\n<\/tbody>\n<\/table>\n<h2><span class=\"highlights\" data-v-df95d256=\"\">Historia sukcesu<\/span><\/h2>\n<p><span class=\"highlights\" data-v-df95d256=\"\">Luksusowa marka kosmetyk\u00f3w do piel\u0119gnacji sk\u00f3ry wykorzysta\u0142a te butelki do swojej linii serum przeciwstarzeniowych. Szklane butelki kosmetyczne natychmiast podnios\u0142y postrzegan\u0105 warto\u015b\u0107 produktu, co prze\u0142o\u017cy\u0142o si\u0119 na 40% wzrost sprzeda\u017cy w ci\u0105gu trzech miesi\u0119cy. <\/span><\/p>\n<h2><span class=\"highlights\" data-v-df95d256=\"\">Sugestie dotycz\u0105ce personalizacji<\/span><\/h2>\n<ul>\n<li><strong>Personalizacja kolor\u00f3w:<\/strong> Cho\u0107 czer\u0144 to ten sam, stary wyb\u00f3r, dost\u0119pne s\u0105 r\u00f3wnie\u017c wyko\u0144czenia niestandardowe, takie jak matowa biel lub metaliczne srebro, kt\u00f3re poprawi\u0105 estetyk\u0119 Twojego logo.<\/li>\n<li><strong>Us\u0142ugi projektowania etykiet:<\/strong> Skorzystaj z naszych opakowa\u0144, aby stworzy\u0107 b\u0142yszcz\u0105ce, minimalistyczne etykiety, kt\u00f3re odzwierciedlaj\u0105 identyfikacj\u0119 Twojego logo i zapewniaj\u0105 sp\u00f3jny, profesjonalny wygl\u0105d.<\/li>\n<li><strong>Opcje rozmiaru:<\/strong> Po\u0142\u0105cz butelki podr\u00f3\u017cne o pojemno\u015bci 30 ml z pojemnikami o pojemno\u015bci 120 ml, aby sprosta\u0107 zar\u00f3wno przeno\u015bno\u015bci, jak i codziennemu u\u017cytkowaniu, spe\u0142niaj\u0105c r\u00f3\u017cnorodne potrzeby klient\u00f3w.<\/li>\n<\/ul>","protected":false},"excerpt":{"rendered":"<p>Odkryj luksusowe opakowania do piel\u0119gnacji sk\u00f3ry dzi\u0119ki naszym szklanym butelkom na kosmetyki. Personalizowane, szczelne i eleganckie \u2013 idealne do pakowania kosmetyk\u00f3w i zam\u00f3wie\u0144 hurtowych.<\/p>","protected":false},"featured_media":4502,"comment_status":"open","ping_status":"closed","template":"","meta":{"_acf_changed":false,"site-sidebar-layout":"default","site-content-layout":"","ast-site-content-layout":"default","site-content-style":"default","site-sidebar-style":"default","ast-global-header-display":"","ast-banner-title-visibility":"","ast-main-header-display":"","ast-hfb-above-header-display":"","ast-hfb-below-header-display":"","ast-hfb-mobile-header-display":"","site-post-title":"","ast-breadcrumbs-content":"","ast-featured-img":"","footer-sml-layout":"","ast-disable-related-posts":"","theme-transparent-header-meta":"default","adv-header-id-meta":"","stick-header-meta":"","header-above-stick-meta":"","header-main-stick-meta":"","header-below-stick-meta":"","astra-migrate-meta-layouts":"set","ast-page-background-enabled":"default","ast-page-background-meta":{"desktop":{"background-color":"var(--ast-global-color-5)","background-image":"","background-repeat":"repeat","background-position":"center center","background-size":"auto","background-attachment":"scroll","background-type":"","background-media":"","overlay-type":"","overlay-color":"","overlay-opacity":"","overlay-gradient":""},"tablet":{"background-color":"","background-image":"","background-repeat":"repeat","background-position":"center center","background-size":"auto","background-attachment":"scroll","background-type":"","background-media":"","overlay-type":"","overlay-color":"","overlay-opacity":"","overlay-gradient":""},"mobile":{"background-color":"","background-image":"","background-repeat":"repeat","background-position":"center center","background-size":"auto","background-attachment":"scroll","background-type":"","background-media":"","overlay-type":"","overlay-color":"","overlay-opacity":"","overlay-gradient":""}},"ast-content-background-meta":{"desktop":{"background-color":"var(--ast-global-color-4)","background-image":"","background-repeat":"repeat","background-position":"center center","background-size":"auto","background-attachment":"scroll","background-type":"","background-media":"","overlay-type":"","overlay-color":"","overlay-opacity":"","overlay-gradient":""},"tablet":{"background-color":"var(--ast-global-color-4)","background-image":"","background-repeat":"repeat","background-position":"center center","background-size":"auto","background-attachment":"scroll","background-type":"","background-media":"","overlay-type":"","overlay-color":"","overlay-opacity":"","overlay-gradient":""},"mobile":{"background-color":"var(--ast-global-color-4)","background-image":"","background-repeat":"repeat","background-position":"center center","background-size":"auto","background-attachment":"scroll","background-type":"","background-media":"","overlay-type":"","overlay-color":"","overlay-opacity":"","overlay-gradient":""}}},"product_brand":[],"product_cat":[236,72,62],"product_tag":[],"class_list":{"0":"post-4500","1":"product","2":"type-product","3":"status-publish","4":"has-post-thumbnail","6":"product_cat-cosmetic-container-set","7":"product_cat-cosmetic-packaging","8":"product_cat-cosmetic-containers","9":"desktop-align-left","10":"tablet-align-left","11":"mobile-align-left","13":"first","14":"instock","15":"shipping-taxable","16":"product-type-simple"},"acf":[],"jetpack_sharing_enabled":true,"_links":{"self":[{"href":"https:\/\/theperfumebottles.com\/pl\/wp-json\/wp\/v2\/product\/4500","targetHints":{"allow":["GET"]}}],"collection":[{"href":"https:\/\/theperfumebottles.com\/pl\/wp-json\/wp\/v2\/product"}],"about":[{"href":"https:\/\/theperfumebottles.com\/pl\/wp-json\/wp\/v2\/types\/product"}],"replies":[{"embeddable":true,"href":"https:\/\/theperfumebottles.com\/pl\/wp-json\/wp\/v2\/comments?post=4500"}],"wp:featuredmedia":[{"embeddable":true,"href":"https:\/\/theperfumebottles.com\/pl\/wp-json\/wp\/v2\/media\/4502"}],"wp:attachment":[{"href":"https:\/\/theperfumebottles.com\/pl\/wp-json\/wp\/v2\/media?parent=4500"}],"wp:term":[{"taxonomy":"product_brand","embeddable":true,"href":"https:\/\/theperfumebottles.com\/pl\/wp-json\/wp\/v2\/product_brand?post=4500"},{"taxonomy":"product_cat","embeddable":true,"href":"https:\/\/theperfumebottles.com\/pl\/wp-json\/wp\/v2\/product_cat?post=4500"},{"taxonomy":"product_tag","embeddable":true,"href":"https:\/\/theperfumebottles.com\/pl\/wp-json\/wp\/v2\/product_tag?post=4500"}],"curies":[{"name":"wp","href":"https:\/\/api.w.org\/{rel}","templated":true}]}}