{"id":4565,"date":"2025-07-16T17:26:21","date_gmt":"2025-07-16T09:26:21","guid":{"rendered":"https:\/\/theperfumebottles.com\/?post_type=product&#038;p=4565"},"modified":"2025-07-31T11:22:01","modified_gmt":"2025-07-31T03:22:01","slug":"5g-10g-20g-30g-cosmetic-jars-with-lids-custom-empty-cosmetic-containers-wholesale","status":"publish","type":"product","link":"https:\/\/theperfumebottles.com\/pl\/produkt\/5g-10g-20g-30g-cosmetic-jars-with-lids-custom-empty-cosmetic-containers-wholesale\/","title":{"rendered":"5g 10g 20g 30g Cosmetic Jars with Lids \u2013 Custom Empty Cosmetic Containers Wholesale"},"content":{"rendered":"<p><span class=\"highlights\" data-v-df95d256=\"\">Potrzebujesz s\u0142oiczk\u00f3w na kosmetyki z pokrywkami, kt\u00f3re \u0142\u0105cz\u0105 w sobie trwa\u0142o\u015b\u0107 i elegancj\u0119? Te szklane s\u0142oiczki z pokrywkami to idealne rozwi\u0105zanie. Zaprojektowane z my\u015bl\u0105 o produktach do piel\u0119gnacji sk\u00f3ry, takich jak kremy do twarzy i kremy pod oczy, \u0142\u0105cz\u0105 w sobie funkcjonalno\u015b\u0107 z eleganckim, nowoczesnym wyko\u0144czeniem. Idealne do zam\u00f3wie\u0144 hurtowych, te pojemniki na kosmetyki s\u0105 idealne dla marek, kt\u00f3re chc\u0105 udoskonali\u0107 swoje opakowania, oferuj\u0105c jednocze\u015bnie opakowania hurtowe w konkurencyjnych cenach.<\/span><\/p>\n<h2><span class=\"highlights\" data-v-df95d256=\"\">Kluczowe specyfikacje<\/span><\/h2>\n<table style=\"border-collapse: collapse;width: 80%;height: 120px;margin-left: auto;margin-right: auto\" border=\"0\" width=\"432\" cellspacing=\"0\" cellpadding=\"0\">\n<tbody>\n<tr>\n<td width=\"72\">Pojemno\u015b\u0107<\/td>\n<td width=\"72\">Tworzywo<\/td>\n<td width=\"72\">Obs\u0142uga powierzchniowa<\/td>\n<td width=\"72\">Opcje kolor\u00f3w<\/td>\n<td width=\"72\">Stosowanie<\/td>\n<\/tr>\n<tr>\n<td>5g<\/td>\n<td rowspan=\"6\">Szk\u0142o kryszta\u0142owe<\/td>\n<td rowspan=\"6\">Powlekane, matowe, etykietowane, sitodruk, t\u0142oczenie na gor\u0105co<\/td>\n<td rowspan=\"6\">Bursztyn<\/td>\n<td rowspan=\"6\">Krem do twarzy, krem \u200b\u200bdo cia\u0142a, krem \u200b\u200bpod oczy, krem \u200b\u200bdo ust<\/td>\n<\/tr>\n<tr>\n<td>10g<\/td>\n<\/tr>\n<tr>\n<td>15 g (0,5 uncji)<\/td>\n<\/tr>\n<tr>\n<td>30 g (1 uncja)<\/td>\n<\/tr>\n<tr>\n<td>50g<\/td>\n<\/tr>\n<tr>\n<td>60 g (2 uncje)<\/td>\n<\/tr>\n<\/tbody>\n<\/table>\n<h2><span class=\"highlights\" data-v-df95d256=\"\">Przypadek sukcesu: Modernizacja opakowa\u0144 luksusowej marki kosmetyk\u00f3w do piel\u0119gnacji sk\u00f3ry <\/span><\/h2>\n<p><span class=\"highlights\" data-v-df95d256=\"\">Rosn\u0105ca marka kosmetyk\u00f3w potrzebowa\u0142a s\u0142oiczk\u00f3w na kosmetyki z pokrywkami, kt\u00f3re pasowa\u0142yby do jej wizerunku \u201eczystego luksusu\u201d. Spersonalizowali\u015bmy 30-gramowe s\u0142oiczki z bursztynowego szk\u0142a z matowymi, czarnymi, drewnianymi pokrywkami i logo grawerowanymi laserowo. Efekt? 200% wzrost liczby opinii klient\u00f3w i 50% wzrost liczby zam\u00f3wie\u0144 powt\u00f3rnych. Wskaz\u00f3wka: Kiedy puste opakowania na kosmetyki wygl\u0105daj\u0105 tak dobrze, jak dzia\u0142aj\u0105, klienci to zauwa\u017caj\u0105.<\/span><\/p>\n<h2><span class=\"highlights\" data-v-df95d256=\"\">Wskaz\u00f3wki dotycz\u0105ce personalizacji Twojej marki <\/span><\/h2>\n<ul>\n<li><strong>Opcje pokrywy:<\/strong> Wybierz bambusow\u0105 pokrywk\u0119, aby uzyska\u0107 zio\u0142owy, rustykalny lub minimalistyczny wygl\u0105d; mo\u017cesz te\u017c po\u0142\u0105czy\u0107 j\u0105 z lakierowanymi, malowanymi lub metalicznym wyko\u0144czeniem, aby uzyska\u0107 wyrafinowany i modny, widoczny efekt.<\/li>\n<li><strong>Opcje etykiety:<\/strong> Ulepsz opakowania za pomoc\u0105 plomb zabezpieczaj\u0105cych przed otwarciem i kod\u00f3w QR, aby zapewni\u0107 ochron\u0119 produktu i umo\u017cliwi\u0107 \u0142atwe prze\u015bledzenie jego pochodzenia.<\/li>\n<li><strong>Zam\u00f3wienia hurtowe:<\/strong> Zakup opakowa\u0144 w du\u017cych ilo\u015bciach pozwala obni\u017cy\u0107 op\u0142aty i skr\u00f3ci\u0107 czas realizacji zam\u00f3wie\u0144, zapewniaj\u0105c ekologiczne rozwi\u0105zanie w zakresie opakowa\u0144 kosmetycznych.<\/li>\n<\/ul>","protected":false},"excerpt":{"rendered":"<p>Trwa\u0142e s\u0142oiki kosmetyczne z pokrywkami do pakowania kosmetyk\u00f3w do piel\u0119gnacji sk\u00f3ry. Personalizowane, hermetyczne i gotowe do wysy\u0142ki. Idealne do pakowania hurtowych produkt\u00f3w kosmetycznych.<\/p>","protected":false},"featured_media":4566,"comment_status":"open","ping_status":"closed","template":"","meta":{"_acf_changed":false,"site-sidebar-layout":"default","site-content-layout":"","ast-site-content-layout":"default","site-content-style":"default","site-sidebar-style":"default","ast-global-header-display":"","ast-banner-title-visibility":"","ast-main-header-display":"","ast-hfb-above-header-display":"","ast-hfb-below-header-display":"","ast-hfb-mobile-header-display":"","site-post-title":"","ast-breadcrumbs-content":"","ast-featured-img":"","footer-sml-layout":"","ast-disable-related-posts":"","theme-transparent-header-meta":"default","adv-header-id-meta":"","stick-header-meta":"","header-above-stick-meta":"","header-main-stick-meta":"","header-below-stick-meta":"","astra-migrate-meta-layouts":"set","ast-page-background-enabled":"default","ast-page-background-meta":{"desktop":{"background-color":"var(--ast-global-color-5)","background-image":"","background-repeat":"repeat","background-position":"center center","background-size":"auto","background-attachment":"scroll","background-type":"","background-media":"","overlay-type":"","overlay-color":"","overlay-opacity":"","overlay-gradient":""},"tablet":{"background-color":"","background-image":"","background-repeat":"repeat","background-position":"center center","background-size":"auto","background-attachment":"scroll","background-type":"","background-media":"","overlay-type":"","overlay-color":"","overlay-opacity":"","overlay-gradient":""},"mobile":{"background-color":"","background-image":"","background-repeat":"repeat","background-position":"center center","background-size":"auto","background-attachment":"scroll","background-type":"","background-media":"","overlay-type":"","overlay-color":"","overlay-opacity":"","overlay-gradient":""}},"ast-content-background-meta":{"desktop":{"background-color":"var(--ast-global-color-4)","background-image":"","background-repeat":"repeat","background-position":"center center","background-size":"auto","background-attachment":"scroll","background-type":"","background-media":"","overlay-type":"","overlay-color":"","overlay-opacity":"","overlay-gradient":""},"tablet":{"background-color":"var(--ast-global-color-4)","background-image":"","background-repeat":"repeat","background-position":"center center","background-size":"auto","background-attachment":"scroll","background-type":"","background-media":"","overlay-type":"","overlay-color":"","overlay-opacity":"","overlay-gradient":""},"mobile":{"background-color":"var(--ast-global-color-4)","background-image":"","background-repeat":"repeat","background-position":"center center","background-size":"auto","background-attachment":"scroll","background-type":"","background-media":"","overlay-type":"","overlay-color":"","overlay-opacity":"","overlay-gradient":""}}},"product_brand":[],"product_cat":[72,62,56],"product_tag":[117,118],"class_list":{"0":"post-4565","1":"product","2":"type-product","3":"status-publish","4":"has-post-thumbnail","6":"product_cat-cosmetic-packaging","7":"product_cat-cosmetic-containers","8":"product_cat-cosmetic-jars","9":"product_tag-cosmetic-jars-with-lids","10":"product_tag-empty-cosmetic-containers","11":"desktop-align-left","12":"tablet-align-left","13":"mobile-align-left","15":"first","16":"instock","17":"shipping-taxable","18":"product-type-simple"},"acf":[],"jetpack_sharing_enabled":true,"_links":{"self":[{"href":"https:\/\/theperfumebottles.com\/pl\/wp-json\/wp\/v2\/product\/4565","targetHints":{"allow":["GET"]}}],"collection":[{"href":"https:\/\/theperfumebottles.com\/pl\/wp-json\/wp\/v2\/product"}],"about":[{"href":"https:\/\/theperfumebottles.com\/pl\/wp-json\/wp\/v2\/types\/product"}],"replies":[{"embeddable":true,"href":"https:\/\/theperfumebottles.com\/pl\/wp-json\/wp\/v2\/comments?post=4565"}],"wp:featuredmedia":[{"embeddable":true,"href":"https:\/\/theperfumebottles.com\/pl\/wp-json\/wp\/v2\/media\/4566"}],"wp:attachment":[{"href":"https:\/\/theperfumebottles.com\/pl\/wp-json\/wp\/v2\/media?parent=4565"}],"wp:term":[{"taxonomy":"product_brand","embeddable":true,"href":"https:\/\/theperfumebottles.com\/pl\/wp-json\/wp\/v2\/product_brand?post=4565"},{"taxonomy":"product_cat","embeddable":true,"href":"https:\/\/theperfumebottles.com\/pl\/wp-json\/wp\/v2\/product_cat?post=4565"},{"taxonomy":"product_tag","embeddable":true,"href":"https:\/\/theperfumebottles.com\/pl\/wp-json\/wp\/v2\/product_tag?post=4565"}],"curies":[{"name":"wp","href":"https:\/\/api.w.org\/{rel}","templated":true}]}}