{"id":4570,"date":"2025-07-16T17:34:20","date_gmt":"2025-07-16T09:34:20","guid":{"rendered":"https:\/\/theperfumebottles.com\/?post_type=product&#038;p=4570"},"modified":"2025-07-16T17:34:21","modified_gmt":"2025-07-16T09:34:21","slug":"cosmetic-packaging-wholesale-lotion-glass-jars-for-skincare","status":"publish","type":"product","link":"https:\/\/theperfumebottles.com\/pl\/produkt\/cosmetic-packaging-wholesale-lotion-glass-jars-for-skincare\/","title":{"rendered":"Hurtowe opakowania kosmetyczne 1 uncja, 2 uncje, 4 uncje, 8 uncji \u2013 szklane s\u0142oiki na balsamy do piel\u0119gnacji sk\u00f3ry"},"content":{"rendered":"<p>Szukasz opakowa\u0144 kosmetyk\u00f3w, kt\u00f3re \u0142\u0105cz\u0105 w sobie solidno\u015b\u0107 i elegancj\u0119? Te szklane s\u0142oiki na balsamy zosta\u0142y zaprojektowane z my\u015bl\u0105 o produktach do piel\u0119gnacji sk\u00f3ry, takich jak balsamy do ust, balsamy i kremy do twarzy. Dzi\u0119ki bursztynowemu wyko\u0144czeniu, chroni\u0105cemu delikatn\u0105 formu\u0142\u0119 i eleganckiemu, minimalistycznemu wzornictwu, idealnie nadaj\u0105 si\u0119 do opakowa\u0144 kosmetyk\u00f3w, kt\u00f3re wyr\u00f3\u017cniaj\u0105 si\u0119 na Twojej stronie internetowej lub p\u00f3\u0142ce sklepowej.<\/p>\n<h2 data-spm-anchor-id=\"5176.28103460.0.i19.29ab1db8rVh0h0\"><strong>Kluczowe specyfikacje<\/strong><\/h2>\n<table style=\"border-collapse: collapse;width: 932px;height: 28px;margin-left: 200px\" border=\"0\" width=\"432\" cellspacing=\"0\" cellpadding=\"0\">\n<tbody>\n<tr style=\"height: 13.50pt\">\n<td style=\"height: 13.50pt;width: 54.00pt\" width=\"72\" height=\"18\">Pojemno\u015b\u0107<\/td>\n<td style=\"width: 54.00pt\" width=\"72\">Kszta\u0142t<\/td>\n<td style=\"width: 54.00pt\" width=\"72\">Metoda uszczelniania<\/td>\n<td style=\"width: 54.00pt\" width=\"72\">Tworzywo<\/td>\n<td style=\"width: 54.00pt\" width=\"72\">Kolor<\/td>\n<td style=\"width: 54.00pt\" width=\"72\">Przypadek u\u017cycia<\/td>\n<\/tr>\n<tr style=\"height: 13.50pt\">\n<td style=\"height: 13.50pt\" height=\"18\">1 uncja \/ 2 uncje \/ 4 uncje \/ 8 uncji<\/td>\n<td>Lini\u00f3wka<\/td>\n<td>Gwint \u015brubowy (pokrywka plastikowa\/metalowa)<\/td>\n<td>Szk\u0142o<\/td>\n<td>Bursztynowy (konfigurowalny)<\/td>\n<td>Balsam do ust, balsam, krem \u200b\u200bdo twarzy<\/td>\n<\/tr>\n<\/tbody>\n<\/table>\n<h2>Przypadek sukcesu: wspieranie wprowadzenia na rynek nowej marki kosmetyk\u00f3w do piel\u0119gnacji sk\u00f3ry<\/h2>\n<p>Startupowa marka kosmetyk\u00f3w do piel\u0119gnacji sk\u00f3ry potrzebowa\u0142a szklanych s\u0142oiczk\u00f3w do balsamu do swojego nawil\u017caj\u0105cego kremu do twarzy. Spersonalizowali\u015bmy 113-mililitrowe, bursztynowe s\u0142oiczki z matowymi, bia\u0142ymi etykietami i metalowymi zakr\u0119tkami, aby uzyska\u0107 ekskluzywny wygl\u0105d. Efekt? 150% wzrost zam\u00f3wie\u0144 w przedsprzeda\u017cy i entuzjastyczne recenzje chwal\u0105ce opakowania kosmetyk\u00f3w. Wskaz\u00f3wka: Kiedy Twoje opakowania kosmetyk\u00f3w s\u0105 tak luksusowe, jak wygl\u0105daj\u0105, klienci nie mog\u0105 nie zaufa\u0107 Twojej marce.<\/p>\n<h2>Wskaz\u00f3wki dotycz\u0105ce personalizacji Twojej marki<\/h2>\n<ul>\n<li><strong>Opcje kolor\u00f3w:<\/strong> Bursztynowy dla bezpiecze\u0144stwa, przezroczysty do eksponowania kolorowych towar\u00f3w lub niestandardowe odcienie, kt\u00f3re dopasuj\u0105 si\u0119 do Twojej palety barw.<\/li>\n<li><strong>Projekt etykiety:<\/strong> Dodaj plomby zabezpieczaj\u0105ce przed otwarciem, kody QR lub minimalistyczny tekst, aby uzyska\u0107 nowoczesny wygl\u0105d.<\/li>\n<li><strong>Materia\u0142y pokrywy:<\/strong> Metal dla wytrzyma\u0142o\u015bci lub plastik dla lekkich opakowa\u0144 kosmetycznych<\/li>\n<\/ul>","protected":false},"excerpt":{"rendered":"<p>Hurtowa sprzeda\u017c opakowa\u0144 kosmetycznych na szklane s\u0142oiki z balsamami \u2013 hermetyczne, bursztynowe s\u0142oiki z wysy\u0142k\u0105 hurtow\u0105 i mo\u017cliwo\u015bci\u0105 personalizacji. Idealne dla marek kosmetycznych i piel\u0119gnacyjnych.<\/p>","protected":false},"featured_media":4571,"comment_status":"open","ping_status":"closed","template":"","meta":{"_acf_changed":false,"site-sidebar-layout":"default","site-content-layout":"","ast-site-content-layout":"default","site-content-style":"default","site-sidebar-style":"default","ast-global-header-display":"","ast-banner-title-visibility":"","ast-main-header-display":"","ast-hfb-above-header-display":"","ast-hfb-below-header-display":"","ast-hfb-mobile-header-display":"","site-post-title":"","ast-breadcrumbs-content":"","ast-featured-img":"","footer-sml-layout":"","ast-disable-related-posts":"","theme-transparent-header-meta":"default","adv-header-id-meta":"","stick-header-meta":"","header-above-stick-meta":"","header-main-stick-meta":"","header-below-stick-meta":"","astra-migrate-meta-layouts":"set","ast-page-background-enabled":"default","ast-page-background-meta":{"desktop":{"background-color":"var(--ast-global-color-5)","background-image":"","background-repeat":"repeat","background-position":"center center","background-size":"auto","background-attachment":"scroll","background-type":"","background-media":"","overlay-type":"","overlay-color":"","overlay-opacity":"","overlay-gradient":""},"tablet":{"background-color":"","background-image":"","background-repeat":"repeat","background-position":"center center","background-size":"auto","background-attachment":"scroll","background-type":"","background-media":"","overlay-type":"","overlay-color":"","overlay-opacity":"","overlay-gradient":""},"mobile":{"background-color":"","background-image":"","background-repeat":"repeat","background-position":"center center","background-size":"auto","background-attachment":"scroll","background-type":"","background-media":"","overlay-type":"","overlay-color":"","overlay-opacity":"","overlay-gradient":""}},"ast-content-background-meta":{"desktop":{"background-color":"var(--ast-global-color-4)","background-image":"","background-repeat":"repeat","background-position":"center center","background-size":"auto","background-attachment":"scroll","background-type":"","background-media":"","overlay-type":"","overlay-color":"","overlay-opacity":"","overlay-gradient":""},"tablet":{"background-color":"var(--ast-global-color-4)","background-image":"","background-repeat":"repeat","background-position":"center center","background-size":"auto","background-attachment":"scroll","background-type":"","background-media":"","overlay-type":"","overlay-color":"","overlay-opacity":"","overlay-gradient":""},"mobile":{"background-color":"var(--ast-global-color-4)","background-image":"","background-repeat":"repeat","background-position":"center center","background-size":"auto","background-attachment":"scroll","background-type":"","background-media":"","overlay-type":"","overlay-color":"","overlay-opacity":"","overlay-gradient":""}}},"product_brand":[],"product_cat":[72,62,56],"product_tag":[119,120],"class_list":{"0":"post-4570","1":"product","2":"type-product","3":"status-publish","4":"has-post-thumbnail","6":"product_cat-cosmetic-packaging","7":"product_cat-cosmetic-containers","8":"product_cat-cosmetic-jars","9":"product_tag-cosmetic-packaging-wholesale","10":"product_tag-lotion-glass-jar","11":"desktop-align-left","12":"tablet-align-left","13":"mobile-align-left","15":"first","16":"instock","17":"shipping-taxable","18":"product-type-simple"},"acf":[],"jetpack_sharing_enabled":true,"_links":{"self":[{"href":"https:\/\/theperfumebottles.com\/pl\/wp-json\/wp\/v2\/product\/4570","targetHints":{"allow":["GET"]}}],"collection":[{"href":"https:\/\/theperfumebottles.com\/pl\/wp-json\/wp\/v2\/product"}],"about":[{"href":"https:\/\/theperfumebottles.com\/pl\/wp-json\/wp\/v2\/types\/product"}],"replies":[{"embeddable":true,"href":"https:\/\/theperfumebottles.com\/pl\/wp-json\/wp\/v2\/comments?post=4570"}],"wp:featuredmedia":[{"embeddable":true,"href":"https:\/\/theperfumebottles.com\/pl\/wp-json\/wp\/v2\/media\/4571"}],"wp:attachment":[{"href":"https:\/\/theperfumebottles.com\/pl\/wp-json\/wp\/v2\/media?parent=4570"}],"wp:term":[{"taxonomy":"product_brand","embeddable":true,"href":"https:\/\/theperfumebottles.com\/pl\/wp-json\/wp\/v2\/product_brand?post=4570"},{"taxonomy":"product_cat","embeddable":true,"href":"https:\/\/theperfumebottles.com\/pl\/wp-json\/wp\/v2\/product_cat?post=4570"},{"taxonomy":"product_tag","embeddable":true,"href":"https:\/\/theperfumebottles.com\/pl\/wp-json\/wp\/v2\/product_tag?post=4570"}],"curies":[{"name":"wp","href":"https:\/\/api.w.org\/{rel}","templated":true}]}}