{"id":4605,"date":"2025-07-17T18:01:05","date_gmt":"2025-07-17T10:01:05","guid":{"rendered":"https:\/\/theperfumebottles.com\/?post_type=product&#038;p=4605"},"modified":"2025-08-01T09:28:18","modified_gmt":"2025-08-01T01:28:18","slug":"custom-glass-makeup-jars-for-skincare-wholesale","status":"publish","type":"product","link":"https:\/\/theperfumebottles.com\/pl\/produkt\/custom-glass-makeup-jars-for-skincare-wholesale\/","title":{"rendered":"5g 15g 20g 30g 50g 60g 100g S\u0142oiki do makija\u017cu ze szk\u0142a na zam\u00f3wienie do hurtowej sprzeda\u017cy kosmetyk\u00f3w do piel\u0119gnacji sk\u00f3ry"},"content":{"rendered":"<p><span class=\"highlights\" data-v-df95d256=\"\">Szukasz opakowa\u0144 na kosmetyki, kt\u00f3re \u0142\u0105cz\u0105 funkcjonalno\u015b\u0107 z estetyk\u0105? Nasze zielone szklane s\u0142oiki na balsamy zosta\u0142y zaprojektowane tak, aby uatrakcyjni\u0107 logo Twojej firmy zajmuj\u0105cej si\u0119 piel\u0119gnacj\u0105 sk\u00f3ry, a jednocze\u015bnie zapewni\u0107 integralno\u015b\u0107 produktu. Idealne do krem\u00f3w do twarzy, balsam\u00f3w do oprawy oczu i serum pod oczy, te pojemniki na kosmetyki \u0142\u0105cz\u0105 praktyczno\u015b\u0107 z eleganck\u0105 estetyk\u0105.<\/span><\/p>\n<h2><span class=\"highlights\" data-v-df95d256=\"\">Kluczowe specyfikacje<\/span><\/h2>\n<p>&nbsp;<\/p>\n<table style=\"border-collapse: collapse;width: 80%;height: 123px;margin-left: auto;margin-right: auto\" border=\"0\" width=\"144\" cellspacing=\"0\" cellpadding=\"0\">\n<tbody>\n<tr style=\"height: 13.50pt\">\n<td style=\"height: 13.50pt;width: 54.00pt\" width=\"72\" height=\"18\">Funkcja<\/td>\n<td style=\"width: 54.00pt\" width=\"72\">Bli\u017csze dane<\/td>\n<\/tr>\n<tr style=\"height: 13.50pt\">\n<td style=\"height: 13.50pt\" height=\"18\">Pojemno\u015b\u0107<\/td>\n<td>5g, 15g, 20g, 30g, 50g, 60g, 100g<\/td>\n<\/tr>\n<tr style=\"height: 13.50pt\">\n<td style=\"height: 13.50pt\" height=\"18\">Kszta\u0142t<\/td>\n<td>Cylinder o prostych kraw\u0119dziach<\/td>\n<\/tr>\n<tr style=\"height: 13.50pt\">\n<td style=\"height: 13.50pt\" height=\"18\">Opiecz\u0119towanie<\/td>\n<td>Zakr\u0119tka (metal\/plastik\/drewno)<\/td>\n<\/tr>\n<tr style=\"height: 13.50pt\">\n<td style=\"height: 13.50pt\" height=\"18\">Tworzywo<\/td>\n<td>Grube szk\u0142o<\/td>\n<\/tr>\n<tr style=\"height: 13.50pt\">\n<td style=\"height: 13.50pt\" height=\"18\">Kolor<\/td>\n<td>Przezroczysty, bursztynowy, czarny, zielony (mo\u017cliwo\u015b\u0107 dostosowania)<\/td>\n<\/tr>\n<tr style=\"height: 13.50pt\">\n<td style=\"height: 13.50pt\" height=\"18\">Przypadek u\u017cycia<\/td>\n<td>Krem do twarzy, balsam do cia\u0142a, serum pod oczy<\/td>\n<\/tr>\n<\/tbody>\n<\/table>\n<h2><span class=\"highlights\" data-v-df95d256=\"\">Historia sukcesu <\/span><\/h2>\n<p><span class=\"highlights\" data-v-df95d256=\"\">Startup zajmuj\u0105cy si\u0119 piel\u0119gnacj\u0105 sk\u00f3ry zwi\u0119kszy\u0142 zyski o 40% po przej\u015bciu na nasze zielone szklane s\u0142oiki. Minimalistyczny branding w po\u0142\u0105czeniu z zio\u0142owym wyko\u0144czeniem s\u0142oik\u00f3w stworzy\u0142 doskona\u0142e do\u015bwiadczenie, kt\u00f3re znalaz\u0142o odd\u017awi\u0119k w\u015br\u00f3d klient\u00f3w dbaj\u0105cych o \u015brodowisko.<\/span><\/p>\n<h2><span class=\"highlights\" data-v-df95d256=\"\">Dostosuj swoje zam\u00f3wienie:<\/span><\/h2>\n<ul>\n<li><span class=\"highlights\" data-v-df95d256=\"\"><strong>Dopasowanie kolor\u00f3w:<\/strong> Potrzebujesz konkretnego odcienia? Zmodyfikujemy odcie\u0144 szk\u0142a, aby dopasowa\u0107 go do palety Twoich emblemat\u00f3w. <\/span><\/li>\n<li><span class=\"highlights\" data-v-df95d256=\"\"><strong>Projekt etykiety:<\/strong> Dodaj wyt\u0142oczone emblematy lub kody QR, aby w interaktywny spos\u00f3b opowiedzie\u0107 histori\u0119 o pakiecie. <\/span><\/li>\n<li><strong><span class=\"highlights\" data-v-df95d256=\"\">T<\/span><\/strong><span class=\"highlights\" data-v-df95d256=\"\"><strong>Opcje wyko\u0144czenia i faktury:<\/strong> Dodaj matowe, matowe wyko\u0144czenie szklanej pod\u0142ogi, aby uzyska\u0107 wyj\u0105tkowe doznania dotykowe.<\/span><\/li>\n<\/ul>","protected":false},"excerpt":{"rendered":"<p>Odkryj hurtowe s\u0142oiki do makija\u017cu i balsam\u00f3w do Twojej marki kosmetyk\u00f3w. Wysokiej jako\u015bci szklane opakowania kosmetyczne z mo\u017cliwo\u015bci\u0105 personalizacji i bezpiecznymi zamkni\u0119ciami.<\/p>","protected":false},"featured_media":4606,"comment_status":"open","ping_status":"closed","template":"","meta":{"_acf_changed":false,"site-sidebar-layout":"default","site-content-layout":"","ast-site-content-layout":"default","site-content-style":"default","site-sidebar-style":"default","ast-global-header-display":"","ast-banner-title-visibility":"","ast-main-header-display":"","ast-hfb-above-header-display":"","ast-hfb-below-header-display":"","ast-hfb-mobile-header-display":"","site-post-title":"","ast-breadcrumbs-content":"","ast-featured-img":"","footer-sml-layout":"","ast-disable-related-posts":"","theme-transparent-header-meta":"default","adv-header-id-meta":"","stick-header-meta":"","header-above-stick-meta":"","header-main-stick-meta":"","header-below-stick-meta":"","astra-migrate-meta-layouts":"set","ast-page-background-enabled":"default","ast-page-background-meta":{"desktop":{"background-color":"var(--ast-global-color-5)","background-image":"","background-repeat":"repeat","background-position":"center center","background-size":"auto","background-attachment":"scroll","background-type":"","background-media":"","overlay-type":"","overlay-color":"","overlay-opacity":"","overlay-gradient":""},"tablet":{"background-color":"","background-image":"","background-repeat":"repeat","background-position":"center center","background-size":"auto","background-attachment":"scroll","background-type":"","background-media":"","overlay-type":"","overlay-color":"","overlay-opacity":"","overlay-gradient":""},"mobile":{"background-color":"","background-image":"","background-repeat":"repeat","background-position":"center center","background-size":"auto","background-attachment":"scroll","background-type":"","background-media":"","overlay-type":"","overlay-color":"","overlay-opacity":"","overlay-gradient":""}},"ast-content-background-meta":{"desktop":{"background-color":"var(--ast-global-color-4)","background-image":"","background-repeat":"repeat","background-position":"center center","background-size":"auto","background-attachment":"scroll","background-type":"","background-media":"","overlay-type":"","overlay-color":"","overlay-opacity":"","overlay-gradient":""},"tablet":{"background-color":"var(--ast-global-color-4)","background-image":"","background-repeat":"repeat","background-position":"center center","background-size":"auto","background-attachment":"scroll","background-type":"","background-media":"","overlay-type":"","overlay-color":"","overlay-opacity":"","overlay-gradient":""},"mobile":{"background-color":"var(--ast-global-color-4)","background-image":"","background-repeat":"repeat","background-position":"center center","background-size":"auto","background-attachment":"scroll","background-type":"","background-media":"","overlay-type":"","overlay-color":"","overlay-opacity":"","overlay-gradient":""}}},"product_brand":[],"product_cat":[72,62,56],"product_tag":[126,125],"class_list":{"0":"post-4605","1":"product","2":"type-product","3":"status-publish","4":"has-post-thumbnail","6":"product_cat-cosmetic-packaging","7":"product_cat-cosmetic-containers","8":"product_cat-cosmetic-jars","9":"product_tag-lotion-jars-wholesale","10":"product_tag-makeup-jars","11":"desktop-align-left","12":"tablet-align-left","13":"mobile-align-left","15":"first","16":"instock","17":"shipping-taxable","18":"product-type-simple"},"acf":[],"jetpack_sharing_enabled":true,"_links":{"self":[{"href":"https:\/\/theperfumebottles.com\/pl\/wp-json\/wp\/v2\/product\/4605","targetHints":{"allow":["GET"]}}],"collection":[{"href":"https:\/\/theperfumebottles.com\/pl\/wp-json\/wp\/v2\/product"}],"about":[{"href":"https:\/\/theperfumebottles.com\/pl\/wp-json\/wp\/v2\/types\/product"}],"replies":[{"embeddable":true,"href":"https:\/\/theperfumebottles.com\/pl\/wp-json\/wp\/v2\/comments?post=4605"}],"wp:featuredmedia":[{"embeddable":true,"href":"https:\/\/theperfumebottles.com\/pl\/wp-json\/wp\/v2\/media\/4606"}],"wp:attachment":[{"href":"https:\/\/theperfumebottles.com\/pl\/wp-json\/wp\/v2\/media?parent=4605"}],"wp:term":[{"taxonomy":"product_brand","embeddable":true,"href":"https:\/\/theperfumebottles.com\/pl\/wp-json\/wp\/v2\/product_brand?post=4605"},{"taxonomy":"product_cat","embeddable":true,"href":"https:\/\/theperfumebottles.com\/pl\/wp-json\/wp\/v2\/product_cat?post=4605"},{"taxonomy":"product_tag","embeddable":true,"href":"https:\/\/theperfumebottles.com\/pl\/wp-json\/wp\/v2\/product_tag?post=4605"}],"curies":[{"name":"wp","href":"https:\/\/api.w.org\/{rel}","templated":true}]}}