{"id":4625,"date":"2025-07-17T17:59:52","date_gmt":"2025-07-17T09:59:52","guid":{"rendered":"https:\/\/theperfumebottles.com\/?post_type=product&#038;p=4625"},"modified":"2025-08-01T11:04:18","modified_gmt":"2025-08-01T03:04:18","slug":"glass-cosmetic-jars-with-lids-premium-cream-glass-jar-wholesale","status":"publish","type":"product","link":"https:\/\/theperfumebottles.com\/pl\/produkt\/glass-cosmetic-jars-with-lids-premium-cream-glass-jar-wholesale\/","title":{"rendered":"20g, 30g, 50g szklane s\u0142oiki kosmetyczne z pokrywkami \u2013 hurtowa sprzeda\u017c szklanych s\u0142oik\u00f3w na kremy premium"},"content":{"rendered":"<p>Szukasz szklanych s\u0142oiczk\u00f3w na kosmetyki z pokrywkami, kt\u00f3re \u0142\u0105cz\u0105 solidno\u015b\u0107 z elegancj\u0105? Nasz zestaw szklanych s\u0142oiczk\u00f3w na kremy charakteryzuje si\u0119 cylindrycznymi butelkami o b\u0142yszcz\u0105cym wyko\u0144czeniu, idealnymi do kosmetyk\u00f3w do piel\u0119gnacji sk\u00f3ry, takich jak kremy do twarzy i balsamy. G\u0142adkie dno i zaokr\u0105glone kraw\u0119dzie tworz\u0105 nowoczesn\u0105, spa-estetyczn\u0105 estetyk\u0119, a jednocze\u015bnie opakowanie kosmetyk\u00f3w gwarantuje, \u017ce wygl\u0105daj\u0105 r\u00f3wnie drogo, jak si\u0119 wydaj\u0105.<\/p>\n<h2>Kluczowe specyfikacje<\/h2>\n<table style=\"border-collapse: collapse;width: 80%;height: 106px;margin-left: auto;margin-right: auto\" border=\"0\" width=\"144\" cellspacing=\"0\" cellpadding=\"0\">\n<tbody>\n<tr style=\"height: 13.50pt\">\n<td style=\"height: 13.50pt;width: 54.00pt\" width=\"72\" height=\"18\">Funkcja<\/td>\n<td style=\"width: 54.00pt\" width=\"72\">Bli\u017csze dane<\/td>\n<\/tr>\n<tr style=\"height: 13.50pt\">\n<td style=\"height: 13.50pt\" height=\"18\">Pojemno\u015b\u0107<\/td>\n<td>20g, 30g, 50g<\/td>\n<\/tr>\n<tr style=\"height: 13.50pt\">\n<td style=\"height: 13.50pt\" height=\"18\">Kszta\u0142t<\/td>\n<td>Proste boki<\/td>\n<\/tr>\n<tr style=\"height: 13.50pt\">\n<td style=\"height: 13.50pt\" height=\"18\">Tworzywo<\/td>\n<td>Szk\u0142o kryszta\u0142owe<\/td>\n<\/tr>\n<tr style=\"height: 13.50pt\">\n<td style=\"height: 13.50pt\" height=\"18\">Kolor<\/td>\n<td>Bia\u0142y, czarny.. (mo\u017cliwo\u015b\u0107 dostosowania)<\/td>\n<\/tr>\n<tr style=\"height: 13.50pt\">\n<td style=\"height: 13.50pt\" height=\"18\">Przypadek u\u017cycia<\/td>\n<td>Krem do twarzy, balsam do cia\u0142a\u2026<\/td>\n<\/tr>\n<\/tbody>\n<\/table>\n<h2><span class=\"highlights\" data-v-df95d256=\"\">Historia sukcesu <\/span><\/h2>\n<p><span class=\"highlights\" data-v-df95d256=\"\">\u015aredniej wielko\u015bci marka kosmetyk\u00f3w do piel\u0119gnacji sk\u00f3ry zwi\u0119kszy\u0142a przychody ze sprzeda\u017cy hurtowej o 70% po zaprezentowaniu swojej linii krem\u00f3w w szklanych s\u0142oiczkach w mediach spo\u0142eczno\u015bciowych. Dzi\u0119ki wykorzystaniu opakowa\u0144 hurtowych z niestandardowymi, wyt\u0142oczonymi z\u0142otymi etykietami, firma pozyska\u0142a ponad 30 partnerstw detalicznych w ci\u0105gu 6 miesi\u0119cy.<\/span><\/p>\n<h2><span class=\"highlights\" data-v-df95d256=\"\"> Dostosuj swoje zam\u00f3wienie<\/span><\/h2>\n<ul>\n<li><span class=\"highlights\" data-v-df95d256=\"\"><strong>Materia\u0142y pokrywy:<\/strong> Wybierz eleganckie plastikowe wieczka, aby uzyska\u0107 higieniczne opakowania kosmetyk\u00f3w lub wieczka ze szczotkowanego metalu, aby uzyska\u0107 luksusowe opakowanie kosmetyk\u00f3w. <\/span><\/li>\n<li><span class=\"highlights\" data-v-df95d256=\"\"><strong>Gradienty kolor\u00f3w:<\/strong> Dodaj matowe akcenty lub niestandardowe odcienie zieleni, aby dopasowa\u0107 je do palety barw Twojej marki.<\/span><\/li>\n<li><span class=\"highlights\" data-v-df95d256=\"\"><strong>Luksusowe wyko\u0144czenia pokryw:<\/strong> Ulepsz sw\u00f3j szklany s\u0142oik na krem, wybieraj\u0105c metaliczne pokrywki w kolorze r\u00f3\u017cowego z\u0142ota lub antycznej miedzi, aby udoskonali\u0107 opakowanie swoich kosmetyk\u00f3w. <\/span><\/li>\n<\/ul>","protected":false},"excerpt":{"rendered":"<p>Kup szklane s\u0142oiczki kosmetyczne z pokrywkami i zestawy szklanych s\u0142oiczk\u00f3w do krem\u00f3w dla marek zajmuj\u0105cych si\u0119 piel\u0119gnacj\u0105 sk\u00f3ry. Trwa\u0142e opakowania kosmetyczne z mo\u017cliwo\u015bci\u0105 personalizacji.<\/p>","protected":false},"featured_media":4626,"comment_status":"open","ping_status":"closed","template":"","meta":{"_acf_changed":false,"site-sidebar-layout":"default","site-content-layout":"","ast-site-content-layout":"default","site-content-style":"default","site-sidebar-style":"default","ast-global-header-display":"","ast-banner-title-visibility":"","ast-main-header-display":"","ast-hfb-above-header-display":"","ast-hfb-below-header-display":"","ast-hfb-mobile-header-display":"","site-post-title":"","ast-breadcrumbs-content":"","ast-featured-img":"","footer-sml-layout":"","ast-disable-related-posts":"","theme-transparent-header-meta":"default","adv-header-id-meta":"","stick-header-meta":"","header-above-stick-meta":"","header-main-stick-meta":"","header-below-stick-meta":"","astra-migrate-meta-layouts":"set","ast-page-background-enabled":"default","ast-page-background-meta":{"desktop":{"background-color":"var(--ast-global-color-5)","background-image":"","background-repeat":"repeat","background-position":"center center","background-size":"auto","background-attachment":"scroll","background-type":"","background-media":"","overlay-type":"","overlay-color":"","overlay-opacity":"","overlay-gradient":""},"tablet":{"background-color":"","background-image":"","background-repeat":"repeat","background-position":"center center","background-size":"auto","background-attachment":"scroll","background-type":"","background-media":"","overlay-type":"","overlay-color":"","overlay-opacity":"","overlay-gradient":""},"mobile":{"background-color":"","background-image":"","background-repeat":"repeat","background-position":"center center","background-size":"auto","background-attachment":"scroll","background-type":"","background-media":"","overlay-type":"","overlay-color":"","overlay-opacity":"","overlay-gradient":""}},"ast-content-background-meta":{"desktop":{"background-color":"var(--ast-global-color-4)","background-image":"","background-repeat":"repeat","background-position":"center center","background-size":"auto","background-attachment":"scroll","background-type":"","background-media":"","overlay-type":"","overlay-color":"","overlay-opacity":"","overlay-gradient":""},"tablet":{"background-color":"var(--ast-global-color-4)","background-image":"","background-repeat":"repeat","background-position":"center center","background-size":"auto","background-attachment":"scroll","background-type":"","background-media":"","overlay-type":"","overlay-color":"","overlay-opacity":"","overlay-gradient":""},"mobile":{"background-color":"var(--ast-global-color-4)","background-image":"","background-repeat":"repeat","background-position":"center center","background-size":"auto","background-attachment":"scroll","background-type":"","background-media":"","overlay-type":"","overlay-color":"","overlay-opacity":"","overlay-gradient":""}}},"product_brand":[],"product_cat":[56,72,62],"product_tag":[133,132],"class_list":{"0":"post-4625","1":"product","2":"type-product","3":"status-publish","4":"has-post-thumbnail","6":"product_cat-cosmetic-jars","7":"product_cat-cosmetic-packaging","8":"product_cat-cosmetic-containers","9":"product_tag-cream-glass-jar","10":"product_tag-glass-cosmetic-jars-with-lids","11":"desktop-align-left","12":"tablet-align-left","13":"mobile-align-left","15":"first","16":"instock","17":"shipping-taxable","18":"product-type-simple"},"acf":[],"jetpack_sharing_enabled":true,"_links":{"self":[{"href":"https:\/\/theperfumebottles.com\/pl\/wp-json\/wp\/v2\/product\/4625","targetHints":{"allow":["GET"]}}],"collection":[{"href":"https:\/\/theperfumebottles.com\/pl\/wp-json\/wp\/v2\/product"}],"about":[{"href":"https:\/\/theperfumebottles.com\/pl\/wp-json\/wp\/v2\/types\/product"}],"replies":[{"embeddable":true,"href":"https:\/\/theperfumebottles.com\/pl\/wp-json\/wp\/v2\/comments?post=4625"}],"wp:featuredmedia":[{"embeddable":true,"href":"https:\/\/theperfumebottles.com\/pl\/wp-json\/wp\/v2\/media\/4626"}],"wp:attachment":[{"href":"https:\/\/theperfumebottles.com\/pl\/wp-json\/wp\/v2\/media?parent=4625"}],"wp:term":[{"taxonomy":"product_brand","embeddable":true,"href":"https:\/\/theperfumebottles.com\/pl\/wp-json\/wp\/v2\/product_brand?post=4625"},{"taxonomy":"product_cat","embeddable":true,"href":"https:\/\/theperfumebottles.com\/pl\/wp-json\/wp\/v2\/product_cat?post=4625"},{"taxonomy":"product_tag","embeddable":true,"href":"https:\/\/theperfumebottles.com\/pl\/wp-json\/wp\/v2\/product_tag?post=4625"}],"curies":[{"name":"wp","href":"https:\/\/api.w.org\/{rel}","templated":true}]}}