{"id":4644,"date":"2025-07-18T17:49:18","date_gmt":"2025-07-18T09:49:18","guid":{"rendered":"https:\/\/theperfumebottles.com\/?post_type=product&#038;p=4644"},"modified":"2026-03-27T14:30:08","modified_gmt":"2026-03-27T06:30:08","slug":"empty-glass-cosmetic-containers-with-lids-wholesale","status":"publish","type":"product","link":"https:\/\/theperfumebottles.com\/pl\/produkt\/empty-glass-cosmetic-containers-with-lids-wholesale\/","title":{"rendered":"30g 50g Puste szklane pojemniki kosmetyczne z pokrywkami - hurt"},"content":{"rendered":"<p>Ten zaawansowany zestaw pojemnik\u00f3w na kosmetyki z pokrywkami ma nowoczesny, cylindryczny profil, podstaw\u0119 z przezroczystego szk\u0142a, delikatny z\u0142oty pas z delikatn\u0105 z\u0142ot\u0105 obw\u00f3dk\u0105 oraz wyb\u00f3r pokrywek w kolorze matowej bieli lub przezroczysto\u015bci.<\/p>\n<h2><span class=\"highlights\" data-v-df95d256=\"\">Kluczowe specyfikacje<\/span><\/h2>\n<table style=\"border-collapse: collapse; width: 80%; height: 123px; margin-left: auto; margin-right: auto;\" border=\"0\" width=\"144\" cellspacing=\"0\" cellpadding=\"0\">\n<tbody>\n<tr>\n<td width=\"72\">Pojemno\u015b\u0107<\/td>\n<td width=\"72\">Kszta\u0142t<\/td>\n<td width=\"72\">Metoda uszczelniania<\/td>\n<td width=\"72\">Tworzywo<\/td>\n<td width=\"72\">Kolor<\/td>\n<td width=\"72\">Stosowanie<\/td>\n<\/tr>\n<tr>\n<td>30g<\/td>\n<td rowspan=\"2\">Proste boki<\/td>\n<td rowspan=\"2\">Ni\u0107 (plastik\/metal)<\/td>\n<td rowspan=\"2\">Szk\u0142o kryszta\u0142owe<\/td>\n<td rowspan=\"2\">Mro\u017cony (niestandardowy)<\/td>\n<td rowspan=\"2\">Krem pod oczy, balsam\u2026<\/td>\n<\/tr>\n<tr>\n<td>50g<\/td>\n<\/tr>\n<\/tbody>\n<\/table>\n<h2><span class=\"highlights\" data-v-df95d256=\"\">Przypadek sukcesu<\/span><\/h2>\n<p>Jedna z paryskich marek luksusowych wybra\u0142a nasze 50-mililitrowe pojemniki na kosmetyki z pokrywkami i zleci\u0142a personalizacj\u0119 matowej, bia\u0142ej nakr\u0119tki oraz ozdobnego pier\u015bcienia pokrytego r\u00f3\u017cowym z\u0142otem. Spersonalizowane s\u0142oiczki na balsamy odnios\u0142y ogromny sukces: ich specjalny, warstwowy design sta\u0142 si\u0119 charakterystycznym elementem marki, a badania rynku wykaza\u0142y, \u017ce rozpoznawalno\u015b\u0107 marki wzros\u0142a o 25%. Jako\u015b\u0107 konsystencji i materia\u0142\u00f3w by\u0142a r\u00f3wnie\u017c na najwy\u017cszym poziomie, co prze\u0142o\u017cy\u0142o si\u0119 na wzrost ceny kremu regeneruj\u0105cego o 50%. To w\u0142a\u015bnie dzi\u0119ki temu sukcesowi marka zam\u00f3wi\u0142a kolejne 250 000 s\u0142oiczk\u00f3w balsam\u00f3w do swojej nowej linii olejk\u00f3w do twarzy i krem\u00f3w na noc z CBD.<\/p>\n<h2><span class=\"highlights\" data-v-df95d256=\"\">Porady dotycz\u0105ce personalizacji hurtowych pojemnik\u00f3w na kosmetyki<\/span><\/h2>\n<ul>\n<li><strong>R\u00f3\u017cne alternatywy wygl\u0105du:<\/strong> Wybierz szk\u0142o przezroczyste lub matowe, z odcieniami gradientowymi dla lepszego efektu wizualnego.<\/li>\n<li><strong>Elastyczny materia\u0142 na czapki:<\/strong> Dost\u0119pne w wersji plastikowej lub metalowej, \u0142\u0105cz\u0105ce w sobie oszcz\u0119dno\u015b\u0107 z poczuciem jako\u015bci premium.<\/li>\n<li><strong>Personalizacja marki:<\/strong> Aby pom\u00f3c opowiedzie\u0107 histori\u0119 Twojego logo, mo\u017cesz skorzysta\u0107 z wyt\u0142oczonych emblemat\u00f3w i kod\u00f3w QR.<\/li>\n<\/ul>","protected":false},"excerpt":{"rendered":"<p>Hurtowa sprzeda\u017c wysokiej jako\u015bci pojemnik\u00f3w na kosmetyki z przezroczyst\u0105 szklan\u0105 podstaw\u0105 i luksusowym z\u0142otym pier\u015bcieniem. Pojemniki na kosmetyki z pokrywkami zapewniaj\u0105 \u015bwie\u017co\u015b\u0107. Szybka wysy\u0142ka.<\/p>","protected":false},"featured_media":4645,"comment_status":"open","ping_status":"closed","template":"","meta":{"_acf_changed":false,"site-sidebar-layout":"default","site-content-layout":"","ast-site-content-layout":"default","site-content-style":"default","site-sidebar-style":"default","ast-global-header-display":"","ast-banner-title-visibility":"","ast-main-header-display":"","ast-hfb-above-header-display":"","ast-hfb-below-header-display":"","ast-hfb-mobile-header-display":"","site-post-title":"","ast-breadcrumbs-content":"","ast-featured-img":"","footer-sml-layout":"","ast-disable-related-posts":"","theme-transparent-header-meta":"default","adv-header-id-meta":"","stick-header-meta":"","header-above-stick-meta":"","header-main-stick-meta":"","header-below-stick-meta":"","astra-migrate-meta-layouts":"set","ast-page-background-enabled":"default","ast-page-background-meta":{"desktop":{"background-color":"var(--ast-global-color-5)","background-image":"","background-repeat":"repeat","background-position":"center center","background-size":"auto","background-attachment":"scroll","background-type":"","background-media":"","overlay-type":"","overlay-color":"","overlay-opacity":"","overlay-gradient":""},"tablet":{"background-color":"","background-image":"","background-repeat":"repeat","background-position":"center center","background-size":"auto","background-attachment":"scroll","background-type":"","background-media":"","overlay-type":"","overlay-color":"","overlay-opacity":"","overlay-gradient":""},"mobile":{"background-color":"","background-image":"","background-repeat":"repeat","background-position":"center center","background-size":"auto","background-attachment":"scroll","background-type":"","background-media":"","overlay-type":"","overlay-color":"","overlay-opacity":"","overlay-gradient":""}},"ast-content-background-meta":{"desktop":{"background-color":"var(--ast-global-color-4)","background-image":"","background-repeat":"repeat","background-position":"center center","background-size":"auto","background-attachment":"scroll","background-type":"","background-media":"","overlay-type":"","overlay-color":"","overlay-opacity":"","overlay-gradient":""},"tablet":{"background-color":"var(--ast-global-color-4)","background-image":"","background-repeat":"repeat","background-position":"center center","background-size":"auto","background-attachment":"scroll","background-type":"","background-media":"","overlay-type":"","overlay-color":"","overlay-opacity":"","overlay-gradient":""},"mobile":{"background-color":"var(--ast-global-color-4)","background-image":"","background-repeat":"repeat","background-position":"center center","background-size":"auto","background-attachment":"scroll","background-type":"","background-media":"","overlay-type":"","overlay-color":"","overlay-opacity":"","overlay-gradient":""}}},"product_brand":[],"product_cat":[56,62,72],"product_tag":[144,134],"class_list":{"0":"post-4644","1":"product","2":"type-product","3":"status-publish","4":"has-post-thumbnail","6":"product_cat-cosmetic-jars","7":"product_cat-cosmetic-containers","8":"product_cat-cosmetic-packaging","9":"product_tag-lotion-jars-with-lids","10":"product_tag-makeup-containers-wholesale","11":"desktop-align-left","12":"tablet-align-left","13":"mobile-align-left","15":"first","16":"instock","17":"shipping-taxable","18":"product-type-simple"},"acf":[],"jetpack_sharing_enabled":true,"_links":{"self":[{"href":"https:\/\/theperfumebottles.com\/pl\/wp-json\/wp\/v2\/product\/4644","targetHints":{"allow":["GET"]}}],"collection":[{"href":"https:\/\/theperfumebottles.com\/pl\/wp-json\/wp\/v2\/product"}],"about":[{"href":"https:\/\/theperfumebottles.com\/pl\/wp-json\/wp\/v2\/types\/product"}],"replies":[{"embeddable":true,"href":"https:\/\/theperfumebottles.com\/pl\/wp-json\/wp\/v2\/comments?post=4644"}],"wp:featuredmedia":[{"embeddable":true,"href":"https:\/\/theperfumebottles.com\/pl\/wp-json\/wp\/v2\/media\/4645"}],"wp:attachment":[{"href":"https:\/\/theperfumebottles.com\/pl\/wp-json\/wp\/v2\/media?parent=4644"}],"wp:term":[{"taxonomy":"product_brand","embeddable":true,"href":"https:\/\/theperfumebottles.com\/pl\/wp-json\/wp\/v2\/product_brand?post=4644"},{"taxonomy":"product_cat","embeddable":true,"href":"https:\/\/theperfumebottles.com\/pl\/wp-json\/wp\/v2\/product_cat?post=4644"},{"taxonomy":"product_tag","embeddable":true,"href":"https:\/\/theperfumebottles.com\/pl\/wp-json\/wp\/v2\/product_tag?post=4644"}],"curies":[{"name":"wp","href":"https:\/\/api.w.org\/{rel}","templated":true}]}}