{"id":4670,"date":"2025-07-18T17:54:50","date_gmt":"2025-07-18T09:54:50","guid":{"rendered":"https:\/\/theperfumebottles.com\/?post_type=product&#038;p=4670"},"modified":"2025-07-18T17:54:51","modified_gmt":"2025-07-18T09:54:51","slug":"wholesale-beauty-containers-cosmetic-glass-jar-lotion","status":"publish","type":"product","link":"https:\/\/theperfumebottles.com\/pl\/produkt\/wholesale-beauty-containers-cosmetic-glass-jar-lotion\/","title":{"rendered":"5g 10g 15g 30g 50g 60g Hurtowe pojemniki kosmetyczne \u2013 Szklany s\u0142oik kosmetyczny z balsamem"},"content":{"rendered":"<p><span class=\"highlights\" data-v-df95d256=\"\">Szukasz hurtowych pojemnik\u00f3w na kosmetyki, kt\u00f3re \u0142\u0105cz\u0105 elegancj\u0119 z praktyczno\u015bci\u0105? Te butelki na balsamy w s\u0142oikach zosta\u0142y stworzone z my\u015bl\u0105 o markach kosmetycznych, kt\u00f3re potrzebuj\u0105 pojemnik\u00f3w chroni\u0105cych wra\u017cliwe sk\u0142adniki i podnosz\u0105cych jako\u015b\u0107 opakowa\u0144 kosmetyk\u00f3w. Z pojemno\u015bciami od 5 g do 60 g, bursztynowym szk\u0142em z ochron\u0105 UV i gwintowanymi pokrywkami z plastiku\/metalu, to Twoja tajna bro\u0144, by zdoby\u0107 lojalno\u015b\u0107 klient\u00f3w.<\/span><\/p>\n<h2><span class=\"highlights\" data-v-df95d256=\"\">Kluczowe specyfikacje<\/span><\/h2>\n<table style=\"border-collapse: collapse;width: 1086px;height: 218px;margin-left: 120px\" border=\"0\" width=\"432\" cellspacing=\"0\" cellpadding=\"0\">\n<tbody>\n<tr style=\"height: 13.50pt\">\n<td style=\"height: 13.50pt;width: 54.00pt\" width=\"72\" height=\"18\">Pojemno\u015b\u0107<\/td>\n<td style=\"width: 54.00pt\" width=\"72\">Kszta\u0142t<\/td>\n<td style=\"width: 54.00pt\" width=\"72\">Metoda uszczelniania<\/td>\n<td style=\"width: 54.00pt\" width=\"72\">Tworzywo<\/td>\n<td style=\"width: 54.00pt\" width=\"72\">Kolor<\/td>\n<td style=\"width: 54.00pt\" width=\"72\">Przypadek u\u017cycia<\/td>\n<\/tr>\n<tr style=\"height: 13.50pt\">\n<td style=\"height: 13.50pt\" height=\"18\">5g<\/td>\n<td>Prosta kraw\u0119d\u017a<\/td>\n<td>Gwintowane (plastikowe\/metalowe)<\/td>\n<td>Szk\u0142o<\/td>\n<td>Bursztyn<\/td>\n<td>Pr\u00f3bka kremu do twarzy<\/td>\n<\/tr>\n<tr style=\"height: 13.50pt\">\n<td style=\"height: 13.50pt\" height=\"18\">10g<\/td>\n<td>Prosta kraw\u0119d\u017a<\/td>\n<td>Gwintowane (plastikowe\/metalowe)<\/td>\n<td>Szk\u0142o<\/td>\n<td>Bursztyn<\/td>\n<td>Mini balsam do cia\u0142a<\/td>\n<\/tr>\n<tr style=\"height: 13.50pt\">\n<td style=\"height: 13.50pt\" height=\"18\">15 g (0,5 uncji)<\/td>\n<td>Prosta kraw\u0119d\u017a<\/td>\n<td>Gwintowane (plastikowe\/metalowe)<\/td>\n<td>Szk\u0142o<\/td>\n<td>Bursztyn<\/td>\n<td>Serum pod oczy w rozmiarze podr\u00f3\u017cnym<\/td>\n<\/tr>\n<tr style=\"height: 13.50pt\">\n<td style=\"height: 13.50pt\" height=\"18\">30 g (1 uncja)<\/td>\n<td>Prosta kraw\u0119d\u017a<\/td>\n<td>Gwintowane (plastikowe\/metalowe)<\/td>\n<td>Szk\u0142o<\/td>\n<td>Bursztyn<\/td>\n<td>Standardowy krem \u200b\u200bdo twarzy<\/td>\n<\/tr>\n<tr style=\"height: 13.50pt\">\n<td style=\"height: 13.50pt\" height=\"18\">50g<\/td>\n<td>Prosta kraw\u0119d\u017a<\/td>\n<td>Gwintowane (plastikowe\/metalowe)<\/td>\n<td>Szk\u0142o<\/td>\n<td>Bursztyn<\/td>\n<td>Pe\u0142nowymiarowy balsam do cia\u0142a<\/td>\n<\/tr>\n<tr style=\"height: 13.50pt\">\n<td style=\"height: 13.50pt\" height=\"18\">60 g (2 uncje)<\/td>\n<td>Prosta kraw\u0119d\u017a<\/td>\n<td>Gwintowane (plastikowe\/metalowe)<\/td>\n<td>Szk\u0142o<\/td>\n<td>Bursztyn (niestandardowy)<\/td>\n<td>Luksusowe serum lub krem \u200b\u200bleczniczy<\/td>\n<\/tr>\n<\/tbody>\n<\/table>\n<p>&nbsp;<\/p>\n<h2><span class=\"highlights\" data-v-df95d256=\"\">Przypadek sukcesu: Transformacja luksusowych opakowa\u0144 marki kosmetyk\u00f3w do piel\u0119gnacji sk\u00f3ry <\/span><\/h2>\n<p><span class=\"highlights\" data-v-df95d256=\"\">Startup zajmuj\u0105cy si\u0119 piel\u0119gnacj\u0105 sk\u00f3ry potrzebowa\u0142 butelek na balsamy w s\u0142oikach do swojej nowej linii serum o konsystencji delikatnej mgie\u0142ki. Spersonalizowali\u015bmy 30-gramowe bursztynowe s\u0142oiki, wyposa\u017caj\u0105c je w metalowe nakr\u0119tki i matowe etykiety. Efekt? Wzrost sprzeda\u017cy hurtowej opakowa\u0144 kosmetyk\u00f3w o 400% i entuzjastyczne recenzje dotycz\u0105ce luksusowego efektu. Wskaz\u00f3wka: Kiedy opakowanie wygl\u0105da jak pami\u0105tka ze spa, klienci nie chc\u0105 wychodzi\u0107.<\/span><\/p>\n<h2><span class=\"highlights\" data-v-df95d256=\"\">Wskaz\u00f3wki dotycz\u0105ce personalizacji Twojej marki <\/span><\/h2>\n<ul>\n<li><span class=\"highlights\" data-v-df95d256=\"\"><strong>Kolor i wyko\u0144czenie:<\/strong> U\u017cyj bursztynu, aby zapewni\u0107 ochron\u0119 przed promieniowaniem UV, lub dodaj matowe szk\u0142o, aby uzyska\u0107 konsystencj\u0119 drobnej mgie\u0142ki. <\/span><\/li>\n<li><span class=\"highlights\" data-v-df95d256=\"\"><strong>Opcje pokrywy:<\/strong> Wybierz metal, je\u015bli chcesz uzyska\u0107 opakowanie kosmetyk\u00f3w klasy premium lub plastik, je\u015bli zale\u017cy Ci na ekonomicznym opakowaniu w przypadku hurtowych ilo\u015bci.<\/span><\/li>\n<li><span class=\"highlights\" data-v-df95d256=\"\"><strong>Projekt etykiety:<\/strong> Do opakowa\u0144 kosmetyk\u00f3w stosuj minimalistyczne czcionki, kt\u00f3re emanuj\u0105 elegancj\u0105, lub wyraziste czcionki do efektownych s\u0142oik\u00f3w.<\/span><\/li>\n<\/ul>","protected":false},"excerpt":{"rendered":"<p>Trwa\u0142e, bursztynowe szklane s\u0142oiki na balsamy w s\u0142oiczkach, dost\u0119pne hurtowo. Idealne dla marek kosmetycznych poszukuj\u0105cych ekologicznych, personalizowanych opakowa\u0144 na kosmetyki.<\/p>","protected":false},"featured_media":4671,"comment_status":"open","ping_status":"closed","template":"","meta":{"_acf_changed":false,"site-sidebar-layout":"default","site-content-layout":"","ast-site-content-layout":"default","site-content-style":"default","site-sidebar-style":"default","ast-global-header-display":"","ast-banner-title-visibility":"","ast-main-header-display":"","ast-hfb-above-header-display":"","ast-hfb-below-header-display":"","ast-hfb-mobile-header-display":"","site-post-title":"","ast-breadcrumbs-content":"","ast-featured-img":"","footer-sml-layout":"","ast-disable-related-posts":"","theme-transparent-header-meta":"default","adv-header-id-meta":"","stick-header-meta":"","header-above-stick-meta":"","header-main-stick-meta":"","header-below-stick-meta":"","astra-migrate-meta-layouts":"set","ast-page-background-enabled":"default","ast-page-background-meta":{"desktop":{"background-color":"var(--ast-global-color-5)","background-image":"","background-repeat":"repeat","background-position":"center center","background-size":"auto","background-attachment":"scroll","background-type":"","background-media":"","overlay-type":"","overlay-color":"","overlay-opacity":"","overlay-gradient":""},"tablet":{"background-color":"","background-image":"","background-repeat":"repeat","background-position":"center center","background-size":"auto","background-attachment":"scroll","background-type":"","background-media":"","overlay-type":"","overlay-color":"","overlay-opacity":"","overlay-gradient":""},"mobile":{"background-color":"","background-image":"","background-repeat":"repeat","background-position":"center center","background-size":"auto","background-attachment":"scroll","background-type":"","background-media":"","overlay-type":"","overlay-color":"","overlay-opacity":"","overlay-gradient":""}},"ast-content-background-meta":{"desktop":{"background-color":"var(--ast-global-color-4)","background-image":"","background-repeat":"repeat","background-position":"center center","background-size":"auto","background-attachment":"scroll","background-type":"","background-media":"","overlay-type":"","overlay-color":"","overlay-opacity":"","overlay-gradient":""},"tablet":{"background-color":"var(--ast-global-color-4)","background-image":"","background-repeat":"repeat","background-position":"center center","background-size":"auto","background-attachment":"scroll","background-type":"","background-media":"","overlay-type":"","overlay-color":"","overlay-opacity":"","overlay-gradient":""},"mobile":{"background-color":"var(--ast-global-color-4)","background-image":"","background-repeat":"repeat","background-position":"center center","background-size":"auto","background-attachment":"scroll","background-type":"","background-media":"","overlay-type":"","overlay-color":"","overlay-opacity":"","overlay-gradient":""}}},"product_brand":[],"product_cat":[56,72,62],"product_tag":[145,142],"class_list":{"0":"post-4670","1":"product","2":"type-product","3":"status-publish","4":"has-post-thumbnail","6":"product_cat-cosmetic-jars","7":"product_cat-cosmetic-packaging","8":"product_cat-cosmetic-containers","9":"product_tag-cosmetic-cream-containers","10":"product_tag-wholesale-beauty-containers","11":"desktop-align-left","12":"tablet-align-left","13":"mobile-align-left","15":"first","16":"instock","17":"shipping-taxable","18":"product-type-simple"},"acf":[],"jetpack_sharing_enabled":true,"_links":{"self":[{"href":"https:\/\/theperfumebottles.com\/pl\/wp-json\/wp\/v2\/product\/4670","targetHints":{"allow":["GET"]}}],"collection":[{"href":"https:\/\/theperfumebottles.com\/pl\/wp-json\/wp\/v2\/product"}],"about":[{"href":"https:\/\/theperfumebottles.com\/pl\/wp-json\/wp\/v2\/types\/product"}],"replies":[{"embeddable":true,"href":"https:\/\/theperfumebottles.com\/pl\/wp-json\/wp\/v2\/comments?post=4670"}],"wp:featuredmedia":[{"embeddable":true,"href":"https:\/\/theperfumebottles.com\/pl\/wp-json\/wp\/v2\/media\/4671"}],"wp:attachment":[{"href":"https:\/\/theperfumebottles.com\/pl\/wp-json\/wp\/v2\/media?parent=4670"}],"wp:term":[{"taxonomy":"product_brand","embeddable":true,"href":"https:\/\/theperfumebottles.com\/pl\/wp-json\/wp\/v2\/product_brand?post=4670"},{"taxonomy":"product_cat","embeddable":true,"href":"https:\/\/theperfumebottles.com\/pl\/wp-json\/wp\/v2\/product_cat?post=4670"},{"taxonomy":"product_tag","embeddable":true,"href":"https:\/\/theperfumebottles.com\/pl\/wp-json\/wp\/v2\/product_tag?post=4670"}],"curies":[{"name":"wp","href":"https:\/\/api.w.org\/{rel}","templated":true}]}}