{"id":4712,"date":"2025-07-21T18:02:54","date_gmt":"2025-07-21T10:02:54","guid":{"rendered":"https:\/\/theperfumebottles.com\/?post_type=product&#038;p=4712"},"modified":"2026-04-02T17:20:50","modified_gmt":"2026-04-02T09:20:50","slug":"skincare-set-50g-40ml-120ml-glass-airless-pump-bottles-small-lotion-jars-wholesale","status":"publish","type":"product","link":"https:\/\/theperfumebottles.com\/pl\/produkt\/skincare-set-50g-40ml-120ml-glass-airless-pump-bottles-small-lotion-jars-wholesale\/","title":{"rendered":"Zestaw do piel\u0119gnacji sk\u00f3ry 50 g, 40 ml, 120 ml, szklane butelki z pompk\u0105 bezpowietrzn\u0105 \u2013 ma\u0142e s\u0142oiczki z balsamem hurtowo"},"content":{"rendered":"<p><span class=\"highlights\" data-v-df95d256=\"\">Potrzebujesz szklanych butelek z pompk\u0105 typu airless, kt\u00f3re \u0142\u0105cz\u0105 elegancj\u0119 z wydajno\u015bci\u0105? Nasze ma\u0142e s\u0142oiczki na balsamy zosta\u0142y zaprojektowane tak, aby zainspirowa\u0107 Ci\u0119 do tworzenia opakowa\u0144 kosmetyk\u00f3w. Jako eksperci w dziedzinie opakowa\u0144 kosmetyk\u00f3w, tworzymy szklane pojemniki z zakr\u0119tkami i pompkami dla marek kosmetycznych potrzebuj\u0105cych l\u015bni\u0105cych opakowa\u0144 kosmetycznych. Idealne do olejk\u00f3w do twarzy, serum lub krem\u00f3w nawil\u017caj\u0105cych \u2013 i tak, s\u0105 gotowe do wysy\u0142ki hurtowej.<\/span><\/p>\n<h2><strong>Kluczowe specyfikacje<\/strong><\/h2>\n<table style=\"border-collapse: collapse; width: 1003px; height: 283px; margin-left: 160px;\" border=\"0\" width=\"432\" cellspacing=\"0\" cellpadding=\"0\">\n<tbody>\n<tr style=\"height: 13.50pt;\">\n<td style=\"height: 13.50pt; width: 54.00pt;\" width=\"72\" height=\"18\">Pojemno\u015b\u0107<\/td>\n<td style=\"width: 54.00pt;\" width=\"72\">Kszta\u0142t<\/td>\n<td style=\"width: 54.00pt;\" width=\"72\">Opiecz\u0119towanie<\/td>\n<td style=\"width: 54.00pt;\" width=\"72\">Tworzywo<\/td>\n<td style=\"width: 54.00pt;\" width=\"72\">Opcje kolor\u00f3w<\/td>\n<td style=\"width: 54.00pt;\" width=\"72\">U\u017cyj do<\/td>\n<\/tr>\n<tr style=\"height: 13.50pt;\">\n<td style=\"height: 13.50pt;\" height=\"18\">50g<\/td>\n<td>Cylindryczny<\/td>\n<td>G\u0142owica pompki + nakr\u0119tka<\/td>\n<td>Szk\u0142o<\/td>\n<td>Matowa czer\u0144, przejrzysto\u015b\u0107, bursztyn<\/td>\n<td>Olejek do twarzy, serum<\/td>\n<\/tr>\n<tr style=\"height: 13.50pt;\">\n<td style=\"height: 13.50pt;\" height=\"18\">40 ml<\/td>\n<td>Cylindryczny<\/td>\n<td>G\u0142owica pompki + nakr\u0119tka<\/td>\n<td>Szk\u0142o<\/td>\n<td>Matowa czer\u0144, przejrzysto\u015b\u0107, bursztyn<\/td>\n<td>Krem nawil\u017caj\u0105cy w rozmiarze podr\u00f3\u017cnym<\/td>\n<\/tr>\n<tr style=\"height: 13.50pt;\">\n<td style=\"height: 13.50pt;\" height=\"18\">120 ml<\/td>\n<td>Cylindryczny<\/td>\n<td>G\u0142owica pompki + nakr\u0119tka<\/td>\n<td>Szk\u0142o<\/td>\n<td>Matowa czer\u0144, przejrzysto\u015b\u0107, bursztyn<\/td>\n<td>Pe\u0142nowymiarowy olejek do twarzy<\/td>\n<\/tr>\n<\/tbody>\n<\/table>\n<h2><span class=\"highlights\" data-v-df95d256=\"\">Przypadek sukcesu: Modernizacja opakowa\u0144 luksusowej marki kosmetyk\u00f3w do piel\u0119gnacji sk\u00f3ry <\/span><\/h2>\n<p><span class=\"highlights\" data-v-df95d256=\"\">Luksusowa linia kosmetyk\u00f3w do piel\u0119gnacji sk\u00f3ry potrzebowa\u0142a szklanych butelek z pompk\u0105 typu airless, kt\u00f3re pasowa\u0142yby do jej estetyki \u201eczystego luksusu\u201d. Dostarczyli\u015bmy 120 ml bursztynowych butelek z matowymi, czarnymi etykietami i z\u0142otymi pompkami. Efekt? 250% wzrost sprzeda\u017cy ma\u0142ych s\u0142oiczk\u00f3w z balsamem i entuzjastyczne recenzje minimalistycznego designu opakowa\u0144 kosmetyk\u00f3w.<\/span><\/p>\n<h2><span class=\"highlights\" data-v-df95d256=\"\">Wskaz\u00f3wki dotycz\u0105ce personalizacji dla Twojej marki <\/span><\/h2>\n<ul>\n<li><span class=\"highlights\" data-v-df95d256=\"\"><strong>Psychologia koloru:<\/strong> Do serum premium stosuj matow\u0105 czer\u0144, a do olejk\u00f3w przeciwstarzeniowych \u2013 bursztyn. <\/span><\/li>\n<li><span class=\"highlights\" data-v-df95d256=\"\"><strong>Projekt etykiety:<\/strong> Wybierz minimalistyczne czcionki lub eleganckie wyko\u0144czenia ze z\u0142otej folii. <\/span><\/li>\n<li><span class=\"highlights\" data-v-df95d256=\"\"><strong>Opcje wyko\u0144czenia:<\/strong> Dodaj matowe faktury lub grawerowane logo, aby nada\u0107 wn\u0119trzu ekskluzywny charakter.<\/span><\/li>\n<\/ul>","protected":false},"excerpt":{"rendered":"<p>Wysokiej jako\u015bci szklane butelki z pompk\u0105 typu airless i ma\u0142e s\u0142oiczki do balsam\u00f3w do pakowania kosmetyk\u00f3w. Dostosuj kolory, etykiety i zam\u00f3wienia hurtowe.<\/p>","protected":false},"featured_media":4714,"comment_status":"open","ping_status":"closed","template":"","meta":{"_acf_changed":false,"site-sidebar-layout":"default","site-content-layout":"","ast-site-content-layout":"default","site-content-style":"default","site-sidebar-style":"default","ast-global-header-display":"","ast-banner-title-visibility":"","ast-main-header-display":"","ast-hfb-above-header-display":"","ast-hfb-below-header-display":"","ast-hfb-mobile-header-display":"","site-post-title":"","ast-breadcrumbs-content":"","ast-featured-img":"","footer-sml-layout":"","ast-disable-related-posts":"","theme-transparent-header-meta":"default","adv-header-id-meta":"","stick-header-meta":"","header-above-stick-meta":"","header-main-stick-meta":"","header-below-stick-meta":"","astra-migrate-meta-layouts":"set","ast-page-background-enabled":"default","ast-page-background-meta":{"desktop":{"background-color":"var(--ast-global-color-5)","background-image":"","background-repeat":"repeat","background-position":"center center","background-size":"auto","background-attachment":"scroll","background-type":"","background-media":"","overlay-type":"","overlay-color":"","overlay-opacity":"","overlay-gradient":""},"tablet":{"background-color":"","background-image":"","background-repeat":"repeat","background-position":"center center","background-size":"auto","background-attachment":"scroll","background-type":"","background-media":"","overlay-type":"","overlay-color":"","overlay-opacity":"","overlay-gradient":""},"mobile":{"background-color":"","background-image":"","background-repeat":"repeat","background-position":"center center","background-size":"auto","background-attachment":"scroll","background-type":"","background-media":"","overlay-type":"","overlay-color":"","overlay-opacity":"","overlay-gradient":""}},"ast-content-background-meta":{"desktop":{"background-color":"var(--ast-global-color-4)","background-image":"","background-repeat":"repeat","background-position":"center center","background-size":"auto","background-attachment":"scroll","background-type":"","background-media":"","overlay-type":"","overlay-color":"","overlay-opacity":"","overlay-gradient":""},"tablet":{"background-color":"var(--ast-global-color-4)","background-image":"","background-repeat":"repeat","background-position":"center center","background-size":"auto","background-attachment":"scroll","background-type":"","background-media":"","overlay-type":"","overlay-color":"","overlay-opacity":"","overlay-gradient":""},"mobile":{"background-color":"var(--ast-global-color-4)","background-image":"","background-repeat":"repeat","background-position":"center center","background-size":"auto","background-attachment":"scroll","background-type":"","background-media":"","overlay-type":"","overlay-color":"","overlay-opacity":"","overlay-gradient":""}}},"product_brand":[],"product_cat":[71,62,72],"product_tag":[150,151],"class_list":{"0":"post-4712","1":"product","2":"type-product","3":"status-publish","4":"has-post-thumbnail","6":"product_cat-glass-lotion-bottles","7":"product_cat-cosmetic-containers","8":"product_cat-cosmetic-packaging","9":"product_tag-glass-airless-pump-bottles","10":"product_tag-small-lotion-jars","11":"desktop-align-left","12":"tablet-align-left","13":"mobile-align-left","15":"first","16":"instock","17":"shipping-taxable","18":"product-type-simple"},"acf":[],"jetpack_sharing_enabled":true,"_links":{"self":[{"href":"https:\/\/theperfumebottles.com\/pl\/wp-json\/wp\/v2\/product\/4712","targetHints":{"allow":["GET"]}}],"collection":[{"href":"https:\/\/theperfumebottles.com\/pl\/wp-json\/wp\/v2\/product"}],"about":[{"href":"https:\/\/theperfumebottles.com\/pl\/wp-json\/wp\/v2\/types\/product"}],"replies":[{"embeddable":true,"href":"https:\/\/theperfumebottles.com\/pl\/wp-json\/wp\/v2\/comments?post=4712"}],"wp:featuredmedia":[{"embeddable":true,"href":"https:\/\/theperfumebottles.com\/pl\/wp-json\/wp\/v2\/media\/4714"}],"wp:attachment":[{"href":"https:\/\/theperfumebottles.com\/pl\/wp-json\/wp\/v2\/media?parent=4712"}],"wp:term":[{"taxonomy":"product_brand","embeddable":true,"href":"https:\/\/theperfumebottles.com\/pl\/wp-json\/wp\/v2\/product_brand?post=4712"},{"taxonomy":"product_cat","embeddable":true,"href":"https:\/\/theperfumebottles.com\/pl\/wp-json\/wp\/v2\/product_cat?post=4712"},{"taxonomy":"product_tag","embeddable":true,"href":"https:\/\/theperfumebottles.com\/pl\/wp-json\/wp\/v2\/product_tag?post=4712"}],"curies":[{"name":"wp","href":"https:\/\/api.w.org\/{rel}","templated":true}]}}