{"id":4717,"date":"2025-07-21T18:02:38","date_gmt":"2025-07-21T10:02:38","guid":{"rendered":"https:\/\/theperfumebottles.com\/?post_type=product&#038;p=4717"},"modified":"2026-04-02T17:12:44","modified_gmt":"2026-04-02T09:12:44","slug":"skincare-set-30ml-50ml-100ml-120ml-wholesale-cosmetic-jars-with-lids-lotion-bottles","status":"publish","type":"product","link":"https:\/\/theperfumebottles.com\/pl\/produkt\/skincare-set-30ml-50ml-100ml-120ml-wholesale-cosmetic-jars-with-lids-lotion-bottles\/","title":{"rendered":"Zestaw do piel\u0119gnacji sk\u00f3ry 30 ml, 50 ml, 100 ml, 120 ml Hurtowe s\u0142oiki kosmetyczne z pokrywkami i butelki na balsam"},"content":{"rendered":"<p><span class=\"highlights\" data-v-df95d256=\"\">Szukasz szklanych butelek na balsamy, kt\u00f3re emanuj\u0105 luksusem? Te hurtowe s\u0142oiki na kosmetyki z pokrywkami \u0142\u0105cz\u0105 czarne szk\u0142o i z\u0142ote wyko\u0144czenie w eleganckim, nowoczesnym designie. Idealne dla marek kosmetycznych poszukuj\u0105cych opakowa\u0144, kt\u00f3re s\u0105 zar\u00f3wno funkcjonalne, jak i przyci\u0105gaj\u0105 wzrok. Od krem\u00f3w do twarzy po serum, Twoje opakowania kosmetyk\u00f3w wyr\u00f3\u017cni\u0105 si\u0119 dzi\u0119ki pompce z funkcj\u0105 delikatnej mgie\u0142ki i mo\u017cliwo\u015bci wysy\u0142ki hurtowych zam\u00f3wie\u0144.<\/span><\/p>\n<h2><span class=\"highlights\" data-v-df95d256=\"\">Kluczowe specyfikacje<\/span><\/h2>\n<table style=\"border-collapse: collapse; width: 80%; margin-left: auto; margin-right: auto;\" border=\"0\" width=\"432\" cellspacing=\"0\" cellpadding=\"0\">\n<tbody>\n<tr style=\"height: 13.50pt;\">\n<td style=\"height: 13.50pt; width: 54.00pt;\" width=\"72\" height=\"18\">Pojemno\u015b\u0107<\/td>\n<td style=\"width: 54.00pt;\" width=\"72\">Kszta\u0142t<\/td>\n<td style=\"width: 54.00pt;\" width=\"72\">Metody uszczelniania<\/td>\n<td style=\"width: 54.00pt;\" width=\"72\">Tworzywo<\/td>\n<td style=\"width: 54.00pt;\" width=\"72\">Opcje kolor\u00f3w<\/td>\n<td style=\"width: 54.00pt;\" width=\"72\">Stosowanie<\/td>\n<\/tr>\n<tr style=\"height: 13.50pt;\">\n<td style=\"height: 13.50pt;\" height=\"18\">30 ml<\/td>\n<td class=\"et2\" rowspan=\"4\">Prosty bokiem<\/td>\n<td class=\"et2\" rowspan=\"4\">G\u0142owica pompki + z\u0142ota nakr\u0119tka<\/td>\n<td class=\"et2\" rowspan=\"4\">Szk\u0142o<\/td>\n<td class=\"et2\" rowspan=\"4\">Matowa czer\u0144<\/td>\n<td class=\"et2\" rowspan=\"4\">Balsam do twarzy, olejek kosmetyczny<\/td>\n<\/tr>\n<tr style=\"height: 13.50pt;\">\n<td style=\"height: 13.50pt;\" height=\"18\">50 ml<\/td>\n<\/tr>\n<tr style=\"height: 13.50pt;\">\n<td style=\"height: 13.50pt;\" height=\"18\">100 ml<\/td>\n<\/tr>\n<tr style=\"height: 13.50pt;\">\n<td style=\"height: 13.50pt;\" height=\"18\">120 ml<\/td>\n<\/tr>\n<\/tbody>\n<\/table>\n<h2><span class=\"highlights\" data-v-df95d256=\"\">Przypadek sukcesu: metamorfoza opakowa\u0144 marki kosmetyk\u00f3w ekologicznych <\/span><\/h2>\n<p><span class=\"highlights\" data-v-df95d256=\"\">Startup z bran\u017cy kosmetyk\u00f3w clean beauty potrzebowa\u0142 hurtowych szklanych butelek na balsamy, kt\u00f3re pasowa\u0142yby do jego \u201eminimalistycznego luksusu\u201d. Dostarczyli\u015bmy 100-mililitrowe s\u0142oiki w kszta\u0142cie klepsydry ze z\u0142otymi zakr\u0119tkami i spersonalizowanymi bia\u0142ymi etykietami. Efekt? 300-procentowy wzrost sprzeda\u017cy hurtowej s\u0142oik\u00f3w kosmetycznych z pokrywkami i publikacja na popularnym blogu o opakowaniach kosmetycznych.<\/span><\/p>\n<h2><span class=\"highlights\" data-v-df95d256=\"\">Wskaz\u00f3wki dotycz\u0105ce personalizacji Twojej marki <\/span><\/h2>\n<ul>\n<li><span class=\"highlights\" data-v-df95d256=\"\"><strong>Projekt logo:<\/strong> Wybierz wyko\u0144czenie matowe lub b\u0142yszcz\u0105ce, aby dopasowa\u0107 je do charakteru swojego logo. <\/span><\/li>\n<li><span class=\"highlights\" data-v-df95d256=\"\"><strong>Warianty pomp:<\/strong> Wybierz g\u0142owice pompek, aby uzyska\u0107 przyjemn\u0105 mgie\u0142k\u0119 lub nakr\u0119tki, aby uzyska\u0107 g\u0119stsze formu\u0142y.<\/span><\/li>\n<\/ul>","protected":false},"excerpt":{"rendered":"<p>Odkryj hurtowe s\u0142oiki kosmetyczne z pokrywkami i szklane butelki na balsamy do Twojej linii produkt\u00f3w do piel\u0119gnacji sk\u00f3ry. Personalizowane etykiety, szybka wysy\u0142ka i ekologiczny design.<\/p>","protected":false},"featured_media":4720,"comment_status":"open","ping_status":"closed","template":"","meta":{"_acf_changed":false,"site-sidebar-layout":"default","site-content-layout":"","ast-site-content-layout":"default","site-content-style":"default","site-sidebar-style":"default","ast-global-header-display":"","ast-banner-title-visibility":"","ast-main-header-display":"","ast-hfb-above-header-display":"","ast-hfb-below-header-display":"","ast-hfb-mobile-header-display":"","site-post-title":"","ast-breadcrumbs-content":"","ast-featured-img":"","footer-sml-layout":"","ast-disable-related-posts":"","theme-transparent-header-meta":"default","adv-header-id-meta":"","stick-header-meta":"","header-above-stick-meta":"","header-main-stick-meta":"","header-below-stick-meta":"","astra-migrate-meta-layouts":"set","ast-page-background-enabled":"default","ast-page-background-meta":{"desktop":{"background-color":"var(--ast-global-color-5)","background-image":"","background-repeat":"repeat","background-position":"center center","background-size":"auto","background-attachment":"scroll","background-type":"","background-media":"","overlay-type":"","overlay-color":"","overlay-opacity":"","overlay-gradient":""},"tablet":{"background-color":"","background-image":"","background-repeat":"repeat","background-position":"center center","background-size":"auto","background-attachment":"scroll","background-type":"","background-media":"","overlay-type":"","overlay-color":"","overlay-opacity":"","overlay-gradient":""},"mobile":{"background-color":"","background-image":"","background-repeat":"repeat","background-position":"center center","background-size":"auto","background-attachment":"scroll","background-type":"","background-media":"","overlay-type":"","overlay-color":"","overlay-opacity":"","overlay-gradient":""}},"ast-content-background-meta":{"desktop":{"background-color":"var(--ast-global-color-4)","background-image":"","background-repeat":"repeat","background-position":"center center","background-size":"auto","background-attachment":"scroll","background-type":"","background-media":"","overlay-type":"","overlay-color":"","overlay-opacity":"","overlay-gradient":""},"tablet":{"background-color":"var(--ast-global-color-4)","background-image":"","background-repeat":"repeat","background-position":"center center","background-size":"auto","background-attachment":"scroll","background-type":"","background-media":"","overlay-type":"","overlay-color":"","overlay-opacity":"","overlay-gradient":""},"mobile":{"background-color":"var(--ast-global-color-4)","background-image":"","background-repeat":"repeat","background-position":"center center","background-size":"auto","background-attachment":"scroll","background-type":"","background-media":"","overlay-type":"","overlay-color":"","overlay-opacity":"","overlay-gradient":""}}},"product_brand":[],"product_cat":[236,62,72],"product_tag":[152,136],"class_list":{"0":"post-4717","1":"product","2":"type-product","3":"status-publish","4":"has-post-thumbnail","6":"product_cat-cosmetic-container-set","7":"product_cat-cosmetic-containers","8":"product_cat-cosmetic-packaging","9":"product_tag-glass-lotion-bottles-wholesale","10":"product_tag-wholesale-cosmetic-jars-with-lids","11":"desktop-align-left","12":"tablet-align-left","13":"mobile-align-left","15":"first","16":"instock","17":"shipping-taxable","18":"product-type-simple"},"acf":[],"jetpack_sharing_enabled":true,"_links":{"self":[{"href":"https:\/\/theperfumebottles.com\/pl\/wp-json\/wp\/v2\/product\/4717","targetHints":{"allow":["GET"]}}],"collection":[{"href":"https:\/\/theperfumebottles.com\/pl\/wp-json\/wp\/v2\/product"}],"about":[{"href":"https:\/\/theperfumebottles.com\/pl\/wp-json\/wp\/v2\/types\/product"}],"replies":[{"embeddable":true,"href":"https:\/\/theperfumebottles.com\/pl\/wp-json\/wp\/v2\/comments?post=4717"}],"wp:featuredmedia":[{"embeddable":true,"href":"https:\/\/theperfumebottles.com\/pl\/wp-json\/wp\/v2\/media\/4720"}],"wp:attachment":[{"href":"https:\/\/theperfumebottles.com\/pl\/wp-json\/wp\/v2\/media?parent=4717"}],"wp:term":[{"taxonomy":"product_brand","embeddable":true,"href":"https:\/\/theperfumebottles.com\/pl\/wp-json\/wp\/v2\/product_brand?post=4717"},{"taxonomy":"product_cat","embeddable":true,"href":"https:\/\/theperfumebottles.com\/pl\/wp-json\/wp\/v2\/product_cat?post=4717"},{"taxonomy":"product_tag","embeddable":true,"href":"https:\/\/theperfumebottles.com\/pl\/wp-json\/wp\/v2\/product_tag?post=4717"}],"curies":[{"name":"wp","href":"https:\/\/api.w.org\/{rel}","templated":true}]}}