{"id":4727,"date":"2025-07-21T18:01:50","date_gmt":"2025-07-21T10:01:50","guid":{"rendered":"https:\/\/theperfumebottles.com\/?post_type=product&#038;p=4727"},"modified":"2026-03-26T17:11:04","modified_gmt":"2026-03-26T09:11:04","slug":"bulk-cosmetic-containers-for-skincare-packaging","status":"publish","type":"product","link":"https:\/\/theperfumebottles.com\/pl\/produkt\/bulk-cosmetic-containers-for-skincare-packaging\/","title":{"rendered":"Pojemniki kosmetyczne luzem do pakowania produkt\u00f3w do piel\u0119gnacji sk\u00f3ry 20 g"},"content":{"rendered":"<p>Ten wyrafinowany i wyj\u0105tkowy pojemnik na kosmetyki ma kulisty kszta\u0142t, luksusowe i krystalicznie czyste szklane dno oraz bogato teksturowan\u0105 matowo-z\u0142ot\u0105 pokrywk\u0119, kt\u00f3r\u0105 zwie\u0144cza delikatna kula.<\/p>\n<h2><span class=\"highlights\" data-v-df95d256=\"\">Kluczowe specyfikacje<\/span><\/h2>\n<table style=\"border-collapse: collapse; width: 80%; height: 24px; margin-left: auto; margin-right: auto;\" border=\"0\" width=\"432\" cellspacing=\"0\" cellpadding=\"0\">\n<tbody>\n<tr style=\"height: 13.50pt;\">\n<td style=\"height: 13.50pt; width: 54.00pt;\" width=\"72\" height=\"18\">Pojemno\u015b\u0107<\/td>\n<td style=\"width: 54.00pt;\" width=\"72\">Kszta\u0142t<\/td>\n<td style=\"width: 54.00pt;\" width=\"72\">Opiecz\u0119towanie<\/td>\n<td style=\"width: 54.00pt;\" width=\"72\">Tworzywo<\/td>\n<td style=\"width: 54.00pt;\" width=\"72\">Opcje kolor\u00f3w<\/td>\n<td style=\"width: 54.00pt;\" width=\"72\">U\u017cyj do<\/td>\n<\/tr>\n<tr style=\"height: 13.50pt;\">\n<td style=\"height: 13.50pt;\" height=\"18\">20g<\/td>\n<td>Okr\u0105g\u0142y<\/td>\n<td>Zakr\u0119tka + metal\/plastik<\/td>\n<td>Szk\u0142o<\/td>\n<td>Wyra\u017ane, niestandardowe kolory<\/td>\n<td>Krem pod oczy, serum do twarzy<\/td>\n<\/tr>\n<\/tbody>\n<\/table>\n<h2><span class=\"highlights\" data-v-df95d256=\"\">Przypadek sukcesu<\/span><\/h2>\n<p>Luksusowa firma kosmetyczna z siedzib\u0105 g\u0142\u00f3wn\u0105 na Bliskim Wschodzie wybra\u0142a nasze ekskluzywne, unikatowe opakowanie kosmetyk\u00f3w o pojemno\u015bci 50 ml, z personalizowan\u0105, matow\u0105 metalow\u0105 nakr\u0119tk\u0105 w kolorze r\u00f3\u017cowego z\u0142ota i bogato rze\u017abionym wzorem na pokr\u0119tle. Jej dzia\u0142ania marketingowe koncentrowa\u0142y si\u0119 wok\u00f3\u0142 tej butelki, a firma odnotowa\u0142a 300% interakcji w mediach spo\u0142eczno\u015bciowych i 95% sprzeda\u017cy w luksusowych domach towarowych. Ten ogromny sukces marki doprowadzi\u0142 do kolejnego zam\u00f3wienia na 250 000 butelek jako ekskluzywne opakowania do kolejnej, trzyletniej kolekcji \u2013 Icon.<\/p>\n<h2><span class=\"highlights\" data-v-df95d256=\"\">Wskaz\u00f3wki dotycz\u0105ce personalizacji pojemnik\u00f3w na kosmetyki w du\u017cych ilo\u015bciach<\/span><\/h2>\n<ul>\n<li><span class=\"highlights\" data-v-df95d256=\"\"><strong>Projekt logo:<\/strong> U\u017cyj minimalistycznych czcionek, aby uzyska\u0107 czysty efekt estetyczny, lub \u017cywych zdj\u0119\u0107, aby wypromowa\u0107 ambitn\u0105 mark\u0119. <\/span><\/li>\n<li><span class=\"highlights\" data-v-df95d256=\"\"><strong>Opcje wyko\u0144czenia:<\/strong> Aby uatrakcyjni\u0107 wygl\u0105d pude\u0142ka, mo\u017cesz doda\u0107 grawerowane znaki firmowe lub przyciemniane szk\u0142o.<\/span><\/li>\n<\/ul>","protected":false},"excerpt":{"rendered":"<p>Luksusowe, kuliste pojemniki na kosmetyki luzem ze z\u0142ot\u0105 pokrywk\u0105. Unikalne opakowania kosmetyczne dla marek premium. Dost\u0119pne opcje personalizacji.<\/p>","protected":false},"featured_media":4728,"comment_status":"open","ping_status":"closed","template":"","meta":{"_acf_changed":false,"site-sidebar-layout":"default","site-content-layout":"","ast-site-content-layout":"default","site-content-style":"default","site-sidebar-style":"default","ast-global-header-display":"","ast-banner-title-visibility":"","ast-main-header-display":"","ast-hfb-above-header-display":"","ast-hfb-below-header-display":"","ast-hfb-mobile-header-display":"","site-post-title":"","ast-breadcrumbs-content":"","ast-featured-img":"","footer-sml-layout":"","ast-disable-related-posts":"","theme-transparent-header-meta":"default","adv-header-id-meta":"","stick-header-meta":"","header-above-stick-meta":"","header-main-stick-meta":"","header-below-stick-meta":"","astra-migrate-meta-layouts":"set","ast-page-background-enabled":"default","ast-page-background-meta":{"desktop":{"background-color":"var(--ast-global-color-5)","background-image":"","background-repeat":"repeat","background-position":"center center","background-size":"auto","background-attachment":"scroll","background-type":"","background-media":"","overlay-type":"","overlay-color":"","overlay-opacity":"","overlay-gradient":""},"tablet":{"background-color":"","background-image":"","background-repeat":"repeat","background-position":"center center","background-size":"auto","background-attachment":"scroll","background-type":"","background-media":"","overlay-type":"","overlay-color":"","overlay-opacity":"","overlay-gradient":""},"mobile":{"background-color":"","background-image":"","background-repeat":"repeat","background-position":"center center","background-size":"auto","background-attachment":"scroll","background-type":"","background-media":"","overlay-type":"","overlay-color":"","overlay-opacity":"","overlay-gradient":""}},"ast-content-background-meta":{"desktop":{"background-color":"var(--ast-global-color-4)","background-image":"","background-repeat":"repeat","background-position":"center center","background-size":"auto","background-attachment":"scroll","background-type":"","background-media":"","overlay-type":"","overlay-color":"","overlay-opacity":"","overlay-gradient":""},"tablet":{"background-color":"var(--ast-global-color-4)","background-image":"","background-repeat":"repeat","background-position":"center center","background-size":"auto","background-attachment":"scroll","background-type":"","background-media":"","overlay-type":"","overlay-color":"","overlay-opacity":"","overlay-gradient":""},"mobile":{"background-color":"var(--ast-global-color-4)","background-image":"","background-repeat":"repeat","background-position":"center center","background-size":"auto","background-attachment":"scroll","background-type":"","background-media":"","overlay-type":"","overlay-color":"","overlay-opacity":"","overlay-gradient":""}}},"product_brand":[],"product_cat":[56,62,72],"product_tag":[155,156],"class_list":{"0":"post-4727","1":"product","2":"type-product","3":"status-publish","4":"has-post-thumbnail","6":"product_cat-cosmetic-jars","7":"product_cat-cosmetic-containers","8":"product_cat-cosmetic-packaging","9":"product_tag-bulk-cosmetic-containers","10":"product_tag-unique-cosmetic-packaging","11":"desktop-align-left","12":"tablet-align-left","13":"mobile-align-left","15":"first","16":"instock","17":"shipping-taxable","18":"product-type-simple"},"acf":[],"jetpack_sharing_enabled":true,"_links":{"self":[{"href":"https:\/\/theperfumebottles.com\/pl\/wp-json\/wp\/v2\/product\/4727","targetHints":{"allow":["GET"]}}],"collection":[{"href":"https:\/\/theperfumebottles.com\/pl\/wp-json\/wp\/v2\/product"}],"about":[{"href":"https:\/\/theperfumebottles.com\/pl\/wp-json\/wp\/v2\/types\/product"}],"replies":[{"embeddable":true,"href":"https:\/\/theperfumebottles.com\/pl\/wp-json\/wp\/v2\/comments?post=4727"}],"wp:featuredmedia":[{"embeddable":true,"href":"https:\/\/theperfumebottles.com\/pl\/wp-json\/wp\/v2\/media\/4728"}],"wp:attachment":[{"href":"https:\/\/theperfumebottles.com\/pl\/wp-json\/wp\/v2\/media?parent=4727"}],"wp:term":[{"taxonomy":"product_brand","embeddable":true,"href":"https:\/\/theperfumebottles.com\/pl\/wp-json\/wp\/v2\/product_brand?post=4727"},{"taxonomy":"product_cat","embeddable":true,"href":"https:\/\/theperfumebottles.com\/pl\/wp-json\/wp\/v2\/product_cat?post=4727"},{"taxonomy":"product_tag","embeddable":true,"href":"https:\/\/theperfumebottles.com\/pl\/wp-json\/wp\/v2\/product_tag?post=4727"}],"curies":[{"name":"wp","href":"https:\/\/api.w.org\/{rel}","templated":true}]}}