{"id":4762,"date":"2025-07-22T17:44:55","date_gmt":"2025-07-22T09:44:55","guid":{"rendered":"https:\/\/theperfumebottles.com\/?post_type=product&#038;p=4762"},"modified":"2026-04-01T15:02:00","modified_gmt":"2026-04-01T07:02:00","slug":"custom-cosmetic-jars-makeup-pump-bottles-wholesale","status":"publish","type":"product","link":"https:\/\/theperfumebottles.com\/pl\/produkt\/custom-cosmetic-jars-makeup-pump-bottles-wholesale\/","title":{"rendered":"50 g, 30 ml, 40 ml, 100 ml, 120 ml \u2013 niestandardowe s\u0142oiki na kosmetyki \u2013 hurtowe butelki z pompk\u0105 do makija\u017cu"},"content":{"rendered":"<p>Szukasz niestandardowych s\u0142oiczk\u00f3w na kosmetyki, kt\u00f3re \u0142\u0105cz\u0105 elegancj\u0119 z praktyczno\u015bci\u0105? Ta kolekcja szklanych pojemnik\u00f3w na kosmetyki prezentuje matowe bia\u0142e lub czyste szklane pojemniki, uzupe\u0142nione stylowymi, posrebrzanymi pokrywkami. Stworzona dla producent\u00f3w kosmetyk\u00f3w, kolekcja obejmuje s\u0142oiczki na kremy do twarzy, butelki na serum i butelki z pompk\u0105 do makija\u017cu \u2013 idealne do efektownych, przyci\u0105gaj\u0105cych wzrok opakowa\u0144 kosmetyk\u00f3w.<\/p>\n<h2><span class=\"highlights\" data-v-df95d256=\"\">Kluczowe specyfikacje<\/span><\/h2>\n<table style=\"margin-left: auto; margin-right: auto; border-collapse: collapse; width: 80%; height: 290px;\" border=\"0\" width=\"360\" cellspacing=\"0\" cellpadding=\"0\">\n<tbody>\n<tr style=\"height: 13.50pt;\">\n<td style=\"height: 13.50pt; width: 54.00pt;\" width=\"72\" height=\"18\">Pojemno\u015b\u0107<\/td>\n<td style=\"width: 54.00pt;\" width=\"72\">Opiecz\u0119towanie<\/td>\n<td style=\"width: 54.00pt;\" width=\"72\">Tworzywo<\/td>\n<td style=\"width: 54.00pt;\" width=\"72\">Opcje kolor\u00f3w<\/td>\n<td style=\"width: 54.00pt;\" width=\"72\">Stosowanie<\/td>\n<\/tr>\n<tr style=\"height: 13.50pt;\">\n<td style=\"height: 13.50pt;\" height=\"18\">30 ml<\/td>\n<td class=\"et2\" rowspan=\"4\">G\u0142owica pompy lub nakr\u0119tka gwintowana<\/td>\n<td class=\"et2\" rowspan=\"5\">Szk\u0142em sodowo wapiennym<\/td>\n<td class=\"et2\" rowspan=\"5\">White, clear, black, amber, as you requir<\/td>\n<td class=\"et2\" rowspan=\"5\">Balsam do twarzy, olejek kosmetyczny\u2026<\/td>\n<\/tr>\n<tr style=\"height: 13.50pt;\">\n<td style=\"height: 13.50pt;\" height=\"18\">40 ml<\/td>\n<\/tr>\n<tr style=\"height: 13.50pt;\">\n<td style=\"height: 13.50pt;\" height=\"18\">100 ml<\/td>\n<\/tr>\n<tr style=\"height: 13.50pt;\">\n<td style=\"height: 13.50pt;\" height=\"18\">120 ml<\/td>\n<\/tr>\n<tr style=\"height: 13.50pt;\">\n<td style=\"height: 13.50pt;\" height=\"18\">50g<\/td>\n<td>Zakr\u0119tka + plastikowa\/metalowa pokrywka<\/td>\n<\/tr>\n<\/tbody>\n<\/table>\n<h2><span class=\"highlights\" data-v-df95d256=\"\">Przypadek sukcesu: Modernizacja opakowa\u0144 luksusowej marki kosmetyk\u00f3w do piel\u0119gnacji sk\u00f3ry <\/span><\/h2>\n<p><span class=\"highlights\" data-v-df95d256=\"\">Luksusowa linia kosmetyk\u00f3w do piel\u0119gnacji sk\u00f3ry potrzebowa\u0142a niestandardowych s\u0142oiczk\u00f3w na kosmetyki, kt\u00f3re pasowa\u0142yby do jej motywu \u201eczystej elegancji\u201d. Dostarczyli\u015bmy 100 ml matowo-bia\u0142e s\u0142oiczki ze srebrzonymi zakr\u0119tkami i spersonalizowanymi z\u0142otymi etykietami. Efekt? 300-procentowy wzrost sprzeda\u017cy butelek z pompk\u0105 do makija\u017cu i artyku\u0142 w czo\u0142owym magazynie o opakowaniach kosmetyk\u00f3w.<\/span><\/p>\n<h2><span class=\"highlights\" data-v-df95d256=\"\">Wskaz\u00f3wki dotycz\u0105ce personalizacji Twojej marki <\/span><\/h2>\n<ul>\n<li><span class=\"highlights\" data-v-df95d256=\"\"><strong>Opcje kolor\u00f3w:<\/strong> Zacznij od matowej bieli dla uproszczenia lub zmie\u0144 kolor na szk\u0142o bursztynowe, aby uzyska\u0107 efekt delikatnej mgie\u0142ki serum. <\/span><\/li>\n<li><span class=\"highlights\" data-v-df95d256=\"\"><strong>Projekt logo:<\/strong> U\u017cyj minimalistycznych czcionek, aby nada\u0107 produktowi ekskluzywny charakter, lub \u017cywych grafik, aby podkre\u015bli\u0107 \u015bmia\u0142y charakter marki. <\/span><\/li>\n<li><span aria-hidden=\"true\"><strong>Funkcje personalizacji:<\/strong> Mo\u017cesz spersonalizowa\u0107 swoje pojemniki za pomoc\u0105 takich metod, jak grawerowanie laserowe logo lub przyciemnianie szk\u0142a.<\/span><\/li>\n<\/ul>","protected":false},"excerpt":{"rendered":"<p>Wysokiej jako\u015bci, personalizowane s\u0142oiki na kosmetyki i butelki z pompk\u0105 do makija\u017cu do pakowania produkt\u00f3w do piel\u0119gnacji sk\u00f3ry. Ekologiczne, gotowe do wysy\u0142ki hurtowej z personalizowanymi etykietami. Odkryj na naszej stronie g\u0142\u00f3wnej!<\/p>","protected":false},"featured_media":4763,"comment_status":"open","ping_status":"closed","template":"","meta":{"_acf_changed":false,"site-sidebar-layout":"default","site-content-layout":"","ast-site-content-layout":"default","site-content-style":"default","site-sidebar-style":"default","ast-global-header-display":"","ast-banner-title-visibility":"","ast-main-header-display":"","ast-hfb-above-header-display":"","ast-hfb-below-header-display":"","ast-hfb-mobile-header-display":"","site-post-title":"","ast-breadcrumbs-content":"","ast-featured-img":"","footer-sml-layout":"","ast-disable-related-posts":"","theme-transparent-header-meta":"default","adv-header-id-meta":"","stick-header-meta":"","header-above-stick-meta":"","header-main-stick-meta":"","header-below-stick-meta":"","astra-migrate-meta-layouts":"set","ast-page-background-enabled":"default","ast-page-background-meta":{"desktop":{"background-color":"var(--ast-global-color-5)","background-image":"","background-repeat":"repeat","background-position":"center center","background-size":"auto","background-attachment":"scroll","background-type":"","background-media":"","overlay-type":"","overlay-color":"","overlay-opacity":"","overlay-gradient":""},"tablet":{"background-color":"","background-image":"","background-repeat":"repeat","background-position":"center center","background-size":"auto","background-attachment":"scroll","background-type":"","background-media":"","overlay-type":"","overlay-color":"","overlay-opacity":"","overlay-gradient":""},"mobile":{"background-color":"","background-image":"","background-repeat":"repeat","background-position":"center center","background-size":"auto","background-attachment":"scroll","background-type":"","background-media":"","overlay-type":"","overlay-color":"","overlay-opacity":"","overlay-gradient":""}},"ast-content-background-meta":{"desktop":{"background-color":"var(--ast-global-color-4)","background-image":"","background-repeat":"repeat","background-position":"center center","background-size":"auto","background-attachment":"scroll","background-type":"","background-media":"","overlay-type":"","overlay-color":"","overlay-opacity":"","overlay-gradient":""},"tablet":{"background-color":"var(--ast-global-color-4)","background-image":"","background-repeat":"repeat","background-position":"center center","background-size":"auto","background-attachment":"scroll","background-type":"","background-media":"","overlay-type":"","overlay-color":"","overlay-opacity":"","overlay-gradient":""},"mobile":{"background-color":"var(--ast-global-color-4)","background-image":"","background-repeat":"repeat","background-position":"center center","background-size":"auto","background-attachment":"scroll","background-type":"","background-media":"","overlay-type":"","overlay-color":"","overlay-opacity":"","overlay-gradient":""}}},"product_brand":[],"product_cat":[236,62,72],"product_tag":[159,160],"class_list":{"0":"post-4762","1":"product","2":"type-product","3":"status-publish","4":"has-post-thumbnail","6":"product_cat-cosmetic-container-set","7":"product_cat-cosmetic-containers","8":"product_cat-cosmetic-packaging","9":"product_tag-custom-cosmetic-jars","10":"product_tag-makeup-pump-bottle","11":"desktop-align-left","12":"tablet-align-left","13":"mobile-align-left","15":"first","16":"instock","17":"shipping-taxable","18":"product-type-simple"},"acf":[],"jetpack_sharing_enabled":true,"_links":{"self":[{"href":"https:\/\/theperfumebottles.com\/pl\/wp-json\/wp\/v2\/product\/4762","targetHints":{"allow":["GET"]}}],"collection":[{"href":"https:\/\/theperfumebottles.com\/pl\/wp-json\/wp\/v2\/product"}],"about":[{"href":"https:\/\/theperfumebottles.com\/pl\/wp-json\/wp\/v2\/types\/product"}],"replies":[{"embeddable":true,"href":"https:\/\/theperfumebottles.com\/pl\/wp-json\/wp\/v2\/comments?post=4762"}],"wp:featuredmedia":[{"embeddable":true,"href":"https:\/\/theperfumebottles.com\/pl\/wp-json\/wp\/v2\/media\/4763"}],"wp:attachment":[{"href":"https:\/\/theperfumebottles.com\/pl\/wp-json\/wp\/v2\/media?parent=4762"}],"wp:term":[{"taxonomy":"product_brand","embeddable":true,"href":"https:\/\/theperfumebottles.com\/pl\/wp-json\/wp\/v2\/product_brand?post=4762"},{"taxonomy":"product_cat","embeddable":true,"href":"https:\/\/theperfumebottles.com\/pl\/wp-json\/wp\/v2\/product_cat?post=4762"},{"taxonomy":"product_tag","embeddable":true,"href":"https:\/\/theperfumebottles.com\/pl\/wp-json\/wp\/v2\/product_tag?post=4762"}],"curies":[{"name":"wp","href":"https:\/\/api.w.org\/{rel}","templated":true}]}}