{"id":4779,"date":"2025-07-22T17:54:09","date_gmt":"2025-07-22T09:54:09","guid":{"rendered":"https:\/\/theperfumebottles.com\/?post_type=product&#038;p=4779"},"modified":"2026-03-27T16:41:05","modified_gmt":"2026-03-27T08:41:05","slug":"amber-tincture-bottles-with-dropper-glass-bottles-supplier","status":"publish","type":"product","link":"https:\/\/theperfumebottles.com\/pl\/produkt\/amber-tincture-bottles-with-dropper-glass-bottles-supplier\/","title":{"rendered":"Bursztynowe butelki na nalewk\u0119 z kroplomierzem | Butelki szklane o pojemno\u015bci 15\u2013120 ml"},"content":{"rendered":"<p>Seria bursztynowych butelek na nalewki ma klasyczny, okr\u0105g\u0142y kszta\u0142t z prostym korpusem i opadaj\u0105cymi ramionami, tworz\u0105c p\u0142ynne po\u0142\u0105czenie korpusu z szyjk\u0105, nadaj\u0105c im schludny i profesjonalny wygl\u0105d. Te bursztynowe butelki wykonane s\u0105 z wysokiej jako\u015bci bursztynowego szk\u0142a, kt\u00f3re zapewnia dobr\u0105 ochron\u0119 UV dla produkt\u00f3w wra\u017cliwych na \u015bwiat\u0142o. Gwintowana szyjka jest standardowa i jest kompatybilna z r\u00f3\u017cnymi zamkni\u0119ciami, takimi jak kroplomierze z aluminium, tworzywa sztucznego lub bambusa, g\u0142owice rozpylaj\u0105ce i dozowniki z pompk\u0105. Seria ta jest r\u00f3wnie\u017c dost\u0119pna w pojemno\u015bciach 15 ml, 30 ml, 60 ml, 100 ml i 120 ml, co u\u0142atwia tworzenie elastycznych linii produkt\u00f3w i branding.<\/p>\n<h2><span class=\"highlights\" data-v-df95d256=\"\">Kluczowe specyfikacje<\/span><\/h2>\n<table style=\"border-collapse: collapse; width: 879px; height: 272px; margin-left: 200px;\" border=\"0\" width=\"144\" cellspacing=\"0\" cellpadding=\"0\">\n<tbody>\n<tr style=\"height: 13.50pt;\">\n<td style=\"height: 13.50pt; width: 30%;\" width=\"72\" height=\"18\">Produkt<\/td>\n<td style=\"width: 54.00pt;\" width=\"72\">Bursztynowa szklana butelka z kroplomierzem<\/td>\n<\/tr>\n<tr style=\"height: 13.50pt;\">\n<td style=\"height: 13.50pt;\" height=\"18\">Pojemno\u015b\u0107<\/td>\n<td>15 ml, 30 ml, 60 ml, 100 ml, 120 ml<\/td>\n<\/tr>\n<tr style=\"height: 13.50pt;\">\n<td style=\"height: 13.50pt;\" height=\"18\">Kszta\u0142t<\/td>\n<td>Proste kraw\u0119dzie dla nowoczesnej estetyki<\/td>\n<\/tr>\n<tr style=\"height: 13.50pt;\">\n<td style=\"height: 13.50pt;\" height=\"18\">Opcje akcesori\u00f3w<\/td>\n<td>Pompka do balsamu, rozpylacz mgie\u0142ki, kroplomierz, nakr\u0119tka gwintowana<\/td>\n<\/tr>\n<tr style=\"height: 13.50pt;\">\n<td style=\"height: 13.50pt;\" height=\"18\">Tworzywo<\/td>\n<td>Szk\u0142em sodowo wapiennym<\/td>\n<\/tr>\n<tr style=\"height: 13.50pt;\">\n<td style=\"height: 13.50pt;\" height=\"18\">Kolor<\/td>\n<td>Bursztynowy (barwa chroni\u0105ca przed promieniowaniem UV)<\/td>\n<\/tr>\n<tr style=\"height: 13.50pt;\">\n<td style=\"height: 13.50pt;\" height=\"18\">Podstawowe zastosowanie<\/td>\n<td>Mgie\u0142ki do twarzy, toniki, olejki do cia\u0142a i opakowania kosmetyk\u00f3w<\/td>\n<\/tr>\n<\/tbody>\n<\/table>\n<h2>Aplikacja<\/h2>\n<p>Takie bursztynowe butelki na nalewki znajduj\u0105 szerokie zastosowanie w sektorze farmaceutycznym, kosmetycznym i wellness. Idealnie nadaj\u0105 si\u0119 do pakowania olejk\u00f3w eterycznych, nalewek, serum, ekstrakt\u00f3w zio\u0142owych i p\u0142yn\u00f3w do piel\u0119gnacji sk\u00f3ry. Mog\u0105 by\u0107 stosowane w handlu detalicznym, do etykietowania wewn\u0119trznego oraz w dostawach hurtowych, z kilkoma metodami dozowania: precyzyjnym dozowaniem, zraszaniem lub pompowaniem, aby zapewni\u0107 ochron\u0119 produktu i \u0142atwy dost\u0119p dla u\u017cytkownika ko\u0144cowego.<\/p>\n<h2><span class=\"highlights\" data-v-df95d256=\"\">Historia sukcesu: Marka z niestandardowymi dozownikami <\/span><\/h2>\n<p><span class=\"highlights\" data-v-df95d256=\"\">Rozwijaj\u0105cy si\u0119 startup z bran\u017cy piel\u0119gnacji sk\u00f3ry nawi\u0105za\u0142 z nami wsp\u00f3\u0142prac\u0119, aby zaprojektowa\u0107 dozowniki z pompk\u0105 do kosmetyk\u00f3w do swojego nowego serum z kwasem hialuronowym. Wybrali 100-mililitrowe butelki z bursztynowego szk\u0142a z rozpylaczami, kt\u00f3re u\u0142atwiaj\u0105 aplikacj\u0119. Zamawiaj\u0105c hurtowo butelki z atomizerem, obni\u017cyli koszty o 25% i uruchomili kampani\u0119 \u201egotowe do wysy\u0142ki\u201d, kt\u00f3ra zwi\u0119kszy\u0142a widoczno\u015b\u0107 ich strony g\u0142\u00f3wnej na Amazon. Sprzeda\u017c wzros\u0142a o 40% w zaledwie dwa miesi\u0105ce!<\/span><\/p>\n<h2><span class=\"highlights\" data-v-df95d256=\"\">Porady dotycz\u0105ce personalizacji dla Ciebie <\/span><\/h2>\n<ul>\n<li><span class=\"highlights\" data-v-df95d256=\"\"><strong>Sp\u00f3jno\u015b\u0107 kolor\u00f3w:<\/strong> Bursztynowe szk\u0142o jest nie tylko stylowe, ale i chroni przed degradacj\u0105 pod wp\u0142ywem \u015bwiat\u0142a. Wybierz je do delikatnych formu\u0142. <\/span><\/li>\n<li><span class=\"highlights\" data-v-df95d256=\"\"><strong>Etykieta Mi\u0142o\u015b\u0107:<\/strong> Dodaj do paczki wyt\u0142oczone logo lub kody QR, aby nada\u0107 jej ekskluzywny charakter. <\/span><\/li>\n<li><span class=\"highlights\" data-v-df95d256=\"\"><strong>Finezja wyko\u0144czenia:<\/strong> Matowe czy g\u0142adkie? Dopasuj wyko\u0144czenie do charakteru swojej marki \u2013 matowe dla minimalistycznych linii, g\u0142adkie dla luksusu.<\/span><\/li>\n<\/ul>","protected":false},"excerpt":{"rendered":"<p>Bursztynowe butelki na nalewki w hurtowych ilo\u015bciach z kroplomierzem, sprayem lub pompk\u0105. Idealne do pakowania olejk\u00f3w, serum i ekstrakt\u00f3w pod mark\u0105 w\u0142asn\u0105, hurtowo i OEM.<\/p>","protected":false},"featured_media":7490,"comment_status":"open","ping_status":"closed","template":"","meta":{"_acf_changed":false,"site-sidebar-layout":"default","site-content-layout":"","ast-site-content-layout":"default","site-content-style":"default","site-sidebar-style":"default","ast-global-header-display":"","ast-banner-title-visibility":"","ast-main-header-display":"","ast-hfb-above-header-display":"","ast-hfb-below-header-display":"","ast-hfb-mobile-header-display":"","site-post-title":"","ast-breadcrumbs-content":"","ast-featured-img":"","footer-sml-layout":"","ast-disable-related-posts":"","theme-transparent-header-meta":"default","adv-header-id-meta":"","stick-header-meta":"","header-above-stick-meta":"","header-main-stick-meta":"","header-below-stick-meta":"","astra-migrate-meta-layouts":"set","ast-page-background-enabled":"default","ast-page-background-meta":{"desktop":{"background-color":"var(--ast-global-color-5)","background-image":"","background-repeat":"repeat","background-position":"center center","background-size":"auto","background-attachment":"scroll","background-type":"","background-media":"","overlay-type":"","overlay-color":"","overlay-opacity":"","overlay-gradient":""},"tablet":{"background-color":"","background-image":"","background-repeat":"repeat","background-position":"center center","background-size":"auto","background-attachment":"scroll","background-type":"","background-media":"","overlay-type":"","overlay-color":"","overlay-opacity":"","overlay-gradient":""},"mobile":{"background-color":"","background-image":"","background-repeat":"repeat","background-position":"center center","background-size":"auto","background-attachment":"scroll","background-type":"","background-media":"","overlay-type":"","overlay-color":"","overlay-opacity":"","overlay-gradient":""}},"ast-content-background-meta":{"desktop":{"background-color":"var(--ast-global-color-4)","background-image":"","background-repeat":"repeat","background-position":"center center","background-size":"auto","background-attachment":"scroll","background-type":"","background-media":"","overlay-type":"","overlay-color":"","overlay-opacity":"","overlay-gradient":""},"tablet":{"background-color":"var(--ast-global-color-4)","background-image":"","background-repeat":"repeat","background-position":"center center","background-size":"auto","background-attachment":"scroll","background-type":"","background-media":"","overlay-type":"","overlay-color":"","overlay-opacity":"","overlay-gradient":""},"mobile":{"background-color":"var(--ast-global-color-4)","background-image":"","background-repeat":"repeat","background-position":"center center","background-size":"auto","background-attachment":"scroll","background-type":"","background-media":"","overlay-type":"","overlay-color":"","overlay-opacity":"","overlay-gradient":""}}},"product_brand":[],"product_cat":[59,62,72,57],"product_tag":[165,166],"class_list":{"0":"post-4779","1":"product","2":"type-product","3":"status-publish","4":"has-post-thumbnail","6":"product_cat-glass-dropper-bottles","7":"product_cat-cosmetic-containers","8":"product_cat-cosmetic-packaging","9":"product_cat-essential-oil-bottles","10":"product_tag-cosmetic-pump-dispenser","11":"product_tag-cosmetic-spray-bottles-wholesale","12":"desktop-align-left","13":"tablet-align-left","14":"mobile-align-left","16":"first","17":"instock","18":"shipping-taxable","19":"product-type-simple"},"acf":[],"jetpack_sharing_enabled":true,"_links":{"self":[{"href":"https:\/\/theperfumebottles.com\/pl\/wp-json\/wp\/v2\/product\/4779","targetHints":{"allow":["GET"]}}],"collection":[{"href":"https:\/\/theperfumebottles.com\/pl\/wp-json\/wp\/v2\/product"}],"about":[{"href":"https:\/\/theperfumebottles.com\/pl\/wp-json\/wp\/v2\/types\/product"}],"replies":[{"embeddable":true,"href":"https:\/\/theperfumebottles.com\/pl\/wp-json\/wp\/v2\/comments?post=4779"}],"wp:featuredmedia":[{"embeddable":true,"href":"https:\/\/theperfumebottles.com\/pl\/wp-json\/wp\/v2\/media\/7490"}],"wp:attachment":[{"href":"https:\/\/theperfumebottles.com\/pl\/wp-json\/wp\/v2\/media?parent=4779"}],"wp:term":[{"taxonomy":"product_brand","embeddable":true,"href":"https:\/\/theperfumebottles.com\/pl\/wp-json\/wp\/v2\/product_brand?post=4779"},{"taxonomy":"product_cat","embeddable":true,"href":"https:\/\/theperfumebottles.com\/pl\/wp-json\/wp\/v2\/product_cat?post=4779"},{"taxonomy":"product_tag","embeddable":true,"href":"https:\/\/theperfumebottles.com\/pl\/wp-json\/wp\/v2\/product_tag?post=4779"}],"curies":[{"name":"wp","href":"https:\/\/api.w.org\/{rel}","templated":true}]}}