{"id":4861,"date":"2025-07-24T17:38:18","date_gmt":"2025-07-24T09:38:18","guid":{"rendered":"https:\/\/theperfumebottles.com\/?post_type=product&#038;p=4861"},"modified":"2026-04-01T14:02:53","modified_gmt":"2026-04-01T06:02:53","slug":"cream-storage-jars-empty-skincare-containers-wholesale","status":"publish","type":"product","link":"https:\/\/theperfumebottles.com\/pl\/produkt\/cream-storage-jars-empty-skincare-containers-wholesale\/","title":{"rendered":"S\u0142oiki do przechowywania kremu o pojemno\u015bci 1 uncji \u2013 hurtowa sprzeda\u017c pustych pojemnik\u00f3w do piel\u0119gnacji sk\u00f3ry"},"content":{"rendered":"<p>S\u0142oiki do przechowywania kremu maj\u0105 kompaktow\u0105, cylindryczn\u0105 konstrukcj\u0119 i s\u0105 dost\u0119pne w dw\u00f3ch wariantach szk\u0142a: mi\u0119kkim, matowym szkle i krystalicznie czystym szkle. S\u0142oik matowy ma srebrn\u0105 metalow\u0105 zakr\u0119tk\u0119, a przezroczysty \u2013 z\u0142ot\u0105.<\/p>\n<h2><span class=\"highlights\" data-v-df95d256=\"\">Kluczowe specyfikacje <\/span><\/h2>\n<table style=\"border-collapse: collapse; width: 600px; height: 81px; margin-left: 320px;\" border=\"0\" width=\"144\" cellspacing=\"0\" cellpadding=\"0\">\n<tbody>\n<tr style=\"height: 13.50pt;\">\n<td style=\"height: 13.50pt; width: 54.00pt;\" width=\"72\" height=\"18\">Funkcja<\/td>\n<td style=\"width: 54.00pt;\" width=\"72\">Szczeg\u00f3\u0142<\/td>\n<\/tr>\n<tr style=\"height: 13.50pt;\">\n<td style=\"height: 13.50pt;\" height=\"18\">Pojemno\u015b\u0107<\/td>\n<td>30 ml (1 uncja)<\/td>\n<\/tr>\n<tr style=\"height: 13.50pt;\">\n<td style=\"height: 13.50pt;\" height=\"18\">Kszta\u0142t<\/td>\n<td>Proste boki<\/td>\n<\/tr>\n<tr style=\"height: 13.50pt;\">\n<td style=\"height: 13.50pt;\" height=\"18\">Mechanizm uszczelniaj\u0105cy<\/td>\n<td>Metalowa pokrywa z gwintem (mo\u017cliwo\u015b\u0107 dostosowania)<\/td>\n<\/tr>\n<tr style=\"height: 13.50pt;\">\n<td style=\"height: 13.50pt;\" height=\"18\">Tworzywo<\/td>\n<td>Szk\u0142o kryszta\u0142owe<\/td>\n<\/tr>\n<tr style=\"height: 13.50pt;\">\n<td style=\"height: 13.50pt;\" height=\"18\">Kolor<\/td>\n<td>Oszroniony<\/td>\n<\/tr>\n<tr style=\"height: 13.50pt;\">\n<td style=\"height: 13.50pt;\" height=\"18\">Przypadki u\u017cycia<\/td>\n<td>Krem do twarzy, krem \u200b\u200bdo cia\u0142a, krem \u200b\u200bpod oczy, krem \u200b\u200bdo ust<\/td>\n<\/tr>\n<\/tbody>\n<\/table>\n<h2>Historia sukcesu: zam\u00f3wienie niestandardowe od ekskluzywnej marki kosmetyk\u00f3w do piel\u0119gnacji sk\u00f3ry z Zjednoczonych Emirat\u00f3w Arabskich<\/h2>\n<p>Marka kosmetyk\u00f3w do piel\u0119gnacji sk\u00f3ry z Dubaju wybra\u0142a nasze 50-mililitrowe puste opakowania do piel\u0119gnacji sk\u00f3ry i spersonalizowane srebrne nakr\u0119tki pokryte 24-karatowym i r\u00f3\u017cowym z\u0142otem. Efekt by\u0142 osza\u0142amiaj\u0105cy, poniewa\u017c motyw szlachetnego metalu pasowa\u0142 do ekskluzywnego pozycjonowania marki, co pomog\u0142o zwi\u0119kszy\u0107 sprzeda\u017c \u015bwi\u0105tecznych pude\u0142ek prezentowych o 60%. Hermetyczne metalowe nakr\u0119tki wyd\u0142u\u017cy\u0142y okres przydatno\u015bci krem\u00f3w ro\u015blinnych o 30%. Ogromny sukces marki doprowadzi\u0142 do dodatkowego zam\u00f3wienia na 300 000 s\u0142oik\u00f3w, kt\u00f3re pos\u0142u\u017cy\u0142y do \u200b\u200bprodukcji nowej linii olejk\u00f3w i serum do twarzy.<\/p>\n<h2><span class=\"highlights\" data-v-df95d256=\"\"> Wskaz\u00f3wka dotycz\u0105ca personalizacji<\/span><\/h2>\n<ul>\n<li><span class=\"highlights\" data-v-df95d256=\"\"><strong>Opcje kolor\u00f3w:<\/strong> Zamie\u0144 szk\u0142o matowe na przezroczyste lub bursztynowe, aby tworzy\u0107 kolekcje sezonowe. <\/span><\/li>\n<li><span class=\"highlights\" data-v-df95d256=\"\"><strong>Ulepszenia pokrywy:<\/strong> Dodaj magnetyczne zamkni\u0119cie, aby cieszy\u0107 si\u0119 butelk\u0105 najwy\u017cszej jako\u015bci. <\/span><\/li>\n<li><span class=\"highlights\" data-v-df95d256=\"\"><strong>Ekologiczny zwrot akcji:<\/strong> Po\u0142\u0105cz puste opakowania po kosmetykach z biodegradowalnymi etykietami lub tuszami ro\u015blinnymi, aby dostosowa\u0107 si\u0119 do trend\u00f3w zr\u00f3wnowa\u017conego pakowania kosmetyk\u00f3w.<\/span><\/li>\n<\/ul>","protected":false},"excerpt":{"rendered":"<p>S\u0142oiki do przechowywania krem\u00f3w premium z matowego i przezroczystego szk\u0142a. Puste pojemniki do piel\u0119gnacji sk\u00f3ry ze z\u0142otymi i srebrnymi pokrywkami, idealne do pakowania luksusowych kosmetyk\u00f3w. Darmowe pr\u00f3bki.<\/p>","protected":false},"featured_media":4862,"comment_status":"open","ping_status":"closed","template":"","meta":{"_acf_changed":false,"site-sidebar-layout":"default","site-content-layout":"","ast-site-content-layout":"default","site-content-style":"default","site-sidebar-style":"default","ast-global-header-display":"","ast-banner-title-visibility":"","ast-main-header-display":"","ast-hfb-above-header-display":"","ast-hfb-below-header-display":"","ast-hfb-mobile-header-display":"","site-post-title":"","ast-breadcrumbs-content":"","ast-featured-img":"","footer-sml-layout":"","ast-disable-related-posts":"","theme-transparent-header-meta":"default","adv-header-id-meta":"","stick-header-meta":"","header-above-stick-meta":"","header-main-stick-meta":"","header-below-stick-meta":"","astra-migrate-meta-layouts":"set","ast-page-background-enabled":"default","ast-page-background-meta":{"desktop":{"background-color":"var(--ast-global-color-5)","background-image":"","background-repeat":"repeat","background-position":"center center","background-size":"auto","background-attachment":"scroll","background-type":"","background-media":"","overlay-type":"","overlay-color":"","overlay-opacity":"","overlay-gradient":""},"tablet":{"background-color":"","background-image":"","background-repeat":"repeat","background-position":"center center","background-size":"auto","background-attachment":"scroll","background-type":"","background-media":"","overlay-type":"","overlay-color":"","overlay-opacity":"","overlay-gradient":""},"mobile":{"background-color":"","background-image":"","background-repeat":"repeat","background-position":"center center","background-size":"auto","background-attachment":"scroll","background-type":"","background-media":"","overlay-type":"","overlay-color":"","overlay-opacity":"","overlay-gradient":""}},"ast-content-background-meta":{"desktop":{"background-color":"var(--ast-global-color-4)","background-image":"","background-repeat":"repeat","background-position":"center center","background-size":"auto","background-attachment":"scroll","background-type":"","background-media":"","overlay-type":"","overlay-color":"","overlay-opacity":"","overlay-gradient":""},"tablet":{"background-color":"var(--ast-global-color-4)","background-image":"","background-repeat":"repeat","background-position":"center center","background-size":"auto","background-attachment":"scroll","background-type":"","background-media":"","overlay-type":"","overlay-color":"","overlay-opacity":"","overlay-gradient":""},"mobile":{"background-color":"var(--ast-global-color-4)","background-image":"","background-repeat":"repeat","background-position":"center center","background-size":"auto","background-attachment":"scroll","background-type":"","background-media":"","overlay-type":"","overlay-color":"","overlay-opacity":"","overlay-gradient":""}}},"product_brand":[],"product_cat":[56,62,72],"product_tag":[181,182],"class_list":{"0":"post-4861","1":"product","2":"type-product","3":"status-publish","4":"has-post-thumbnail","6":"product_cat-cosmetic-jars","7":"product_cat-cosmetic-containers","8":"product_cat-cosmetic-packaging","9":"product_tag-cream-storage-jars","10":"product_tag-empty-skincare-containers","11":"desktop-align-left","12":"tablet-align-left","13":"mobile-align-left","15":"first","16":"instock","17":"shipping-taxable","18":"product-type-simple"},"acf":[],"jetpack_sharing_enabled":true,"_links":{"self":[{"href":"https:\/\/theperfumebottles.com\/pl\/wp-json\/wp\/v2\/product\/4861","targetHints":{"allow":["GET"]}}],"collection":[{"href":"https:\/\/theperfumebottles.com\/pl\/wp-json\/wp\/v2\/product"}],"about":[{"href":"https:\/\/theperfumebottles.com\/pl\/wp-json\/wp\/v2\/types\/product"}],"replies":[{"embeddable":true,"href":"https:\/\/theperfumebottles.com\/pl\/wp-json\/wp\/v2\/comments?post=4861"}],"wp:featuredmedia":[{"embeddable":true,"href":"https:\/\/theperfumebottles.com\/pl\/wp-json\/wp\/v2\/media\/4862"}],"wp:attachment":[{"href":"https:\/\/theperfumebottles.com\/pl\/wp-json\/wp\/v2\/media?parent=4861"}],"wp:term":[{"taxonomy":"product_brand","embeddable":true,"href":"https:\/\/theperfumebottles.com\/pl\/wp-json\/wp\/v2\/product_brand?post=4861"},{"taxonomy":"product_cat","embeddable":true,"href":"https:\/\/theperfumebottles.com\/pl\/wp-json\/wp\/v2\/product_cat?post=4861"},{"taxonomy":"product_tag","embeddable":true,"href":"https:\/\/theperfumebottles.com\/pl\/wp-json\/wp\/v2\/product_tag?post=4861"}],"curies":[{"name":"wp","href":"https:\/\/api.w.org\/{rel}","templated":true}]}}