{"id":4990,"date":"2025-07-29T17:27:28","date_gmt":"2025-07-29T09:27:28","guid":{"rendered":"https:\/\/theperfumebottles.com\/?post_type=product&#038;p=4990"},"modified":"2026-03-30T14:38:28","modified_gmt":"2026-03-30T06:38:28","slug":"custom-1-oz-cosmetic-jars-with-lids-wholesale","status":"publish","type":"product","link":"https:\/\/theperfumebottles.com\/pl\/produkt\/custom-1-oz-cosmetic-jars-with-lids-wholesale\/","title":{"rendered":"5g \u2013 80g S\u0142oiki kosmetyczne z pokrywkami \u2013 hurtowa sprzeda\u017c"},"content":{"rendered":"<p>To okr\u0105g\u0142e s\u0142oiczki kosmetyczne o pojemno\u015bci 1 uncji, wykonane z dw\u00f3ch rodzaj\u00f3w szk\u0142a: mi\u0119kkiego, matowego i krystalicznie czystego, pakowane w szklane, cylindryczne butelki. S\u0142oiki maj\u0105 standardowy gwint i mog\u0105 mie\u0107 metalowe zakr\u0119tki w kolorze czarnym, srebrnym lub z\u0142otym.<\/p>\n<h2><strong data-spm-anchor-id=\"5176.28103460.0.i23.29ab1db81jJxsg\">Kluczowe specyfikacje<\/strong><\/h2>\n<table style=\"border-collapse: collapse; width: 80%; margin-left: auto; margin-right: auto;\" border=\"0\" width=\"360\" cellspacing=\"0\" cellpadding=\"0\">\n<tbody>\n<tr style=\"height: 13.50pt;\">\n<td style=\"height: 13.50pt; width: 54.00pt;\" width=\"72\" height=\"18\">Pojemno\u015b\u0107<\/td>\n<td style=\"width: 54.00pt;\" width=\"72\">Metoda uszczelniania<\/td>\n<td style=\"width: 54.00pt;\" width=\"72\">Tworzywo<\/td>\n<td style=\"width: 54.00pt;\" width=\"72\">Opcje kolor\u00f3w<\/td>\n<td style=\"width: 54.00pt;\" width=\"72\">Stosowanie<\/td>\n<\/tr>\n<tr style=\"height: 13.50pt;\">\n<td style=\"height: 13.50pt;\" height=\"18\">5g<\/td>\n<td class=\"et2\" rowspan=\"7\">Gwintowana szyjka + plastikowa\/metalowa pokrywka<\/td>\n<td class=\"et2\" rowspan=\"7\">Szk\u0142o kryszta\u0142owe<\/td>\n<td class=\"et2\" rowspan=\"7\">Bursztynowa, matowa i z\u0142ota pokrywa lub wed\u0142ug Twoich potrzeb<\/td>\n<td class=\"et2\" rowspan=\"7\">Krem do twarzy, krem \u200b\u200bdo cia\u0142a, krem \u200b\u200bpod oczy, krem \u200b\u200bdo ust\u2026<\/td>\n<\/tr>\n<tr style=\"height: 13.50pt;\">\n<td style=\"height: 13.50pt;\" height=\"18\">10g<\/td>\n<\/tr>\n<tr style=\"height: 13.50pt;\">\n<td style=\"height: 13.50pt;\" height=\"18\">15 g (0,5 uncji)<\/td>\n<\/tr>\n<tr style=\"height: 13.50pt;\">\n<td style=\"height: 13.50pt;\" height=\"18\">20g<\/td>\n<\/tr>\n<tr style=\"height: 13.50pt;\">\n<td style=\"height: 13.50pt;\" height=\"18\">30 g (1 uncja)<\/td>\n<\/tr>\n<tr style=\"height: 13.50pt;\">\n<td style=\"height: 13.50pt;\" height=\"18\">50g<\/td>\n<\/tr>\n<tr style=\"height: 13.50pt;\">\n<td style=\"height: 13.50pt;\" height=\"18\">80g<\/td>\n<\/tr>\n<\/tbody>\n<\/table>\n<h2>Historia sukcesu: zam\u00f3wienie indywidualne u ameryka\u0144skiej marki kosmetyk\u00f3w ekologicznych<\/h2>\n<p>Nasz system niestandardowych opakowa\u0144 kosmetyk\u00f3w zosta\u0142 wybrany przez kalifornijsk\u0105 mark\u0119 kosmetyk\u00f3w organicznych, kt\u00f3ra mia\u0142a przezroczyste szk\u0142o ze z\u0142otymi nakr\u0119tkami. Spersonalizowane rozwi\u0105zanie w zakresie opakowa\u0144 przynios\u0142o spektakularne rezultaty: konwersja online wzros\u0142a o 20 procent, a wysokiej jako\u015bci metalowe nakr\u0119tki stworzy\u0142y idealne zamkni\u0119cie, kt\u00f3re nie tylko wyd\u0142u\u017cy\u0142o okres przydatno\u015bci naturalnych olejk\u00f3w eterycznych o 30%, ale tak\u017ce pomog\u0142o idealnie wyeksponowa\u0107 konsystencj\u0119 serum przechowywanego w przezroczystych butelkach. Na podstawie tego sukcesu firma zam\u00f3wi\u0142a r\u00f3wnie\u017c 420 000 dodatkowych s\u0142oik\u00f3w, aby wprowadzi\u0107 na rynek now\u0105, skoncentrowan\u0105 lini\u0119 produkt\u00f3w do piel\u0119gnacji sk\u00f3ry i podpisa\u0107 umow\u0119 o wsp\u00f3\u0142pracy w zakresie pude\u0142ek subskrypcyjnych.<\/p>\n<h2>Niestandardowe rozwi\u0105zania w zakresie opakowa\u0144 kosmetycznych<\/h2>\n<ul>\n<li>Materia\u0142 i wyko\u0144czenie pokrywy: Opr\u00f3cz standardowego metalu, istnieje mo\u017cliwo\u015b\u0107 wyboru wielu niestandardowych kolor\u00f3w, takich jak bambus, korek lub matowy plastik.<\/li>\n<li>Niestandardowe rozmiary: Stw\u00f3rz specjalistyczne, niestandardowe rozmiary (np. rozmiar podr\u00f3\u017cny 1,7 uncji).<\/li>\n<li>Uszczelnienie wewn\u0119trzne: Aby zapewni\u0107 wi\u0119ksz\u0105 \u015bwie\u017co\u015b\u0107, umie\u015b\u0107 pod nakr\u0119tk\u0105 foli\u0119 aluminiow\u0105 lub uszczelk\u0119 czujnikow\u0105.<\/li>\n<\/ul>","protected":false},"excerpt":{"rendered":"<p>S\u0142oiki kosmetyczne o pojemno\u015bci 1 uncji do piel\u0119gnacji sk\u00f3ry i urody. Niestandardowe opakowania kosmetyczne ze szk\u0142em chroni\u0105cym przed promieniowaniem UV, w cenach hurtowych i gotowe do wysy\u0142ki.<\/p>","protected":false},"featured_media":4994,"comment_status":"open","ping_status":"closed","template":"","meta":{"_acf_changed":false,"site-sidebar-layout":"default","site-content-layout":"","ast-site-content-layout":"default","site-content-style":"default","site-sidebar-style":"default","ast-global-header-display":"","ast-banner-title-visibility":"","ast-main-header-display":"","ast-hfb-above-header-display":"","ast-hfb-below-header-display":"","ast-hfb-mobile-header-display":"","site-post-title":"","ast-breadcrumbs-content":"","ast-featured-img":"","footer-sml-layout":"","ast-disable-related-posts":"","theme-transparent-header-meta":"default","adv-header-id-meta":"","stick-header-meta":"","header-above-stick-meta":"","header-main-stick-meta":"","header-below-stick-meta":"","astra-migrate-meta-layouts":"set","ast-page-background-enabled":"default","ast-page-background-meta":{"desktop":{"background-color":"var(--ast-global-color-5)","background-image":"","background-repeat":"repeat","background-position":"center center","background-size":"auto","background-attachment":"scroll","background-type":"","background-media":"","overlay-type":"","overlay-color":"","overlay-opacity":"","overlay-gradient":""},"tablet":{"background-color":"","background-image":"","background-repeat":"repeat","background-position":"center center","background-size":"auto","background-attachment":"scroll","background-type":"","background-media":"","overlay-type":"","overlay-color":"","overlay-opacity":"","overlay-gradient":""},"mobile":{"background-color":"","background-image":"","background-repeat":"repeat","background-position":"center center","background-size":"auto","background-attachment":"scroll","background-type":"","background-media":"","overlay-type":"","overlay-color":"","overlay-opacity":"","overlay-gradient":""}},"ast-content-background-meta":{"desktop":{"background-color":"var(--ast-global-color-4)","background-image":"","background-repeat":"repeat","background-position":"center center","background-size":"auto","background-attachment":"scroll","background-type":"","background-media":"","overlay-type":"","overlay-color":"","overlay-opacity":"","overlay-gradient":""},"tablet":{"background-color":"var(--ast-global-color-4)","background-image":"","background-repeat":"repeat","background-position":"center center","background-size":"auto","background-attachment":"scroll","background-type":"","background-media":"","overlay-type":"","overlay-color":"","overlay-opacity":"","overlay-gradient":""},"mobile":{"background-color":"var(--ast-global-color-4)","background-image":"","background-repeat":"repeat","background-position":"center center","background-size":"auto","background-attachment":"scroll","background-type":"","background-media":"","overlay-type":"","overlay-color":"","overlay-opacity":"","overlay-gradient":""}}},"product_brand":[],"product_cat":[56,62,72],"product_tag":[203,202],"class_list":{"0":"post-4990","1":"product","2":"type-product","3":"status-publish","4":"has-post-thumbnail","6":"product_cat-cosmetic-jars","7":"product_cat-cosmetic-containers","8":"product_cat-cosmetic-packaging","9":"product_tag-1-oz-cosmetic-jars","10":"product_tag-custom-cosmetic-packaging","11":"desktop-align-left","12":"tablet-align-left","13":"mobile-align-left","15":"first","16":"instock","17":"shipping-taxable","18":"product-type-simple"},"acf":[],"jetpack_sharing_enabled":true,"_links":{"self":[{"href":"https:\/\/theperfumebottles.com\/pl\/wp-json\/wp\/v2\/product\/4990","targetHints":{"allow":["GET"]}}],"collection":[{"href":"https:\/\/theperfumebottles.com\/pl\/wp-json\/wp\/v2\/product"}],"about":[{"href":"https:\/\/theperfumebottles.com\/pl\/wp-json\/wp\/v2\/types\/product"}],"replies":[{"embeddable":true,"href":"https:\/\/theperfumebottles.com\/pl\/wp-json\/wp\/v2\/comments?post=4990"}],"wp:featuredmedia":[{"embeddable":true,"href":"https:\/\/theperfumebottles.com\/pl\/wp-json\/wp\/v2\/media\/4994"}],"wp:attachment":[{"href":"https:\/\/theperfumebottles.com\/pl\/wp-json\/wp\/v2\/media?parent=4990"}],"wp:term":[{"taxonomy":"product_brand","embeddable":true,"href":"https:\/\/theperfumebottles.com\/pl\/wp-json\/wp\/v2\/product_brand?post=4990"},{"taxonomy":"product_cat","embeddable":true,"href":"https:\/\/theperfumebottles.com\/pl\/wp-json\/wp\/v2\/product_cat?post=4990"},{"taxonomy":"product_tag","embeddable":true,"href":"https:\/\/theperfumebottles.com\/pl\/wp-json\/wp\/v2\/product_tag?post=4990"}],"curies":[{"name":"wp","href":"https:\/\/api.w.org\/{rel}","templated":true}]}}