{"id":5185,"date":"2025-08-05T18:48:14","date_gmt":"2025-08-05T10:48:14","guid":{"rendered":"https:\/\/theperfumebottles.com\/?post_type=product&#038;p=5185"},"modified":"2025-08-05T17:03:32","modified_gmt":"2025-08-05T09:03:32","slug":"custom-frosted-glass-bottle-with-pump-wholesale","status":"publish","type":"product","link":"https:\/\/theperfumebottles.com\/pl\/produkt\/custom-frosted-glass-bottle-with-pump-wholesale\/","title":{"rendered":"100 ml niestandardowa butelka ze szk\u0142a matowego z pompk\u0105 hurtowo"},"content":{"rendered":"<p>Je\u015bli szukasz pustych szklanych butelek z pompk\u0105, to ju\u017c koniec. Jeste\u015b we w\u0142a\u015bciwym miejscu. Niezale\u017cnie od tego, czy jeste\u015b samodzielnym producentem, czy wprowadzasz na rynek ma\u0142\u0105 lini\u0119 kosmetyk\u00f3w do piel\u0119gnacji sk\u00f3ry, te szklane butelki z pompk\u0105 typu airless zosta\u0142y stworzone z my\u015bl\u0105 o wydajno\u015bci i stylu.<\/p>\n<p>Rozumiemy to \u2013 Twoje potrzeby w zakresie opakowa\u0144 szklanych s\u0105 wyj\u0105tkowe. Dlatego stworzyli\u015bmy co\u015b, co do nich pasuje: eleganckie, funkcjonalne i w pe\u0142ni Twoje.<\/p>\n<h2>Kluczowe specyfikacje<\/h2>\n<table style=\"border-collapse: collapse;margin-left: auto;margin-right: auto;width: 80%\" border=\"0\" width=\"489\" cellspacing=\"0\" cellpadding=\"0\">\n<tbody>\n<tr style=\"height: 13.50pt\">\n<td style=\"height: 13.50pt;width: 112.50pt\" width=\"150\" height=\"18\">Funkcja<\/td>\n<td style=\"width: 254.25pt\" width=\"339\">Bli\u017csze dane<\/td>\n<\/tr>\n<tr style=\"height: 13.50pt\">\n<td style=\"height: 13.50pt\" height=\"18\">Pojemno\u015b\u0107<\/td>\n<td>100 ml<\/td>\n<\/tr>\n<tr style=\"height: 13.50pt\">\n<td style=\"height: 13.50pt\" height=\"18\">Materia\u0142 butelki<\/td>\n<td>Szk\u0142o mro\u017cone premium<\/td>\n<\/tr>\n<tr style=\"height: 13.50pt\">\n<td style=\"height: 13.50pt\" height=\"18\">Typ pompy<\/td>\n<td>Duszny<\/td>\n<\/tr>\n<tr style=\"height: 13.50pt\">\n<td style=\"height: 13.50pt\" height=\"18\">Zamkni\u0119cie<\/td>\n<td>Ok\u0142adka prasowa<\/td>\n<\/tr>\n<tr style=\"height: 13.50pt\">\n<td style=\"height: 13.50pt\" height=\"18\">Rozmiar opakowania<\/td>\n<td>100 mm \u00d7 100 mm \u00d7 150 mm (dla pojedynczej jednostki)<\/td>\n<\/tr>\n<tr style=\"height: 13.50pt\">\n<td style=\"height: 13.50pt\" height=\"18\">Dost\u0119pne kolory<\/td>\n<td>Mo\u017cliwo\u015b\u0107 dostosowania (czarny, bia\u0142y, r\u00f3\u017cowy, itp.)<\/td>\n<\/tr>\n<tr style=\"height: 13.50pt\">\n<td style=\"height: 13.50pt\" height=\"18\">Idealny dla<\/td>\n<td>Esencje, kremy nawil\u017caj\u0105ce, toniki itp.<\/td>\n<\/tr>\n<\/tbody>\n<\/table>\n<h2>Historia sukcesu<\/h2>\n<p>W przytulnej, ma\u0142ej kuchni na obrze\u017cach metropolii Lily rozpocz\u0119\u0142a swoj\u0105 przygod\u0119 z biznesem, produkuj\u0105c domowe, naturalne olejki do twarzy. W ka\u017cd\u0105 kropl\u0119 wk\u0142ada\u0142a ca\u0142e serce i dusz\u0119, ale jej prawdziwe opakowanie okaza\u0142o si\u0119 udr\u0119k\u0105 \u2013 szklane butelki \u0142atwo przecieka\u0142y, a wygl\u0105d sta\u0142 si\u0119 md\u0142y, niegodny misternie dobranych olejk\u00f3w.<\/p>\n<p>Lily wybra\u0142a delikatn\u0105, szkar\u0142atn\u0105, szklan\u0105 butelk\u0119 z pompk\u0105 pr\u00f3\u017cniow\u0105, prost\u0105, z\u0142ot\u0105 g\u0142\u00f3wk\u0105 pompki i minimalistycznym, firmowym formatem. Nowe opakowanie natychmiast podbi\u0142o Instagram! Zacz\u0119\u0142y nap\u0142ywa\u0107 wiadomo\u015bci z pytaniami: \u201eGdzie kupi\u0142a\u015b t\u0119 butelk\u0119? Jest taka wyj\u0105tkowa!\u201d i \u201eU\u017cywanie jej sprawia, \u017ce \u200b\u200bpiel\u0119gnacja sk\u00f3ry staje si\u0119 jeszcze bardziej rytua\u0142em\u201d. W ci\u0105gu kilku miesi\u0119cy przychody podwoi\u0142y si\u0119, a nawet sklepy stacjonarne zacz\u0119\u0142y si\u0119 do niej zg\u0142asza\u0107 z propozycjami wsp\u00f3\u0142pracy.<\/p>\n<p>Kluczem do sukcesu Lily nie jest ju\u017c tylko promowanie olejk\u00f3w eterycznych, ale tak\u017ce oferowanie wysokiej jako\u015bci, rozpieszczaj\u0105cej piel\u0119gnacji sk\u00f3ry za pomoc\u0105 jej wspania\u0142ych szklanych butelek z pompk\u0105. Ta nowatorska transformacja rozpocz\u0119\u0142a si\u0119 od wyboru odpowiedniego opakowania.<\/p>\n<h2>Ostatnie s\u0142owo<\/h2>\n<p>Doskona\u0142a piel\u0119gnacja sk\u00f3ry zas\u0142uguje na \u015bwietne opakowanie. Nie ukrywaj swojej ci\u0119\u017ckiej pracy w zapomnianej butelce. Nasze szklane butelki z pompk\u0105 typu airless chroni\u0105 Twoj\u0105 formu\u0142\u0119, podnosz\u0105 presti\u017c Twojej marki i sprawiaj\u0105, \u017ce Twoi klienci m\u00f3wi\u0105: \u201eUwielbiam to\u201d. \u015amia\u0142o \u2013 zapewnij swojemu produktowi miejsce, na jakie zas\u0142uguje.<\/p>","protected":false},"excerpt":{"rendered":"<p>Butelka szklana na zam\u00f3wienie i hurtowo z pompk\u0105 i nakr\u0119tk\u0105, idealna do kosmetyk\u00f3w, piel\u0119gnacji sk\u00f3ry i opakowa\u0144 hurtowych B2B, o stylowym, trwa\u0142ym wzornictwie.<\/p>","protected":false},"featured_media":5188,"comment_status":"open","ping_status":"closed","template":"","meta":{"_acf_changed":false,"site-sidebar-layout":"default","site-content-layout":"","ast-site-content-layout":"default","site-content-style":"default","site-sidebar-style":"default","ast-global-header-display":"","ast-banner-title-visibility":"","ast-main-header-display":"","ast-hfb-above-header-display":"","ast-hfb-below-header-display":"","ast-hfb-mobile-header-display":"","site-post-title":"","ast-breadcrumbs-content":"","ast-featured-img":"","footer-sml-layout":"","ast-disable-related-posts":"","theme-transparent-header-meta":"default","adv-header-id-meta":"","stick-header-meta":"","header-above-stick-meta":"","header-main-stick-meta":"","header-below-stick-meta":"","astra-migrate-meta-layouts":"set","ast-page-background-enabled":"default","ast-page-background-meta":{"desktop":{"background-color":"var(--ast-global-color-5)","background-image":"","background-repeat":"repeat","background-position":"center center","background-size":"auto","background-attachment":"scroll","background-type":"","background-media":"","overlay-type":"","overlay-color":"","overlay-opacity":"","overlay-gradient":""},"tablet":{"background-color":"","background-image":"","background-repeat":"repeat","background-position":"center center","background-size":"auto","background-attachment":"scroll","background-type":"","background-media":"","overlay-type":"","overlay-color":"","overlay-opacity":"","overlay-gradient":""},"mobile":{"background-color":"","background-image":"","background-repeat":"repeat","background-position":"center center","background-size":"auto","background-attachment":"scroll","background-type":"","background-media":"","overlay-type":"","overlay-color":"","overlay-opacity":"","overlay-gradient":""}},"ast-content-background-meta":{"desktop":{"background-color":"var(--ast-global-color-4)","background-image":"","background-repeat":"repeat","background-position":"center center","background-size":"auto","background-attachment":"scroll","background-type":"","background-media":"","overlay-type":"","overlay-color":"","overlay-opacity":"","overlay-gradient":""},"tablet":{"background-color":"var(--ast-global-color-4)","background-image":"","background-repeat":"repeat","background-position":"center center","background-size":"auto","background-attachment":"scroll","background-type":"","background-media":"","overlay-type":"","overlay-color":"","overlay-opacity":"","overlay-gradient":""},"mobile":{"background-color":"var(--ast-global-color-4)","background-image":"","background-repeat":"repeat","background-position":"center center","background-size":"auto","background-attachment":"scroll","background-type":"","background-media":"","overlay-type":"","overlay-color":"","overlay-opacity":"","overlay-gradient":""}}},"product_brand":[],"product_cat":[62,72,71],"product_tag":[190,204],"class_list":{"0":"post-5185","1":"product","2":"type-product","3":"status-publish","4":"has-post-thumbnail","6":"product_cat-cosmetic-containers","7":"product_cat-cosmetic-packaging","8":"product_cat-glass-lotion-bottles","9":"product_tag-cosmetic-pots-with-lids","10":"product_tag-frosted-cosmetic-jars","11":"desktop-align-left","12":"tablet-align-left","13":"mobile-align-left","15":"first","16":"instock","17":"shipping-taxable","18":"product-type-simple"},"acf":[],"jetpack_sharing_enabled":true,"_links":{"self":[{"href":"https:\/\/theperfumebottles.com\/pl\/wp-json\/wp\/v2\/product\/5185","targetHints":{"allow":["GET"]}}],"collection":[{"href":"https:\/\/theperfumebottles.com\/pl\/wp-json\/wp\/v2\/product"}],"about":[{"href":"https:\/\/theperfumebottles.com\/pl\/wp-json\/wp\/v2\/types\/product"}],"replies":[{"embeddable":true,"href":"https:\/\/theperfumebottles.com\/pl\/wp-json\/wp\/v2\/comments?post=5185"}],"wp:featuredmedia":[{"embeddable":true,"href":"https:\/\/theperfumebottles.com\/pl\/wp-json\/wp\/v2\/media\/5188"}],"wp:attachment":[{"href":"https:\/\/theperfumebottles.com\/pl\/wp-json\/wp\/v2\/media?parent=5185"}],"wp:term":[{"taxonomy":"product_brand","embeddable":true,"href":"https:\/\/theperfumebottles.com\/pl\/wp-json\/wp\/v2\/product_brand?post=5185"},{"taxonomy":"product_cat","embeddable":true,"href":"https:\/\/theperfumebottles.com\/pl\/wp-json\/wp\/v2\/product_cat?post=5185"},{"taxonomy":"product_tag","embeddable":true,"href":"https:\/\/theperfumebottles.com\/pl\/wp-json\/wp\/v2\/product_tag?post=5185"}],"curies":[{"name":"wp","href":"https:\/\/api.w.org\/{rel}","templated":true}]}}