{"id":5245,"date":"2025-08-07T10:30:11","date_gmt":"2025-08-07T02:30:11","guid":{"rendered":"https:\/\/theperfumebottles.com\/?post_type=product&#038;p=5245"},"modified":"2026-03-30T14:21:28","modified_gmt":"2026-03-30T06:21:28","slug":"essential-oil-glass-roller-bottles-for-packaging-wholesale","status":"publish","type":"product","link":"https:\/\/theperfumebottles.com\/pl\/produkt\/essential-oil-glass-roller-bottles-for-packaging-wholesale\/","title":{"rendered":"Butelki z kulk\u0105 do olejk\u00f3w eterycznych, szklane, 1 ml - 100 ml, do pakowania hurtowego"},"content":{"rendered":"<p>Potrzebujesz szklanych butelek typu roll-on, kt\u00f3re \u0142\u0105cz\u0105 precyzj\u0119 i elegancj\u0119? Te butelki typu roll-on z olejkami eterycznymi zosta\u0142y zaprojektowane dla marek, kt\u00f3re ceni\u0105 sobie wyr\u00f3\u017cniaj\u0105ce si\u0119 opakowania kosmetyk\u00f3w.<\/p>\n<h2><strong data-spm-anchor-id=\"5176.28103460.0.i9.29ab1db8AYaOUi\">Kluczowe specyfikacje<\/strong><\/h2>\n<table style=\"margin-left: auto; margin-right: auto; border-collapse: collapse; width: 80%;\" border=\"0\" width=\"144\" cellspacing=\"0\" cellpadding=\"0\">\n<tbody>\n<tr style=\"height: 13.50pt;\">\n<td style=\"height: 13.5pt; width: 54pt; text-align: center;\" width=\"72\" height=\"18\">Funkcja<\/td>\n<td style=\"width: 54pt; text-align: center;\" width=\"72\">Bli\u017csze dane<\/td>\n<\/tr>\n<tr style=\"height: 13.50pt;\">\n<td style=\"height: 13.5pt; text-align: center;\" height=\"18\">Pojemno\u015b\u0107<\/td>\n<td style=\"text-align: center;\">1 ml, 2 ml, 3 ml, 5 ml, 10 ml, 15 ml, 20 ml, 30 ml, 50 ml, 100 ml<\/td>\n<\/tr>\n<tr style=\"height: 13.50pt;\">\n<td style=\"height: 13.5pt; text-align: center;\" height=\"18\">Tworzywo<\/td>\n<td style=\"text-align: center;\">Szk\u0142o kryszta\u0142owe<\/td>\n<\/tr>\n<tr style=\"height: 13.50pt;\">\n<td style=\"height: 13.5pt; text-align: center;\" height=\"18\">Mechanizm uszczelniaj\u0105cy<\/td>\n<td style=\"text-align: center;\">Roll-On (metalowa ko\u0144c\u00f3wka wa\u0142ka)<\/td>\n<\/tr>\n<tr style=\"height: 13.50pt;\">\n<td style=\"height: 13.5pt; text-align: center;\" height=\"18\">Kolor<\/td>\n<td style=\"text-align: center;\">Bursztynowy\/Czarny\/Br\u0105zowy\/Zielony\/Przezroczysty<\/td>\n<\/tr>\n<tr style=\"height: 13.50pt;\">\n<td style=\"height: 13.5pt; text-align: center;\" height=\"18\">Stosowanie<\/td>\n<td style=\"text-align: center;\">Olejki eteryczne\/perfumy\/odczynniki laboratoryjne\u2026<\/td>\n<\/tr>\n<\/tbody>\n<\/table>\n<h2>Przypadek sukcesu<\/h2>\n<p>Australijska firma produkuj\u0105ca naturalne produkty zdrowotne rozpaczliwie potrzebowa\u0142a du\u017cego zapasu butelek z olejkami eterycznymi. Ostatecznie zdecydowali si\u0119 na 50-mililitrowe butelki z bursztynowego szk\u0142a, kt\u00f3re sprzedawali\u015bmy. Wykonali\u015bmy r\u00f3wnie\u017c kulki ze stali nierdzewnej, aby u\u0142atwi\u0107 i uprzyjemni\u0107 aplikacj\u0119 na etapie personalizacji, a tak\u017ce wyposa\u017cyli\u015bmy je w czarne, matowe nakr\u0119tki, aby wygl\u0105da\u0142y modnie i nowocze\u015bnie. Co wi\u0119cej, klient zdecydowa\u0142 si\u0119 na sitodruk, aby nadrukowa\u0107 logo swojej marki, i zastosowa\u0142 matowe wyko\u0144czenie, aby odr\u00f3\u017cni\u0107 poszczeg\u00f3lne formu\u0142y i wersje produktu, poniewa\u017c zale\u017ca\u0142o mu na r\u00f3\u017cnych partiach produkcyjnych.<\/p>\n<p>Produkt odnotowa\u0142 30-procentowy wzrost sprzeda\u017cy w ci\u0105gu pierwszych dw\u00f3ch miesi\u0119cy od wprowadzenia na rynek. Dzi\u0119ki pozytywnej reakcji rynku, klient natychmiast z\u0142o\u017cy\u0142 kolejne zam\u00f3wienie i rozszerzy\u0142 ofert\u0119 o inne linie produkt\u00f3w, b\u0119d\u0105ce mieszankami olejk\u00f3w eterycznych.<\/p>\n<h2>\u00a0Sugestia personalizacji<\/h2>\n<ul>\n<li><strong>Opcje odporne na \u015bwiat\u0142o:<\/strong> Br\u0105zowe szk\u0142o nadaje si\u0119 do przechowywania olejk\u00f3w eterycznych; zielone szk\u0142o nadaje si\u0119 do przechowywania perfum i zastosowa\u0144 laboratoryjnych.<\/li>\n<li><strong>Stylowe i trwa\u0142e:<\/strong> Popularne w 2025 roku, matowe kolory o umiarkowanym nasyceniu (takie jak Klein Blue czy Fluorescencyjna Ziele\u0144) w po\u0142\u0105czeniu z nadrukowanymi w technologii UV, odpornymi na zu\u017cycie etykietami. Pi\u00f3ro kulkowe i skuwka zapewniaj\u0105 higien\u0119.<\/li>\n<li><strong>Uniwersalne rozmiary:<\/strong> Dost\u0119pne w pojemno\u015bciach 1\u2013100 ml (5 ml na podr\u00f3\u017c, 30 ml na elegancko), aby sprosta\u0107 r\u00f3\u017cnorodnym potrzebom dotycz\u0105cym opakowa\u0144.<\/li>\n<\/ul>","protected":false},"excerpt":{"rendered":"<p>Odkryj rozwi\u0105zania z zakresu olejk\u00f3w eterycznych w szklanych butelkach typu roll-on od zaufanego dostawcy opakowa\u0144 kosmetycznych. Trwa\u0142e, gotowe do wysy\u0142ki i dostosowane do zam\u00f3wie\u0144 hurtowych.<\/p>","protected":false},"featured_media":7498,"comment_status":"open","ping_status":"closed","template":"","meta":{"_acf_changed":false,"site-sidebar-layout":"default","site-content-layout":"","ast-site-content-layout":"default","site-content-style":"default","site-sidebar-style":"default","ast-global-header-display":"","ast-banner-title-visibility":"","ast-main-header-display":"","ast-hfb-above-header-display":"","ast-hfb-below-header-display":"","ast-hfb-mobile-header-display":"","site-post-title":"","ast-breadcrumbs-content":"","ast-featured-img":"","footer-sml-layout":"","ast-disable-related-posts":"","theme-transparent-header-meta":"default","adv-header-id-meta":"","stick-header-meta":"","header-above-stick-meta":"","header-main-stick-meta":"","header-below-stick-meta":"","astra-migrate-meta-layouts":"set","ast-page-background-enabled":"default","ast-page-background-meta":{"desktop":{"background-color":"var(--ast-global-color-5)","background-image":"","background-repeat":"repeat","background-position":"center center","background-size":"auto","background-attachment":"scroll","background-type":"","background-media":"","overlay-type":"","overlay-color":"","overlay-opacity":"","overlay-gradient":""},"tablet":{"background-color":"","background-image":"","background-repeat":"repeat","background-position":"center center","background-size":"auto","background-attachment":"scroll","background-type":"","background-media":"","overlay-type":"","overlay-color":"","overlay-opacity":"","overlay-gradient":""},"mobile":{"background-color":"","background-image":"","background-repeat":"repeat","background-position":"center center","background-size":"auto","background-attachment":"scroll","background-type":"","background-media":"","overlay-type":"","overlay-color":"","overlay-opacity":"","overlay-gradient":""}},"ast-content-background-meta":{"desktop":{"background-color":"var(--ast-global-color-4)","background-image":"","background-repeat":"repeat","background-position":"center center","background-size":"auto","background-attachment":"scroll","background-type":"","background-media":"","overlay-type":"","overlay-color":"","overlay-opacity":"","overlay-gradient":""},"tablet":{"background-color":"var(--ast-global-color-4)","background-image":"","background-repeat":"repeat","background-position":"center center","background-size":"auto","background-attachment":"scroll","background-type":"","background-media":"","overlay-type":"","overlay-color":"","overlay-opacity":"","overlay-gradient":""},"mobile":{"background-color":"var(--ast-global-color-4)","background-image":"","background-repeat":"repeat","background-position":"center center","background-size":"auto","background-attachment":"scroll","background-type":"","background-media":"","overlay-type":"","overlay-color":"","overlay-opacity":"","overlay-gradient":""}}},"product_brand":[],"product_cat":[60,62,72,57],"product_tag":[206,205],"class_list":{"0":"post-5245","1":"product","2":"type-product","3":"status-publish","4":"has-post-thumbnail","6":"product_cat-roller-bottles","7":"product_cat-cosmetic-containers","8":"product_cat-cosmetic-packaging","9":"product_cat-essential-oil-bottles","10":"product_tag-glass-roller-bottle","11":"product_tag-roll-on-bottles-essential-oils","12":"desktop-align-left","13":"tablet-align-left","14":"mobile-align-left","16":"first","17":"instock","18":"shipping-taxable","19":"product-type-simple"},"acf":[],"jetpack_sharing_enabled":true,"_links":{"self":[{"href":"https:\/\/theperfumebottles.com\/pl\/wp-json\/wp\/v2\/product\/5245","targetHints":{"allow":["GET"]}}],"collection":[{"href":"https:\/\/theperfumebottles.com\/pl\/wp-json\/wp\/v2\/product"}],"about":[{"href":"https:\/\/theperfumebottles.com\/pl\/wp-json\/wp\/v2\/types\/product"}],"replies":[{"embeddable":true,"href":"https:\/\/theperfumebottles.com\/pl\/wp-json\/wp\/v2\/comments?post=5245"}],"wp:featuredmedia":[{"embeddable":true,"href":"https:\/\/theperfumebottles.com\/pl\/wp-json\/wp\/v2\/media\/7498"}],"wp:attachment":[{"href":"https:\/\/theperfumebottles.com\/pl\/wp-json\/wp\/v2\/media?parent=5245"}],"wp:term":[{"taxonomy":"product_brand","embeddable":true,"href":"https:\/\/theperfumebottles.com\/pl\/wp-json\/wp\/v2\/product_brand?post=5245"},{"taxonomy":"product_cat","embeddable":true,"href":"https:\/\/theperfumebottles.com\/pl\/wp-json\/wp\/v2\/product_cat?post=5245"},{"taxonomy":"product_tag","embeddable":true,"href":"https:\/\/theperfumebottles.com\/pl\/wp-json\/wp\/v2\/product_tag?post=5245"}],"curies":[{"name":"wp","href":"https:\/\/api.w.org\/{rel}","templated":true}]}}