{"id":5251,"date":"2025-08-07T11:49:10","date_gmt":"2025-08-07T03:49:10","guid":{"rendered":"https:\/\/theperfumebottles.com\/?post_type=product&#038;p=5251"},"modified":"2025-08-07T17:42:15","modified_gmt":"2025-08-07T09:42:15","slug":"5ml-perfume-essential-oil-glass-roller-bottles-for-cosmetic-packaging","status":"publish","type":"product","link":"https:\/\/theperfumebottles.com\/pl\/produkt\/5ml-perfume-essential-oil-glass-roller-bottles-for-cosmetic-packaging\/","title":{"rendered":"szklane Rolkowe Butelki z Olejkiem Perfum o pojemno\u015bci 5 ml dla Opakowa\u0144 Kosmetycznych"},"content":{"rendered":"<p>Potrzebujesz pojemnika, kt\u00f3ry \u0142\u0105czy precyzj\u0119 i styl? Nasze szkliste roller bottle z olejem eterycznym s\u0105 zaprojektowane dla marek, kt\u00f3re chc\u0105 opakowa\u0144 kosmetycznych, kt\u00f3re zwracaj\u0105 uwag\u0119.<\/p>\n<h2><strong>Kluczowe specyfikacje<\/strong><\/h2>\n<table style=\"margin-left: auto;margin-right: auto;border-collapse: collapse;width: 80%\" border=\"0\" width=\"144\" cellspacing=\"0\" cellpadding=\"0\">\n<tbody>\n<tr style=\"height: 13.50pt\">\n<td style=\"height: 13.50pt;width: 54.00pt\" width=\"72\" height=\"18\">Funkcja<\/td>\n<td style=\"width: 54.00pt\" width=\"72\">Bli\u017csze dane<\/td>\n<\/tr>\n<tr style=\"height: 13.50pt\">\n<td style=\"height: 13.50pt\" height=\"18\">Pojemno\u015b\u0107<\/td>\n<td>5 ml<\/td>\n<\/tr>\n<tr style=\"height: 13.50pt\">\n<td style=\"height: 13.50pt\" height=\"18\">Tworzywo<\/td>\n<td>Wyt\u0142umione\/Przejrzyste Szk\u0142o<\/td>\n<\/tr>\n<tr style=\"height: 13.50pt\">\n<td style=\"height: 13.50pt\" height=\"18\">Opcje kolor\u00f3w<\/td>\n<td>Personalizowane (Czerwone, Pink, Niebieskie, Fioletowe, itp.)<\/td>\n<\/tr>\n<tr style=\"height: 13.50pt\">\n<td style=\"height: 13.50pt\" height=\"18\">Kszta\u0142t<\/td>\n<td>Okr\u0105g\u0142y<\/td>\n<\/tr>\n<tr style=\"height: 13.50pt\">\n<td style=\"height: 13.50pt\" height=\"18\">Stosowanie<\/td>\n<td>Perfumy<\/td>\n<\/tr>\n<\/tbody>\n<\/table>\n<h2>Historia Sukcesu: Jak Producent Perfum Zwi\u0119kszy\u0142 Sprzeda\u017c z Personalizowanymi Roller Bottle<\/h2>\n<p>Ma\u0142y producent perfum, wprowadzaj\u0105cy lini\u0119 pr\u00f3bek roller-bottle perfum, wsp\u00f3\u0142pracowa\u0142 z nami, aby stworzy\u0107 5ml szkliste roller bottle dla olej\u00f3w eterycznych. Dzi\u0119ki zam\u00f3wieniu hurtowo i dodaniu personalizowanych etykiet wyt\u0142umionych, zredukowali koszty opakowa\u0144 o 20% i zwi\u0119kszyli powtarzaj\u0105cy si\u0119 biznes o 60%.<\/p>\n<h2><span class=\"HwtZe\" lang=\"en\"><span class=\"jCAhz ChMk0b\"><span class=\"ryNqvb\">Spersonalizowane sugestie<\/span><\/span><\/span><\/h2>\n<ol>\n<li><span class=\"HwtZe\" lang=\"en\"><span class=\"jCAhz ChMk0b\"><span class=\"ryNqvb\">Multikolorowa butelka umo\u017cliwia r\u00f3\u017cnicowanie kolor\u00f3w funkcji produktu lub zapachu (np. czerwony reprezentuje o\u017cywiaj\u0105ce oleje eteryczne, niebieski dla uspokajaj\u0105cych olej\u00f3w eterycznych). <\/span><\/span><\/span><\/li>\n<li><span class=\"HwtZe\" lang=\"en\"><span class=\"jCAhz ChMk0b\"><span class=\"ryNqvb\">5ml butelka ma wygodny rozmiar, \u0142atwo pasuj\u0105ca do torebki makija\u017cowej lub szuflady biurka, idealna do podr\u00f3\u017cy.<\/span><\/span> <\/span><\/li>\n<li><span class=\"HwtZe\" lang=\"en\"><span class=\"jCAhz ChMk0b\"><span class=\"ryNqvb\">G\u0142adkie krzywe butelki i p\u0142ynne obrotu roller zapewniaj\u0105 przyjemne do\u015bwiadczenie u\u017cytkownika.<\/span><\/span><\/span><\/li>\n<\/ol>","protected":false},"excerpt":{"rendered":"<p>Odkryj roller bottle perfum &amp; szkliste roller bottle z olejem eterycznym do opakowa\u0144 kosmetycznych. Wytrzyma\u0142e, personalizowalne i gotowe do wysy\u0142ki \u2014 idealne dla zam\u00f3wie\u0144 hurtowych i opakowa\u0144 kosmetycznych.<\/p>","protected":false},"featured_media":5258,"comment_status":"open","ping_status":"closed","template":"","meta":{"_acf_changed":false,"site-sidebar-layout":"default","site-content-layout":"","ast-site-content-layout":"default","site-content-style":"default","site-sidebar-style":"default","ast-global-header-display":"","ast-banner-title-visibility":"","ast-main-header-display":"","ast-hfb-above-header-display":"","ast-hfb-below-header-display":"","ast-hfb-mobile-header-display":"","site-post-title":"","ast-breadcrumbs-content":"","ast-featured-img":"","footer-sml-layout":"","ast-disable-related-posts":"","theme-transparent-header-meta":"default","adv-header-id-meta":"","stick-header-meta":"","header-above-stick-meta":"","header-main-stick-meta":"","header-below-stick-meta":"","astra-migrate-meta-layouts":"set","ast-page-background-enabled":"default","ast-page-background-meta":{"desktop":{"background-color":"var(--ast-global-color-5)","background-image":"","background-repeat":"repeat","background-position":"center center","background-size":"auto","background-attachment":"scroll","background-type":"","background-media":"","overlay-type":"","overlay-color":"","overlay-opacity":"","overlay-gradient":""},"tablet":{"background-color":"","background-image":"","background-repeat":"repeat","background-position":"center center","background-size":"auto","background-attachment":"scroll","background-type":"","background-media":"","overlay-type":"","overlay-color":"","overlay-opacity":"","overlay-gradient":""},"mobile":{"background-color":"","background-image":"","background-repeat":"repeat","background-position":"center center","background-size":"auto","background-attachment":"scroll","background-type":"","background-media":"","overlay-type":"","overlay-color":"","overlay-opacity":"","overlay-gradient":""}},"ast-content-background-meta":{"desktop":{"background-color":"var(--ast-global-color-4)","background-image":"","background-repeat":"repeat","background-position":"center center","background-size":"auto","background-attachment":"scroll","background-type":"","background-media":"","overlay-type":"","overlay-color":"","overlay-opacity":"","overlay-gradient":""},"tablet":{"background-color":"var(--ast-global-color-4)","background-image":"","background-repeat":"repeat","background-position":"center center","background-size":"auto","background-attachment":"scroll","background-type":"","background-media":"","overlay-type":"","overlay-color":"","overlay-opacity":"","overlay-gradient":""},"mobile":{"background-color":"var(--ast-global-color-4)","background-image":"","background-repeat":"repeat","background-position":"center center","background-size":"auto","background-attachment":"scroll","background-type":"","background-media":"","overlay-type":"","overlay-color":"","overlay-opacity":"","overlay-gradient":""}}},"product_brand":[],"product_cat":[72,62,57,60],"product_tag":[208,207],"class_list":{"0":"post-5251","1":"product","2":"type-product","3":"status-publish","4":"has-post-thumbnail","6":"product_cat-cosmetic-packaging","7":"product_cat-cosmetic-containers","8":"product_cat-essential-oil-bottles","9":"product_cat-roller-bottles","10":"product_tag-essential-oil-glass-roller-bottles","11":"product_tag-roller-bottle-perfume","12":"desktop-align-left","13":"tablet-align-left","14":"mobile-align-left","16":"first","17":"instock","18":"shipping-taxable","19":"product-type-simple"},"acf":[],"jetpack_sharing_enabled":true,"_links":{"self":[{"href":"https:\/\/theperfumebottles.com\/pl\/wp-json\/wp\/v2\/product\/5251","targetHints":{"allow":["GET"]}}],"collection":[{"href":"https:\/\/theperfumebottles.com\/pl\/wp-json\/wp\/v2\/product"}],"about":[{"href":"https:\/\/theperfumebottles.com\/pl\/wp-json\/wp\/v2\/types\/product"}],"replies":[{"embeddable":true,"href":"https:\/\/theperfumebottles.com\/pl\/wp-json\/wp\/v2\/comments?post=5251"}],"wp:featuredmedia":[{"embeddable":true,"href":"https:\/\/theperfumebottles.com\/pl\/wp-json\/wp\/v2\/media\/5258"}],"wp:attachment":[{"href":"https:\/\/theperfumebottles.com\/pl\/wp-json\/wp\/v2\/media?parent=5251"}],"wp:term":[{"taxonomy":"product_brand","embeddable":true,"href":"https:\/\/theperfumebottles.com\/pl\/wp-json\/wp\/v2\/product_brand?post=5251"},{"taxonomy":"product_cat","embeddable":true,"href":"https:\/\/theperfumebottles.com\/pl\/wp-json\/wp\/v2\/product_cat?post=5251"},{"taxonomy":"product_tag","embeddable":true,"href":"https:\/\/theperfumebottles.com\/pl\/wp-json\/wp\/v2\/product_tag?post=5251"}],"curies":[{"name":"wp","href":"https:\/\/api.w.org\/{rel}","templated":true}]}}