{"id":5272,"date":"2025-08-07T13:32:39","date_gmt":"2025-08-07T05:32:39","guid":{"rendered":"https:\/\/theperfumebottles.com\/?post_type=product&#038;p=5272"},"modified":"2025-08-07T17:51:17","modified_gmt":"2025-08-07T09:51:17","slug":"10ml-glass-roll-on-bottle-perfume-bottle-roller-for-cosmetic-packaging-wholesale","status":"publish","type":"product","link":"https:\/\/theperfumebottles.com\/pl\/produkt\/10ml-glass-roll-on-bottle-perfume-bottle-roller-for-cosmetic-packaging-wholesale\/","title":{"rendered":"szklany Rolka 10 ml W Butelce \u2013 Rolki do Butelki Perfum dla Hurtowej sprzeda\u017cy Opakowa\u0144 Kosmetycznych"},"content":{"rendered":"<p>Szukasz kontenera, kt\u00f3ry \u0142\u0105czy funkcjonalno\u015b\u0107 z stylizacj\u0105? Nasz s\u0142oiczek na rolk\u0119 jest zaprojektowany dla marek, kt\u00f3re chc\u0105, aby opakowanie na kosmetyki wyr\u00f3\u017cnia\u0142o si\u0119.<\/p>\n<h3><strong data-spm-anchor-id=\"5176.28103460.0.i50.11491db8QY3D0b\">Kluczowe specyfikacje<\/strong><\/h3>\n<table style=\"margin-right: auto;margin-left: auto;width: 80%\" width=\"144\">\n<tbody>\n<tr>\n<td width=\"72\">Funkcja<\/td>\n<td width=\"72\">Bli\u017csze dane<\/td>\n<\/tr>\n<tr>\n<td>Pojemno\u015b\u0107<\/td>\n<td>3ml, 5ml, 10ml<\/td>\n<\/tr>\n<tr>\n<td>Tworzywo<\/td>\n<td>Szk\u0142o kryszta\u0142owe<\/td>\n<\/tr>\n<tr>\n<td>Opcje kolor\u00f3w<\/td>\n<td>Dostosowane<\/td>\n<\/tr>\n<tr>\n<td>Mechanizm uszczelniaj\u0105cy<\/td>\n<td>Roll-On (metalowa ko\u0144c\u00f3wka wa\u0142ka)<\/td>\n<\/tr>\n<tr>\n<td>Stosowanie<\/td>\n<td>Perfumy<\/td>\n<\/tr>\n<\/tbody>\n<\/table>\n<h2>Historia sukcesu: Jak Middle Pefume M<span class=\"HwtZe\" lang=\"en\"><span class=\"jCAhz ChMk0b\"><span class=\"ryNqvb\">Manufacturer<\/span><\/span><\/span> Zwi\u0119kszono sprzeda\u017c z personalizowanymi s\u0142oiczkami na rolk\u0119<\/h2>\n<p>Kiedy middle pefume <span class=\"HwtZe\" lang=\"en\"><span class=\"jCAhz ChMk0b\"><span class=\"ryNqvb\">producent <\/span><\/span><\/span>uruchomi\u0142 lini\u0119 pr\u00f3bek s\u0142oik\u00f3w na rolk\u0119 z perfum, nawi\u0105za\u0142 z nami wsp\u00f3\u0142prac\u0119, aby stworzy\u0107 10ml s\u0142oiczki na rolk\u0119 z szk\u0142a w kolorze herbaty. Dzi\u0119ki zam\u00f3wieniu hurtowemu i dodaniu etykiet z personalizacj\u0105 z efektu szlachetnego, zmniejszyli koszty opakowa\u0144 na kosmetyki o 20% i zauwa\u017cyli wzrost o 60% w liczbie powtarzaj\u0105cych si\u0119 klient\u00f3w. \u201eProjekt s\u0142oika by\u0142 luksusowy, ale praktyczny do codziennego u\u017cytku\u201d, m\u00f3wi ich za\u0142o\u017cyciel.<\/p>\n<h2>Wskaz\u00f3wki dotycz\u0105ce personalizacji<\/h2>\n<ul>\n<li><strong>Korzy\u015bci z hurtowego zam\u00f3wienia:<\/strong> Zam\u00f3w opakowania hurtowo, aby zaoszcz\u0119dzi\u0107 25% \u2014 idealne dla sklep\u00f3w typu pop-up lub paczek \u015bwi\u0105tecznych.<\/li>\n<li><strong>Etykietuj jak profesjonalista:<\/strong> U\u017cyj akcent\u00f3w holograficznych lub wypalonego tekstu, aby sprawi\u0107, aby Tw\u00f3j s\u0142oiczek wyr\u00f3\u017cnia\u0142 si\u0119 na stronie g\u0142\u00f3wnej.<\/li>\n<li><strong>Psychologia koloru:<\/strong> Po\u0142\u0105cz jaskrawe kolory z koronkami z\u0142otymi, aby uzyska\u0107 wygl\u0105d opakowania na pi\u0119kno, kt\u00f3ry szepcze: \u201epremium\u201d.<\/li>\n<\/ul>","protected":false},"excerpt":{"rendered":"<p>Wzbogac swoje opakowanie na pi\u0119kno z naszym 3ml 5ml 10ml s\u0142oikiem na rolk\u0119 \u2014 idealny dla perfum, opakowa\u0144 na piel\u0119gnacj\u0119 sk\u00f3ry i kosmetyk\u00f3w. Wytrzyma\u0142y, personalizowalny i gotowy do wysy\u0142ki dla zam\u00f3wie\u0144 hurtowych.<\/p>","protected":false},"featured_media":5274,"comment_status":"open","ping_status":"closed","template":"","meta":{"_acf_changed":false,"site-sidebar-layout":"default","site-content-layout":"","ast-site-content-layout":"default","site-content-style":"default","site-sidebar-style":"default","ast-global-header-display":"","ast-banner-title-visibility":"","ast-main-header-display":"","ast-hfb-above-header-display":"","ast-hfb-below-header-display":"","ast-hfb-mobile-header-display":"","site-post-title":"","ast-breadcrumbs-content":"","ast-featured-img":"","footer-sml-layout":"","ast-disable-related-posts":"","theme-transparent-header-meta":"default","adv-header-id-meta":"","stick-header-meta":"","header-above-stick-meta":"","header-main-stick-meta":"","header-below-stick-meta":"","astra-migrate-meta-layouts":"set","ast-page-background-enabled":"default","ast-page-background-meta":{"desktop":{"background-color":"var(--ast-global-color-5)","background-image":"","background-repeat":"repeat","background-position":"center center","background-size":"auto","background-attachment":"scroll","background-type":"","background-media":"","overlay-type":"","overlay-color":"","overlay-opacity":"","overlay-gradient":""},"tablet":{"background-color":"","background-image":"","background-repeat":"repeat","background-position":"center center","background-size":"auto","background-attachment":"scroll","background-type":"","background-media":"","overlay-type":"","overlay-color":"","overlay-opacity":"","overlay-gradient":""},"mobile":{"background-color":"","background-image":"","background-repeat":"repeat","background-position":"center center","background-size":"auto","background-attachment":"scroll","background-type":"","background-media":"","overlay-type":"","overlay-color":"","overlay-opacity":"","overlay-gradient":""}},"ast-content-background-meta":{"desktop":{"background-color":"var(--ast-global-color-4)","background-image":"","background-repeat":"repeat","background-position":"center center","background-size":"auto","background-attachment":"scroll","background-type":"","background-media":"","overlay-type":"","overlay-color":"","overlay-opacity":"","overlay-gradient":""},"tablet":{"background-color":"var(--ast-global-color-4)","background-image":"","background-repeat":"repeat","background-position":"center center","background-size":"auto","background-attachment":"scroll","background-type":"","background-media":"","overlay-type":"","overlay-color":"","overlay-opacity":"","overlay-gradient":""},"mobile":{"background-color":"var(--ast-global-color-4)","background-image":"","background-repeat":"repeat","background-position":"center center","background-size":"auto","background-attachment":"scroll","background-type":"","background-media":"","overlay-type":"","overlay-color":"","overlay-opacity":"","overlay-gradient":""}}},"product_brand":[],"product_cat":[72,62,57,60],"product_tag":[209,210],"class_list":{"0":"post-5272","1":"product","2":"type-product","3":"status-publish","4":"has-post-thumbnail","6":"product_cat-cosmetic-packaging","7":"product_cat-cosmetic-containers","8":"product_cat-essential-oil-bottles","9":"product_cat-roller-bottles","10":"product_tag-10ml-glass-roll-on-bottle","11":"product_tag-perfume-bottle-roller","12":"desktop-align-left","13":"tablet-align-left","14":"mobile-align-left","16":"first","17":"instock","18":"shipping-taxable","19":"product-type-simple"},"acf":[],"jetpack_sharing_enabled":true,"_links":{"self":[{"href":"https:\/\/theperfumebottles.com\/pl\/wp-json\/wp\/v2\/product\/5272","targetHints":{"allow":["GET"]}}],"collection":[{"href":"https:\/\/theperfumebottles.com\/pl\/wp-json\/wp\/v2\/product"}],"about":[{"href":"https:\/\/theperfumebottles.com\/pl\/wp-json\/wp\/v2\/types\/product"}],"replies":[{"embeddable":true,"href":"https:\/\/theperfumebottles.com\/pl\/wp-json\/wp\/v2\/comments?post=5272"}],"wp:featuredmedia":[{"embeddable":true,"href":"https:\/\/theperfumebottles.com\/pl\/wp-json\/wp\/v2\/media\/5274"}],"wp:attachment":[{"href":"https:\/\/theperfumebottles.com\/pl\/wp-json\/wp\/v2\/media?parent=5272"}],"wp:term":[{"taxonomy":"product_brand","embeddable":true,"href":"https:\/\/theperfumebottles.com\/pl\/wp-json\/wp\/v2\/product_brand?post=5272"},{"taxonomy":"product_cat","embeddable":true,"href":"https:\/\/theperfumebottles.com\/pl\/wp-json\/wp\/v2\/product_cat?post=5272"},{"taxonomy":"product_tag","embeddable":true,"href":"https:\/\/theperfumebottles.com\/pl\/wp-json\/wp\/v2\/product_tag?post=5272"}],"curies":[{"name":"wp","href":"https:\/\/api.w.org\/{rel}","templated":true}]}}