{"id":5306,"date":"2025-08-11T09:05:47","date_gmt":"2025-08-11T01:05:47","guid":{"rendered":"https:\/\/theperfumebottles.com\/?post_type=product&#038;p=5306"},"modified":"2025-08-11T09:05:49","modified_gmt":"2025-08-11T01:05:49","slug":"10ml-amber-glass-roller-ball-bottles-for-cosmetic-packaging-wholesale","status":"publish","type":"product","link":"https:\/\/theperfumebottles.com\/pl\/produkt\/10ml-amber-glass-roller-ball-bottles-for-cosmetic-packaging-wholesale\/","title":{"rendered":"10 ml bursztynowe szklane butelki z kulk\u0105 do pakowania kosmetyk\u00f3w hurtowo"},"content":{"rendered":"<p>Je\u015bli szukasz pojemnika, kt\u00f3ry chroni Tw\u00f3j produkt przed uszkodzeniami UV, jednocze\u015bnie tworz\u0105c stylowy wizerunek, ta butelka jest dla Ciebie.<\/p>\n<h2>Kluczowe specyfikacje<\/h2>\n<table style=\"margin-left: auto;margin-right: auto;border-collapse: collapse;width: 80%\" border=\"0\" width=\"144\" cellspacing=\"0\" cellpadding=\"0\">\n<tbody>\n<tr style=\"height: 13.50pt\">\n<td style=\"height: 13.50pt;width: 54.00pt\" width=\"72\" height=\"18\">Funkcja<\/td>\n<td style=\"width: 54.00pt\" width=\"72\">Bli\u017csze dane<\/td>\n<\/tr>\n<tr style=\"height: 13.50pt\">\n<td style=\"height: 13.50pt\" height=\"18\">Pojemno\u015b\u0107<\/td>\n<td>10 ml<\/td>\n<\/tr>\n<tr style=\"height: 13.50pt\">\n<td style=\"height: 13.50pt\" height=\"18\">Tworzywo<\/td>\n<td>Amber Crystal Glass<\/td>\n<\/tr>\n<tr style=\"height: 13.50pt\">\n<td style=\"height: 13.50pt\" height=\"18\">Mechanizm uszczelniaj\u0105cy<\/td>\n<td>Roll-On (Stainless Steel Ball)<\/td>\n<\/tr>\n<tr style=\"height: 13.50pt\">\n<td style=\"height: 13.50pt\" height=\"18\">Kszta\u0142t<\/td>\n<td>Okr\u0105g\u0142y<\/td>\n<\/tr>\n<tr style=\"height: 13.50pt\">\n<td style=\"height: 13.50pt\" height=\"18\">Pasunek<\/td>\n<td>Stainless Steel Roller + Gold Metal Cap<\/td>\n<\/tr>\n<\/tbody>\n<\/table>\n<h2>Historia sukcesu: Jak rosn\u0105ca marka kosmetyczna poprawi\u0142a atrakcyjno\u015b\u0107 opakowa\u0144<\/h2>\n<p>Producent kosmetyk\u00f3w wyda\u0142 now\u0105 lini\u0119 kosmetyk\u00f3w skupion\u0105 na ekologicznych nabywcach i wybra\u0142 butelki roller ball z amber glass jako ich opakowanie. Przez zam\u00f3wienie opakowa\u0144 w du\u017cych ilo\u015bciach i w\u0142\u0105czenie niestandardowych etykiet z komunikatami na temat \u015brodowiska, zredukowali koszty opakowa\u0144 o 20% i zaobserwowali wzrost sprzeda\u017cy o 60%. \"Zaokr\u0105glony kszta\u0142t s\u0142oika jest zar\u00f3wno nowoczesny, jak i praktyczny - powiedzia\u0142 ich mened\u017cer ds. opakowa\u0144.<\/p>\n<h2>Wskaz\u00f3wki dotycz\u0105ce personalizacji<\/h2>\n<ul>\n<li>Po\u0142\u0105czenie etykiety z naturalnym kolorem, takim jak ziele\u0144 modrzewiowa, tworzy ch\u0142odny i \u0142agodny styl wizualny; dodanie element\u00f3w metalowych tworzy bardziej presti\u017cowe poczucie.<\/li>\n<li>Integruj\u0105c inteligentn\u0105 technologi\u0119, kod QR wbudowany w nakrycie butelki czyni opakowanie nie tylko estetycznie atrakcyjnym, ale tak\u017ce interaktywnym. U\u017cytkownicy mog\u0105 skanowa\u0107 kod, aby uzyska\u0107 dost\u0119p do instrukcji u\u017cytkowania lub informacji o uzupe\u0142nianiu.<\/li>\n<\/ul>","protected":false},"excerpt":{"rendered":"<p>Zwi\u0119ksz Twoje opakowanie kosmetyczne z butelkami roller ball z amber glass. 10ml roll on glass bottles for skin care, ready to ship. Idealne dla zam\u00f3wie\u0144 hurtowych i opakowa\u0144 kosmetycznych.<\/p>","protected":false},"featured_media":5307,"comment_status":"open","ping_status":"closed","template":"","meta":{"_acf_changed":false,"site-sidebar-layout":"default","site-content-layout":"","ast-site-content-layout":"default","site-content-style":"default","site-sidebar-style":"default","ast-global-header-display":"","ast-banner-title-visibility":"","ast-main-header-display":"","ast-hfb-above-header-display":"","ast-hfb-below-header-display":"","ast-hfb-mobile-header-display":"","site-post-title":"","ast-breadcrumbs-content":"","ast-featured-img":"","footer-sml-layout":"","ast-disable-related-posts":"","theme-transparent-header-meta":"default","adv-header-id-meta":"","stick-header-meta":"","header-above-stick-meta":"","header-main-stick-meta":"","header-below-stick-meta":"","astra-migrate-meta-layouts":"set","ast-page-background-enabled":"default","ast-page-background-meta":{"desktop":{"background-color":"var(--ast-global-color-5)","background-image":"","background-repeat":"repeat","background-position":"center center","background-size":"auto","background-attachment":"scroll","background-type":"","background-media":"","overlay-type":"","overlay-color":"","overlay-opacity":"","overlay-gradient":""},"tablet":{"background-color":"","background-image":"","background-repeat":"repeat","background-position":"center center","background-size":"auto","background-attachment":"scroll","background-type":"","background-media":"","overlay-type":"","overlay-color":"","overlay-opacity":"","overlay-gradient":""},"mobile":{"background-color":"","background-image":"","background-repeat":"repeat","background-position":"center center","background-size":"auto","background-attachment":"scroll","background-type":"","background-media":"","overlay-type":"","overlay-color":"","overlay-opacity":"","overlay-gradient":""}},"ast-content-background-meta":{"desktop":{"background-color":"var(--ast-global-color-4)","background-image":"","background-repeat":"repeat","background-position":"center center","background-size":"auto","background-attachment":"scroll","background-type":"","background-media":"","overlay-type":"","overlay-color":"","overlay-opacity":"","overlay-gradient":""},"tablet":{"background-color":"var(--ast-global-color-4)","background-image":"","background-repeat":"repeat","background-position":"center center","background-size":"auto","background-attachment":"scroll","background-type":"","background-media":"","overlay-type":"","overlay-color":"","overlay-opacity":"","overlay-gradient":""},"mobile":{"background-color":"var(--ast-global-color-4)","background-image":"","background-repeat":"repeat","background-position":"center center","background-size":"auto","background-attachment":"scroll","background-type":"","background-media":"","overlay-type":"","overlay-color":"","overlay-opacity":"","overlay-gradient":""}}},"product_brand":[],"product_cat":[72,62,57,60],"product_tag":[213,214],"class_list":{"0":"post-5306","1":"product","2":"type-product","3":"status-publish","4":"has-post-thumbnail","6":"product_cat-cosmetic-packaging","7":"product_cat-cosmetic-containers","8":"product_cat-essential-oil-bottles","9":"product_cat-roller-bottles","10":"product_tag-amber-glass-roller-ball-bottles","11":"product_tag-roll-on-glass-bottles","12":"desktop-align-left","13":"tablet-align-left","14":"mobile-align-left","16":"first","17":"instock","18":"shipping-taxable","19":"product-type-simple"},"acf":[],"jetpack_sharing_enabled":true,"_links":{"self":[{"href":"https:\/\/theperfumebottles.com\/pl\/wp-json\/wp\/v2\/product\/5306","targetHints":{"allow":["GET"]}}],"collection":[{"href":"https:\/\/theperfumebottles.com\/pl\/wp-json\/wp\/v2\/product"}],"about":[{"href":"https:\/\/theperfumebottles.com\/pl\/wp-json\/wp\/v2\/types\/product"}],"replies":[{"embeddable":true,"href":"https:\/\/theperfumebottles.com\/pl\/wp-json\/wp\/v2\/comments?post=5306"}],"wp:featuredmedia":[{"embeddable":true,"href":"https:\/\/theperfumebottles.com\/pl\/wp-json\/wp\/v2\/media\/5307"}],"wp:attachment":[{"href":"https:\/\/theperfumebottles.com\/pl\/wp-json\/wp\/v2\/media?parent=5306"}],"wp:term":[{"taxonomy":"product_brand","embeddable":true,"href":"https:\/\/theperfumebottles.com\/pl\/wp-json\/wp\/v2\/product_brand?post=5306"},{"taxonomy":"product_cat","embeddable":true,"href":"https:\/\/theperfumebottles.com\/pl\/wp-json\/wp\/v2\/product_cat?post=5306"},{"taxonomy":"product_tag","embeddable":true,"href":"https:\/\/theperfumebottles.com\/pl\/wp-json\/wp\/v2\/product_tag?post=5306"}],"curies":[{"name":"wp","href":"https:\/\/api.w.org\/{rel}","templated":true}]}}