{"id":5311,"date":"2025-08-08T17:15:15","date_gmt":"2025-08-08T09:15:15","guid":{"rendered":"https:\/\/theperfumebottles.com\/?post_type=product&#038;p=5311"},"modified":"2025-08-08T17:17:29","modified_gmt":"2025-08-08T09:17:29","slug":"glass-roller-ball-bottle-essential-roll-on-container-for-cosmetic-packaging","status":"publish","type":"product","link":"https:\/\/theperfumebottles.com\/pl\/produkt\/glass-roller-ball-bottle-essential-roll-on-container-for-cosmetic-packaging\/","title":{"rendered":"Buteleczki z kulk\u0105 szklan\u0105 o pojemno\u015bci 30 ml i 50 ml \u2013 pojemnik roll-on do opakowa\u0144 kosmetycznych"},"content":{"rendered":"<p>Potrzebujesz kontenera, kt\u00f3ry chroni Tw\u00f3j produkt przed uszkodzeniem przez \u015bwiat\u0142o, jednocze\u015bnie upraszczaj\u0105c aplikacj\u0119? Nasze szklane butelki z kulk\u0105 s\u0105 zaprojektowane dla marek, kt\u00f3re chc\u0105 opakowa\u0144 kosmetycznych, kt\u00f3re s\u0105 zar\u00f3wno funkcjonalne, jak i stylowe.<\/p>\n<h2>Kluczowe specyfikacje<\/h2>\n<table style=\"border-collapse: collapse; width: 80%; margin-left: auto; margin-right: auto;\" border=\"0\" width=\"144\" cellspacing=\"0\" cellpadding=\"0\">\n<tbody>\n<tr style=\"height: 13.50pt;\">\n<td style=\"height: 13.50pt; width: 54.00pt;\" width=\"72\" height=\"18\">Funkcja<\/td>\n<td style=\"width: 54.00pt;\" width=\"72\">Bli\u017csze dane<\/td>\n<\/tr>\n<tr style=\"height: 13.50pt;\">\n<td style=\"height: 13.50pt;\" height=\"18\">Pojemno\u015b\u0107<\/td>\n<td>30ml 50ml<\/td>\n<\/tr>\n<tr style=\"height: 13.50pt;\">\n<td style=\"height: 13.50pt;\" height=\"18\">Tworzywo<\/td>\n<td>Szklane przejrzyste<\/td>\n<\/tr>\n<tr style=\"height: 13.50pt;\">\n<td style=\"height: 13.50pt;\" height=\"18\">Mechanizm uszczelniaj\u0105cy<\/td>\n<td>Kulkowy<\/td>\n<\/tr>\n<tr style=\"height: 13.50pt;\">\n<td style=\"height: 13.50pt;\" height=\"18\">Pasunek<\/td>\n<td>Plastikowy kulkowy woidzik + Czarny plastikowy kork<\/td>\n<\/tr>\n<\/tbody>\n<\/table>\n<h2>Historia sukcesu: Jak zielona marka opieki sk\u00f3rnej zwi\u0119kszy\u0142a sprzeda\u017c z niestandardowym pakowaniem kulkowym<\/h2>\n<p>Eko-friendly producent opieki sk\u00f3rnej wyda\u0142 lini\u0119 opieki sk\u00f3rnej skierowan\u0105 do ekologicznych klient\u00f3w i wybra\u0142 szklane kulkowe butelki do opakowania swoich kosmetyk\u00f3w. Poprzez zam\u00f3wienie opakowa\u0144 w du\u017cych ilo\u015bciach i w\u0142\u0105czenie niestandardowych etykiet z komunikacj\u0105 ekologiczn\u0105, zredukowali op\u0142aty za opakowanie, u\u017cywaj\u0105c 20% i zauwa\u017cyli wzrost dochod\u00f3w o 60%.<\/p>\n<h2>\u0440\u043e\u0441\u043a\u043e\u0448\u043d\u044b\u0435 \u0441\u0442\u0435\u043a\u043b\u044f\u043d\u043d\u044b\u0435 \u043a\u043e\u0441\u043c\u0435\u0442\u0438\u0447\u0435\u0441\u043a\u0438\u0435 \u0431\u0430\u043d\u043e\u0447\u043a\u0438<\/h2>\n<ul>\n<li><strong>Uproszczone linie butelek:<\/strong> Usprawniony uk\u0142ad bez zb\u0119dnych ozd\u00f3b i g\u0142adkie ko\u0144ce oddaj\u0105 hi\u1ec7noczesny, minimalistyczny styl.<\/li>\n<li><strong>Zwi\u0119kszona wra\u017cliwo\u015b\u0107 wizualna:<\/strong> Przejrzysta szklana butelka i czarny kork tworz\u0105 obraz wieszaka, podkre\u015blaj\u0105c bogactwo i tekstur\u0119 p\u0142ynu wewn\u0105trz.<\/li>\n<\/ul>","protected":false},"excerpt":{"rendered":"<p>Odkryj szklan\u0105 kulkow\u0105 butelk\u0119 z UV-odpornym szklanym materia\u0142em i precyzyjnym projektem kulkowym. Idealna dla opieki sk\u00f3rnej, opakowa\u0144 kosmetycznych i zam\u00f3wie\u0144 hurtowych.<\/p>","protected":false},"featured_media":5312,"comment_status":"open","ping_status":"closed","template":"","meta":{"_acf_changed":false,"site-sidebar-layout":"default","site-content-layout":"","ast-site-content-layout":"default","site-content-style":"default","site-sidebar-style":"default","ast-global-header-display":"","ast-banner-title-visibility":"","ast-main-header-display":"","ast-hfb-above-header-display":"","ast-hfb-below-header-display":"","ast-hfb-mobile-header-display":"","site-post-title":"","ast-breadcrumbs-content":"","ast-featured-img":"","footer-sml-layout":"","ast-disable-related-posts":"","theme-transparent-header-meta":"default","adv-header-id-meta":"","stick-header-meta":"","header-above-stick-meta":"","header-main-stick-meta":"","header-below-stick-meta":"","astra-migrate-meta-layouts":"set","ast-page-background-enabled":"default","ast-page-background-meta":{"desktop":{"background-color":"var(--ast-global-color-5)","background-image":"","background-repeat":"repeat","background-position":"center center","background-size":"auto","background-attachment":"scroll","background-type":"","background-media":"","overlay-type":"","overlay-color":"","overlay-opacity":"","overlay-gradient":""},"tablet":{"background-color":"","background-image":"","background-repeat":"repeat","background-position":"center center","background-size":"auto","background-attachment":"scroll","background-type":"","background-media":"","overlay-type":"","overlay-color":"","overlay-opacity":"","overlay-gradient":""},"mobile":{"background-color":"","background-image":"","background-repeat":"repeat","background-position":"center center","background-size":"auto","background-attachment":"scroll","background-type":"","background-media":"","overlay-type":"","overlay-color":"","overlay-opacity":"","overlay-gradient":""}},"ast-content-background-meta":{"desktop":{"background-color":"var(--ast-global-color-4)","background-image":"","background-repeat":"repeat","background-position":"center center","background-size":"auto","background-attachment":"scroll","background-type":"","background-media":"","overlay-type":"","overlay-color":"","overlay-opacity":"","overlay-gradient":""},"tablet":{"background-color":"var(--ast-global-color-4)","background-image":"","background-repeat":"repeat","background-position":"center center","background-size":"auto","background-attachment":"scroll","background-type":"","background-media":"","overlay-type":"","overlay-color":"","overlay-opacity":"","overlay-gradient":""},"mobile":{"background-color":"var(--ast-global-color-4)","background-image":"","background-repeat":"repeat","background-position":"center center","background-size":"auto","background-attachment":"scroll","background-type":"","background-media":"","overlay-type":"","overlay-color":"","overlay-opacity":"","overlay-gradient":""}}},"product_brand":[],"product_cat":[72,62,57,60],"product_tag":[215,214],"class_list":{"0":"post-5311","1":"product","2":"type-product","3":"status-publish","4":"has-post-thumbnail","6":"product_cat-cosmetic-packaging","7":"product_cat-cosmetic-containers","8":"product_cat-essential-oil-bottles","9":"product_cat-roller-bottles","10":"product_tag-glass-roller-ball-bottle","11":"product_tag-roll-on-glass-bottles","12":"desktop-align-left","13":"tablet-align-left","14":"mobile-align-left","16":"first","17":"instock","18":"shipping-taxable","19":"product-type-simple"},"acf":[],"jetpack_sharing_enabled":true,"_links":{"self":[{"href":"https:\/\/theperfumebottles.com\/pl\/wp-json\/wp\/v2\/product\/5311","targetHints":{"allow":["GET"]}}],"collection":[{"href":"https:\/\/theperfumebottles.com\/pl\/wp-json\/wp\/v2\/product"}],"about":[{"href":"https:\/\/theperfumebottles.com\/pl\/wp-json\/wp\/v2\/types\/product"}],"replies":[{"embeddable":true,"href":"https:\/\/theperfumebottles.com\/pl\/wp-json\/wp\/v2\/comments?post=5311"}],"wp:featuredmedia":[{"embeddable":true,"href":"https:\/\/theperfumebottles.com\/pl\/wp-json\/wp\/v2\/media\/5312"}],"wp:attachment":[{"href":"https:\/\/theperfumebottles.com\/pl\/wp-json\/wp\/v2\/media?parent=5311"}],"wp:term":[{"taxonomy":"product_brand","embeddable":true,"href":"https:\/\/theperfumebottles.com\/pl\/wp-json\/wp\/v2\/product_brand?post=5311"},{"taxonomy":"product_cat","embeddable":true,"href":"https:\/\/theperfumebottles.com\/pl\/wp-json\/wp\/v2\/product_cat?post=5311"},{"taxonomy":"product_tag","embeddable":true,"href":"https:\/\/theperfumebottles.com\/pl\/wp-json\/wp\/v2\/product_tag?post=5311"}],"curies":[{"name":"wp","href":"https:\/\/api.w.org\/{rel}","templated":true}]}}