{"id":5354,"date":"2025-08-08T18:07:05","date_gmt":"2025-08-08T10:07:05","guid":{"rendered":"https:\/\/theperfumebottles.com\/?post_type=product&#038;p=5354"},"modified":"2026-04-01T15:42:44","modified_gmt":"2026-04-01T07:42:44","slug":"bulk-amber-glass-pump-bottles-for-skincare","status":"publish","type":"product","link":"https:\/\/theperfumebottles.com\/pl\/produkt\/bulk-amber-glass-pump-bottles-for-skincare\/","title":{"rendered":"Butelki z pompk\u0105 ze szk\u0142a bursztynowego o pojemno\u015bci 20 ml, 30 ml i 40 ml do pakowania balsam\u00f3w"},"content":{"rendered":"<p>Szklane butelki z pompk\u0105 wykonane s\u0105 z przezroczystego szk\u0142a bursztynowego. Ich design obejmuje kr\u00f3tki, cylindryczny kszta\u0142t i bia\u0142y dozownik z pompk\u0105 i szklan\u0105 nakr\u0119tk\u0105.<\/p>\n<h2>Kluczowe specyfikacje<\/h2>\n<table style=\"border-collapse: collapse; margin-left: auto; margin-right: auto; width: 80%;\" border=\"0\" width=\"445\" cellspacing=\"0\" cellpadding=\"0\">\n<tbody>\n<tr style=\"height: 13.50pt;\">\n<td style=\"height: 13.50pt; width: 136.50pt;\" width=\"182\" height=\"18\">Funkcja<\/td>\n<td style=\"width: 197.25pt;\" width=\"263\">Szczeg\u00f3\u0142<\/td>\n<\/tr>\n<tr style=\"height: 13.50pt;\">\n<td style=\"height: 13.50pt;\" height=\"18\">Opcje pojemno\u015bci<\/td>\n<td>20 ml, 30 ml, 40 ml<\/td>\n<\/tr>\n<tr style=\"height: 13.50pt;\">\n<td style=\"height: 13.50pt;\" height=\"18\">Rozmiar butelki (w przybli\u017ceniu)<\/td>\n<td>\u015arednica 36 mm, wysoko\u015b\u0107 55\u201382 mm<\/td>\n<\/tr>\n<tr style=\"height: 13.50pt;\">\n<td style=\"height: 13.50pt;\" height=\"18\">Tworzywo<\/td>\n<td>Szk\u0142o bursztynowe<\/td>\n<\/tr>\n<tr style=\"height: 13.50pt;\">\n<td style=\"height: 13.50pt;\" height=\"18\">Zamkni\u0119cie<\/td>\n<td>Przezroczysta pokrywa + bia\u0142a pompka<\/td>\n<\/tr>\n<tr style=\"height: 13.50pt;\">\n<td style=\"height: 13.50pt;\" height=\"18\">Idealny dla<\/td>\n<td>Piel\u0119gnacja sk\u00f3ry, serum, balsamy<\/td>\n<\/tr>\n<\/tbody>\n<\/table>\n<h2>Historia sukcesu<\/h2>\n<p>Kalifornijska marka kosmetyczna wybra\u0142a nasz\u0105 pust\u0105 butelk\u0119 z pompk\u0105 do balsamu o pojemno\u015bci 100 ml, personalizuj\u0105c bia\u0142\u0105 g\u0142owic\u0119 pompki i matow\u0105 szklan\u0105 nakr\u0119tk\u0119. Niestandardowy projekt butelki przyni\u00f3s\u0142 znacz\u0105ce korzy\u015bci: precyzyjna g\u0142owica pompki zmniejszy\u0142a \u015brednie zu\u017cycie produktu przez klient\u00f3w o 25%, wyd\u0142u\u017caj\u0105c jego trwa\u0142o\u015b\u0107, a unikalna matowa nakr\u0119tka sta\u0142a si\u0119 znakiem rozpoznawczym marki, co prze\u0142o\u017cy\u0142o si\u0119 na 150% wzrost wzmianek w mediach spo\u0142eczno\u015bciowych. Firma rozszerzy\u0142a swoj\u0105 dzia\u0142alno\u015b\u0107 po osi\u0105gni\u0119ciu sukcesu dzi\u0119ki dw\u00f3m dzia\u0142aniom, w tym zam\u00f3wieniu 620 000 butelek nowego olejku CBD do twarzy i nawi\u0105zaniu wsp\u00f3\u0142pracy z firm\u0105 oferuj\u0105c\u0105 kosmetyki w formie subskrypcji.<\/p>\n<h2>Wskaz\u00f3wki dotycz\u0105ce personalizacji, dzi\u0119ki kt\u00f3rym Twoja marka wyr\u00f3\u017cni si\u0119 na p\u00f3\u0142ce<\/h2>\n<p>Chcesz, aby Twoja marka przyci\u0105ga\u0142a uwag\u0119 i przyci\u0105ga\u0142a klient\u00f3w?<\/p>\n<ul>\n<li><strong>Wymiana ko\u0144c\u00f3wki pompki:<\/strong> Wypr\u00f3buj czer\u0144 lub z\u0142oto, aby uzyska\u0107 luksusowy klimat.<\/li>\n<li><strong>Sprytny kolor:<\/strong> Bursztyn to klasyczny wyb\u00f3r. Ale je\u015bli chcesz uzyska\u0107 niepowtarzalny wygl\u0105d, oferujemy niestandardowe zestawienia kolor\u00f3w.<\/li>\n<li><strong>Miejsce na etykiet\u0119:<\/strong> Smuk\u0142y, cylindryczny kszta\u0142t zapewnia przestrze\u0144 do opowiedzenia historii Twojej marki.<\/li>\n<li><strong>Rozmiar po prawej:<\/strong> Wybierz 20 ml w przypadku butelek podr\u00f3\u017cnych i 40 ml w przypadku cen premium. Rozmiar powinien by\u0107 dostosowany do Twojej grupy docelowej.<\/li>\n<\/ul>","protected":false},"excerpt":{"rendered":"<p>Bursztynowe szklane butelki z pompk\u0105 o klasycznym designie i szczelnym zamkni\u0119ciu. Pusta butelka po balsamie z pompk\u0105 idealna do zam\u00f3wie\u0144 hurtowych. Dost\u0119pne rabaty hurtowe. Szybka wysy\u0142ka.<\/p>","protected":false},"featured_media":5369,"comment_status":"open","ping_status":"closed","template":"","meta":{"_acf_changed":false,"site-sidebar-layout":"default","site-content-layout":"","ast-site-content-layout":"default","site-content-style":"default","site-sidebar-style":"default","ast-global-header-display":"","ast-banner-title-visibility":"","ast-main-header-display":"","ast-hfb-above-header-display":"","ast-hfb-below-header-display":"","ast-hfb-mobile-header-display":"","site-post-title":"","ast-breadcrumbs-content":"","ast-featured-img":"","footer-sml-layout":"","ast-disable-related-posts":"","theme-transparent-header-meta":"default","adv-header-id-meta":"","stick-header-meta":"","header-above-stick-meta":"","header-main-stick-meta":"","header-below-stick-meta":"","astra-migrate-meta-layouts":"set","ast-page-background-enabled":"default","ast-page-background-meta":{"desktop":{"background-color":"var(--ast-global-color-5)","background-image":"","background-repeat":"repeat","background-position":"center center","background-size":"auto","background-attachment":"scroll","background-type":"","background-media":"","overlay-type":"","overlay-color":"","overlay-opacity":"","overlay-gradient":""},"tablet":{"background-color":"","background-image":"","background-repeat":"repeat","background-position":"center center","background-size":"auto","background-attachment":"scroll","background-type":"","background-media":"","overlay-type":"","overlay-color":"","overlay-opacity":"","overlay-gradient":""},"mobile":{"background-color":"","background-image":"","background-repeat":"repeat","background-position":"center center","background-size":"auto","background-attachment":"scroll","background-type":"","background-media":"","overlay-type":"","overlay-color":"","overlay-opacity":"","overlay-gradient":""}},"ast-content-background-meta":{"desktop":{"background-color":"var(--ast-global-color-4)","background-image":"","background-repeat":"repeat","background-position":"center center","background-size":"auto","background-attachment":"scroll","background-type":"","background-media":"","overlay-type":"","overlay-color":"","overlay-opacity":"","overlay-gradient":""},"tablet":{"background-color":"var(--ast-global-color-4)","background-image":"","background-repeat":"repeat","background-position":"center center","background-size":"auto","background-attachment":"scroll","background-type":"","background-media":"","overlay-type":"","overlay-color":"","overlay-opacity":"","overlay-gradient":""},"mobile":{"background-color":"var(--ast-global-color-4)","background-image":"","background-repeat":"repeat","background-position":"center center","background-size":"auto","background-attachment":"scroll","background-type":"","background-media":"","overlay-type":"","overlay-color":"","overlay-opacity":"","overlay-gradient":""}}},"product_brand":[],"product_cat":[71,72,62],"product_tag":[190,204],"class_list":{"0":"post-5354","1":"product","2":"type-product","3":"status-publish","4":"has-post-thumbnail","6":"product_cat-glass-lotion-bottles","7":"product_cat-cosmetic-packaging","8":"product_cat-cosmetic-containers","9":"product_tag-cosmetic-pots-with-lids","10":"product_tag-frosted-cosmetic-jars","11":"desktop-align-left","12":"tablet-align-left","13":"mobile-align-left","15":"first","16":"instock","17":"shipping-taxable","18":"product-type-simple"},"acf":[],"jetpack_sharing_enabled":true,"_links":{"self":[{"href":"https:\/\/theperfumebottles.com\/pl\/wp-json\/wp\/v2\/product\/5354","targetHints":{"allow":["GET"]}}],"collection":[{"href":"https:\/\/theperfumebottles.com\/pl\/wp-json\/wp\/v2\/product"}],"about":[{"href":"https:\/\/theperfumebottles.com\/pl\/wp-json\/wp\/v2\/types\/product"}],"replies":[{"embeddable":true,"href":"https:\/\/theperfumebottles.com\/pl\/wp-json\/wp\/v2\/comments?post=5354"}],"wp:featuredmedia":[{"embeddable":true,"href":"https:\/\/theperfumebottles.com\/pl\/wp-json\/wp\/v2\/media\/5369"}],"wp:attachment":[{"href":"https:\/\/theperfumebottles.com\/pl\/wp-json\/wp\/v2\/media?parent=5354"}],"wp:term":[{"taxonomy":"product_brand","embeddable":true,"href":"https:\/\/theperfumebottles.com\/pl\/wp-json\/wp\/v2\/product_brand?post=5354"},{"taxonomy":"product_cat","embeddable":true,"href":"https:\/\/theperfumebottles.com\/pl\/wp-json\/wp\/v2\/product_cat?post=5354"},{"taxonomy":"product_tag","embeddable":true,"href":"https:\/\/theperfumebottles.com\/pl\/wp-json\/wp\/v2\/product_tag?post=5354"}],"curies":[{"name":"wp","href":"https:\/\/api.w.org\/{rel}","templated":true}]}}