{"id":5419,"date":"2025-08-11T18:31:04","date_gmt":"2025-08-11T10:31:04","guid":{"rendered":"https:\/\/theperfumebottles.com\/?post_type=product&#038;p=5419"},"modified":"2026-04-01T14:32:45","modified_gmt":"2026-04-01T06:32:45","slug":"bulk-lotion-bottle-pump-with-glass-cosmetic-bottles","status":"publish","type":"product","link":"https:\/\/theperfumebottles.com\/pl\/produkt\/bulk-lotion-bottle-pump-with-glass-cosmetic-bottles\/","title":{"rendered":"Butelka z pompk\u0105 do balsamu o pojemno\u015bci 40 ml, 60 ml i 80 ml z szklanymi butelkami na kosmetyki"},"content":{"rendered":"<p>Pompka do butelek z balsamem dzia\u0142a poprzez szklany pojemnik o cylindrycznym kszta\u0142cie, kt\u00f3ry zaczyna si\u0119 od szerokiej podstawy zapewniaj\u0105cej stabilno\u015b\u0107. Produkt w pojemniku jest widoczny przez przezroczyst\u0105 cz\u0119\u015b\u0107, kt\u00f3ra si\u0119ga do g\u00f3rnej cz\u0119\u015bci, w kt\u00f3rej znajduje si\u0119 bia\u0142a plastikowa pompka umieszczona pod przezroczyst\u0105 szklan\u0105 os\u0142on\u0105.<\/p>\n<h2>Kluczowe specyfikacje<\/h2>\n<table style=\"border-collapse: collapse; margin-left: auto; margin-right: auto; width: 80%;\" border=\"0\" width=\"424\" cellspacing=\"0\" cellpadding=\"0\">\n<tbody>\n<tr style=\"height: 13.50pt;\">\n<td style=\"height: 13.50pt; width: 91.50pt;\" width=\"122\" height=\"18\">Funkcja<\/td>\n<td style=\"width: 226.50pt;\" width=\"302\">Szczeg\u00f3\u0142<\/td>\n<\/tr>\n<tr style=\"height: 13.50pt;\">\n<td style=\"height: 13.50pt;\" height=\"18\">Pojemno\u015bci<\/td>\n<td>40 ml, 60 ml, 80 ml<\/td>\n<\/tr>\n<tr style=\"height: 13.50pt;\">\n<td style=\"height: 13.50pt;\" height=\"18\">Tworzywo<\/td>\n<td>Wysokiej jako\u015bci szk\u0142o przezroczyste<\/td>\n<\/tr>\n<tr style=\"height: 13.50pt;\">\n<td style=\"height: 13.50pt;\" height=\"18\">Kszta\u0142t<\/td>\n<td>cylindryczny (konfigurowalny)<\/td>\n<\/tr>\n<tr style=\"height: 13.50pt;\">\n<td style=\"height: 13.50pt;\" height=\"18\">Kolor pompy<\/td>\n<td>Bia\u0142y<\/td>\n<\/tr>\n<tr style=\"height: 13.50pt;\">\n<td style=\"height: 13.50pt;\" height=\"18\">Zamkni\u0119cie<\/td>\n<td>Pompka z przezroczyst\u0105 pokrywk\u0105 ochronn\u0105<\/td>\n<\/tr>\n<tr style=\"height: 13.50pt;\">\n<td style=\"height: 13.50pt;\" height=\"18\">Idealny dla<\/td>\n<td>Serum, balsamy, toniki, piel\u0119gnacja cia\u0142a<\/td>\n<\/tr>\n<\/tbody>\n<\/table>\n<h2>Historia sukcesu: Najlepiej sprzedaj\u0105ce si\u0119 serum korea\u0144skiej marki kosmetyk\u00f3w do piel\u0119gnacji sk\u00f3ry<\/h2>\n<p>Znana korea\u0144ska marka kosmetyk\u00f3w wybra\u0142a nasze 30-mililitrowe szklane butelki kosmetyczne i dostosowa\u0142a efekt matowego szk\u0142a w dolnej po\u0142owie butelki oraz poz\u0142acan\u0105 g\u0142owic\u0119 pompki. Dozownik z pompk\u0105 zapewnia precyzyjne dozowanie, wystarczy zaledwie 1-2 krople na jedno u\u017cycie, zmniejszaj\u0105c \u015brednie miesi\u0119czne zu\u017cycie o 20% i wyd\u0142u\u017caj\u0105c \u017cywotno\u015b\u0107 produktu. Przezroczysta szklana butelka prezentuje produkt w spos\u00f3b, kt\u00f3ry podkre\u015bla jego ekskluzywny wygl\u0105d, co przek\u0142ada si\u0119 na 40% wzrost konwersji online dla film\u00f3w produktowych. Marka odnios\u0142a ogromny sukces i w rezultacie z\u0142o\u017cy\u0142a dodatkowe zam\u00f3wienie na 750 000 butelek ca\u0142ej linii serum i lekkich balsam\u00f3w.<\/p>\n<h2>Chcesz dostosowa\u0107? Oto, od czego zacz\u0105\u0107<\/h2>\n<p>Nie musisz ogranicza\u0107 si\u0119 do bieli. Ani do standardowej nakr\u0119tki. Ten szklany pojemnik na kosmetyki jest zaprojektowany tak, aby si\u0119 dostosowywa\u0107.<\/p>\n<ul>\n<li>Zmie\u0144 kolor pompki \u2013 wybierz czarny, srebrny lub matowy, aby uzyska\u0107 nowoczesny akcent.<\/li>\n<li>Zmie\u0144 nakr\u0119tk\u0119 \u2013 zamie\u0144 przezroczyst\u0105 pokrywk\u0119 na markow\u0105. Drobny szczeg\u00f3\u0142. Du\u017cy efekt.<\/li>\n<li>Potrzebujesz niestandardowego rozmiaru pompki do butelek z balsamem? Oferujemy r\u00f3\u017cne rozmiary \u2013 wystarczy zapyta\u0107.<\/li>\n<li>Opcje opakowa\u0144 ekologicznych? Tak. Oferujemy wk\u0142adki nadaj\u0105ce si\u0119 do recyklingu i kartony zbiorcze.<\/li>\n<\/ul>\n<p>Pomagamy Ci stworzy\u0107 idealne opakowanie na kosmetyki ze szk\u0142a \u2013 nie tylko sprzeda\u0107 Ci butelk\u0119.<\/p>","protected":false},"excerpt":{"rendered":"<p>Butelka z pompk\u0105 do balsamu wykonana z przezroczystego szk\u0142a, o eleganckim designie i p\u0142ynnym dozowaniu. Szklane butelki kosmetyczne idealne do serum i balsam\u00f3w. Darmowe pr\u00f3bki dost\u0119pne ju\u017c dzi\u015b.<\/p>","protected":false},"featured_media":5420,"comment_status":"open","ping_status":"closed","template":"","meta":{"_acf_changed":false,"site-sidebar-layout":"default","site-content-layout":"","ast-site-content-layout":"default","site-content-style":"default","site-sidebar-style":"default","ast-global-header-display":"","ast-banner-title-visibility":"","ast-main-header-display":"","ast-hfb-above-header-display":"","ast-hfb-below-header-display":"","ast-hfb-mobile-header-display":"","site-post-title":"","ast-breadcrumbs-content":"","ast-featured-img":"","footer-sml-layout":"","ast-disable-related-posts":"","theme-transparent-header-meta":"default","adv-header-id-meta":"","stick-header-meta":"","header-above-stick-meta":"","header-main-stick-meta":"","header-below-stick-meta":"","astra-migrate-meta-layouts":"set","ast-page-background-enabled":"default","ast-page-background-meta":{"desktop":{"background-color":"var(--ast-global-color-5)","background-image":"","background-repeat":"repeat","background-position":"center center","background-size":"auto","background-attachment":"scroll","background-type":"","background-media":"","overlay-type":"","overlay-color":"","overlay-opacity":"","overlay-gradient":""},"tablet":{"background-color":"","background-image":"","background-repeat":"repeat","background-position":"center center","background-size":"auto","background-attachment":"scroll","background-type":"","background-media":"","overlay-type":"","overlay-color":"","overlay-opacity":"","overlay-gradient":""},"mobile":{"background-color":"","background-image":"","background-repeat":"repeat","background-position":"center center","background-size":"auto","background-attachment":"scroll","background-type":"","background-media":"","overlay-type":"","overlay-color":"","overlay-opacity":"","overlay-gradient":""}},"ast-content-background-meta":{"desktop":{"background-color":"var(--ast-global-color-4)","background-image":"","background-repeat":"repeat","background-position":"center center","background-size":"auto","background-attachment":"scroll","background-type":"","background-media":"","overlay-type":"","overlay-color":"","overlay-opacity":"","overlay-gradient":""},"tablet":{"background-color":"var(--ast-global-color-4)","background-image":"","background-repeat":"repeat","background-position":"center center","background-size":"auto","background-attachment":"scroll","background-type":"","background-media":"","overlay-type":"","overlay-color":"","overlay-opacity":"","overlay-gradient":""},"mobile":{"background-color":"var(--ast-global-color-4)","background-image":"","background-repeat":"repeat","background-position":"center center","background-size":"auto","background-attachment":"scroll","background-type":"","background-media":"","overlay-type":"","overlay-color":"","overlay-opacity":"","overlay-gradient":""}}},"product_brand":[],"product_cat":[71,72,62],"product_tag":[190,204],"class_list":{"0":"post-5419","1":"product","2":"type-product","3":"status-publish","4":"has-post-thumbnail","6":"product_cat-glass-lotion-bottles","7":"product_cat-cosmetic-packaging","8":"product_cat-cosmetic-containers","9":"product_tag-cosmetic-pots-with-lids","10":"product_tag-frosted-cosmetic-jars","11":"desktop-align-left","12":"tablet-align-left","13":"mobile-align-left","15":"first","16":"instock","17":"shipping-taxable","18":"product-type-simple"},"acf":[],"jetpack_sharing_enabled":true,"_links":{"self":[{"href":"https:\/\/theperfumebottles.com\/pl\/wp-json\/wp\/v2\/product\/5419","targetHints":{"allow":["GET"]}}],"collection":[{"href":"https:\/\/theperfumebottles.com\/pl\/wp-json\/wp\/v2\/product"}],"about":[{"href":"https:\/\/theperfumebottles.com\/pl\/wp-json\/wp\/v2\/types\/product"}],"replies":[{"embeddable":true,"href":"https:\/\/theperfumebottles.com\/pl\/wp-json\/wp\/v2\/comments?post=5419"}],"wp:featuredmedia":[{"embeddable":true,"href":"https:\/\/theperfumebottles.com\/pl\/wp-json\/wp\/v2\/media\/5420"}],"wp:attachment":[{"href":"https:\/\/theperfumebottles.com\/pl\/wp-json\/wp\/v2\/media?parent=5419"}],"wp:term":[{"taxonomy":"product_brand","embeddable":true,"href":"https:\/\/theperfumebottles.com\/pl\/wp-json\/wp\/v2\/product_brand?post=5419"},{"taxonomy":"product_cat","embeddable":true,"href":"https:\/\/theperfumebottles.com\/pl\/wp-json\/wp\/v2\/product_cat?post=5419"},{"taxonomy":"product_tag","embeddable":true,"href":"https:\/\/theperfumebottles.com\/pl\/wp-json\/wp\/v2\/product_tag?post=5419"}],"curies":[{"name":"wp","href":"https:\/\/api.w.org\/{rel}","templated":true}]}}