{"id":5424,"date":"2025-08-11T18:00:42","date_gmt":"2025-08-11T10:00:42","guid":{"rendered":"https:\/\/theperfumebottles.com\/?post_type=product&#038;p=5424"},"modified":"2026-03-26T16:36:21","modified_gmt":"2026-03-26T08:36:21","slug":"clear-glass-roller-bottles-for-cosmetic-packaging-wholesale","status":"publish","type":"product","link":"https:\/\/theperfumebottles.com\/pl\/produkt\/clear-glass-roller-bottles-for-cosmetic-packaging-wholesale\/","title":{"rendered":"10 ml przezroczyste szklane butelki z rolk\u0105 do pakowania kosmetyk\u00f3w hurtowo"},"content":{"rendered":"<p>Potrzebujesz szklanych butelek roll-on, kt\u00f3re \u0142\u0105cz\u0105 ekologi\u0119 z luksusem? Nasze przezroczyste szklane butelki roll-on zosta\u0142y zaprojektowane dla marek, kt\u00f3re poszukuj\u0105 opakowa\u0144 na kosmetyki, kt\u00f3re daj\u0105 rado\u015b\u0107 i chroni\u0105 planet\u0119.<\/p>\n<h2>Kluczowe specyfikacje<\/h2>\n<table style=\"border-collapse: collapse; width: 80%; margin-left: auto; margin-right: auto;\" border=\"0\" width=\"144\" cellspacing=\"0\" cellpadding=\"0\">\n<tbody>\n<tr style=\"height: 13.50pt;\">\n<td style=\"height: 13.50pt; width: 54.00pt;\" width=\"72\" height=\"18\">Funkcja<\/td>\n<td style=\"width: 54.00pt;\" width=\"72\">Bli\u017csze dane<\/td>\n<\/tr>\n<tr style=\"height: 13.50pt;\">\n<td style=\"height: 13.50pt;\" height=\"18\">Pojemno\u015b\u0107<\/td>\n<td>10 ml<\/td>\n<\/tr>\n<tr style=\"height: 13.50pt;\">\n<td style=\"height: 13.50pt;\" height=\"18\">Czapka<\/td>\n<td>Drewniane lub dostosowane do Twoich potrzeb<\/td>\n<\/tr>\n<tr style=\"height: 13.50pt;\">\n<td style=\"height: 13.50pt;\" height=\"18\">Kszta\u0142t<\/td>\n<td>Cylinder<\/td>\n<\/tr>\n<tr style=\"height: 13.50pt;\">\n<td style=\"height: 13.50pt;\" height=\"18\">Drukowanie powierzchniowe<\/td>\n<td>Sitodruk<\/td>\n<\/tr>\n<tr style=\"height: 13.50pt;\">\n<td style=\"height: 13.50pt;\" height=\"18\">Kolor<\/td>\n<td>Jasne<\/td>\n<\/tr>\n<\/tbody>\n<\/table>\n<h2>Przypadek sukcesu<\/h2>\n<p><span aria-haspopup=\"dialog\" aria-expanded=\"false\" aria-controls=\"radix-_r_16_\" data-state=\"closed\" data-slot=\"popover-trigger\">Ameryka\u0144ska firma produkuj\u0105ca olejki eteryczne wykorzysta\u0142a nasze kryszta\u0142owe butelki typu roll-on wykonane z przezroczystego szk\u0142a, aby wprowadzi\u0107 na rynek now\u0105 kolekcj\u0119 kryszta\u0142owych olejk\u00f3w eterycznych.<\/span> <span aria-haspopup=\"dialog\" aria-expanded=\"false\" aria-controls=\"radix-_r_17_\" data-state=\"closed\" data-slot=\"popover-trigger\">Po pierwsze, wybrali\u015bmy naturalne nasadki bambusowe, zgodne z wizerunkiem marki, kt\u00f3ra jest przyjazna dla \u015brodowiska.<\/span> <span aria-haspopup=\"dialog\" aria-expanded=\"false\" aria-controls=\"radix-_r_18_\" data-state=\"closed\" data-slot=\"popover-trigger\">Spersonalizowali\u015bmy r\u00f3wnie\u017c roll-on, wykorzystuj\u0105c g\u0142adk\u0105 stal nierdzewn\u0105, aby zwi\u0119kszy\u0107 rozprowadzanie olejk\u00f3w eterycznych.<\/span> <span aria-haspopup=\"dialog\" aria-expanded=\"false\" aria-controls=\"radix-_r_19_\" data-state=\"closed\" data-slot=\"popover-trigger\">Ponadto zaoferowali\u015bmy us\u0142ugi nadruku logo na szklanych butelkach i pomogli\u015bmy w usprawnieniu projektu opakowania, aby wyd\u0142u\u017cy\u0107 okres przydatno\u015bci produktu.<\/span> <span aria-haspopup=\"dialog\" aria-expanded=\"false\" aria-controls=\"radix-_r_1a_\" data-state=\"closed\" data-slot=\"popover-trigger\">Klient stwierdzi\u0142, \u017ce po wprowadzeniu na rynek spersonalizowanego produktu odnotowa\u0142 znaczny wzrost sprzeda\u017cy online i offline, g\u0142\u00f3wnie ze wzgl\u0119du na nietypow\u0105 estetyk\u0119 produktu i lepsze do\u015bwiadczenia u\u017cytkownika.<\/span> <span aria-haspopup=\"dialog\" aria-expanded=\"false\" aria-controls=\"radix-_r_1b_\" data-state=\"closed\" data-slot=\"popover-trigger\">W ci\u0105gu trzech miesi\u0119cy z\u0142o\u017cyli wi\u0119cej zam\u00f3wie\u0144, co spowodowa\u0142o zwi\u0119kszenie liczby produkt\u00f3w i dodanie do oferty nowych zapach\u00f3w, co dodatkowo umocni\u0142o pozycj\u0119 marki na rynku.<\/span><\/p>\n<h2>Wskaz\u00f3wki dotycz\u0105ce personalizacji<\/h2>\n<ul>\n<li><span aria-haspopup=\"dialog\" aria-expanded=\"false\" aria-controls=\"radix-_r_1c_\" data-state=\"closed\" data-slot=\"popover-trigger\"><strong>Materia\u0142 i wyko\u0144czenie nasadki:<\/strong> Wybierz naturaln\u0105 nakr\u0119tk\u0119 bambusow\u0105, plastikow\u0105 lub aluminiow\u0105 z matowym, b\u0142yszcz\u0105cym lub anodowanym wyko\u0144czeniem, aby dopasowa\u0107 j\u0105 do stylu r\u00f3\u017cnych marek.<\/span><\/li>\n<li><span aria-haspopup=\"dialog\" aria-expanded=\"false\" aria-controls=\"radix-_r_1d_\" data-state=\"closed\" data-slot=\"popover-trigger\"><strong>Roller Ball:<\/strong> Wybierz kulki ze stali nierdzewnej, szk\u0142a lub kamieni szlachetnych (np. kwarcu r\u00f3\u017cowego, obsydianu), aby spersonalizowa\u0107 lub udoskonali\u0107 funkcjonalno\u015b\u0107 albo nada\u0107 urz\u0105dzeniu ekskluzywny, prozdrowotny wygl\u0105d.<\/span><\/li>\n<li><span aria-haspopup=\"dialog\" aria-expanded=\"false\" aria-controls=\"radix-_r_1e_\" data-state=\"closed\" data-slot=\"popover-trigger\"><strong>Kolor i pow\u0142oka szk\u0142a:<\/strong> Wybierz przezroczysty, matowy, bursztynowy lub niestandardowy kolor natryskowy, aby zabezpieczy\u0107 oleje wra\u017cliwe na \u015bwiat\u0142o lub nada\u0107 im niepowtarzalny wygl\u0105d.<\/span><\/li>\n<\/ul>","protected":false},"excerpt":{"rendered":"<p>Ulepsz opakowania kosmetyk\u00f3w dzi\u0119ki przezroczystym szklanym butelkom z rolk\u0105. Idealne do kosmetyk\u00f3w do piel\u0119gnacji sk\u00f3ry, perfum w delikatnej mgie\u0142ce i opakowa\u0144 kosmetyk\u00f3w. Szybka wysy\u0142ka.<\/p>","protected":false},"featured_media":5430,"comment_status":"open","ping_status":"closed","template":"","meta":{"_acf_changed":false,"site-sidebar-layout":"default","site-content-layout":"","ast-site-content-layout":"default","site-content-style":"default","site-sidebar-style":"default","ast-global-header-display":"","ast-banner-title-visibility":"","ast-main-header-display":"","ast-hfb-above-header-display":"","ast-hfb-below-header-display":"","ast-hfb-mobile-header-display":"","site-post-title":"","ast-breadcrumbs-content":"","ast-featured-img":"","footer-sml-layout":"","ast-disable-related-posts":"","theme-transparent-header-meta":"default","adv-header-id-meta":"","stick-header-meta":"","header-above-stick-meta":"","header-main-stick-meta":"","header-below-stick-meta":"","astra-migrate-meta-layouts":"set","ast-page-background-enabled":"default","ast-page-background-meta":{"desktop":{"background-color":"var(--ast-global-color-5)","background-image":"","background-repeat":"repeat","background-position":"center center","background-size":"auto","background-attachment":"scroll","background-type":"","background-media":"","overlay-type":"","overlay-color":"","overlay-opacity":"","overlay-gradient":""},"tablet":{"background-color":"","background-image":"","background-repeat":"repeat","background-position":"center center","background-size":"auto","background-attachment":"scroll","background-type":"","background-media":"","overlay-type":"","overlay-color":"","overlay-opacity":"","overlay-gradient":""},"mobile":{"background-color":"","background-image":"","background-repeat":"repeat","background-position":"center center","background-size":"auto","background-attachment":"scroll","background-type":"","background-media":"","overlay-type":"","overlay-color":"","overlay-opacity":"","overlay-gradient":""}},"ast-content-background-meta":{"desktop":{"background-color":"var(--ast-global-color-4)","background-image":"","background-repeat":"repeat","background-position":"center center","background-size":"auto","background-attachment":"scroll","background-type":"","background-media":"","overlay-type":"","overlay-color":"","overlay-opacity":"","overlay-gradient":""},"tablet":{"background-color":"var(--ast-global-color-4)","background-image":"","background-repeat":"repeat","background-position":"center center","background-size":"auto","background-attachment":"scroll","background-type":"","background-media":"","overlay-type":"","overlay-color":"","overlay-opacity":"","overlay-gradient":""},"mobile":{"background-color":"var(--ast-global-color-4)","background-image":"","background-repeat":"repeat","background-position":"center center","background-size":"auto","background-attachment":"scroll","background-type":"","background-media":"","overlay-type":"","overlay-color":"","overlay-opacity":"","overlay-gradient":""}}},"product_brand":[],"product_cat":[60,62,72,57],"product_tag":[226,220],"class_list":{"0":"post-5424","1":"product","2":"type-product","3":"status-publish","4":"has-post-thumbnail","6":"product_cat-roller-bottles","7":"product_cat-cosmetic-containers","8":"product_cat-cosmetic-packaging","9":"product_cat-essential-oil-bottles","10":"product_tag-clear-glass-roller-bottles","11":"product_tag-glass-roll-on-bottles","12":"desktop-align-left","13":"tablet-align-left","14":"mobile-align-left","16":"first","17":"instock","18":"shipping-taxable","19":"product-type-simple"},"acf":[],"jetpack_sharing_enabled":true,"_links":{"self":[{"href":"https:\/\/theperfumebottles.com\/pl\/wp-json\/wp\/v2\/product\/5424","targetHints":{"allow":["GET"]}}],"collection":[{"href":"https:\/\/theperfumebottles.com\/pl\/wp-json\/wp\/v2\/product"}],"about":[{"href":"https:\/\/theperfumebottles.com\/pl\/wp-json\/wp\/v2\/types\/product"}],"replies":[{"embeddable":true,"href":"https:\/\/theperfumebottles.com\/pl\/wp-json\/wp\/v2\/comments?post=5424"}],"wp:featuredmedia":[{"embeddable":true,"href":"https:\/\/theperfumebottles.com\/pl\/wp-json\/wp\/v2\/media\/5430"}],"wp:attachment":[{"href":"https:\/\/theperfumebottles.com\/pl\/wp-json\/wp\/v2\/media?parent=5424"}],"wp:term":[{"taxonomy":"product_brand","embeddable":true,"href":"https:\/\/theperfumebottles.com\/pl\/wp-json\/wp\/v2\/product_brand?post=5424"},{"taxonomy":"product_cat","embeddable":true,"href":"https:\/\/theperfumebottles.com\/pl\/wp-json\/wp\/v2\/product_cat?post=5424"},{"taxonomy":"product_tag","embeddable":true,"href":"https:\/\/theperfumebottles.com\/pl\/wp-json\/wp\/v2\/product_tag?post=5424"}],"curies":[{"name":"wp","href":"https:\/\/api.w.org\/{rel}","templated":true}]}}