{"id":5502,"date":"2025-08-12T18:03:13","date_gmt":"2025-08-12T10:03:13","guid":{"rendered":"https:\/\/theperfumebottles.com\/?post_type=product&#038;p=5502"},"modified":"2026-03-26T18:01:33","modified_gmt":"2026-03-26T10:01:33","slug":"matte-black-dropper-bottle-premium-essential-oil-glass-bottle","status":"publish","type":"product","link":"https:\/\/theperfumebottles.com\/pl\/produkt\/matte-black-dropper-bottle-premium-essential-oil-glass-bottle\/","title":{"rendered":"Matowa czarna butelka z kroplomierzem | Szklana butelka na olejki eteryczne premium"},"content":{"rendered":"<p>Ta matowoczarna butelka z kroplomierzem to 30 ml olejku eterycznego zamkni\u0119tego w mi\u0119kkiej i czystej obudowie o sp\u0142aszczonym ramieniu, prostok\u0105tnym kszta\u0142cie z zaokr\u0105glonymi kraw\u0119dziami. Butelka jest pokryta mi\u0119kk\u0105 w dotyku matow\u0105 czerni\u0105, co zapewnia wizualne wra\u017cenie mi\u0119kko\u015bci i dodatkow\u0105 ochron\u0119 lekkich i delikatnych formu\u0142.<\/p>\n<p>U\u017cywa si\u0119 go w po\u0142\u0105czeniu z kroplomierzem z bia\u0142\u0105 gumow\u0105 gruszk\u0105 i szklan\u0105 pipet\u0105, co pozwala na precyzyjne i kontrolowane dozowanie. Ko\u0142nierz mo\u017ce by\u0107 w metalicznym wyko\u0144czeniu, takim jak z\u0142oto lub srebro, co tworzy elegancki kontrast z matow\u0105 powierzchni\u0105. Szeroka podstawa i p\u0142askie panele gwarantuj\u0105 stabilno\u015b\u0107, a tak\u017ce zapewniaj\u0105 du\u017co miejsca na opisy, dzi\u0119ki czemu mo\u017cna go u\u017cywa\u0107 do pakowania wysokiej jako\u015bci produkt\u00f3w do piel\u0119gnacji sk\u00f3ry i aromaterapii.<\/p>\n<h2>Kluczowe specyfikacje<\/h2>\n<table style=\"border-collapse: collapse; margin-left: auto; margin-right: auto; width: 80%;\" border=\"0\" width=\"407\" cellspacing=\"0\" cellpadding=\"0\">\n<tbody>\n<tr style=\"height: 13.50pt;\">\n<td style=\"height: 13.50pt; width: 108.75pt;\" width=\"145\" height=\"18\">Funkcja<\/td>\n<td style=\"width: 196.50pt;\" width=\"262\">Szczeg\u00f3\u0142<\/td>\n<\/tr>\n<tr style=\"height: 13.50pt;\">\n<td style=\"height: 13.50pt;\" height=\"18\">Pojemno\u015b\u0107<\/td>\n<td>30 ml<\/td>\n<\/tr>\n<tr style=\"height: 13.50pt;\">\n<td style=\"height: 13.50pt;\" height=\"18\">Tworzywo<\/td>\n<td>Wysokiej jako\u015bci szk\u0142o<\/td>\n<\/tr>\n<tr style=\"height: 13.50pt;\">\n<td style=\"height: 13.50pt;\" height=\"18\">Kszta\u0142t<\/td>\n<td>Kwadrat<\/td>\n<\/tr>\n<tr style=\"height: 13.50pt;\">\n<td style=\"height: 13.50pt;\" height=\"18\">Kolor<\/td>\n<td>Czarny (korpus), srebrny\/z\u0142oty (pokrywa)<\/td>\n<\/tr>\n<tr style=\"height: 13.50pt;\">\n<td style=\"height: 13.50pt;\" height=\"18\">Personalizacja<\/td>\n<td>Logo, kolor pokrywki, opakowanie<\/td>\n<\/tr>\n<tr style=\"height: 13.50pt;\">\n<td style=\"height: 13.50pt;\" height=\"18\">Rozmiar opakowania<\/td>\n<td>26\u00d750\u00d750 mm<\/td>\n<\/tr>\n<tr style=\"height: 13.50pt;\">\n<td style=\"height: 13.50pt;\" height=\"18\">Idealny dla<\/td>\n<td>Serum, balsamy, nalewki<\/td>\n<\/tr>\n<\/tbody>\n<\/table>\n<h2>Prawdziwy sukces<\/h2>\n<p>Francuska marka kosmetyk\u00f3w do piel\u0119gnacji sk\u00f3ry chcia\u0142a wprowadzi\u0107 na rynek wysokiej jako\u015bci olejek do twarzy, ale nie potrzebowa\u0142a pr\u00f3bek w wyra\u017anie przezroczystych butelkach. Potrzebowa\u0142a czego\u015b wyrazistego, czego\u015b, co da klientom poczucie luksusu ju\u017c od samego otwarcia opakowania. Zaproponowali\u015bmy 30-mililitrow\u0105, czarn\u0105, prostok\u0105tn\u0105, szklan\u0105 butelk\u0119 z kroplomierzem \u2013 ca\u0142o\u015b\u0107 ze z\u0142ot\u0105 nakr\u0119tk\u0105 i laserowo wygrawerowanym logo. Kontrast by\u0142 chwytliwy: czarne szk\u0142o zawiera\u0142o olejek, a prostok\u0105tny kszta\u0142t wyr\u00f3\u017cnia\u0142 si\u0119 na Instagramie. Zam\u00f3wili 50 000 butelek, a pierwsza partia zosta\u0142a wys\u0142ana w ci\u0105gu 3 tygodni. Nie potrzebujesz chwytliwego logo, aby wzbudzi\u0107 zainteresowanie. Wystarczy wybra\u0107 odpowiednie opakowanie hurtowe na butelk\u0119 z kroplomierzem.<\/p>\n<h2>Chcesz spersonalizowa\u0107 sw\u00f3j produkt? Zacznij tutaj<\/h2>\n<ul>\n<li>Pomy\u015bl o swoim kliencie docelowym. Czy preferuje czyste pi\u0119kno? Wybierz srebrn\u0105 nakr\u0119tk\u0119 \u2013 prost\u0105 i nowoczesn\u0105. Czy woli luksus? Z\u0142oto symbolizuje \u201erozpieszczaj siebie\u201d. Nie podoba Ci si\u0119 \u017caden z tych kolor\u00f3w? Nie ma problemu. Po prostu daj nam zna\u0107, jaki kolor preferujesz, a my dostosujemy si\u0119 do Twoich preferencji.<\/li>\n<li>Chcesz, aby Twoje logo by\u0142o widoczne na pierwszym planie? Mo\u017cemy wytrawi\u0107, wydrukowa\u0107 lub wyt\u0142oczy\u0107 logo bezpo\u015brednio na butelce. Bez naklejek. Bez odklejania.<\/li>\n<li>Je\u015bli pojemno\u015b\u0107 30 ml nie jest idealna, mo\u017cemy dopasowa\u0107 szklan\u0105 butelk\u0119 do rozmiaru kroplomierzem. Potrzebujesz wy\u017cszej lub szerszej butelki? Spe\u0142nimy Twoje oczekiwania.<\/li>\n<\/ul>","protected":false},"excerpt":{"rendered":"<p>Matowa, czarna butelka z kroplomierzem o pojemno\u015bci 30 ml, z filtrem UV i metalowym ko\u0142nierzem. Idealna do olejk\u00f3w eterycznych, serum i opakowa\u0144 produkt\u00f3w do piel\u0119gnacji sk\u00f3ry premium.<\/p>","protected":false},"featured_media":7479,"comment_status":"closed","ping_status":"closed","template":"","meta":{"_acf_changed":false,"site-sidebar-layout":"default","site-content-layout":"","ast-site-content-layout":"default","site-content-style":"default","site-sidebar-style":"default","ast-global-header-display":"","ast-banner-title-visibility":"","ast-main-header-display":"","ast-hfb-above-header-display":"","ast-hfb-below-header-display":"","ast-hfb-mobile-header-display":"","site-post-title":"","ast-breadcrumbs-content":"","ast-featured-img":"","footer-sml-layout":"","ast-disable-related-posts":"","theme-transparent-header-meta":"default","adv-header-id-meta":"","stick-header-meta":"","header-above-stick-meta":"","header-main-stick-meta":"","header-below-stick-meta":"","astra-migrate-meta-layouts":"set","ast-page-background-enabled":"default","ast-page-background-meta":{"desktop":{"background-color":"var(--ast-global-color-5)","background-image":"","background-repeat":"repeat","background-position":"center center","background-size":"auto","background-attachment":"scroll","background-type":"","background-media":"","overlay-type":"","overlay-color":"","overlay-opacity":"","overlay-gradient":""},"tablet":{"background-color":"","background-image":"","background-repeat":"repeat","background-position":"center center","background-size":"auto","background-attachment":"scroll","background-type":"","background-media":"","overlay-type":"","overlay-color":"","overlay-opacity":"","overlay-gradient":""},"mobile":{"background-color":"","background-image":"","background-repeat":"repeat","background-position":"center center","background-size":"auto","background-attachment":"scroll","background-type":"","background-media":"","overlay-type":"","overlay-color":"","overlay-opacity":"","overlay-gradient":""}},"ast-content-background-meta":{"desktop":{"background-color":"var(--ast-global-color-4)","background-image":"","background-repeat":"repeat","background-position":"center center","background-size":"auto","background-attachment":"scroll","background-type":"","background-media":"","overlay-type":"","overlay-color":"","overlay-opacity":"","overlay-gradient":""},"tablet":{"background-color":"var(--ast-global-color-4)","background-image":"","background-repeat":"repeat","background-position":"center center","background-size":"auto","background-attachment":"scroll","background-type":"","background-media":"","overlay-type":"","overlay-color":"","overlay-opacity":"","overlay-gradient":""},"mobile":{"background-color":"var(--ast-global-color-4)","background-image":"","background-repeat":"repeat","background-position":"center center","background-size":"auto","background-attachment":"scroll","background-type":"","background-media":"","overlay-type":"","overlay-color":"","overlay-opacity":"","overlay-gradient":""}}},"product_brand":[],"product_cat":[59,62,72,57],"product_tag":[190,204],"class_list":{"0":"post-5502","1":"product","2":"type-product","3":"status-publish","4":"has-post-thumbnail","6":"product_cat-glass-dropper-bottles","7":"product_cat-cosmetic-containers","8":"product_cat-cosmetic-packaging","9":"product_cat-essential-oil-bottles","10":"product_tag-cosmetic-pots-with-lids","11":"product_tag-frosted-cosmetic-jars","12":"desktop-align-left","13":"tablet-align-left","14":"mobile-align-left","16":"first","17":"instock","18":"shipping-taxable","19":"product-type-simple"},"acf":[],"jetpack_sharing_enabled":true,"_links":{"self":[{"href":"https:\/\/theperfumebottles.com\/pl\/wp-json\/wp\/v2\/product\/5502","targetHints":{"allow":["GET"]}}],"collection":[{"href":"https:\/\/theperfumebottles.com\/pl\/wp-json\/wp\/v2\/product"}],"about":[{"href":"https:\/\/theperfumebottles.com\/pl\/wp-json\/wp\/v2\/types\/product"}],"replies":[{"embeddable":true,"href":"https:\/\/theperfumebottles.com\/pl\/wp-json\/wp\/v2\/comments?post=5502"}],"wp:featuredmedia":[{"embeddable":true,"href":"https:\/\/theperfumebottles.com\/pl\/wp-json\/wp\/v2\/media\/7479"}],"wp:attachment":[{"href":"https:\/\/theperfumebottles.com\/pl\/wp-json\/wp\/v2\/media?parent=5502"}],"wp:term":[{"taxonomy":"product_brand","embeddable":true,"href":"https:\/\/theperfumebottles.com\/pl\/wp-json\/wp\/v2\/product_brand?post=5502"},{"taxonomy":"product_cat","embeddable":true,"href":"https:\/\/theperfumebottles.com\/pl\/wp-json\/wp\/v2\/product_cat?post=5502"},{"taxonomy":"product_tag","embeddable":true,"href":"https:\/\/theperfumebottles.com\/pl\/wp-json\/wp\/v2\/product_tag?post=5502"}],"curies":[{"name":"wp","href":"https:\/\/api.w.org\/{rel}","templated":true}]}}