{"id":5550,"date":"2025-08-12T18:02:21","date_gmt":"2025-08-12T10:02:21","guid":{"rendered":"https:\/\/theperfumebottles.com\/?post_type=product&#038;p=5550"},"modified":"2026-03-30T17:01:35","modified_gmt":"2026-03-30T09:01:35","slug":"bamboo-dropper-bottles-wholesale-dropper-glass-bottles","status":"publish","type":"product","link":"https:\/\/theperfumebottles.com\/pl\/produkt\/bamboo-dropper-bottles-wholesale-dropper-glass-bottles\/","title":{"rendered":"Hurtowa sprzeda\u017c butelek z kroplomierzem bambusowym \u2013 Butelki szklane z kroplomierzem 10\u201350 ml"},"content":{"rendered":"<p>Ta seria bambusowych butelek z kroplomierzem charakteryzuje si\u0119 naturaln\u0105, bambusow\u0105 pow\u0142ok\u0105 zewn\u0119trzn\u0105 po\u0142\u0105czon\u0105 ze szklan\u0105 butelk\u0105 z kroplomierzem, zapewniaj\u0105c jednocze\u015bnie ochron\u0119 i elegancki wygl\u0105d. Fasada jest ozdobiona eleganck\u0105, cylindryczn\u0105 i ods\u0142oni\u0119t\u0105 struktur\u0105 bambusa, co nadaje jej przyjemny, organiczny charakter, sp\u00f3jny z ekologicznym brandingiem. Do ka\u017cdej butelki mo\u017cna przymocowa\u0107 precyzyjn\u0105 szklan\u0105 pipet\u0119 (kroplomierza z nakr\u0119tk\u0105 w r\u00f3\u017cnych wyko\u0144czeniach, z czarn\u0105 lub bia\u0142\u0105 gumow\u0105 gruszk\u0105). Butelki maj\u0105 pojemno\u015b\u0107 od 10 ml do 50 ml i podobne proporcje, co pozwala na dopasowanie do r\u00f3\u017cnych rozmiar\u00f3w, tworz\u0105c sp\u00f3jn\u0105 lini\u0119 produkt\u00f3w w ekspozycji sklepowej.<\/p>\n<h2>Kluczowe specyfikacje<\/h2>\n<table style=\"border-collapse: collapse; margin-left: auto; margin-right: auto; width: 80%;\" border=\"0\" width=\"411\" cellspacing=\"0\" cellpadding=\"0\">\n<tbody>\n<tr style=\"height: 13.50pt;\">\n<td style=\"height: 13.50pt; width: 107.25pt;\" width=\"143\" height=\"18\">Funkcja<\/td>\n<td style=\"width: 201.00pt;\" width=\"268\">Szczeg\u00f3\u0142<\/td>\n<\/tr>\n<tr style=\"height: 13.50pt;\">\n<td style=\"height: 13.50pt;\" height=\"18\">Pojemno\u015b\u0107<\/td>\n<td>10 ml, 15 ml, 20 ml, 30 ml, 50 ml, 100 ml<\/td>\n<\/tr>\n<tr style=\"height: 13.50pt;\">\n<td style=\"height: 13.50pt;\" height=\"18\">Tworzywo<\/td>\n<td>Br\u0105zowe szk\u0142o sodowo-wapniowe<\/td>\n<\/tr>\n<tr style=\"height: 13.50pt;\">\n<td style=\"height: 13.50pt;\" height=\"18\">Proces produkcyjny<\/td>\n<td>Dmuchane maszynowo<\/td>\n<\/tr>\n<tr style=\"height: 13.50pt;\">\n<td style=\"height: 13.50pt;\" height=\"18\">Kszta\u0142t<\/td>\n<td>Cylindryczny<\/td>\n<\/tr>\n<tr style=\"height: 13.50pt;\">\n<td style=\"height: 13.50pt;\" height=\"18\">Opcje wyko\u0144czenia powierzchni<\/td>\n<td>Grawerowanie laserowe<\/td>\n<\/tr>\n<tr style=\"height: 13.50pt;\">\n<td style=\"height: 13.50pt;\" height=\"18\">Ko\u0144c\u00f3wka kroplomierza<\/td>\n<td>kroplomierz bambusowy w kolorze czarno-bia\u0142ym<\/td>\n<\/tr>\n<tr style=\"height: 13.50pt;\">\n<td style=\"height: 13.50pt;\" height=\"18\">Najlepszy przypadek u\u017cycia<\/td>\n<td>Piel\u0119gnacja sk\u00f3ry, dobre samopoczucie<\/td>\n<\/tr>\n<\/tbody>\n<\/table>\n<h2>Aplikacje<\/h2>\n<p>Te szklane butelki z kroplomierzem s\u0105 szeroko stosowane do olejk\u00f3w eterycznych, serum, olejk\u00f3w CBD, ekstrakt\u00f3w zio\u0142owych i innych p\u0142ynnych preparat\u00f3w wymagaj\u0105cych kontrolowanego dozowania. Wewn\u0119trzny szklany pojemnik zapewnia stabilno\u015b\u0107 chemiczn\u0105 i kompatybilno\u015b\u0107 z delikatnymi preparatami, a bambusowa obudowa zapewnia wi\u0119ksze zr\u00f3\u017cnicowanie produkt\u00f3w na rynku produkt\u00f3w wysokiej jako\u015bci i naturalnych.<\/p>\n<h2>Prawdziwy sukces: od koncepcji do p\u00f3\u0142ki w 6 tygodni<\/h2>\n<p>Europejska firma kosmetyczna potrzebowa\u0142a hurtowych dostaw pustych butelek z kroplomierzem do swojej linii organicznego serum do twarzy. Zale\u017ca\u0142o im na czym\u015b ekologicznym, ale jednocze\u015bnie wysokiej jako\u015bci. Zaproponowali\u015bmy nasze 30-mililitrowe szklane butelki z kroplomierzem, owini\u0119te bambusem i wyposa\u017cone w matowe, czarne nakr\u0119tki. Dostosowali\u015bmy przep\u0142yw p\u0142ynu w nakr\u0119tce, aby zapewni\u0107 lepsz\u0105 kontrol\u0119 \u2013 idealne rozwi\u0105zanie w przypadku serum. W nieca\u0142e dwa miesi\u0105ce firma wypu\u015bci\u0142a na rynek 10 000 sztuk. Klienci byli zachwyceni \u201erozpakowywaniem jak w spa\u201d.<\/p>\n<h2>Chcesz spersonalizowa\u0107 sw\u00f3j? Oto jak zacz\u0105\u0107<\/h2>\n<ul>\n<li>Zastan\u00f3w si\u0119 najpierw nad p\u0142ynem. Czy to g\u0119sty olej, czy lekka nalewka? Do olejk\u00f3w u\u017cyj szerszej ko\u0144c\u00f3wki kroplomierza. Do precyzyjnego serum lepsza b\u0119dzie cienka ko\u0144c\u00f3wka.<\/li>\n<li>Nast\u0119pnie wybierz pojemno\u015b\u0107. Wi\u0119kszo\u015b\u0107 marek zaczyna od 30 ml lub 50 ml \u2013 wystarczaj\u0105co du\u017ca, by zapewni\u0107 uczucie obfito\u015bci, ale wystarczaj\u0105co ma\u0142a, by zachowa\u0107 \u015bwie\u017co\u015b\u0107.<\/li>\n<li>Chcesz, \u017ceby Twoja marka si\u0119 wyr\u00f3\u017cnia\u0142a? Mo\u017cemy wygrawerowa\u0107 Twoje logo laserowo na bambusie lub doda\u0107 niestandardowe kolorowe zatyczki. Nawet pude\u0142ko mo\u017ce przekaza\u0107 Twoj\u0105 histori\u0119.<\/li>\n<\/ul>\n<p>I tak \u2013 zajmujemy si\u0119 wszystkim. Od wyboru rozmiaru szklanych butelek z kroplomierzem po kompletne, idealne opakowanie szklanych butelek z kroplomierzem \u2013 jeste\u015bmy z Tob\u0105.<\/p>","protected":false},"excerpt":{"rendered":"<p>Wysokiej jako\u015bci bambusowa butelka z kroplomierzem i szklanym wn\u0119trzem. Idealne szklane butelki z kroplomierzem do piel\u0119gnacji sk\u00f3ry i olejk\u00f3w. Dost\u0119pne hurtowo z mo\u017cliwo\u015bci\u0105 personalizacji.<\/p>","protected":false},"featured_media":7505,"comment_status":"closed","ping_status":"closed","template":"","meta":{"_acf_changed":false,"site-sidebar-layout":"default","site-content-layout":"","ast-site-content-layout":"default","site-content-style":"default","site-sidebar-style":"default","ast-global-header-display":"","ast-banner-title-visibility":"","ast-main-header-display":"","ast-hfb-above-header-display":"","ast-hfb-below-header-display":"","ast-hfb-mobile-header-display":"","site-post-title":"","ast-breadcrumbs-content":"","ast-featured-img":"","footer-sml-layout":"","ast-disable-related-posts":"","theme-transparent-header-meta":"default","adv-header-id-meta":"","stick-header-meta":"","header-above-stick-meta":"","header-main-stick-meta":"","header-below-stick-meta":"","astra-migrate-meta-layouts":"set","ast-page-background-enabled":"default","ast-page-background-meta":{"desktop":{"background-color":"var(--ast-global-color-5)","background-image":"","background-repeat":"repeat","background-position":"center center","background-size":"auto","background-attachment":"scroll","background-type":"","background-media":"","overlay-type":"","overlay-color":"","overlay-opacity":"","overlay-gradient":""},"tablet":{"background-color":"","background-image":"","background-repeat":"repeat","background-position":"center center","background-size":"auto","background-attachment":"scroll","background-type":"","background-media":"","overlay-type":"","overlay-color":"","overlay-opacity":"","overlay-gradient":""},"mobile":{"background-color":"","background-image":"","background-repeat":"repeat","background-position":"center center","background-size":"auto","background-attachment":"scroll","background-type":"","background-media":"","overlay-type":"","overlay-color":"","overlay-opacity":"","overlay-gradient":""}},"ast-content-background-meta":{"desktop":{"background-color":"var(--ast-global-color-4)","background-image":"","background-repeat":"repeat","background-position":"center center","background-size":"auto","background-attachment":"scroll","background-type":"","background-media":"","overlay-type":"","overlay-color":"","overlay-opacity":"","overlay-gradient":""},"tablet":{"background-color":"var(--ast-global-color-4)","background-image":"","background-repeat":"repeat","background-position":"center center","background-size":"auto","background-attachment":"scroll","background-type":"","background-media":"","overlay-type":"","overlay-color":"","overlay-opacity":"","overlay-gradient":""},"mobile":{"background-color":"var(--ast-global-color-4)","background-image":"","background-repeat":"repeat","background-position":"center center","background-size":"auto","background-attachment":"scroll","background-type":"","background-media":"","overlay-type":"","overlay-color":"","overlay-opacity":"","overlay-gradient":""}}},"product_brand":[],"product_cat":[59,62,72,57],"product_tag":[190,204],"class_list":{"0":"post-5550","1":"product","2":"type-product","3":"status-publish","4":"has-post-thumbnail","6":"product_cat-glass-dropper-bottles","7":"product_cat-cosmetic-containers","8":"product_cat-cosmetic-packaging","9":"product_cat-essential-oil-bottles","10":"product_tag-cosmetic-pots-with-lids","11":"product_tag-frosted-cosmetic-jars","12":"desktop-align-left","13":"tablet-align-left","14":"mobile-align-left","16":"first","17":"instock","18":"shipping-taxable","19":"product-type-simple"},"acf":[],"jetpack_sharing_enabled":true,"_links":{"self":[{"href":"https:\/\/theperfumebottles.com\/pl\/wp-json\/wp\/v2\/product\/5550","targetHints":{"allow":["GET"]}}],"collection":[{"href":"https:\/\/theperfumebottles.com\/pl\/wp-json\/wp\/v2\/product"}],"about":[{"href":"https:\/\/theperfumebottles.com\/pl\/wp-json\/wp\/v2\/types\/product"}],"replies":[{"embeddable":true,"href":"https:\/\/theperfumebottles.com\/pl\/wp-json\/wp\/v2\/comments?post=5550"}],"wp:featuredmedia":[{"embeddable":true,"href":"https:\/\/theperfumebottles.com\/pl\/wp-json\/wp\/v2\/media\/7505"}],"wp:attachment":[{"href":"https:\/\/theperfumebottles.com\/pl\/wp-json\/wp\/v2\/media?parent=5550"}],"wp:term":[{"taxonomy":"product_brand","embeddable":true,"href":"https:\/\/theperfumebottles.com\/pl\/wp-json\/wp\/v2\/product_brand?post=5550"},{"taxonomy":"product_cat","embeddable":true,"href":"https:\/\/theperfumebottles.com\/pl\/wp-json\/wp\/v2\/product_cat?post=5550"},{"taxonomy":"product_tag","embeddable":true,"href":"https:\/\/theperfumebottles.com\/pl\/wp-json\/wp\/v2\/product_tag?post=5550"}],"curies":[{"name":"wp","href":"https:\/\/api.w.org\/{rel}","templated":true}]}}