{"id":5606,"date":"2025-08-13T18:02:24","date_gmt":"2025-08-13T10:02:24","guid":{"rendered":"https:\/\/theperfumebottles.com\/?post_type=product&#038;p=5606"},"modified":"2026-03-26T17:26:36","modified_gmt":"2026-03-26T09:26:36","slug":"custom-glass-serum-bottles-clear-bottle-with-glass-dropper","status":"publish","type":"product","link":"https:\/\/theperfumebottles.com\/pl\/produkt\/custom-glass-serum-bottles-clear-bottle-with-glass-dropper\/","title":{"rendered":"Niestandardowe szklane butelki na serum | Przezroczysta butelka ze szklanym kroplomierzem 15 ml 30 ml"},"content":{"rendered":"<p>Te szklane butelki na serum w zestawie z olejkami eterycznymi maj\u0105 przezroczysty, szklany korpus o zaokr\u0105glonym kszta\u0142cie, w kszta\u0142cie kopu\u0142y i grub\u0105, stabiln\u0105 podstaw\u0119. P\u0142yn w \u015brodku jest podkre\u015blony przezroczyst\u0105, g\u0142adk\u0105 powierzchni\u0105, co czyni go idealnym do wysokiej jako\u015bci preparat\u00f3w. Kroplomierz wie\u0144czy butelk\u0119. Ka\u017cda butelka jest wyposa\u017cona w kroplomierz wykonany z mi\u0119kkiej, bia\u0142ej gumy oraz prost\u0105, szklan\u0105 pipet\u0119, kt\u00f3ra precyzyjnie dozuje zawarto\u015b\u0107. Ko\u0142nierz mo\u017ce by\u0107 wykonany z metalicznych wyko\u0144cze\u0144, takich jak z\u0142oto lub srebro, a jego teksturowane detale zapewniaj\u0105 elegancki kontrast obrazu. Niewielkie rozmiary obu rozmiar\u00f3w, 15 ml i 30 ml, zosta\u0142y zaprojektowane tak, aby wygl\u0105da\u0142y dobrze i elegancko, a jednocze\u015bnie by\u0142y por\u0119czne.<\/p>\n<h2>Kluczowe specyfikacje<\/h2>\n<table style=\"border-collapse: collapse; margin-left: auto; margin-right: auto; width: 80%;\" border=\"0\" width=\"812\" cellspacing=\"0\" cellpadding=\"0\">\n<tbody>\n<tr style=\"height: 13.50pt;\">\n<td style=\"height: 13.50pt; width: 136.50pt;\" width=\"182\" height=\"18\">Funkcja<\/td>\n<td style=\"width: 472.50pt;\" width=\"630\">Bli\u017csze dane<\/td>\n<\/tr>\n<tr style=\"height: 13.50pt;\">\n<td style=\"height: 13.50pt;\" height=\"18\">\u043f\u0443\u0441\u0442\u044b\u0435 \u043a\u043e\u0441\u043c\u0435\u0442\u0438\u0447\u0435\u0441\u043a\u0438\u0435 \u0431\u0430\u043d\u043e\u0447\u043a\u0438<\/td>\n<td>15 ml, 30 ml<\/td>\n<\/tr>\n<tr style=\"height: 13.50pt;\">\n<td style=\"height: 13.50pt;\" height=\"18\">Tworzywo<\/td>\n<td>Szk\u0142o wysokiej jako\u015bci (przezroczyste, o doskona\u0142ej przejrzysto\u015bci)<\/td>\n<\/tr>\n<tr style=\"height: 13.50pt;\">\n<td style=\"height: 13.50pt;\" height=\"18\">Opcje kolor\u00f3w<\/td>\n<td>Standardowe przezroczyste, z mo\u017cliwo\u015bci\u0105 dostosowania (np. matowe, przyciemniane)<\/td>\n<\/tr>\n<tr style=\"height: 13.50pt;\">\n<td style=\"height: 13.50pt;\" height=\"18\">Kszta\u0142t butelki<\/td>\n<td>Szeroka podstawa, kr\u00f3tka szyjka, zaokr\u0105glony kszta\u0142t \u2013 zapewnia stabilno\u015b\u0107 i elegancki profil<\/td>\n<\/tr>\n<tr style=\"height: 13.50pt;\">\n<td style=\"height: 13.50pt;\" height=\"18\">Idealny dla<\/td>\n<td>Nalewki zio\u0142owe Olejki eteryczne Serum do twarzy i piel\u0119gnacja sk\u00f3ry<\/td>\n<\/tr>\n<\/tbody>\n<\/table>\n<h2>Historia sukcesu<\/h2>\n<p>Dostawca ekstrakt\u00f3w zio\u0142owych w ci\u0105gu ostatniego roku przeszed\u0142 na t\u0119 butelk\u0119 ze szklanym kroplomierzem w swojej ofercie hurtowej. Spodoba\u0142 im si\u0119 przejrzysty uk\u0142ad, kt\u00f3ry nie tylko podkre\u015bla zio\u0142owy odcie\u0144 produktu, ale tak\u017ce plomba zabezpieczaj\u0105ca przed wyciekiem, gwarantuj\u0105ca nienaruszanie produktu. W ci\u0105gu trzech miesi\u0119cy odnotowali 20% wzrost liczby sta\u0142ych klient\u00f3w, a ich klientom spodoba\u0142a si\u0119 r\u00f3wnie\u017c wy\u017csza jako\u015b\u0107.<\/p>\n<h2>Wskaz\u00f3wki dotycz\u0105ce personalizacji<\/h2>\n<p>Chcesz w pe\u0142ni wykorzysta\u0107 potencja\u0142 swojej butelki, zamawiaj\u0105c j\u0105 z kroplomierzem szklanym? Wypr\u00f3buj te wskaz\u00f3wki:<\/p>\n<ul>\n<li>W przypadku formu\u0142 wra\u017cliwych na \u015bwiat\u0142o, u\u017cywaj butelek z matowego szk\u0142a. Zapewnia to ochron\u0119 i nadaje delikatny, luksusowy wygl\u0105d.<\/li>\n<li>Wymie\u0144 teksturowan\u0105 metalow\u0105 nakr\u0119tk\u0119 na tak\u0105 z matowym lub szczotkowanym wyko\u0144czeniem, aby uzupe\u0142ni\u0107 swoj\u0105 luksusow\u0105 lini\u0119 kosmetyk\u00f3w do piel\u0119gnacji sk\u00f3ry.<\/li>\n<li>Oferujemy dodatkowe obr\u00f3bki powierzchni, takie jak t\u0142oczenie na gor\u0105co, sitodruk, powlekanie i inne.<\/li>\n<\/ul>\n<p>Chcesz zaopatrzy\u0107 si\u0119 w niezawodne szklane butelki w szerokiej gamie kolor\u00f3w i z szybk\u0105 wysy\u0142k\u0105? Skontaktuj si\u0119 z nami. Pomagamy klientom B2B w budowaniu silnych i sp\u00f3jnych linii produkt\u00f3w \u2013 za ka\u017cdym razem.<\/p>","protected":false},"excerpt":{"rendered":"<p>Przezroczyste butelki z kroplomierzem o pojemno\u015bci 15 ml i 30 ml, ze szklan\u0105 pipet\u0105 i metalowym ko\u0142nierzem. Idealne szklane butelki na serum do kosmetyk\u00f3w do piel\u0119gnacji sk\u00f3ry i aromaterapii.<\/p>","protected":false},"featured_media":5607,"comment_status":"closed","ping_status":"closed","template":"","meta":{"_acf_changed":false,"site-sidebar-layout":"default","site-content-layout":"","ast-site-content-layout":"default","site-content-style":"default","site-sidebar-style":"default","ast-global-header-display":"","ast-banner-title-visibility":"","ast-main-header-display":"","ast-hfb-above-header-display":"","ast-hfb-below-header-display":"","ast-hfb-mobile-header-display":"","site-post-title":"","ast-breadcrumbs-content":"","ast-featured-img":"","footer-sml-layout":"","ast-disable-related-posts":"","theme-transparent-header-meta":"default","adv-header-id-meta":"","stick-header-meta":"","header-above-stick-meta":"","header-main-stick-meta":"","header-below-stick-meta":"","astra-migrate-meta-layouts":"set","ast-page-background-enabled":"default","ast-page-background-meta":{"desktop":{"background-color":"var(--ast-global-color-5)","background-image":"","background-repeat":"repeat","background-position":"center center","background-size":"auto","background-attachment":"scroll","background-type":"","background-media":"","overlay-type":"","overlay-color":"","overlay-opacity":"","overlay-gradient":""},"tablet":{"background-color":"","background-image":"","background-repeat":"repeat","background-position":"center center","background-size":"auto","background-attachment":"scroll","background-type":"","background-media":"","overlay-type":"","overlay-color":"","overlay-opacity":"","overlay-gradient":""},"mobile":{"background-color":"","background-image":"","background-repeat":"repeat","background-position":"center center","background-size":"auto","background-attachment":"scroll","background-type":"","background-media":"","overlay-type":"","overlay-color":"","overlay-opacity":"","overlay-gradient":""}},"ast-content-background-meta":{"desktop":{"background-color":"var(--ast-global-color-4)","background-image":"","background-repeat":"repeat","background-position":"center center","background-size":"auto","background-attachment":"scroll","background-type":"","background-media":"","overlay-type":"","overlay-color":"","overlay-opacity":"","overlay-gradient":""},"tablet":{"background-color":"var(--ast-global-color-4)","background-image":"","background-repeat":"repeat","background-position":"center center","background-size":"auto","background-attachment":"scroll","background-type":"","background-media":"","overlay-type":"","overlay-color":"","overlay-opacity":"","overlay-gradient":""},"mobile":{"background-color":"var(--ast-global-color-4)","background-image":"","background-repeat":"repeat","background-position":"center center","background-size":"auto","background-attachment":"scroll","background-type":"","background-media":"","overlay-type":"","overlay-color":"","overlay-opacity":"","overlay-gradient":""}}},"product_brand":[],"product_cat":[59,62,72,57],"product_tag":[190,204],"class_list":{"0":"post-5606","1":"product","2":"type-product","3":"status-publish","4":"has-post-thumbnail","6":"product_cat-glass-dropper-bottles","7":"product_cat-cosmetic-containers","8":"product_cat-cosmetic-packaging","9":"product_cat-essential-oil-bottles","10":"product_tag-cosmetic-pots-with-lids","11":"product_tag-frosted-cosmetic-jars","12":"desktop-align-left","13":"tablet-align-left","14":"mobile-align-left","16":"first","17":"instock","18":"shipping-taxable","19":"product-type-simple"},"acf":[],"jetpack_sharing_enabled":true,"_links":{"self":[{"href":"https:\/\/theperfumebottles.com\/pl\/wp-json\/wp\/v2\/product\/5606","targetHints":{"allow":["GET"]}}],"collection":[{"href":"https:\/\/theperfumebottles.com\/pl\/wp-json\/wp\/v2\/product"}],"about":[{"href":"https:\/\/theperfumebottles.com\/pl\/wp-json\/wp\/v2\/types\/product"}],"replies":[{"embeddable":true,"href":"https:\/\/theperfumebottles.com\/pl\/wp-json\/wp\/v2\/comments?post=5606"}],"wp:featuredmedia":[{"embeddable":true,"href":"https:\/\/theperfumebottles.com\/pl\/wp-json\/wp\/v2\/media\/5607"}],"wp:attachment":[{"href":"https:\/\/theperfumebottles.com\/pl\/wp-json\/wp\/v2\/media?parent=5606"}],"wp:term":[{"taxonomy":"product_brand","embeddable":true,"href":"https:\/\/theperfumebottles.com\/pl\/wp-json\/wp\/v2\/product_brand?post=5606"},{"taxonomy":"product_cat","embeddable":true,"href":"https:\/\/theperfumebottles.com\/pl\/wp-json\/wp\/v2\/product_cat?post=5606"},{"taxonomy":"product_tag","embeddable":true,"href":"https:\/\/theperfumebottles.com\/pl\/wp-json\/wp\/v2\/product_tag?post=5606"}],"curies":[{"name":"wp","href":"https:\/\/api.w.org\/{rel}","templated":true}]}}