{"id":5611,"date":"2025-08-13T18:02:09","date_gmt":"2025-08-13T10:02:09","guid":{"rendered":"https:\/\/theperfumebottles.com\/?post_type=product&#038;p=5611"},"modified":"2026-04-01T12:41:29","modified_gmt":"2026-04-01T04:41:29","slug":"30ml-gold-dropper-bottles-for-tinctures-wholesale","status":"publish","type":"product","link":"https:\/\/theperfumebottles.com\/pl\/produkt\/30ml-gold-dropper-bottles-for-tinctures-wholesale\/","title":{"rendered":"30 ml z\u0142ote butelki z kroplomierzem do nalewek hurtowo"},"content":{"rendered":"<p>Szukasz butelki z kroplomierzem, kt\u00f3ra b\u0119dzie si\u0119 wyr\u00f3\u017cnia\u0107 na p\u00f3\u0142ce i zapewni niesamowit\u0105 wydajno\u015b\u0107? Ta szklana butelka z kroplomierzem ma wysok\u0105, eleganck\u0105, cylindryczn\u0105 konstrukcj\u0119 w pi\u0119knym z\u0142otym kolorze z delikatnym, metalicznym po\u0142yskiem. Niezale\u017cnie od tego, czy pakujesz nalewki, serum, czy olejki eteryczne, ta szklana butelka z kroplomierzem jest zar\u00f3wno elegancka, jak i praktyczna.<\/p>\n<h2>Kluczowe specyfikacje<\/h2>\n<table style=\"border-collapse: collapse; margin-left: auto; margin-right: auto; width: 80%;\" border=\"0\" width=\"520\" cellspacing=\"0\" cellpadding=\"0\">\n<tbody>\n<tr style=\"height: 13.50pt;\">\n<td style=\"height: 13.50pt; width: 103.50pt;\" width=\"138\" height=\"18\">Specyfikacja<\/td>\n<td style=\"width: 286.50pt;\" width=\"382\">Bli\u017csze dane<\/td>\n<\/tr>\n<tr style=\"height: 13.50pt;\">\n<td style=\"height: 13.50pt;\" height=\"18\">Pojemno\u015b\u0107<\/td>\n<td>30 ml<\/td>\n<\/tr>\n<tr style=\"height: 17.25pt;\">\n<td style=\"height: 17.25pt;\" height=\"23\">Rozmiar<\/td>\n<td>37*65 mm<\/td>\n<\/tr>\n<tr style=\"height: 13.50pt;\">\n<td style=\"height: 13.50pt;\" height=\"18\">Tworzywo<\/td>\n<td>Wysokiej jako\u015bci szk\u0142o<\/td>\n<\/tr>\n<tr style=\"height: 13.50pt;\">\n<td style=\"height: 13.50pt;\" height=\"18\">Kolor butelki<\/td>\n<td>Jasne z\u0142oto z metalicznym po\u0142yskiem (mo\u017cliwo\u015b\u0107 personalizacji)<\/td>\n<\/tr>\n<tr style=\"height: 13.50pt;\">\n<td style=\"height: 13.50pt;\" height=\"18\">Kolor pokrywy<\/td>\n<td>Srebrny (mo\u017cna dostosowa\u0107)<\/td>\n<\/tr>\n<\/tbody>\n<\/table>\n<h2>Studium przypadku: Wp\u0142yw marki kosmetyk\u00f3w na p\u00f3\u0142k\u0119 sklepow\u0105<\/h2>\n<p>Logo naturalnej piel\u0119gnacji sk\u00f3ry by\u0142o wcze\u015bniej u\u017cywane w prostej, bursztynowej butelce na serum do twarzy. Ich produkt okaza\u0142 si\u0119 niesamowity, ale na zat\u0142oczonej p\u00f3\u0142ce wygl\u0105da\u0142 nietypowo. Dlatego przeszli na nasz\u0105 30-mililitrow\u0105, z\u0142ot\u0105, szklan\u0105 butelk\u0119 z kroplomierzem. Efekty by\u0142y natychmiastowe. L\u015bni\u0105ce wyko\u0144czenie butelki urzek\u0142o klient\u00f3w, kt\u00f3rzy okre\u015blili j\u0105 jako \u201edrog\u0105\u201d i \u201ewart\u0105 Instagrama\u201d. P\u00f3\u017aniej wprowadzili wersj\u0119 o pojemno\u015bci 15 ml. Teraz ca\u0142a ich linia produkt\u00f3w jest dost\u0119pna w tej charakterystycznej szklanej butelce ze szklanym kroplomierzem.<\/p>\n<h2>Wskaz\u00f3wki dotycz\u0105ce personalizacji<\/h2>\n<p>Chcesz, \u017ceby Twoja marka wyr\u00f3\u017cnia\u0142a si\u0119 jeszcze bardziej? Wypr\u00f3buj te:<\/p>\n<ul>\n<li>Wymie\u0144 srebrn\u0105 nakr\u0119tk\u0119 na matowo czarn\u0105 lub r\u00f3\u017cowoz\u0142ot\u0105, aby uzyska\u0107 efekt por\u00f3wnywalny z l\u015bni\u0105c\u0105 z\u0142ot\u0105 butelk\u0105.<\/li>\n<li>Matowe wyko\u0144czenie szk\u0142a nadaje mu delikatniejszy, bardziej naturalny wygl\u0105d \u2014 idealny do kolekcji prostych, wspania\u0142ych przedmiot\u00f3w.<\/li>\n<li>Buteleczka o pojemno\u015bci 15 ml to pr\u00f3bka. Buteleczka o pojemno\u015bci 30 ml to must-have. Dost\u0119pne s\u0105 r\u00f3wnie\u017c niestandardowe rozmiary, dzi\u0119ki czemu r\u00f3\u017cnica b\u0119dzie widoczna.<\/li>\n<\/ul>\n<p>Nie chodzi tu o byle jak\u0105 butelk\u0119, to udoskonalone opakowanie, kt\u00f3re mo\u017cna dostosowa\u0107 do swoich potrzeb.<\/p>","protected":false},"excerpt":{"rendered":"<p>Butelka z kroplomierzem do hurtowych ilo\u015bci olejk\u00f3w eterycznych, serum i kosmetyk\u00f3w. Wytrzyma\u0142a, stylowa i personalizowana do zam\u00f3wie\u0144 hurtowych.<\/p>","protected":false},"featured_media":5612,"comment_status":"closed","ping_status":"closed","template":"","meta":{"_acf_changed":false,"site-sidebar-layout":"default","site-content-layout":"","ast-site-content-layout":"default","site-content-style":"default","site-sidebar-style":"default","ast-global-header-display":"","ast-banner-title-visibility":"","ast-main-header-display":"","ast-hfb-above-header-display":"","ast-hfb-below-header-display":"","ast-hfb-mobile-header-display":"","site-post-title":"","ast-breadcrumbs-content":"","ast-featured-img":"","footer-sml-layout":"","ast-disable-related-posts":"","theme-transparent-header-meta":"default","adv-header-id-meta":"","stick-header-meta":"","header-above-stick-meta":"","header-main-stick-meta":"","header-below-stick-meta":"","astra-migrate-meta-layouts":"set","ast-page-background-enabled":"default","ast-page-background-meta":{"desktop":{"background-color":"var(--ast-global-color-5)","background-image":"","background-repeat":"repeat","background-position":"center center","background-size":"auto","background-attachment":"scroll","background-type":"","background-media":"","overlay-type":"","overlay-color":"","overlay-opacity":"","overlay-gradient":""},"tablet":{"background-color":"","background-image":"","background-repeat":"repeat","background-position":"center center","background-size":"auto","background-attachment":"scroll","background-type":"","background-media":"","overlay-type":"","overlay-color":"","overlay-opacity":"","overlay-gradient":""},"mobile":{"background-color":"","background-image":"","background-repeat":"repeat","background-position":"center center","background-size":"auto","background-attachment":"scroll","background-type":"","background-media":"","overlay-type":"","overlay-color":"","overlay-opacity":"","overlay-gradient":""}},"ast-content-background-meta":{"desktop":{"background-color":"var(--ast-global-color-4)","background-image":"","background-repeat":"repeat","background-position":"center center","background-size":"auto","background-attachment":"scroll","background-type":"","background-media":"","overlay-type":"","overlay-color":"","overlay-opacity":"","overlay-gradient":""},"tablet":{"background-color":"var(--ast-global-color-4)","background-image":"","background-repeat":"repeat","background-position":"center center","background-size":"auto","background-attachment":"scroll","background-type":"","background-media":"","overlay-type":"","overlay-color":"","overlay-opacity":"","overlay-gradient":""},"mobile":{"background-color":"var(--ast-global-color-4)","background-image":"","background-repeat":"repeat","background-position":"center center","background-size":"auto","background-attachment":"scroll","background-type":"","background-media":"","overlay-type":"","overlay-color":"","overlay-opacity":"","overlay-gradient":""}}},"product_brand":[],"product_cat":[59,72,62,57],"product_tag":[190,204],"class_list":{"0":"post-5611","1":"product","2":"type-product","3":"status-publish","4":"has-post-thumbnail","6":"product_cat-glass-dropper-bottles","7":"product_cat-cosmetic-packaging","8":"product_cat-cosmetic-containers","9":"product_cat-essential-oil-bottles","10":"product_tag-cosmetic-pots-with-lids","11":"product_tag-frosted-cosmetic-jars","12":"desktop-align-left","13":"tablet-align-left","14":"mobile-align-left","16":"first","17":"instock","18":"shipping-taxable","19":"product-type-simple"},"acf":[],"jetpack_sharing_enabled":true,"_links":{"self":[{"href":"https:\/\/theperfumebottles.com\/pl\/wp-json\/wp\/v2\/product\/5611","targetHints":{"allow":["GET"]}}],"collection":[{"href":"https:\/\/theperfumebottles.com\/pl\/wp-json\/wp\/v2\/product"}],"about":[{"href":"https:\/\/theperfumebottles.com\/pl\/wp-json\/wp\/v2\/types\/product"}],"replies":[{"embeddable":true,"href":"https:\/\/theperfumebottles.com\/pl\/wp-json\/wp\/v2\/comments?post=5611"}],"wp:featuredmedia":[{"embeddable":true,"href":"https:\/\/theperfumebottles.com\/pl\/wp-json\/wp\/v2\/media\/5612"}],"wp:attachment":[{"href":"https:\/\/theperfumebottles.com\/pl\/wp-json\/wp\/v2\/media?parent=5611"}],"wp:term":[{"taxonomy":"product_brand","embeddable":true,"href":"https:\/\/theperfumebottles.com\/pl\/wp-json\/wp\/v2\/product_brand?post=5611"},{"taxonomy":"product_cat","embeddable":true,"href":"https:\/\/theperfumebottles.com\/pl\/wp-json\/wp\/v2\/product_cat?post=5611"},{"taxonomy":"product_tag","embeddable":true,"href":"https:\/\/theperfumebottles.com\/pl\/wp-json\/wp\/v2\/product_tag?post=5611"}],"curies":[{"name":"wp","href":"https:\/\/api.w.org\/{rel}","templated":true}]}}