{"id":5625,"date":"2025-08-14T18:00:02","date_gmt":"2025-08-14T10:00:02","guid":{"rendered":"https:\/\/theperfumebottles.com\/?post_type=product&#038;p=5625"},"modified":"2025-08-25T17:58:23","modified_gmt":"2025-08-25T09:58:23","slug":"wholesale-flat-square-amber-bottles-with-dropper","status":"publish","type":"product","link":"https:\/\/theperfumebottles.com\/pl\/produkt\/wholesale-flat-square-amber-bottles-with-dropper\/","title":{"rendered":"Hurtowa sprzeda\u017c p\u0142askich, kwadratowych, bursztynowych butelek o pojemno\u015bci 30 ml z kroplomierzem"},"content":{"rendered":"<p><span class=\"diff-highlight\">Czy<\/span> <span class=\"diff-highlight\">Ty<\/span> <span class=\"diff-highlight\">patrz\u0105c<\/span> dla stylowego i <span class=\"diff-highlight\">funkcjonalny<\/span> spos\u00f3b przechowywania olejk\u00f3w eterycznych lub <span class=\"diff-highlight\">serum<\/span>? Nasze bursztynowe butelki z kroplomierzem s\u0105 idealne <span class=\"diff-highlight\">Do<\/span> <span class=\"diff-highlight\">Ty<\/span><span class=\"diff-highlight\">!<\/span> <span class=\"diff-highlight\">Zrobiony<\/span> ze szk\u0142a wysokiej jako\u015bci, <span class=\"diff-highlight\">nasz<\/span> <span class=\"diff-highlight\">bursztyn<\/span> <span class=\"diff-highlight\">butelki<\/span> <span class=\"diff-highlight\">zapobiega\u0107<\/span> <span class=\"diff-highlight\">ten<\/span> <span class=\"diff-highlight\">przeciek<\/span> <span class=\"diff-highlight\">z<\/span> <span class=\"diff-highlight\">szkodliwy<\/span> <span class=\"diff-highlight\">Promieniowanie ultrafioletowe<\/span> <span class=\"diff-highlight\">promienie<\/span><span class=\"diff-highlight\">.<\/span> <span class=\"diff-highlight\">Dodatkowo<\/span>, <span class=\"diff-highlight\">z<\/span> <span class=\"diff-highlight\">ten<\/span> <span class=\"diff-highlight\">zakraplacz<\/span><span class=\"diff-highlight\">,<\/span> <span class=\"diff-highlight\">Ty<\/span> <span class=\"diff-highlight\">M\u00f3c<\/span> <span class=\"diff-highlight\">oby\u0107 si\u0119<\/span> ten <span class=\"diff-highlight\">doskona\u0142y<\/span> kwot\u0119 za ka\u017cdym razem.<\/p>\n<h2>Kluczowe specyfikacje<\/h2>\n<table style=\"border-collapse: collapse;margin-left: auto;margin-right: auto;width: 80%\" border=\"0\" width=\"537\" cellspacing=\"0\" cellpadding=\"0\">\n<tbody>\n<tr style=\"height: 13.50pt\">\n<td style=\"height: 13.50pt;width: 111.00pt\" width=\"148\" height=\"18\">Funkcja<\/td>\n<td style=\"width: 291.75pt\" width=\"389\">Bli\u017csze dane<\/td>\n<\/tr>\n<tr style=\"height: 13.50pt\">\n<td style=\"height: 13.50pt\" height=\"18\">Dost\u0119pne rozmiary<\/td>\n<td>30 ml<\/td>\n<\/tr>\n<tr style=\"height: 13.50pt\">\n<td style=\"height: 13.50pt\" height=\"18\">Tworzywo<\/td>\n<td>Wysokiej jako\u015bci szk\u0142o<\/td>\n<\/tr>\n<tr style=\"height: 13.50pt\">\n<td style=\"height: 13.50pt\" height=\"18\">Kolor<\/td>\n<td>Standardowy przezroczysty, bursztynowy, r\u00f3\u017cowy (dost\u0119pne niestandardowe opcje kolorystyczne)<\/td>\n<\/tr>\n<tr style=\"height: 13.50pt\">\n<td style=\"height: 13.50pt\" height=\"18\">Sko\u0144czy\u0107<\/td>\n<td>Przezroczysty lub szronowy (na \u017cyczenie)<\/td>\n<\/tr>\n<tr style=\"height: 13.50pt\">\n<td style=\"height: 13.50pt\" height=\"18\">Przypadek u\u017cycia<\/td>\n<td>Nalewki, olejki eteryczne, serum<\/td>\n<\/tr>\n<\/tbody>\n<\/table>\n<h2>Wygrana w realnym \u015bwiecie: od ba\u0142aganu do przejrzystego brandingu<\/h2>\n<p>Marka produkt\u00f3w naturalnych zrezygnowa\u0142a z przezroczystych szklanych butelek na rzecz 30-mililitrowych, bursztynowych butelek z kroplomierzem do swoich nalewek zio\u0142owych. Bursztynowe szk\u0142o rozwi\u0105za\u0142o problem ekspozycji na \u015bwiat\u0142o, dzi\u0119ki czemu formu\u0142a d\u0142u\u017cej zachowa\u0142a \u015bwie\u017co\u015b\u0107. Ponadto klienci uznali bursztynowe butelki z kroplomierzem za bardziej godne zaufania, a z\u0142oty pier\u015bcie\u0144 doda\u0142 im ekskluzywnego charakteru, a p\u0142askie boki u\u0142atwi\u0142y chwyt i etykietowanie.<\/p>\n<h2>Inteligentne wskaz\u00f3wki dotycz\u0105ce personalizacji Twojego zam\u00f3wienia<\/h2>\n<p>Chcesz wyr\u00f3\u017cni\u0107 swoj\u0105 mark\u0119? Wypr\u00f3buj te pomys\u0142y:<\/p>\n<ul>\n<li>U\u017cyj matowego wyko\u0144czenia na bursztynowym szkle, aby uzyska\u0107 delikatniejszy, organiczny wygl\u0105d \u2014 idealny dla uzyskania czystego pi\u0119kna lub ekologicznych linii.<\/li>\n<li>Zamie\u0144 z\u0142oty pier\u015bcie\u0144 na matowoczarny lub szczotkowany srebrny, aby dopasowa\u0107 go do klimatu swojej marki.<\/li>\n<li>Zapakuj kilka bursztynowych butelek z kroplomierzem w firmowe pude\u0142ko. Idealne dla partner\u00f3w hurtowych lub jako zestawy prezentowe.<\/li>\n<\/ul>\n<p>Od hurtownik\u00f3w po du\u017cych dystrybutor\u00f3w, te bursztynowe butelki szklane dostosowuj\u0105 si\u0119 do Twoich potrzeb. S\u0105 odpowiednie zar\u00f3wno do ma\u0142ych serii testowych, jak i du\u017cych zam\u00f3wie\u0144 hurtowych \u2013 bez obni\u017cania wysokich standard\u00f3w jako\u015bci.<\/p>","protected":false},"excerpt":{"rendered":"<p>Hurtowe bursztynowe butelki z kroplomierzem na olejki eteryczne, serum i kosmetyki. Wytrzyma\u0142e szk\u0142o, personalizowane, idealne do zam\u00f3wie\u0144 hurtowych.<\/p>","protected":false},"featured_media":5641,"comment_status":"closed","ping_status":"closed","template":"","meta":{"_acf_changed":false,"site-sidebar-layout":"default","site-content-layout":"","ast-site-content-layout":"default","site-content-style":"default","site-sidebar-style":"default","ast-global-header-display":"","ast-banner-title-visibility":"","ast-main-header-display":"","ast-hfb-above-header-display":"","ast-hfb-below-header-display":"","ast-hfb-mobile-header-display":"","site-post-title":"","ast-breadcrumbs-content":"","ast-featured-img":"","footer-sml-layout":"","ast-disable-related-posts":"","theme-transparent-header-meta":"default","adv-header-id-meta":"","stick-header-meta":"","header-above-stick-meta":"","header-main-stick-meta":"","header-below-stick-meta":"","astra-migrate-meta-layouts":"set","ast-page-background-enabled":"default","ast-page-background-meta":{"desktop":{"background-color":"var(--ast-global-color-5)","background-image":"","background-repeat":"repeat","background-position":"center center","background-size":"auto","background-attachment":"scroll","background-type":"","background-media":"","overlay-type":"","overlay-color":"","overlay-opacity":"","overlay-gradient":""},"tablet":{"background-color":"","background-image":"","background-repeat":"repeat","background-position":"center center","background-size":"auto","background-attachment":"scroll","background-type":"","background-media":"","overlay-type":"","overlay-color":"","overlay-opacity":"","overlay-gradient":""},"mobile":{"background-color":"","background-image":"","background-repeat":"repeat","background-position":"center center","background-size":"auto","background-attachment":"scroll","background-type":"","background-media":"","overlay-type":"","overlay-color":"","overlay-opacity":"","overlay-gradient":""}},"ast-content-background-meta":{"desktop":{"background-color":"var(--ast-global-color-4)","background-image":"","background-repeat":"repeat","background-position":"center center","background-size":"auto","background-attachment":"scroll","background-type":"","background-media":"","overlay-type":"","overlay-color":"","overlay-opacity":"","overlay-gradient":""},"tablet":{"background-color":"var(--ast-global-color-4)","background-image":"","background-repeat":"repeat","background-position":"center center","background-size":"auto","background-attachment":"scroll","background-type":"","background-media":"","overlay-type":"","overlay-color":"","overlay-opacity":"","overlay-gradient":""},"mobile":{"background-color":"var(--ast-global-color-4)","background-image":"","background-repeat":"repeat","background-position":"center center","background-size":"auto","background-attachment":"scroll","background-type":"","background-media":"","overlay-type":"","overlay-color":"","overlay-opacity":"","overlay-gradient":""}}},"product_brand":[],"product_cat":[62,72,57,59],"product_tag":[190,204],"class_list":{"0":"post-5625","1":"product","2":"type-product","3":"status-publish","4":"has-post-thumbnail","6":"product_cat-cosmetic-containers","7":"product_cat-cosmetic-packaging","8":"product_cat-essential-oil-bottles","9":"product_cat-glass-dropper-bottles","10":"product_tag-cosmetic-pots-with-lids","11":"product_tag-frosted-cosmetic-jars","12":"desktop-align-left","13":"tablet-align-left","14":"mobile-align-left","16":"first","17":"instock","18":"shipping-taxable","19":"product-type-simple"},"acf":[],"jetpack_sharing_enabled":true,"_links":{"self":[{"href":"https:\/\/theperfumebottles.com\/pl\/wp-json\/wp\/v2\/product\/5625","targetHints":{"allow":["GET"]}}],"collection":[{"href":"https:\/\/theperfumebottles.com\/pl\/wp-json\/wp\/v2\/product"}],"about":[{"href":"https:\/\/theperfumebottles.com\/pl\/wp-json\/wp\/v2\/types\/product"}],"replies":[{"embeddable":true,"href":"https:\/\/theperfumebottles.com\/pl\/wp-json\/wp\/v2\/comments?post=5625"}],"wp:featuredmedia":[{"embeddable":true,"href":"https:\/\/theperfumebottles.com\/pl\/wp-json\/wp\/v2\/media\/5641"}],"wp:attachment":[{"href":"https:\/\/theperfumebottles.com\/pl\/wp-json\/wp\/v2\/media?parent=5625"}],"wp:term":[{"taxonomy":"product_brand","embeddable":true,"href":"https:\/\/theperfumebottles.com\/pl\/wp-json\/wp\/v2\/product_brand?post=5625"},{"taxonomy":"product_cat","embeddable":true,"href":"https:\/\/theperfumebottles.com\/pl\/wp-json\/wp\/v2\/product_cat?post=5625"},{"taxonomy":"product_tag","embeddable":true,"href":"https:\/\/theperfumebottles.com\/pl\/wp-json\/wp\/v2\/product_tag?post=5625"}],"curies":[{"name":"wp","href":"https:\/\/api.w.org\/{rel}","templated":true}]}}