{"id":5703,"date":"2025-08-15T18:02:59","date_gmt":"2025-08-15T10:02:59","guid":{"rendered":"https:\/\/theperfumebottles.com\/?post_type=product&#038;p=5703"},"modified":"2026-04-01T12:43:35","modified_gmt":"2026-04-01T04:43:35","slug":"wholesale-empty-dropper-bottle-with-purple-press-dropper","status":"publish","type":"product","link":"https:\/\/theperfumebottles.com\/pl\/produkt\/wholesale-empty-dropper-bottle-with-purple-press-dropper\/","title":{"rendered":"Hurtowa pusta butelka z kroplomierzem o pojemno\u015bci 25 ml z fioletowym kroplomierzem"},"content":{"rendered":"<p>Ta pusta butelka z kroplomierzem, stworzona wy\u0142\u0105cznie dla klient\u00f3w hurtowych, wykonana jest z najwy\u017cszej jako\u015bci szk\u0142a o prostym, \u0142ezkowatym kszta\u0142cie. Czysta butelka podkre\u015bla czysto\u015b\u0107 Twojego olejku eterycznego, a elegancka, czerwona nakr\u0119tka z kroplomierzem zapewnia \u0142atwy dost\u0119p i bezpieczne przechowywanie, dzi\u0119ki czemu jest idealnym uzupe\u0142nieniem Twojej kolekcji olejk\u00f3w eterycznych lub nalewek.<\/p>\n<h2>Kluczowe specyfikacje<\/h2>\n<table style=\"border-collapse: collapse; margin-left: auto; margin-right: auto; width: 80%;\" border=\"0\" width=\"458\" cellspacing=\"0\" cellpadding=\"0\">\n<tbody>\n<tr style=\"height: 13.50pt;\">\n<td style=\"height: 13.50pt; width: 81.00pt;\" width=\"108\" height=\"18\">Funkcja<\/td>\n<td style=\"width: 262.50pt;\" width=\"350\">Szczeg\u00f3\u0142<\/td>\n<\/tr>\n<tr style=\"height: 13.50pt;\">\n<td style=\"height: 13.50pt;\" height=\"18\">Pojemno\u015b\u0107<\/td>\n<td>25 ml<\/td>\n<\/tr>\n<tr style=\"height: 13.50pt;\">\n<td style=\"height: 13.50pt;\" height=\"18\">Tworzywo<\/td>\n<td>Wysokiej jako\u015bci szk\u0142o<\/td>\n<\/tr>\n<tr style=\"height: 13.50pt;\">\n<td style=\"height: 13.50pt;\" height=\"18\">Typ butelki<\/td>\n<td>Butelki szklane z kroplomierzem<\/td>\n<\/tr>\n<tr style=\"height: 13.50pt;\">\n<td style=\"height: 13.50pt;\" height=\"18\">Zamkni\u0119cie<\/td>\n<td>Fioletowa pokrywka z kroplomierzem (kolor do wyboru)<\/td>\n<\/tr>\n<tr style=\"height: 13.50pt;\">\n<td style=\"height: 13.50pt;\" height=\"18\">Sko\u0144czy\u0107<\/td>\n<td>Szk\u0142o przezroczyste z opcj\u0105 szronu<\/td>\n<\/tr>\n<tr style=\"height: 13.50pt;\">\n<td style=\"height: 13.50pt;\" height=\"18\">Idealny dla<\/td>\n<td>Olejek eteryczny, olejek do w\u0142os\u00f3w, olejek do twarzy, serum<\/td>\n<\/tr>\n<\/tbody>\n<\/table>\n<h2>Sukces w \u015bwiecie rzeczywistym: Jak odni\u00f3s\u0142 sukces startup zajmuj\u0105cy si\u0119 piel\u0119gnacj\u0105 sk\u00f3ry<\/h2>\n<p>Logo przerodzi\u0142o si\u0119 w wprowadzenie na rynek zupe\u0142nie nowej linii serum do twarzy. Brakowa\u0142o im pustych buteleczek z kroplomierzem, kt\u00f3re wygl\u0105da\u0142yby na luksusowe, ale by\u0142yby niedrogie. Po wypr\u00f3bowaniu kilku opcji, wybrali nasze 25-mililitrowe szklane butelki i dostosowali kolor kroplomierza do fioletowego koloru logo \u2013 efekt? Klienci byli zachwyceni elegancj\u0105. Buteleczka przetrwa\u0142a ca\u0142y proces wysy\u0142ki bez najmniejszego wycieku. Zam\u00f3wili ju\u017c trzy razy i u\u017cywaj\u0105 jej do ca\u0142ej swojej linii produkt\u00f3w.<\/p>\n<h2>Chcesz spersonalizowa\u0107 sw\u00f3j kroplomierz?<\/h2>\n<p>Oto spos\u00f3b, aby to pude\u0142ko naprawd\u0119 sta\u0142o si\u0119 Twoje:<\/p>\n<ul>\n<li>Zamie\u0144 fioletow\u0105 ko\u0144c\u00f3wk\u0119 zakraplacza na ko\u0144c\u00f3wk\u0119 czarn\u0105, z\u0142ot\u0105 lub matow\u0105 \u2014 najlepsze rozwi\u0105zanie w przypadku producent\u00f3w luksusowych.<\/li>\n<li>U\u017cyj matowego szk\u0142a, aby uzyska\u0107 wra\u017cenie \u0142agodno\u015bci i relaksu niczym w spa \u2014 idealne do koj\u0105cych mieszanek olejk\u00f3w eterycznych.<\/li>\n<li>Szukasz dodatkowych wyko\u0144cze\u0144? Oferujemy t\u0142oczenie na gor\u0105co, sitodruk, powlekanie, matowanie, kalkomanie, platerowanie, etykietowanie i wiele innych.<\/li>\n<\/ul>\n<p>Niezale\u017cnie od tego, czy potrzebujesz 1000, czy 10 000 gad\u017cet\u00f3w, umo\u017cliwiamy Ci zwi\u0119kszenie skali. Te szklane butelki z kroplomierzem to co\u015b wi\u0119cej ni\u017c tylko produkt; to pierwszy efekt, jaki odczujesz po zakupie. Po co i\u015b\u0107 na kompromis? Kup ju\u017c dzi\u015b nasze wysokiej jako\u015bci puste butelki z kroplomierzem i zapewnij swojej marce bezpiecze\u0144stwo, precyzj\u0119 i wyrafinowanie, na jakie zas\u0142uguje.<\/p>","protected":false},"excerpt":{"rendered":"<p>Puste butelki z kroplomierzem i butelki na olej z kroplomierzem w hurtowych ilo\u015bciach, idealne do olejk\u00f3w eterycznych, serum i opakowa\u0144 kosmetycznych. Mo\u017cliwo\u015b\u0107 personalizacji.<\/p>","protected":false},"featured_media":5704,"comment_status":"closed","ping_status":"closed","template":"","meta":{"_acf_changed":false,"site-sidebar-layout":"default","site-content-layout":"","ast-site-content-layout":"default","site-content-style":"default","site-sidebar-style":"default","ast-global-header-display":"","ast-banner-title-visibility":"","ast-main-header-display":"","ast-hfb-above-header-display":"","ast-hfb-below-header-display":"","ast-hfb-mobile-header-display":"","site-post-title":"","ast-breadcrumbs-content":"","ast-featured-img":"","footer-sml-layout":"","ast-disable-related-posts":"","theme-transparent-header-meta":"default","adv-header-id-meta":"","stick-header-meta":"","header-above-stick-meta":"","header-main-stick-meta":"","header-below-stick-meta":"","astra-migrate-meta-layouts":"set","ast-page-background-enabled":"default","ast-page-background-meta":{"desktop":{"background-color":"var(--ast-global-color-5)","background-image":"","background-repeat":"repeat","background-position":"center center","background-size":"auto","background-attachment":"scroll","background-type":"","background-media":"","overlay-type":"","overlay-color":"","overlay-opacity":"","overlay-gradient":""},"tablet":{"background-color":"","background-image":"","background-repeat":"repeat","background-position":"center center","background-size":"auto","background-attachment":"scroll","background-type":"","background-media":"","overlay-type":"","overlay-color":"","overlay-opacity":"","overlay-gradient":""},"mobile":{"background-color":"","background-image":"","background-repeat":"repeat","background-position":"center center","background-size":"auto","background-attachment":"scroll","background-type":"","background-media":"","overlay-type":"","overlay-color":"","overlay-opacity":"","overlay-gradient":""}},"ast-content-background-meta":{"desktop":{"background-color":"var(--ast-global-color-4)","background-image":"","background-repeat":"repeat","background-position":"center center","background-size":"auto","background-attachment":"scroll","background-type":"","background-media":"","overlay-type":"","overlay-color":"","overlay-opacity":"","overlay-gradient":""},"tablet":{"background-color":"var(--ast-global-color-4)","background-image":"","background-repeat":"repeat","background-position":"center center","background-size":"auto","background-attachment":"scroll","background-type":"","background-media":"","overlay-type":"","overlay-color":"","overlay-opacity":"","overlay-gradient":""},"mobile":{"background-color":"var(--ast-global-color-4)","background-image":"","background-repeat":"repeat","background-position":"center center","background-size":"auto","background-attachment":"scroll","background-type":"","background-media":"","overlay-type":"","overlay-color":"","overlay-opacity":"","overlay-gradient":""}}},"product_brand":[],"product_cat":[59,62,72,57],"product_tag":[190,204],"class_list":{"0":"post-5703","1":"product","2":"type-product","3":"status-publish","4":"has-post-thumbnail","6":"product_cat-glass-dropper-bottles","7":"product_cat-cosmetic-containers","8":"product_cat-cosmetic-packaging","9":"product_cat-essential-oil-bottles","10":"product_tag-cosmetic-pots-with-lids","11":"product_tag-frosted-cosmetic-jars","12":"desktop-align-left","13":"tablet-align-left","14":"mobile-align-left","16":"first","17":"instock","18":"shipping-taxable","19":"product-type-simple"},"acf":[],"jetpack_sharing_enabled":true,"_links":{"self":[{"href":"https:\/\/theperfumebottles.com\/pl\/wp-json\/wp\/v2\/product\/5703","targetHints":{"allow":["GET"]}}],"collection":[{"href":"https:\/\/theperfumebottles.com\/pl\/wp-json\/wp\/v2\/product"}],"about":[{"href":"https:\/\/theperfumebottles.com\/pl\/wp-json\/wp\/v2\/types\/product"}],"replies":[{"embeddable":true,"href":"https:\/\/theperfumebottles.com\/pl\/wp-json\/wp\/v2\/comments?post=5703"}],"wp:featuredmedia":[{"embeddable":true,"href":"https:\/\/theperfumebottles.com\/pl\/wp-json\/wp\/v2\/media\/5704"}],"wp:attachment":[{"href":"https:\/\/theperfumebottles.com\/pl\/wp-json\/wp\/v2\/media?parent=5703"}],"wp:term":[{"taxonomy":"product_brand","embeddable":true,"href":"https:\/\/theperfumebottles.com\/pl\/wp-json\/wp\/v2\/product_brand?post=5703"},{"taxonomy":"product_cat","embeddable":true,"href":"https:\/\/theperfumebottles.com\/pl\/wp-json\/wp\/v2\/product_cat?post=5703"},{"taxonomy":"product_tag","embeddable":true,"href":"https:\/\/theperfumebottles.com\/pl\/wp-json\/wp\/v2\/product_tag?post=5703"}],"curies":[{"name":"wp","href":"https:\/\/api.w.org\/{rel}","templated":true}]}}