{"id":6374,"date":"2025-09-15T18:04:21","date_gmt":"2025-09-15T10:04:21","guid":{"rendered":"https:\/\/theperfumebottles.com\/?post_type=product&#038;p=6374"},"modified":"2026-03-26T14:54:19","modified_gmt":"2026-03-26T06:54:19","slug":"cosmetic-glass-containers-with-gold-trim-design-bulk","status":"publish","type":"product","link":"https:\/\/theperfumebottles.com\/pl\/produkt\/cosmetic-glass-containers-with-gold-trim-design-bulk\/","title":{"rendered":"Szklane pojemniki na kosmetyki o pojemno\u015bci 30 ml \u2013 130 ml ze z\u0142otym wyko\u0144czeniem, hurtowe"},"content":{"rendered":"<p>Ka\u017cdy produkt z tego zestawu szklanych pojemnik\u00f3w kosmetycznych ma efektown\u0105, tr\u00f3jk\u0105tn\u0105 podstaw\u0119 \u2013 solidn\u0105, stabiln\u0105 i natychmiast przyci\u0105gaj\u0105c\u0105 wzrok. Nieskazitelna biel butelek kontrastuje ze z\u0142otymi akcentami na nakr\u0119tce i \u015brodku, nadaj\u0105c ka\u017cdej butelce i s\u0142oiczkowi ekskluzywny charakter. Zestaw zawiera s\u0142oiczki do krem\u00f3w i butelki z pompk\u0105 w r\u00f3\u017cnych rozmiarach.<\/p>\n<h2>Kluczowe specyfikacje<\/h2>\n<table style=\"border-collapse: collapse; margin-left: auto; margin-right: auto; width: 504.02pt;\" border=\"0\" width=\"672\" cellspacing=\"0\" cellpadding=\"0\">\n<tbody>\n<tr style=\"height: 13.50pt;\">\n<td class=\"et3\" style=\"height: 13.5pt; width: 121.5pt; text-align: center;\" width=\"162\" height=\"18\"><strong>Pojemno\u015b\u0107 (ml)<\/strong><\/td>\n<td class=\"et3\" style=\"width: 76.5pt; text-align: center;\" width=\"102\"><strong>30<\/strong><\/td>\n<td class=\"et3\" style=\"width: 76.5pt; text-align: center;\" width=\"102\"><strong>45<\/strong><\/td>\n<td class=\"et3\" style=\"width: 76.5pt; text-align: center;\" width=\"102\"><strong>50<\/strong><\/td>\n<td class=\"et3\" style=\"width: 76.5pt; text-align: center;\" width=\"102\"><strong>110<\/strong><\/td>\n<td class=\"et3\" style=\"width: 76.5pt; text-align: center;\" width=\"102\"><strong>130<\/strong><\/td>\n<\/tr>\n<tr style=\"height: 13.50pt;\">\n<td class=\"et2\" style=\"height: 13.5pt; text-align: center;\" height=\"18\">\u015arednica szyjki (mm)<\/td>\n<td class=\"et2\" style=\"text-align: center;\">46<\/td>\n<td class=\"et2\" style=\"text-align: center;\">46<\/td>\n<td class=\"et2\" style=\"text-align: center;\">17<\/td>\n<td class=\"et2\" style=\"text-align: center;\">20<\/td>\n<td class=\"et2\" style=\"text-align: center;\">20<\/td>\n<\/tr>\n<tr style=\"height: 13.50pt;\">\n<td class=\"et2\" style=\"height: 13.5pt; text-align: center;\" height=\"18\">\u015arednica (mm)<\/td>\n<td class=\"et2\" style=\"text-align: center;\">56<\/td>\n<td class=\"et2\" style=\"text-align: center;\">64<\/td>\n<td class=\"et2\" style=\"text-align: center;\">38<\/td>\n<td class=\"et2\" style=\"text-align: center;\">46<\/td>\n<td class=\"et2\" style=\"text-align: center;\">48<\/td>\n<\/tr>\n<tr style=\"height: 13.50pt;\">\n<td class=\"et2\" style=\"height: 13.5pt; text-align: center;\" height=\"18\">Wysoko\u015b\u0107 butelki (mm)<\/td>\n<td class=\"et2\" style=\"text-align: center;\">42<\/td>\n<td class=\"et2\" style=\"text-align: center;\">46<\/td>\n<td class=\"et2\" style=\"text-align: center;\">106<\/td>\n<td class=\"et2\" style=\"text-align: center;\">142<\/td>\n<td class=\"et2\" style=\"text-align: center;\">162<\/td>\n<\/tr>\n<tr style=\"height: 13.50pt;\">\n<td class=\"et2\" style=\"height: 13.5pt; text-align: center;\" height=\"18\">Ca\u0142kowita wysoko\u015b\u0107 (mm)<\/td>\n<td class=\"et2\" style=\"text-align: center;\">50<\/td>\n<td class=\"et2\" style=\"text-align: center;\">60<\/td>\n<td class=\"et2\" style=\"text-align: center;\">140<\/td>\n<td class=\"et2\" style=\"text-align: center;\">182<\/td>\n<td class=\"et2\" style=\"text-align: center;\">200<\/td>\n<\/tr>\n<tr style=\"height: 13.50pt;\">\n<td class=\"et2\" style=\"height: 13.5pt; text-align: center;\" height=\"18\">Tworzywo<\/td>\n<td class=\"et2\" style=\"text-align: center;\" colspan=\"5\">Kryszta\u0142<\/td>\n<\/tr>\n<tr style=\"height: 13.50pt;\">\n<td class=\"et2\" style=\"height: 13.50pt;\" height=\"18\">Opcje niestandardowe<\/td>\n<td class=\"et2\" style=\"text-align: center;\" colspan=\"5\">Obr\u00f3bka powierzchni, kolor, rozmiar, kszta\u0142t, logo, akcesoria<\/td>\n<\/tr>\n<tr style=\"height: 13.50pt;\">\n<td class=\"et2\" style=\"height: 13.5pt; text-align: center;\" height=\"18\">Idealny dla<\/td>\n<td class=\"et2\" style=\"text-align: center;\" colspan=\"5\">Zestawy do piel\u0119gnacji sk\u00f3ry, \u015brodek oczyszczaj\u0105cy, woda esencjalna, balsam\/krem esencjalny<\/td>\n<\/tr>\n<\/tbody>\n<\/table>\n<h2>Przypadek sukcesu<\/h2>\n<p>Jedna z najbardziej ekskluzywnych marek kosmetycznych w Korei Po\u0142udniowej ostatecznie zdecydowa\u0142a si\u0119 na nasz zestaw bia\u0142ych, szklanych butelek, a nast\u0119pnie mocno go spersonalizowa\u0142a, dostosowuj\u0105c do swojej minimalistycznej wra\u017cliwo\u015bci: matowa, bia\u0142a butelka z grawerowanym, galwanizowanym pier\u015bcieniem w kolorze szampa\u0144skiego z\u0142ota, kontrastuj\u0105cym z ekskluzywnym wyko\u0144czeniem; posiada specjalnie zaprojektowany dozownik z pompk\u0105, kt\u00f3ry pozwala regulowa\u0107 ilo\u015b\u0107 dozowanego balsamu i serum. Co wi\u0119cej, nadrukowali\u015bmy logo marki na opakowaniach metod\u0105 hot-stampingu, aby zapewni\u0107 trwa\u0142o\u015b\u0107, a tak\u017ce g\u0142adki i elegancki wygl\u0105d.<\/p>\n<p>Dzi\u0119ki wprowadzeniu nowego opakowania sprzeda\u017c wzros\u0142a o 28 procent w ci\u0105gu dw\u00f3ch miesi\u0119cy. Klient by\u0142 bardzo zadowolony z jako\u015bci opakowania i reakcji rynku, co zaowocowa\u0142o wi\u0119ksz\u0105 liczb\u0105 zam\u00f3wie\u0144 i rozszerzeniem tego typu opakowa\u0144 na inne linie produkt\u00f3w do piel\u0119gnacji sk\u00f3ry.<\/p>\n<h2>Wskaz\u00f3wki dotycz\u0105ce personalizacji<\/h2>\n<p>Chcesz, aby ten szklany pojemnik na kosmetyki by\u0142 naprawd\u0119 Tw\u00f3j?<\/p>\n<ul>\n<li>Dostosuj wyko\u0144czenie szyjki \u2013 dopasuj je do istniej\u0105cej linii pilnika, wybieraj\u0105c odpowiedni rozmiar gwintu.<\/li>\n<li>Zmie\u0144 kolor szk\u0142a \u2013 zamie\u0144 na szk\u0142o z dodatkowym zabezpieczeniem UV lub wymie\u0144 na szk\u0142o w kolorze kobaltowym.<\/li>\n<li>Laser - Dodaje subteln\u0105 elegancj\u0119 marki bezpo\u015brednio na szkle z logo.<\/li>\n<li>Zoptymalizuj kszta\u0142t kraw\u0119dzi s\u0142oika \u2013 wybierz g\u0142adk\u0105 lub chropowat\u0105 kraw\u0119d\u017a, aby poprawi\u0107 integralno\u015b\u0107 uszczelnienia podczas transportu hurtowego.<\/li>\n<\/ul>\n<p>Nie chodzi tu o zwyk\u0142e opakowania typu \u201etwic\u201d \u2013 to strategiczna modernizacja, kt\u00f3ra zmienia standardowy kontener w rozpoznawalny element Twojej marki.<\/p>","protected":false},"excerpt":{"rendered":"<p>Bia\u0142e szklane pojemniki na kosmetyki ze z\u0142otymi akcentami. Hurtowe zestawy szklanych butelek do krem\u00f3w, serum i luksusowych opakowa\u0144 kosmetycznych. Szybka wysy\u0142ka.<\/p>","protected":false},"featured_media":6380,"comment_status":"closed","ping_status":"closed","template":"","meta":{"_acf_changed":false,"site-sidebar-layout":"default","site-content-layout":"","ast-site-content-layout":"default","site-content-style":"default","site-sidebar-style":"default","ast-global-header-display":"","ast-banner-title-visibility":"","ast-main-header-display":"","ast-hfb-above-header-display":"","ast-hfb-below-header-display":"","ast-hfb-mobile-header-display":"","site-post-title":"","ast-breadcrumbs-content":"","ast-featured-img":"","footer-sml-layout":"","ast-disable-related-posts":"","theme-transparent-header-meta":"default","adv-header-id-meta":"","stick-header-meta":"","header-above-stick-meta":"","header-main-stick-meta":"","header-below-stick-meta":"","astra-migrate-meta-layouts":"set","ast-page-background-enabled":"default","ast-page-background-meta":{"desktop":{"background-color":"var(--ast-global-color-5)","background-image":"","background-repeat":"repeat","background-position":"center center","background-size":"auto","background-attachment":"scroll","background-type":"","background-media":"","overlay-type":"","overlay-color":"","overlay-opacity":"","overlay-gradient":""},"tablet":{"background-color":"","background-image":"","background-repeat":"repeat","background-position":"center center","background-size":"auto","background-attachment":"scroll","background-type":"","background-media":"","overlay-type":"","overlay-color":"","overlay-opacity":"","overlay-gradient":""},"mobile":{"background-color":"","background-image":"","background-repeat":"repeat","background-position":"center center","background-size":"auto","background-attachment":"scroll","background-type":"","background-media":"","overlay-type":"","overlay-color":"","overlay-opacity":"","overlay-gradient":""}},"ast-content-background-meta":{"desktop":{"background-color":"var(--ast-global-color-4)","background-image":"","background-repeat":"repeat","background-position":"center center","background-size":"auto","background-attachment":"scroll","background-type":"","background-media":"","overlay-type":"","overlay-color":"","overlay-opacity":"","overlay-gradient":""},"tablet":{"background-color":"var(--ast-global-color-4)","background-image":"","background-repeat":"repeat","background-position":"center center","background-size":"auto","background-attachment":"scroll","background-type":"","background-media":"","overlay-type":"","overlay-color":"","overlay-opacity":"","overlay-gradient":""},"mobile":{"background-color":"var(--ast-global-color-4)","background-image":"","background-repeat":"repeat","background-position":"center center","background-size":"auto","background-attachment":"scroll","background-type":"","background-media":"","overlay-type":"","overlay-color":"","overlay-opacity":"","overlay-gradient":""}}},"product_brand":[],"product_cat":[236,62,72],"product_tag":[226,220],"class_list":{"0":"post-6374","1":"product","2":"type-product","3":"status-publish","4":"has-post-thumbnail","6":"product_cat-cosmetic-container-set","7":"product_cat-cosmetic-containers","8":"product_cat-cosmetic-packaging","9":"product_tag-clear-glass-roller-bottles","10":"product_tag-glass-roll-on-bottles","11":"desktop-align-left","12":"tablet-align-left","13":"mobile-align-left","15":"first","16":"instock","17":"shipping-taxable","18":"product-type-simple"},"acf":[],"jetpack_sharing_enabled":true,"_links":{"self":[{"href":"https:\/\/theperfumebottles.com\/pl\/wp-json\/wp\/v2\/product\/6374","targetHints":{"allow":["GET"]}}],"collection":[{"href":"https:\/\/theperfumebottles.com\/pl\/wp-json\/wp\/v2\/product"}],"about":[{"href":"https:\/\/theperfumebottles.com\/pl\/wp-json\/wp\/v2\/types\/product"}],"replies":[{"embeddable":true,"href":"https:\/\/theperfumebottles.com\/pl\/wp-json\/wp\/v2\/comments?post=6374"}],"wp:featuredmedia":[{"embeddable":true,"href":"https:\/\/theperfumebottles.com\/pl\/wp-json\/wp\/v2\/media\/6380"}],"wp:attachment":[{"href":"https:\/\/theperfumebottles.com\/pl\/wp-json\/wp\/v2\/media?parent=6374"}],"wp:term":[{"taxonomy":"product_brand","embeddable":true,"href":"https:\/\/theperfumebottles.com\/pl\/wp-json\/wp\/v2\/product_brand?post=6374"},{"taxonomy":"product_cat","embeddable":true,"href":"https:\/\/theperfumebottles.com\/pl\/wp-json\/wp\/v2\/product_cat?post=6374"},{"taxonomy":"product_tag","embeddable":true,"href":"https:\/\/theperfumebottles.com\/pl\/wp-json\/wp\/v2\/product_tag?post=6374"}],"curies":[{"name":"wp","href":"https:\/\/api.w.org\/{rel}","templated":true}]}}