{"id":6381,"date":"2025-09-16T10:07:06","date_gmt":"2025-09-16T02:07:06","guid":{"rendered":"https:\/\/theperfumebottles.com\/?post_type=product&#038;p=6381"},"modified":"2025-09-17T11:40:08","modified_gmt":"2025-09-17T03:40:08","slug":"wholesale-beige-glass-cosmetic-bottle-and-cream-jar-set","status":"publish","type":"product","link":"https:\/\/theperfumebottles.com\/pl\/produkt\/wholesale-beige-glass-cosmetic-bottle-and-cream-jar-set\/","title":{"rendered":"Hurtowy zestaw be\u017cowych szklanych butelek kosmetycznych i s\u0142oik\u00f3w na krem"},"content":{"rendered":"<p>Ta kolekcja szklanych butelek na kosmetyki i kremy z pewno\u015bci\u0105 przyci\u0105gnie Tw\u00f3j wzrok. Butelki maj\u0105 delikatny, ciep\u0142y be\u017cowy kolor, a nakr\u0119tka z pionowym, pr\u0105\u017ckowanym wyko\u0144czeniem zapewnia wygodny i elegancki chwyt. Delikatne z\u0142ote akcenty na szyjce i nakr\u0119tce tworz\u0105 wyrafinowan\u0105, subteln\u0105 form\u0119. Ten zestaw do piel\u0119gnacji sk\u00f3ry zawiera s\u0142oiczki na kremy i butelki z pompk\u0105 w r\u00f3\u017cnych rozmiarach.<\/p>\n<h2>Kluczowe specyfikacje<\/h2>\n<table style=\"border-collapse: collapse;width: 448.52pt;margin-left: auto;margin-right: auto\" border=\"0\" width=\"598\" cellspacing=\"0\" cellpadding=\"0\">\n<tbody>\n<tr style=\"height: 13.50pt\">\n<td class=\"et2\" style=\"height: 13.50pt;width: 116.25pt\" width=\"155\" height=\"18\">Pojemno\u015b\u0107 (ml)<\/td>\n<td class=\"et3\" style=\"width: 58.50pt\" width=\"78\">15<\/td>\n<td class=\"et3\" style=\"width: 57.75pt\" width=\"77\">25<\/td>\n<td class=\"et3\" style=\"width: 54.00pt\" width=\"72\">40<\/td>\n<td class=\"et3\" style=\"width: 54.00pt\" width=\"72\">45<\/td>\n<td class=\"et3\" style=\"width: 54.00pt\" width=\"72\">105<\/td>\n<td class=\"et3\" style=\"width: 54.00pt\" width=\"72\">130<\/td>\n<\/tr>\n<tr style=\"height: 13.50pt\">\n<td class=\"et2\" style=\"height: 13.50pt\" height=\"18\">\u015arednica szyjki (mm)<\/td>\n<td class=\"et3\">46<\/td>\n<td class=\"et3\">46<\/td>\n<td class=\"et3\">52<\/td>\n<td class=\"et3\">20<\/td>\n<td class=\"et3\">20<\/td>\n<td class=\"et3\">20<\/td>\n<\/tr>\n<tr style=\"height: 13.50pt\">\n<td class=\"et2\" style=\"height: 13.50pt\" height=\"18\">\u015arednica (mm)<\/td>\n<td class=\"et3\">58<\/td>\n<td class=\"et3\">58<\/td>\n<td class=\"et3\">64<\/td>\n<td class=\"et3\">41<\/td>\n<td class=\"et3\">42<\/td>\n<td class=\"et3\">42<\/td>\n<\/tr>\n<tr style=\"height: 13.50pt\">\n<td class=\"et2\" style=\"height: 13.50pt\" height=\"18\">Wysoko\u015b\u0107 butelki (mm)<\/td>\n<td class=\"et3\">33<\/td>\n<td class=\"et3\">37<\/td>\n<td class=\"et3\">41<\/td>\n<td class=\"et3\">87<\/td>\n<td class=\"et3\">127<\/td>\n<td class=\"et3\">142<\/td>\n<\/tr>\n<tr style=\"height: 13.50pt\">\n<td class=\"et2\" style=\"height: 13.50pt\" height=\"18\">Ca\u0142kowita wysoko\u015b\u0107 (mm)<\/td>\n<td class=\"et3\">42<\/td>\n<td class=\"et3\">46<\/td>\n<td class=\"et3\">52<\/td>\n<td class=\"et3\">120<\/td>\n<td class=\"et3\">162<\/td>\n<td class=\"et3\">178<\/td>\n<\/tr>\n<tr style=\"height: 13.50pt\">\n<td class=\"et2\" style=\"height: 13.50pt\" height=\"18\">Tworzywo<\/td>\n<td class=\"et3\" colspan=\"6\">Kryszta\u0142<\/td>\n<\/tr>\n<tr style=\"height: 13.50pt\">\n<td class=\"et2\" style=\"height: 13.50pt\" height=\"18\">Opcje niestandardowe<\/td>\n<td class=\"et3\" colspan=\"6\">Kszta\u0142t butelki, szyjka butelki, kolor, obr\u00f3bka powierzchni, rozmiar, nakr\u0119tka butelki, akcesoria, logo<\/td>\n<\/tr>\n<tr style=\"height: 13.50pt\">\n<td class=\"et2\" style=\"height: 13.50pt\" height=\"18\">Idealny dla<\/td>\n<td class=\"et3\" colspan=\"6\">Zestawy do mycia, esencji, balsamu, kremu i piel\u0119gnacji sk\u00f3ry<\/td>\n<\/tr>\n<\/tbody>\n<\/table>\n<h2>Jak jedna marka podwoi\u0142a liczb\u0119 swoich klient\u00f3w<\/h2>\n<p>Marka kosmetyk\u00f3w wprowadzi\u0142a na rynek now\u0105 lini\u0119 krem\u00f3w, w tym szklanym s\u0142oiczku i pasuj\u0105cej do niego szklanej butelce z tonikiem. Wybra\u0142a opakowanie o pojemno\u015bci 50 ml z p\u0142ynnie dzia\u0142aj\u0105c\u0105 pompk\u0105. W ci\u0105gu trzech miesi\u0119cy klienci zareagowali zaskakuj\u0105co: 68% z nich wspomnia\u0142o o opakowaniu w swoich recenzjach. Komentarze takie jak \u201ewygl\u0105da fantastycznie\u201d i \u201ewystawiam go jak dzie\u0142o sztuki na ladzie\u201d. Wska\u017anik ponownego zakupu wzr\u00f3s\u0142 o 92%. Pow\u00f3d? Poniewa\u017c ludzie ufaj\u0105 przemy\u015blanemu wygl\u0105dowi i konsystencji. Opakowanie kosmetyku, zamiast przys\u0142ania\u0107 produkt, podkre\u015bla jego atrakcyjno\u015b\u0107.<\/p>\n<h2>Zestaw do piel\u0119gnacji sk\u00f3ry<\/h2>\n<p>Chcesz, aby ten szklany pojemnik na kosmetyki by\u0142 wyj\u0105tkowy?<\/p>\n<ul>\n<li>Zmie\u0144 kolor szklanej butelki \u2014 wybierz ciemniejszy kolor, aby zapewni\u0107 lepsz\u0105 ochron\u0119 przed promieniowaniem UV, lub ja\u015bniejszy, aby uzyska\u0107 czysty, przewiewny wygl\u0105d.<\/li>\n<li>Mo\u017cesz dostosowa\u0107 g\u0142\u0119boko\u015b\u0107 \u017ceberek nasadki \u2014 g\u0142\u0119bsze rowki dodaj\u0105 faktury i przyczepno\u015bci \u2014 idealne rozwi\u0105zanie do stosowania pod prysznicem.<\/li>\n<li>Oznacz laserowo lini\u0119 pojemno\u015bci \u2014 mikrowytrawiony wska\u017anik wewn\u0105trz butelki u\u0142atwia precyzyjne nape\u0142nianie.<\/li>\n<\/ul>\n<p>Te opcje personalizacji umo\u017cliwiaj\u0105 precyzyjne dostrojenie wydajno\u015bci i wygl\u0105du \u2014 bez konieczno\u015bci dodawania etykiety.<\/p>","protected":false},"excerpt":{"rendered":"<p>Hurtowa sprzeda\u017c eleganckich be\u017cowych szklanych butelek na kosmetyki i szklanych s\u0142oik\u00f3w na kremy ze z\u0142otymi akcentami w opakowaniach premium. Bezp\u0142atne pr\u00f3bki i szybka wysy\u0142ka.<\/p>","protected":false},"featured_media":6383,"comment_status":"closed","ping_status":"closed","template":"","meta":{"_acf_changed":false,"site-sidebar-layout":"default","site-content-layout":"","ast-site-content-layout":"default","site-content-style":"default","site-sidebar-style":"default","ast-global-header-display":"","ast-banner-title-visibility":"","ast-main-header-display":"","ast-hfb-above-header-display":"","ast-hfb-below-header-display":"","ast-hfb-mobile-header-display":"","site-post-title":"","ast-breadcrumbs-content":"","ast-featured-img":"","footer-sml-layout":"","ast-disable-related-posts":"","theme-transparent-header-meta":"default","adv-header-id-meta":"","stick-header-meta":"","header-above-stick-meta":"","header-main-stick-meta":"","header-below-stick-meta":"","astra-migrate-meta-layouts":"set","ast-page-background-enabled":"default","ast-page-background-meta":{"desktop":{"background-color":"var(--ast-global-color-5)","background-image":"","background-repeat":"repeat","background-position":"center center","background-size":"auto","background-attachment":"scroll","background-type":"","background-media":"","overlay-type":"","overlay-color":"","overlay-opacity":"","overlay-gradient":""},"tablet":{"background-color":"","background-image":"","background-repeat":"repeat","background-position":"center center","background-size":"auto","background-attachment":"scroll","background-type":"","background-media":"","overlay-type":"","overlay-color":"","overlay-opacity":"","overlay-gradient":""},"mobile":{"background-color":"","background-image":"","background-repeat":"repeat","background-position":"center center","background-size":"auto","background-attachment":"scroll","background-type":"","background-media":"","overlay-type":"","overlay-color":"","overlay-opacity":"","overlay-gradient":""}},"ast-content-background-meta":{"desktop":{"background-color":"var(--ast-global-color-4)","background-image":"","background-repeat":"repeat","background-position":"center center","background-size":"auto","background-attachment":"scroll","background-type":"","background-media":"","overlay-type":"","overlay-color":"","overlay-opacity":"","overlay-gradient":""},"tablet":{"background-color":"var(--ast-global-color-4)","background-image":"","background-repeat":"repeat","background-position":"center center","background-size":"auto","background-attachment":"scroll","background-type":"","background-media":"","overlay-type":"","overlay-color":"","overlay-opacity":"","overlay-gradient":""},"mobile":{"background-color":"var(--ast-global-color-4)","background-image":"","background-repeat":"repeat","background-position":"center center","background-size":"auto","background-attachment":"scroll","background-type":"","background-media":"","overlay-type":"","overlay-color":"","overlay-opacity":"","overlay-gradient":""}}},"product_brand":[],"product_cat":[72,236,62],"product_tag":[226,220],"class_list":{"0":"post-6381","1":"product","2":"type-product","3":"status-publish","4":"has-post-thumbnail","6":"product_cat-cosmetic-packaging","7":"product_cat-cosmetic-container-set","8":"product_cat-cosmetic-containers","9":"product_tag-clear-glass-roller-bottles","10":"product_tag-glass-roll-on-bottles","11":"desktop-align-left","12":"tablet-align-left","13":"mobile-align-left","15":"first","16":"instock","17":"shipping-taxable","18":"product-type-simple"},"acf":[],"jetpack_sharing_enabled":true,"_links":{"self":[{"href":"https:\/\/theperfumebottles.com\/pl\/wp-json\/wp\/v2\/product\/6381","targetHints":{"allow":["GET"]}}],"collection":[{"href":"https:\/\/theperfumebottles.com\/pl\/wp-json\/wp\/v2\/product"}],"about":[{"href":"https:\/\/theperfumebottles.com\/pl\/wp-json\/wp\/v2\/types\/product"}],"replies":[{"embeddable":true,"href":"https:\/\/theperfumebottles.com\/pl\/wp-json\/wp\/v2\/comments?post=6381"}],"wp:featuredmedia":[{"embeddable":true,"href":"https:\/\/theperfumebottles.com\/pl\/wp-json\/wp\/v2\/media\/6383"}],"wp:attachment":[{"href":"https:\/\/theperfumebottles.com\/pl\/wp-json\/wp\/v2\/media?parent=6381"}],"wp:term":[{"taxonomy":"product_brand","embeddable":true,"href":"https:\/\/theperfumebottles.com\/pl\/wp-json\/wp\/v2\/product_brand?post=6381"},{"taxonomy":"product_cat","embeddable":true,"href":"https:\/\/theperfumebottles.com\/pl\/wp-json\/wp\/v2\/product_cat?post=6381"},{"taxonomy":"product_tag","embeddable":true,"href":"https:\/\/theperfumebottles.com\/pl\/wp-json\/wp\/v2\/product_tag?post=6381"}],"curies":[{"name":"wp","href":"https:\/\/api.w.org\/{rel}","templated":true}]}}