{"id":6388,"date":"2025-09-16T10:37:07","date_gmt":"2025-09-16T02:37:07","guid":{"rendered":"https:\/\/theperfumebottles.com\/?post_type=product&#038;p=6388"},"modified":"2025-09-17T11:39:39","modified_gmt":"2025-09-17T03:39:39","slug":"bulk-white-skincare-bottle-and-cream-jars-with-diagonal-texture","status":"publish","type":"product","link":"https:\/\/theperfumebottles.com\/pl\/produkt\/bulk-white-skincare-bottle-and-cream-jars-with-diagonal-texture\/","title":{"rendered":"Butelki i s\u0142oiki na kremy do piel\u0119gnacji sk\u00f3ry w hurtowych ilo\u015bciach o diagonalnej fakturze"},"content":{"rendered":"<p>Wyobra\u017a sobie: Nieskazitelnie bia\u0142\u0105 butelk\u0119 do piel\u0119gnacji sk\u00f3ry z delikatnymi, uko\u015bnymi kraw\u0119dziami. Nakr\u0119tka jest r\u00f3wnie prosta, co wyrafinowana: cienki z\u0142oty pier\u015bcie\u0144 zdobi szyjk\u0119, a metaliczny akcent zdobi g\u00f3r\u0119. Ten zestaw do piel\u0119gnacji sk\u00f3ry zawiera butelki z pompk\u0105 o r\u00f3\u017cnych rozmiarach oraz s\u0142oiczek na krem \u200b\u200bdo twarzy.<\/p>\n<h2>Kluczowe specyfikacje<\/h2>\n<table style=\"border-collapse: collapse;margin-left: auto;margin-right: auto;width: 546.77pt\" border=\"0\" width=\"729\" cellspacing=\"0\" cellpadding=\"0\">\n<tbody>\n<tr style=\"height: 13.50pt\">\n<td class=\"et2\" style=\"height: 13.50pt;width: 117.75pt\" width=\"157\" height=\"18\">Pojemno\u015b\u0107 (ml)<\/td>\n<td class=\"et3\" style=\"width: 119.25pt\" width=\"159\">105<\/td>\n<td class=\"et3\" style=\"width: 119.25pt\" width=\"159\">40<\/td>\n<td class=\"et3\" style=\"width: 96.75pt\" width=\"129\">105<\/td>\n<td class=\"et3\" style=\"width: 93.75pt\" width=\"125\">125<\/td>\n<\/tr>\n<tr style=\"height: 13.50pt\">\n<td class=\"et2\" style=\"height: 13.50pt\" height=\"18\">\u015arednica szyjki (mm)<\/td>\n<td class=\"et3\">51<\/td>\n<td class=\"et3\">20<\/td>\n<td class=\"et3\">20<\/td>\n<td class=\"et3\">20<\/td>\n<\/tr>\n<tr style=\"height: 13.50pt\">\n<td class=\"et2\" style=\"height: 13.50pt\" height=\"18\">\u015arednica (mm)<\/td>\n<td class=\"et3\">75<\/td>\n<td class=\"et3\">40<\/td>\n<td class=\"et3\">45<\/td>\n<td class=\"et3\">46<\/td>\n<\/tr>\n<tr style=\"height: 13.50pt\">\n<td class=\"et2\" style=\"height: 13.50pt\" height=\"18\">Wysoko\u015b\u0107 butelki (mm)<\/td>\n<td class=\"et3\">56<\/td>\n<td class=\"et3\">84<\/td>\n<td class=\"et3\">125<\/td>\n<td class=\"et3\">142<\/td>\n<\/tr>\n<tr style=\"height: 13.50pt\">\n<td class=\"et2\" style=\"height: 13.50pt\" height=\"18\">Tworzywo<\/td>\n<td class=\"et3\" colspan=\"4\">Kryszta\u0142<\/td>\n<\/tr>\n<tr style=\"height: 13.50pt\">\n<td class=\"et2\" style=\"height: 13.50pt\" height=\"18\">Opcje niestandardowe<\/td>\n<td class=\"et3\" colspan=\"4\">Rozmiar, kolor, kszta\u0142t butelki, obr\u00f3bka powierzchni, nakr\u0119tka, akcesoria, logo<\/td>\n<\/tr>\n<tr style=\"height: 13.50pt\">\n<td class=\"et2\" style=\"height: 13.50pt\" height=\"18\">Idealny dla<\/td>\n<td class=\"et3\" colspan=\"4\">Zestawy do piel\u0119gnacji sk\u00f3ry: \u015brodek oczyszczaj\u0105cy, nawil\u017cacz, esencja, krem<\/td>\n<\/tr>\n<\/tbody>\n<\/table>\n<h2>Jak marki mog\u0105 zyska\u0107 miejsce na p\u00f3\u0142kach sklepowych bez ogromnego bud\u017cetu reklamowego<\/h2>\n<p>Nowa linia produkt\u00f3w organicznych oferuje tylko trzy produkty: serum, krem \u200b\u200bna dzie\u0144 i balsam nawil\u017caj\u0105cy. Te butelki do piel\u0119gnacji sk\u00f3ry s\u0142u\u017c\u0105 do przechowywania serum i pasuj\u0105cych do nich s\u0142oiczk\u00f3w z kremami. \u017badnych krzykliwych logotyp\u00f3w, tylko czyste, bia\u0142e opakowanie z teksturowanymi bokami i z\u0142otymi akcentami. Klienci byli zachwyceni. Jeden z nich skomentowa\u0142: \u201eWygl\u0105da drogo, ale wcale nie jest krzykliwe\u201d. W ci\u0105gu czterech miesi\u0119cy linia zosta\u0142a wprowadzona do dw\u00f3ch du\u017cych sieci butik\u00f3w. Pow\u00f3d? Poniewa\u017c wysokiej jako\u015bci opakowania kosmetyk\u00f3w s\u0105 trwa\u0142e \u2013 staj\u0105 si\u0119 cz\u0119\u015bci\u0105 do\u015bwiadczenia u\u017cytkownika.<\/p>\n<h2>Jak dostosowa\u0107 opakowania kosmetyk\u00f3w?<\/h2>\n<p>Chcesz, \u017ceby ten pojemnik by\u0142 naprawd\u0119 Tw\u00f3j? Oto jak to zrobi\u0107 \u2013 nawet nie dotykaj\u0105c opakowania:<\/p>\n<ul>\n<li>Dostosuj k\u0105t s\u0142oj\u00f3w \u2013 bardziej strome linie nadaj\u0105 drewnu bardziej dynamiczny charakter. \u0141agodniejsze linie nadaj\u0105 mu bardziej stonowany charakter.<\/li>\n<li>Dodaj wewn\u0119trzn\u0105 pow\u0142ok\u0119 chroni\u0105c\u0105 przed promieniowaniem UV \u2013 zapewnij dodatkow\u0105 ochron\u0119 niestabilnym sk\u0142adnikom aktywnym zawartym w balsamie lub serum.<\/li>\n<li>Dostosuj logo i elementy marki: Zintegruj slogan z nazw\u0105 marki, logo i projektem butelki.<\/li>\n<\/ul>\n<p>Te opcje adaptacji pozwalaj\u0105 na optymalizacj\u0119 wydajno\u015bci i wra\u017ce\u0144 od wewn\u0105trz.<\/p>","protected":false},"excerpt":{"rendered":"<p>Elegancka bia\u0142a butelka do piel\u0119gnacji sk\u00f3ry i s\u0142oiczki na kremy upi\u0119kszaj\u0105ce o sko\u015bnej fakturze i z\u0142otych akcentach, idealne do luksusowych opakowa\u0144 i zam\u00f3wie\u0144 hurtowych.<\/p>","protected":false},"featured_media":6393,"comment_status":"closed","ping_status":"closed","template":"","meta":{"_acf_changed":false,"site-sidebar-layout":"default","site-content-layout":"","ast-site-content-layout":"default","site-content-style":"default","site-sidebar-style":"default","ast-global-header-display":"","ast-banner-title-visibility":"","ast-main-header-display":"","ast-hfb-above-header-display":"","ast-hfb-below-header-display":"","ast-hfb-mobile-header-display":"","site-post-title":"","ast-breadcrumbs-content":"","ast-featured-img":"","footer-sml-layout":"","ast-disable-related-posts":"","theme-transparent-header-meta":"default","adv-header-id-meta":"","stick-header-meta":"","header-above-stick-meta":"","header-main-stick-meta":"","header-below-stick-meta":"","astra-migrate-meta-layouts":"set","ast-page-background-enabled":"default","ast-page-background-meta":{"desktop":{"background-color":"var(--ast-global-color-5)","background-image":"","background-repeat":"repeat","background-position":"center center","background-size":"auto","background-attachment":"scroll","background-type":"","background-media":"","overlay-type":"","overlay-color":"","overlay-opacity":"","overlay-gradient":""},"tablet":{"background-color":"","background-image":"","background-repeat":"repeat","background-position":"center center","background-size":"auto","background-attachment":"scroll","background-type":"","background-media":"","overlay-type":"","overlay-color":"","overlay-opacity":"","overlay-gradient":""},"mobile":{"background-color":"","background-image":"","background-repeat":"repeat","background-position":"center center","background-size":"auto","background-attachment":"scroll","background-type":"","background-media":"","overlay-type":"","overlay-color":"","overlay-opacity":"","overlay-gradient":""}},"ast-content-background-meta":{"desktop":{"background-color":"var(--ast-global-color-4)","background-image":"","background-repeat":"repeat","background-position":"center center","background-size":"auto","background-attachment":"scroll","background-type":"","background-media":"","overlay-type":"","overlay-color":"","overlay-opacity":"","overlay-gradient":""},"tablet":{"background-color":"var(--ast-global-color-4)","background-image":"","background-repeat":"repeat","background-position":"center center","background-size":"auto","background-attachment":"scroll","background-type":"","background-media":"","overlay-type":"","overlay-color":"","overlay-opacity":"","overlay-gradient":""},"mobile":{"background-color":"var(--ast-global-color-4)","background-image":"","background-repeat":"repeat","background-position":"center center","background-size":"auto","background-attachment":"scroll","background-type":"","background-media":"","overlay-type":"","overlay-color":"","overlay-opacity":"","overlay-gradient":""}}},"product_brand":[],"product_cat":[72,236,62],"product_tag":[226,220],"class_list":{"0":"post-6388","1":"product","2":"type-product","3":"status-publish","4":"has-post-thumbnail","6":"product_cat-cosmetic-packaging","7":"product_cat-cosmetic-container-set","8":"product_cat-cosmetic-containers","9":"product_tag-clear-glass-roller-bottles","10":"product_tag-glass-roll-on-bottles","11":"desktop-align-left","12":"tablet-align-left","13":"mobile-align-left","15":"first","16":"instock","17":"shipping-taxable","18":"product-type-simple"},"acf":[],"jetpack_sharing_enabled":true,"_links":{"self":[{"href":"https:\/\/theperfumebottles.com\/pl\/wp-json\/wp\/v2\/product\/6388","targetHints":{"allow":["GET"]}}],"collection":[{"href":"https:\/\/theperfumebottles.com\/pl\/wp-json\/wp\/v2\/product"}],"about":[{"href":"https:\/\/theperfumebottles.com\/pl\/wp-json\/wp\/v2\/types\/product"}],"replies":[{"embeddable":true,"href":"https:\/\/theperfumebottles.com\/pl\/wp-json\/wp\/v2\/comments?post=6388"}],"wp:featuredmedia":[{"embeddable":true,"href":"https:\/\/theperfumebottles.com\/pl\/wp-json\/wp\/v2\/media\/6393"}],"wp:attachment":[{"href":"https:\/\/theperfumebottles.com\/pl\/wp-json\/wp\/v2\/media?parent=6388"}],"wp:term":[{"taxonomy":"product_brand","embeddable":true,"href":"https:\/\/theperfumebottles.com\/pl\/wp-json\/wp\/v2\/product_brand?post=6388"},{"taxonomy":"product_cat","embeddable":true,"href":"https:\/\/theperfumebottles.com\/pl\/wp-json\/wp\/v2\/product_cat?post=6388"},{"taxonomy":"product_tag","embeddable":true,"href":"https:\/\/theperfumebottles.com\/pl\/wp-json\/wp\/v2\/product_tag?post=6388"}],"curies":[{"name":"wp","href":"https:\/\/api.w.org\/{rel}","templated":true}]}}