{"id":6446,"date":"2025-09-17T13:05:03","date_gmt":"2025-09-17T05:05:03","guid":{"rendered":"https:\/\/theperfumebottles.com\/?post_type=product&#038;p=6446"},"modified":"2025-09-17T17:14:51","modified_gmt":"2025-09-17T09:14:51","slug":"glass-cosmetic-containers-wholesale-skincare-packaging-set","status":"publish","type":"product","link":"https:\/\/theperfumebottles.com\/pl\/produkt\/glass-cosmetic-containers-wholesale-skincare-packaging-set\/","title":{"rendered":"Hurtowa sprzeda\u017c szklanych pojemnik\u00f3w kosmetycznych \u2013 luksusowy \u017c\u00f3\u0142ty zestaw opakowa\u0144 do piel\u0119gnacji sk\u00f3ry"},"content":{"rendered":"<p>Potrzebujesz hurtowych szklanych pojemnik\u00f3w na kosmetyki, kt\u00f3re sprawi\u0105, \u017ce Twoje butelki do piel\u0119gnacji sk\u00f3ry b\u0119d\u0105 si\u0119 wyr\u00f3\u017cnia\u0107? Oferujemy precyzyjn\u0105 kolekcj\u0119 szklanych butelek w kolorze \u017c\u00f3\u0142tym ze z\u0142otymi nakr\u0119tkami \u2013 idealnych do balsam\u00f3w, krem\u00f3w, esencji i zestaw\u00f3w do piel\u0119gnacji sk\u00f3ry. Pojemniki te posiadaj\u0105 filtr UV, kt\u00f3ry zapewnia \u015bwie\u017co\u015b\u0107 Twoich kosmetyk\u00f3w. Zam\u00f3wienia hurtowe obejmuj\u0105 opcje personalizacji dla Twojej marki.<\/p>\n<h2><strong data-spm-anchor-id=\"5176.28103460.0.i11.29ab2e31UBOO60\">Kluczowe specyfikacje<\/strong><\/h2>\n<p>&nbsp;<\/p>\n<table style=\"border-collapse: collapse;width: 80%;margin-left: auto;margin-right: auto\" border=\"0\" width=\"939\" cellspacing=\"0\" cellpadding=\"0\">\n<tbody>\n<tr style=\"height: 27.00pt\">\n<td style=\"height: 27.00pt;width: 56.25pt\" width=\"75\" height=\"36\">Pojemno\u015b\u0107 (ml)<\/td>\n<td style=\"width: 96.00pt\" width=\"128\">Kszta\u0142t<\/td>\n<td style=\"width: 96.00pt\" width=\"128\">\u015arednica otworu (mm)<\/td>\n<td style=\"width: 102.75pt\" width=\"137\">\u015arednica butelki (mm)<\/td>\n<td style=\"width: 89.25pt\" width=\"119\">Wysoko\u015b\u0107 butelki (mm)<\/td>\n<td style=\"width: 156.00pt\" width=\"208\">Wysoko\u015b\u0107 z nakr\u0119tk\u0105 (mm)<\/td>\n<td class=\"et2\" style=\"width: 54.00pt\" width=\"72\">Opcje niestandardowe<\/td>\n<td class=\"et2\" style=\"width: 54.00pt\" width=\"72\">Idealny dla<\/td>\n<\/tr>\n<tr style=\"height: 13.50pt\">\n<td style=\"height: 13.50pt\" height=\"18\">155<\/td>\n<td class=\"et3\" rowspan=\"3\">Prosty bokiem<\/td>\n<td>20<\/td>\n<td>54<\/td>\n<td>142<\/td>\n<td>180<\/td>\n<td class=\"et3\" rowspan=\"4\">Kszta\u0142t butelki, kolor, obr\u00f3bka powierzchni, logo<\/td>\n<td class=\"et3\" rowspan=\"4\">\u015arodek czyszcz\u0105cy, esencja, balsam, krem<\/td>\n<\/tr>\n<tr style=\"height: 13.50pt\">\n<td style=\"height: 13.50pt\" height=\"18\">115<\/td>\n<td>20<\/td>\n<td>54<\/td>\n<td>124<\/td>\n<td>157<\/td>\n<\/tr>\n<tr style=\"height: 13.50pt\">\n<td style=\"height: 13.50pt\" height=\"18\">50<\/td>\n<td>17<\/td>\n<td>46<\/td>\n<td>88<\/td>\n<td>120<\/td>\n<\/tr>\n<tr style=\"height: 13.50pt\">\n<td style=\"height: 13.50pt\" height=\"18\">36<\/td>\n<td class=\"et3\" rowspan=\"1\">Okr\u0105g\u0142y<\/td>\n<td>55<\/td>\n<td>83<\/td>\n<td>41<\/td>\n<td>50<\/td>\n<\/tr>\n<\/tbody>\n<\/table>\n<h2>Historia sukcesu: Jak marka kosmetyk\u00f3w do piel\u0119gnacji sk\u00f3ry zwi\u0119ksza sprzeda\u017c dzi\u0119ki szklanym pojemnikom na kosmetyki<\/h2>\n<p>Marka kosmetyk\u00f3w do piel\u0119gnacji sk\u00f3ry, kt\u00f3ra przekszta\u0142ci\u0142a wi\u0119kszo\u015b\u0107 naszych szklanych opakowa\u0144 na kosmetyki. Wykorzystali\u015bmy pojemno\u015bci 36 ml i 50 ml na serum i esencj\u0119. Efekt? 200% wi\u0119cej zam\u00f3wie\u0144 online w ci\u0105gu 3 miesi\u0119cy. Mo\u017cesz by\u0107 o krok do przodu.<\/p>\n<h2>Tw\u00f3j podr\u0119cznik adaptacji<\/h2>\n<ol>\n<li><strong>Dopasowanie kolor\u00f3w:<\/strong> Dodaj kolor swojej marki do szklanych butelek \u2013 standardem jest kolor \u017c\u00f3\u0142ty, ale oferujemy r\u00f3wnie\u017c opcje niestandardowe.<\/li>\n<li><strong>Styl czapki:<\/strong> Wybierz z\u0142oto lub mat, aby uzyska\u0107 wyko\u0144czenie premium. Brak dodatkowych koszt\u00f3w przy zam\u00f3wieniu hurtowym.<\/li>\n<li><strong>Etykietowanie:<\/strong> Dodaj swoje logo do pojemnika, aby zapewni\u0107 natychmiastow\u0105 rozpoznawalno\u015b\u0107 marki.<\/li>\n<\/ol>","protected":false},"excerpt":{"rendered":"<p>Hurtowe szklane pojemniki kosmetyczne, butelki do piel\u0119gnacji sk\u00f3ry i balsam\u00f3w, krem\u00f3w i serum. Dost\u0119pne na zam\u00f3wienie, z ochron\u0105 UV i cen\u0105 hurtow\u0105 za opakowania premium.<\/p>","protected":false},"featured_media":6447,"comment_status":"closed","ping_status":"closed","template":"","meta":{"_acf_changed":false,"site-sidebar-layout":"default","site-content-layout":"","ast-site-content-layout":"default","site-content-style":"default","site-sidebar-style":"default","ast-global-header-display":"","ast-banner-title-visibility":"","ast-main-header-display":"","ast-hfb-above-header-display":"","ast-hfb-below-header-display":"","ast-hfb-mobile-header-display":"","site-post-title":"","ast-breadcrumbs-content":"","ast-featured-img":"","footer-sml-layout":"","ast-disable-related-posts":"","theme-transparent-header-meta":"default","adv-header-id-meta":"","stick-header-meta":"","header-above-stick-meta":"","header-main-stick-meta":"","header-below-stick-meta":"","astra-migrate-meta-layouts":"set","ast-page-background-enabled":"default","ast-page-background-meta":{"desktop":{"background-color":"var(--ast-global-color-5)","background-image":"","background-repeat":"repeat","background-position":"center center","background-size":"auto","background-attachment":"scroll","background-type":"","background-media":"","overlay-type":"","overlay-color":"","overlay-opacity":"","overlay-gradient":""},"tablet":{"background-color":"","background-image":"","background-repeat":"repeat","background-position":"center center","background-size":"auto","background-attachment":"scroll","background-type":"","background-media":"","overlay-type":"","overlay-color":"","overlay-opacity":"","overlay-gradient":""},"mobile":{"background-color":"","background-image":"","background-repeat":"repeat","background-position":"center center","background-size":"auto","background-attachment":"scroll","background-type":"","background-media":"","overlay-type":"","overlay-color":"","overlay-opacity":"","overlay-gradient":""}},"ast-content-background-meta":{"desktop":{"background-color":"var(--ast-global-color-4)","background-image":"","background-repeat":"repeat","background-position":"center center","background-size":"auto","background-attachment":"scroll","background-type":"","background-media":"","overlay-type":"","overlay-color":"","overlay-opacity":"","overlay-gradient":""},"tablet":{"background-color":"var(--ast-global-color-4)","background-image":"","background-repeat":"repeat","background-position":"center center","background-size":"auto","background-attachment":"scroll","background-type":"","background-media":"","overlay-type":"","overlay-color":"","overlay-opacity":"","overlay-gradient":""},"mobile":{"background-color":"var(--ast-global-color-4)","background-image":"","background-repeat":"repeat","background-position":"center center","background-size":"auto","background-attachment":"scroll","background-type":"","background-media":"","overlay-type":"","overlay-color":"","overlay-opacity":"","overlay-gradient":""}}},"product_brand":[],"product_cat":[72,236,62],"product_tag":[],"class_list":{"0":"post-6446","1":"product","2":"type-product","3":"status-publish","4":"has-post-thumbnail","6":"product_cat-cosmetic-packaging","7":"product_cat-cosmetic-container-set","8":"product_cat-cosmetic-containers","9":"desktop-align-left","10":"tablet-align-left","11":"mobile-align-left","13":"first","14":"instock","15":"shipping-taxable","16":"product-type-simple"},"acf":[],"jetpack_sharing_enabled":true,"_links":{"self":[{"href":"https:\/\/theperfumebottles.com\/pl\/wp-json\/wp\/v2\/product\/6446","targetHints":{"allow":["GET"]}}],"collection":[{"href":"https:\/\/theperfumebottles.com\/pl\/wp-json\/wp\/v2\/product"}],"about":[{"href":"https:\/\/theperfumebottles.com\/pl\/wp-json\/wp\/v2\/types\/product"}],"replies":[{"embeddable":true,"href":"https:\/\/theperfumebottles.com\/pl\/wp-json\/wp\/v2\/comments?post=6446"}],"wp:featuredmedia":[{"embeddable":true,"href":"https:\/\/theperfumebottles.com\/pl\/wp-json\/wp\/v2\/media\/6447"}],"wp:attachment":[{"href":"https:\/\/theperfumebottles.com\/pl\/wp-json\/wp\/v2\/media?parent=6446"}],"wp:term":[{"taxonomy":"product_brand","embeddable":true,"href":"https:\/\/theperfumebottles.com\/pl\/wp-json\/wp\/v2\/product_brand?post=6446"},{"taxonomy":"product_cat","embeddable":true,"href":"https:\/\/theperfumebottles.com\/pl\/wp-json\/wp\/v2\/product_cat?post=6446"},{"taxonomy":"product_tag","embeddable":true,"href":"https:\/\/theperfumebottles.com\/pl\/wp-json\/wp\/v2\/product_tag?post=6446"}],"curies":[{"name":"wp","href":"https:\/\/api.w.org\/{rel}","templated":true}]}}