{"id":6455,"date":"2025-09-18T16:44:11","date_gmt":"2025-09-18T08:44:11","guid":{"rendered":"https:\/\/theperfumebottles.com\/?post_type=product&#038;p=6455"},"modified":"2026-03-26T14:53:28","modified_gmt":"2026-03-26T06:53:28","slug":"glass-skincare-packaging-set-for-brands-bulk","status":"publish","type":"product","link":"https:\/\/theperfumebottles.com\/pl\/produkt\/glass-skincare-packaging-set-for-brands-bulk\/","title":{"rendered":"Zestaw szklanych opakowa\u0144 do piel\u0119gnacji sk\u00f3ry 30-125 ml dla marek hurtowych"},"content":{"rendered":"<p>Szukasz szklanych opakowa\u0144 na produkty do piel\u0119gnacji sk\u00f3ry, kt\u00f3re emanuj\u0105 luksusem, a jednocze\u015bnie nie rujnuj\u0105 bud\u017cetu? Stworzyli\u015bmy precyzyjn\u0105 kolekcj\u0119 szklanych butelek w czarnym, gradientowym kolorze z eleganckimi nakr\u0119tkami \u2013 idealnych do pakowania balsam\u00f3w, krem\u00f3w, serum i olejk\u00f3w eterycznych. Te opakowania zapewniaj\u0105 \u015bwie\u017co\u015b\u0107 Twoich kosmetyk\u00f3w dzi\u0119ki ochronie UV. Zam\u00f3wienia hurtowe obejmuj\u0105 opcje personalizacji, dopasowane do charakteru Twojej marki.<\/p>\n<h2><strong data-spm-anchor-id=\"5176.28103460.0.i18.29ab2e31QyfPr1\">Kluczowe specyfikacje<\/strong><\/h2>\n<table style=\"border-collapse: collapse; width: 80%; margin-left: auto; margin-right: auto;\" border=\"0\" width=\"648\" cellspacing=\"0\" cellpadding=\"0\">\n<tbody>\n<tr style=\"height: 13.50pt;\">\n<td style=\"height: 13.5pt; text-align: center;\" width=\"72\" height=\"18\">Pojemno\u015b\u0107 (ml)<\/td>\n<td style=\"width: 54pt; text-align: center;\" width=\"72\">Kszta\u0142t<\/td>\n<td style=\"width: 54pt; text-align: center;\" width=\"72\">\u015arednica otworu (mm)<\/td>\n<td style=\"width: 54pt; text-align: center;\" width=\"72\">\u015arednica butelki (mm)<\/td>\n<td style=\"width: 54pt; text-align: center;\" width=\"72\">Wysoko\u015b\u0107 butelki (mm)<\/td>\n<td style=\"width: 54pt; text-align: center;\" width=\"72\">Ca\u0142kowita wysoko\u015b\u0107 z nakr\u0119tk\u0105 (mm)<\/td>\n<td style=\"width: 54pt; text-align: center;\" width=\"72\">Kolor<\/td>\n<td style=\"width: 54pt; text-align: center;\" width=\"72\">Opcje niestandardowe<\/td>\n<td style=\"width: 54pt; text-align: center;\" width=\"72\">Stosowanie<\/td>\n<\/tr>\n<tr style=\"height: 13.50pt;\">\n<td style=\"height: 13.5pt; text-align: center;\" height=\"18\">125<\/td>\n<td class=\"et2\" style=\"text-align: center;\" rowspan=\"4\">Prosty bokiem<\/td>\n<td style=\"text-align: center;\">20<\/td>\n<td style=\"text-align: center;\">41&#215;41<\/td>\n<td style=\"text-align: center;\">130<\/td>\n<td style=\"text-align: center;\">180<\/td>\n<td class=\"et2\" style=\"text-align: center;\" rowspan=\"6\">Czarny gradient<\/td>\n<td class=\"et2\" style=\"text-align: center;\" rowspan=\"6\">Obr\u00f3bka powierzchni, kolor, rozmiar, kszta\u0142t, pokrycie, akcesoria<\/td>\n<td class=\"et2\" style=\"text-align: center;\" rowspan=\"6\">Balsamy, kremy, esencje itp.<\/td>\n<\/tr>\n<tr style=\"height: 13.50pt;\">\n<td style=\"height: 13.5pt; text-align: center;\" height=\"18\">105<\/td>\n<td style=\"text-align: center;\">20<\/td>\n<td style=\"text-align: center;\">41&#215;41<\/td>\n<td style=\"text-align: center;\">150<\/td>\n<td style=\"text-align: center;\">160<\/td>\n<\/tr>\n<tr style=\"height: 13.50pt;\">\n<td style=\"height: 13.5pt; text-align: center;\" height=\"18\">50<\/td>\n<td style=\"text-align: center;\">20<\/td>\n<td style=\"text-align: center;\">37&#215;37<\/td>\n<td style=\"text-align: center;\">88<\/td>\n<td style=\"text-align: center;\">120<\/td>\n<\/tr>\n<tr style=\"height: 13.50pt;\">\n<td style=\"height: 13.5pt; text-align: center;\" height=\"18\">30<\/td>\n<td style=\"text-align: center;\">20<\/td>\n<td style=\"text-align: center;\">37&#215;37<\/td>\n<td style=\"text-align: center;\">75<\/td>\n<td style=\"text-align: center;\">105<\/td>\n<\/tr>\n<tr style=\"height: 13.50pt;\">\n<td style=\"height: 13.5pt; text-align: center;\" height=\"18\">40<\/td>\n<td class=\"et2\" style=\"text-align: center;\" rowspan=\"2\">Kwadrat<\/td>\n<td style=\"text-align: center;\">49<\/td>\n<td style=\"text-align: center;\">64&#215;64<\/td>\n<td style=\"text-align: center;\">40<\/td>\n<td style=\"text-align: center;\">52<\/td>\n<\/tr>\n<tr style=\"height: 13.50pt;\">\n<td style=\"height: 13.5pt; text-align: center;\" height=\"18\">30<\/td>\n<td style=\"text-align: center;\">49<\/td>\n<td style=\"text-align: center;\">60&#215;60<\/td>\n<td style=\"text-align: center;\">37<\/td>\n<td style=\"text-align: center;\">50<\/td>\n<\/tr>\n<\/tbody>\n<\/table>\n<h2>Historia sukcesu<\/h2>\n<p>Nasze czarne, szklane opakowania do piel\u0119gnacji sk\u00f3ry zosta\u0142y wybrane przez luksusow\u0105 korea\u0144sk\u0105 firm\u0119 kosmetyczn\u0105. Nakr\u0119tki maj\u0105 ergonomiczny, formowany kszta\u0142t, dopasowany do indywidualnych potrzeb klienta, a szyjki s\u0105 galwanizowane. Dodatkowo, zestaw zawiera szereg pompek i kroplomierzy o r\u00f3\u017cnych rozmiarach, dzi\u0119ki czemu staje si\u0119 wieloaspektowym szklanym pojemnikiem na produkty do piel\u0119gnacji sk\u00f3ry.<\/p>\n<p>Sprzeda\u017c wzros\u0142a o 36 procent w ci\u0105gu zaledwie dw\u00f3ch miesi\u0119cy od premiery, co sk\u0142oni\u0142o firm\u0119 do zam\u00f3wienia kolejnych 65 000 zestaw\u00f3w, co umo\u017cliwi\u0142o jej rozw\u00f3j poprzez tryb online i offline.<\/p>\n<h2>Tw\u00f3j podr\u0119cznik personalizacji<\/h2>\n<ol>\n<li><strong>Dopasowanie kolor\u00f3w:<\/strong> Zamie\u0144 czarne gradienty na niestandardowe odcienie pasuj\u0105ce do palety barw Twojej marki \u2013 bez dodatkowych koszt\u00f3w przy zakupie hurtowym.<\/li>\n<li><strong>Style CAP:<\/strong> Wybierz Gold Accent lub Mat Cap, aby uzyska\u0107 wyko\u0144czenie najwy\u017cszej jako\u015bci Twoich szklanych butelek.<\/li>\n<li><strong>Integracja etykiet:<\/strong> Dodaj swoje logo do opakowania - natychmiastowa rozpoznawalno\u015b\u0107 marki w przypadku opakowa\u0144 kosmetyk\u00f3w.<\/li>\n<\/ol>","protected":false},"excerpt":{"rendered":"<p>Zwi\u0119ksz sprzeda\u017c dzi\u0119ki niestandardowym, czarnym, gradientowym szklanym opakowaniom do piel\u0119gnacji sk\u00f3ry krem\u00f3w i serum. Wysokiej jako\u015bci, trwa\u0142e opakowanie hurtowe zapewniaj\u0105ce \u015bwie\u017co\u015b\u0107 i elegancj\u0119.<\/p>","protected":false},"featured_media":6456,"comment_status":"closed","ping_status":"closed","template":"","meta":{"_acf_changed":false,"site-sidebar-layout":"default","site-content-layout":"","ast-site-content-layout":"default","site-content-style":"default","site-sidebar-style":"default","ast-global-header-display":"","ast-banner-title-visibility":"","ast-main-header-display":"","ast-hfb-above-header-display":"","ast-hfb-below-header-display":"","ast-hfb-mobile-header-display":"","site-post-title":"","ast-breadcrumbs-content":"","ast-featured-img":"","footer-sml-layout":"","ast-disable-related-posts":"","theme-transparent-header-meta":"default","adv-header-id-meta":"","stick-header-meta":"","header-above-stick-meta":"","header-main-stick-meta":"","header-below-stick-meta":"","astra-migrate-meta-layouts":"set","ast-page-background-enabled":"default","ast-page-background-meta":{"desktop":{"background-color":"var(--ast-global-color-5)","background-image":"","background-repeat":"repeat","background-position":"center center","background-size":"auto","background-attachment":"scroll","background-type":"","background-media":"","overlay-type":"","overlay-color":"","overlay-opacity":"","overlay-gradient":""},"tablet":{"background-color":"","background-image":"","background-repeat":"repeat","background-position":"center center","background-size":"auto","background-attachment":"scroll","background-type":"","background-media":"","overlay-type":"","overlay-color":"","overlay-opacity":"","overlay-gradient":""},"mobile":{"background-color":"","background-image":"","background-repeat":"repeat","background-position":"center center","background-size":"auto","background-attachment":"scroll","background-type":"","background-media":"","overlay-type":"","overlay-color":"","overlay-opacity":"","overlay-gradient":""}},"ast-content-background-meta":{"desktop":{"background-color":"var(--ast-global-color-4)","background-image":"","background-repeat":"repeat","background-position":"center center","background-size":"auto","background-attachment":"scroll","background-type":"","background-media":"","overlay-type":"","overlay-color":"","overlay-opacity":"","overlay-gradient":""},"tablet":{"background-color":"var(--ast-global-color-4)","background-image":"","background-repeat":"repeat","background-position":"center center","background-size":"auto","background-attachment":"scroll","background-type":"","background-media":"","overlay-type":"","overlay-color":"","overlay-opacity":"","overlay-gradient":""},"mobile":{"background-color":"var(--ast-global-color-4)","background-image":"","background-repeat":"repeat","background-position":"center center","background-size":"auto","background-attachment":"scroll","background-type":"","background-media":"","overlay-type":"","overlay-color":"","overlay-opacity":"","overlay-gradient":""}}},"product_brand":[],"product_cat":[236,62,72],"product_tag":[],"class_list":{"0":"post-6455","1":"product","2":"type-product","3":"status-publish","4":"has-post-thumbnail","6":"product_cat-cosmetic-container-set","7":"product_cat-cosmetic-containers","8":"product_cat-cosmetic-packaging","9":"desktop-align-left","10":"tablet-align-left","11":"mobile-align-left","13":"first","14":"instock","15":"shipping-taxable","16":"product-type-simple"},"acf":[],"jetpack_sharing_enabled":true,"_links":{"self":[{"href":"https:\/\/theperfumebottles.com\/pl\/wp-json\/wp\/v2\/product\/6455","targetHints":{"allow":["GET"]}}],"collection":[{"href":"https:\/\/theperfumebottles.com\/pl\/wp-json\/wp\/v2\/product"}],"about":[{"href":"https:\/\/theperfumebottles.com\/pl\/wp-json\/wp\/v2\/types\/product"}],"replies":[{"embeddable":true,"href":"https:\/\/theperfumebottles.com\/pl\/wp-json\/wp\/v2\/comments?post=6455"}],"wp:featuredmedia":[{"embeddable":true,"href":"https:\/\/theperfumebottles.com\/pl\/wp-json\/wp\/v2\/media\/6456"}],"wp:attachment":[{"href":"https:\/\/theperfumebottles.com\/pl\/wp-json\/wp\/v2\/media?parent=6455"}],"wp:term":[{"taxonomy":"product_brand","embeddable":true,"href":"https:\/\/theperfumebottles.com\/pl\/wp-json\/wp\/v2\/product_brand?post=6455"},{"taxonomy":"product_cat","embeddable":true,"href":"https:\/\/theperfumebottles.com\/pl\/wp-json\/wp\/v2\/product_cat?post=6455"},{"taxonomy":"product_tag","embeddable":true,"href":"https:\/\/theperfumebottles.com\/pl\/wp-json\/wp\/v2\/product_tag?post=6455"}],"curies":[{"name":"wp","href":"https:\/\/api.w.org\/{rel}","templated":true}]}}