{"id":6477,"date":"2025-09-18T17:19:24","date_gmt":"2025-09-18T09:19:24","guid":{"rendered":"https:\/\/theperfumebottles.com\/?post_type=product&#038;p=6477"},"modified":"2026-03-26T15:44:04","modified_gmt":"2026-03-26T07:44:04","slug":"black-glass-skincare-bottles-and-jars-sets-wholesale","status":"publish","type":"product","link":"https:\/\/theperfumebottles.com\/pl\/produkt\/black-glass-skincare-bottles-and-jars-sets-wholesale\/","title":{"rendered":"Zestawy butelek i s\u0142oik\u00f3w do piel\u0119gnacji sk\u00f3ry z czarnego szk\u0142a o pojemno\u015bci 15 ml \u2013 125 ml \u2013 hurtowo"},"content":{"rendered":"<p>Przesta\u0144 zadowala\u0107 si\u0119 nudnymi opakowaniami. Tworzymy precyzyjn\u0105 kolekcj\u0119 czarnych szklanych butelek i s\u0142oik\u00f3w zaprojektowanych dla marek kosmetycznych, kt\u00f3re oczekuj\u0105 luksusu bez kompromis\u00f3w. Szklane pojemniki utrzymuj\u0105 \u015bwie\u017co\u015b\u0107 Twojego kremu, balsamu i esencji \u2013 bez uszkodze\u0144 UV i bez psucia si\u0119. Zam\u00f3wienia hurtowe otrzymuj\u0105 spersonalizowane nakr\u0119tki, kt\u00f3re pasuj\u0105 do charakteru Twojej marki.<\/p>\n<h2><strong data-spm-anchor-id=\"5176.28103460.0.i9.29ab2e31KYNL5F\">Kluczowe specyfikacje<\/strong><\/h2>\n<table style=\"border-collapse: collapse; width: 80%; margin-left: auto; margin-right: auto;\" border=\"0\" width=\"648\" cellspacing=\"0\" cellpadding=\"0\">\n<tbody>\n<tr style=\"height: 13.50pt;\">\n<td style=\"height: 13.5pt; width: 54pt; text-align: center;\" width=\"72\" height=\"18\">Pojemno\u015b\u0107 (ml)<\/td>\n<td style=\"width: 54pt; text-align: center;\" width=\"72\">Kszta\u0142t<\/td>\n<td style=\"width: 54pt; text-align: center;\" width=\"72\">\u015arednica otworu (mm)<\/td>\n<td style=\"width: 54pt; text-align: center;\" width=\"72\">\u015arednica butelki (mm)<\/td>\n<td style=\"width: 54pt; text-align: center;\" width=\"72\">Wysoko\u015b\u0107 (mm)<\/td>\n<td style=\"width: 54pt; text-align: center;\" width=\"72\">Wysoko\u015b\u0107 z nakr\u0119tk\u0105 (mm)<\/td>\n<td style=\"width: 54pt; text-align: center;\" width=\"72\">Kolor<\/td>\n<td style=\"width: 54pt; text-align: center;\" width=\"72\">Opcja niestandardowa<\/td>\n<td style=\"width: 54pt; text-align: center;\" width=\"72\">Idealny dla<\/td>\n<\/tr>\n<tr style=\"height: 13.50pt;\">\n<td style=\"height: 13.5pt; text-align: center;\" height=\"18\">125<\/td>\n<td class=\"et2\" style=\"text-align: center;\" rowspan=\"3\">Prosty bokiem<\/td>\n<td style=\"text-align: center;\">20<\/td>\n<td style=\"text-align: center;\">53<\/td>\n<td style=\"text-align: center;\">142<\/td>\n<td style=\"text-align: center;\">180<\/td>\n<td class=\"et2\" style=\"text-align: center;\" rowspan=\"5\">Czarny<\/td>\n<td class=\"et2\" style=\"text-align: center;\" rowspan=\"5\">Obr\u00f3bka powierzchni, kolor, logo, akcesoria<\/td>\n<td class=\"et2\" style=\"text-align: center;\" rowspan=\"5\">Zestawy do piel\u0119gnacji sk\u00f3ry, \u015brodek oczyszczaj\u0105cy, woda esencjalna, balsam\/krem esencjalny<\/td>\n<\/tr>\n<tr style=\"height: 13.50pt;\">\n<td style=\"height: 13.5pt; text-align: center;\" height=\"18\">105<\/td>\n<td style=\"text-align: center;\">20<\/td>\n<td style=\"text-align: center;\">47<\/td>\n<td style=\"text-align: center;\">127<\/td>\n<td style=\"text-align: center;\">165<\/td>\n<\/tr>\n<tr style=\"height: 13.50pt;\">\n<td style=\"height: 13.5pt; text-align: center;\" height=\"18\">45<\/td>\n<td style=\"text-align: center;\">20<\/td>\n<td style=\"text-align: center;\">41<\/td>\n<td style=\"text-align: center;\">86<\/td>\n<td style=\"text-align: center;\">120<\/td>\n<\/tr>\n<tr style=\"height: 13.50pt;\">\n<td style=\"height: 13.5pt; text-align: center;\" height=\"18\">40<\/td>\n<td class=\"et2\" rowspan=\"2\">Okr\u0105g\u0142y<\/td>\n<td style=\"text-align: center;\">52<\/td>\n<td style=\"text-align: center;\">64<\/td>\n<td style=\"text-align: center;\">42<\/td>\n<td style=\"text-align: center;\">70<\/td>\n<\/tr>\n<tr style=\"height: 13.50pt;\">\n<td style=\"height: 13.5pt; text-align: center;\" height=\"18\">15<\/td>\n<td style=\"text-align: center;\">47<\/td>\n<td style=\"text-align: center;\">58<\/td>\n<td style=\"text-align: center;\">32<\/td>\n<td style=\"text-align: center;\">60<\/td>\n<\/tr>\n<\/tbody>\n<\/table>\n<h2>Historia sukcesu<\/h2>\n<p>Jedna z europejskich marek kosmetycznych zdecydowa\u0142a si\u0119 na nasz ekskluzywny zestaw sk\u0142adaj\u0105cy si\u0119 ze s\u0142oika i butelki w kolorze czarnym. Butelki pokryte s\u0105 lakierem UV o wysokim po\u0142ysku, kt\u00f3ry w po\u0142\u0105czeniu z metalow\u0105, pr\u00f3\u017cniowo powlekan\u0105 nakr\u0119tk\u0105 tworzy wyrazisty kontrast i ekskluzywny charakter, dopasowany do indywidualnych potrzeb klienta. Na butelce znajduje si\u0119 sitodruk z logo marki, kt\u00f3rego srebrny kolor r\u00f3wnie\u017c odzwierciedla projekt i przyczynia si\u0119 do og\u00f3lnego efektu.<\/p>\n<p>Od czasu wprowadzenia na rynek nowego zestawu butelek i s\u0142oiczk\u00f3w na kosmetyki, sprzeda\u017c wzros\u0142a o 32% w ci\u0105gu zaledwie dw\u00f3ch miesi\u0119cy, a w celu zaspokojenia rosn\u0105cych wymaga\u0144 dystrybutor\u00f3w zam\u00f3wiono kolejne 55 000 zestaw\u00f3w.<\/p>\n<h2>Twoja opcja adaptacji<\/h2>\n<ol>\n<li><strong>Alternatywy wyko\u0144czenia nasadki:<\/strong> Oferujemy b\u0142yszcz\u0105ce, matowe, szczotkowane metalowe lub lustrzane wyko\u0144czenia galwanizowane, kt\u00f3re pasuj\u0105 do r\u00f3\u017cnych styl\u00f3w marek.<\/li>\n<li><strong>Techniki dekoracyjne:<\/strong> Sitodruk, t\u0142oczenie na gor\u0105co, natryskiwanie gradientowe lub etykietowanie mo\u017cna \u0142\u0105czy\u0107 w wielu warstwach, aby uzyska\u0107 efekty brandingowe.<\/li>\n<li><strong>Projektowanie opakowa\u0144 wt\u00f3rnych:<\/strong> Dodaj prezentacj\u0119 produktu w sklepie, projektuj\u0105c niestandardowe kartony, pude\u0142ka magnetyczne lub opakowania typu szufladkowego.<\/li>\n<\/ol>","protected":false},"excerpt":{"rendered":"<p>Butelki i s\u0142oiki premium do piel\u0119gnacji sk\u00f3ry do Twojego zestawu. Niestandardowe czarne szklane pojemniki. Sprzeda\u017c hurtowa. Opakowanie blokuj\u0105ce \u015bwiat\u0142o i szczelne.<\/p>","protected":false},"featured_media":6478,"comment_status":"closed","ping_status":"closed","template":"","meta":{"_acf_changed":false,"site-sidebar-layout":"default","site-content-layout":"","ast-site-content-layout":"default","site-content-style":"default","site-sidebar-style":"default","ast-global-header-display":"","ast-banner-title-visibility":"","ast-main-header-display":"","ast-hfb-above-header-display":"","ast-hfb-below-header-display":"","ast-hfb-mobile-header-display":"","site-post-title":"","ast-breadcrumbs-content":"","ast-featured-img":"","footer-sml-layout":"","ast-disable-related-posts":"","theme-transparent-header-meta":"default","adv-header-id-meta":"","stick-header-meta":"","header-above-stick-meta":"","header-main-stick-meta":"","header-below-stick-meta":"","astra-migrate-meta-layouts":"set","ast-page-background-enabled":"default","ast-page-background-meta":{"desktop":{"background-color":"var(--ast-global-color-5)","background-image":"","background-repeat":"repeat","background-position":"center center","background-size":"auto","background-attachment":"scroll","background-type":"","background-media":"","overlay-type":"","overlay-color":"","overlay-opacity":"","overlay-gradient":""},"tablet":{"background-color":"","background-image":"","background-repeat":"repeat","background-position":"center center","background-size":"auto","background-attachment":"scroll","background-type":"","background-media":"","overlay-type":"","overlay-color":"","overlay-opacity":"","overlay-gradient":""},"mobile":{"background-color":"","background-image":"","background-repeat":"repeat","background-position":"center center","background-size":"auto","background-attachment":"scroll","background-type":"","background-media":"","overlay-type":"","overlay-color":"","overlay-opacity":"","overlay-gradient":""}},"ast-content-background-meta":{"desktop":{"background-color":"var(--ast-global-color-4)","background-image":"","background-repeat":"repeat","background-position":"center center","background-size":"auto","background-attachment":"scroll","background-type":"","background-media":"","overlay-type":"","overlay-color":"","overlay-opacity":"","overlay-gradient":""},"tablet":{"background-color":"var(--ast-global-color-4)","background-image":"","background-repeat":"repeat","background-position":"center center","background-size":"auto","background-attachment":"scroll","background-type":"","background-media":"","overlay-type":"","overlay-color":"","overlay-opacity":"","overlay-gradient":""},"mobile":{"background-color":"var(--ast-global-color-4)","background-image":"","background-repeat":"repeat","background-position":"center center","background-size":"auto","background-attachment":"scroll","background-type":"","background-media":"","overlay-type":"","overlay-color":"","overlay-opacity":"","overlay-gradient":""}}},"product_brand":[],"product_cat":[236,62,72],"product_tag":[],"class_list":{"0":"post-6477","1":"product","2":"type-product","3":"status-publish","4":"has-post-thumbnail","6":"product_cat-cosmetic-container-set","7":"product_cat-cosmetic-containers","8":"product_cat-cosmetic-packaging","9":"desktop-align-left","10":"tablet-align-left","11":"mobile-align-left","13":"first","14":"instock","15":"shipping-taxable","16":"product-type-simple"},"acf":[],"jetpack_sharing_enabled":true,"_links":{"self":[{"href":"https:\/\/theperfumebottles.com\/pl\/wp-json\/wp\/v2\/product\/6477","targetHints":{"allow":["GET"]}}],"collection":[{"href":"https:\/\/theperfumebottles.com\/pl\/wp-json\/wp\/v2\/product"}],"about":[{"href":"https:\/\/theperfumebottles.com\/pl\/wp-json\/wp\/v2\/types\/product"}],"replies":[{"embeddable":true,"href":"https:\/\/theperfumebottles.com\/pl\/wp-json\/wp\/v2\/comments?post=6477"}],"wp:featuredmedia":[{"embeddable":true,"href":"https:\/\/theperfumebottles.com\/pl\/wp-json\/wp\/v2\/media\/6478"}],"wp:attachment":[{"href":"https:\/\/theperfumebottles.com\/pl\/wp-json\/wp\/v2\/media?parent=6477"}],"wp:term":[{"taxonomy":"product_brand","embeddable":true,"href":"https:\/\/theperfumebottles.com\/pl\/wp-json\/wp\/v2\/product_brand?post=6477"},{"taxonomy":"product_cat","embeddable":true,"href":"https:\/\/theperfumebottles.com\/pl\/wp-json\/wp\/v2\/product_cat?post=6477"},{"taxonomy":"product_tag","embeddable":true,"href":"https:\/\/theperfumebottles.com\/pl\/wp-json\/wp\/v2\/product_tag?post=6477"}],"curies":[{"name":"wp","href":"https:\/\/api.w.org\/{rel}","templated":true}]}}