{"id":6517,"date":"2025-09-22T12:52:43","date_gmt":"2025-09-22T04:52:43","guid":{"rendered":"https:\/\/theperfumebottles.com\/?post_type=product&#038;p=6517"},"modified":"2025-09-22T13:28:19","modified_gmt":"2025-09-22T05:28:19","slug":"wholesale-5ml-9ml-refill-perfume-bottles","status":"publish","type":"product","link":"https:\/\/theperfumebottles.com\/pl\/produkt\/wholesale-5ml-9ml-refill-perfume-bottles\/","title":{"rendered":"Hurtowe butelki perfum 5ml i 9ml z wk\u0142adem"},"content":{"rendered":"<h2>Odkryj nasz najwy\u017cszej jako\u015bci atomizer do perfum z wymiennym wk\u0142adem<\/h2>\n<p>Nasza innowacyjna butelka z wymiennym wk\u0142adem do perfum zosta\u0142a zaprojektowana tak, aby sprosta\u0107 wymaganiom wsp\u00f3\u0142czesnych podr\u00f3\u017cy, oferuj\u0105c wygod\u0119, styl i doskona\u0142\u0105 wydajno\u015b\u0107. Idealny dla os\u00f3b w ci\u0105g\u0142ym ruchu, ten mini i przeno\u015bny atomizer to idealny wyb\u00f3r dla Twojej linii produkt\u00f3w.<\/p>\n<h2>Kluczowe dane techniczne:<\/h2>\n<table style=\"border-collapse: collapse; width: 486.77pt; margin-left: auto; margin-right: auto;\" border=\"0\" width=\"649\" cellspacing=\"0\" cellpadding=\"0\">\n<tbody>\n<tr style=\"height: 13.50pt;\">\n<td style=\"height: 13.50pt; width: 94.50pt;\" width=\"126\" height=\"18\">Funkcja<\/td>\n<td style=\"width: 392.25pt;\" width=\"523\">Szczeg\u00f3\u0142<\/td>\n<\/tr>\n<tr style=\"height: 13.50pt;\">\n<td style=\"height: 13.50pt;\" height=\"18\">Tworzywo<\/td>\n<td>PCTG + czysta mied\u017a, podstawa zapobiegaj\u0105ca wyciekom, galwanizowana pow\u0142oka aluminiowa<\/td>\n<\/tr>\n<tr style=\"height: 13.50pt;\">\n<td style=\"height: 13.50pt;\" height=\"18\">Pojemno\u015b\u0107<\/td>\n<td>5 ml (1,8*8,7 cm), 9 ml (2,2*10 cm)<\/td>\n<\/tr>\n<tr style=\"height: 13.50pt;\">\n<td style=\"height: 13.50pt;\" height=\"18\">Kszta\u0142t<\/td>\n<td>Cylindryczny<\/td>\n<\/tr>\n<tr style=\"height: 13.50pt;\">\n<td style=\"height: 13.50pt;\" height=\"18\">Metoda nape\u0142niania<\/td>\n<td>Wype\u0142nienie od do\u0142u<\/td>\n<\/tr>\n<tr style=\"height: 13.50pt;\">\n<td style=\"height: 13.50pt;\" height=\"18\">Butelka wewn\u0119trzna<\/td>\n<td>Przejrzysty, o wysokiej przejrzysto\u015bci, dobrze uszczelniaj\u0105cy, nielotny<\/td>\n<\/tr>\n<tr style=\"height: 13.50pt;\">\n<td style=\"height: 13.50pt;\" height=\"18\">Stosowanie<\/td>\n<td>Dozowanie perfum, alkoholu, wody toaletowej<\/td>\n<\/tr>\n<\/tbody>\n<\/table>\n<h2>Historia sukcesu:<\/h2>\n<p>Butikowa marka perfum niedawno w\u0142\u0105czy\u0142a nasze 5-mililitrowe flakony do swojej kolekcji podr\u00f3\u017cnej. W pierwszym kwartale odnotowa\u0142a wzrost sprzeda\u017cy swoich zestaw\u00f3w podr\u00f3\u017cnych o 40%, co prze\u0142o\u017cy\u0142o si\u0119 na \u0142atwo\u015b\u0107 u\u017cytkowania flakonu i wra\u017cenie luksusu. Klienci pokochali swoje ulubione perfumy w przeno\u015bnym i elastycznym flakonie.<\/p>\n<h2>Adaptacja i mo\u017cliwo\u015bci hurtowe:<\/h2>\n<p>Jako wiod\u0105cy producent i hurtowy dostawca, rozumiemy Pa\u0144stwa potrzeb\u0119 unikalnego brandingu. Oferujemy szeroki wyb\u00f3r butelek wielokrotnego u\u017cytku do perfum, w tym r\u00f3\u017cne kolory, wyko\u0144czenia powierzchni i pojemno\u015bci. Niezale\u017cnie od tego, czy potrzebuj\u0105 Pa\u0144stwo niewielkiego, czy hurtowego zam\u00f3wienia, jeste\u015bmy gotowi wesprze\u0107 wizj\u0119 Pa\u0144stwa marki. Wybierzcie nas jako niezawodnego dostawc\u0119 szklanych butelek perfum i innowacyjnych rozwi\u0105za\u0144.<\/p>\n<h2>Zam\u00f3w bezp\u0142atn\u0105 pr\u00f3bk\u0119 ju\u017c dzi\u015b!<\/h2>\n<p>Chcesz zobaczy\u0107 jako\u015b\u0107 za pierwszym razem? Darmowe pr\u00f3bki s\u0105 dost\u0119pne dla kwalifikowanych klient\u00f3w hurtowych. <a href=\"https:\/\/theperfumebottles.com\/pl\/contact\/\">Skontaktuj si\u0119 z nami<\/a> Ju\u017c dzi\u015b om\u00f3wimy Twoje wymagania dotycz\u0105ce adaptacji, wysy\u0142ki i dystrybucji. Wzboga\u0107 swoj\u0105 mark\u0119 o nasze najwy\u017cszej jako\u015bci rozwi\u0105zania w zakresie butelek ze spryskiwaczem.<\/p>","protected":false},"excerpt":{"rendered":"<p>Odkryj nasz\u0105 wysok\u0105 jako\u015b\u0107 <strong>butelka perfum z wk\u0142adem<\/strong>, idealne do podr\u00f3\u017cy i dla marek poszukuj\u0105cych hurtowych przeno\u015bnych atomizer\u00f3w z opcjami personalizacji.<\/p>","protected":false},"featured_media":6520,"comment_status":"closed","ping_status":"closed","template":"","meta":{"_acf_changed":false,"site-sidebar-layout":"default","site-content-layout":"","ast-site-content-layout":"default","site-content-style":"default","site-sidebar-style":"default","ast-global-header-display":"","ast-banner-title-visibility":"","ast-main-header-display":"","ast-hfb-above-header-display":"","ast-hfb-below-header-display":"","ast-hfb-mobile-header-display":"","site-post-title":"","ast-breadcrumbs-content":"","ast-featured-img":"","footer-sml-layout":"","ast-disable-related-posts":"","theme-transparent-header-meta":"default","adv-header-id-meta":"","stick-header-meta":"","header-above-stick-meta":"","header-main-stick-meta":"","header-below-stick-meta":"","astra-migrate-meta-layouts":"set","ast-page-background-enabled":"default","ast-page-background-meta":{"desktop":{"background-color":"var(--ast-global-color-5)","background-image":"","background-repeat":"repeat","background-position":"center center","background-size":"auto","background-attachment":"scroll","background-type":"","background-media":"","overlay-type":"","overlay-color":"","overlay-opacity":"","overlay-gradient":""},"tablet":{"background-color":"","background-image":"","background-repeat":"repeat","background-position":"center center","background-size":"auto","background-attachment":"scroll","background-type":"","background-media":"","overlay-type":"","overlay-color":"","overlay-opacity":"","overlay-gradient":""},"mobile":{"background-color":"","background-image":"","background-repeat":"repeat","background-position":"center center","background-size":"auto","background-attachment":"scroll","background-type":"","background-media":"","overlay-type":"","overlay-color":"","overlay-opacity":"","overlay-gradient":""}},"ast-content-background-meta":{"desktop":{"background-color":"var(--ast-global-color-4)","background-image":"","background-repeat":"repeat","background-position":"center center","background-size":"auto","background-attachment":"scroll","background-type":"","background-media":"","overlay-type":"","overlay-color":"","overlay-opacity":"","overlay-gradient":""},"tablet":{"background-color":"var(--ast-global-color-4)","background-image":"","background-repeat":"repeat","background-position":"center center","background-size":"auto","background-attachment":"scroll","background-type":"","background-media":"","overlay-type":"","overlay-color":"","overlay-opacity":"","overlay-gradient":""},"mobile":{"background-color":"var(--ast-global-color-4)","background-image":"","background-repeat":"repeat","background-position":"center center","background-size":"auto","background-attachment":"scroll","background-type":"","background-media":"","overlay-type":"","overlay-color":"","overlay-opacity":"","overlay-gradient":""}}},"product_brand":[],"product_cat":[72,90,41],"product_tag":[],"class_list":{"0":"post-6517","1":"product","2":"type-product","3":"status-publish","4":"has-post-thumbnail","6":"product_cat-cosmetic-packaging","7":"product_cat-refillable-perfume-bottles","8":"product_cat-perfume-bottles","9":"desktop-align-left","10":"tablet-align-left","11":"mobile-align-left","13":"first","14":"instock","15":"shipping-taxable","16":"product-type-simple"},"acf":[],"jetpack_sharing_enabled":true,"_links":{"self":[{"href":"https:\/\/theperfumebottles.com\/pl\/wp-json\/wp\/v2\/product\/6517","targetHints":{"allow":["GET"]}}],"collection":[{"href":"https:\/\/theperfumebottles.com\/pl\/wp-json\/wp\/v2\/product"}],"about":[{"href":"https:\/\/theperfumebottles.com\/pl\/wp-json\/wp\/v2\/types\/product"}],"replies":[{"embeddable":true,"href":"https:\/\/theperfumebottles.com\/pl\/wp-json\/wp\/v2\/comments?post=6517"}],"wp:featuredmedia":[{"embeddable":true,"href":"https:\/\/theperfumebottles.com\/pl\/wp-json\/wp\/v2\/media\/6520"}],"wp:attachment":[{"href":"https:\/\/theperfumebottles.com\/pl\/wp-json\/wp\/v2\/media?parent=6517"}],"wp:term":[{"taxonomy":"product_brand","embeddable":true,"href":"https:\/\/theperfumebottles.com\/pl\/wp-json\/wp\/v2\/product_brand?post=6517"},{"taxonomy":"product_cat","embeddable":true,"href":"https:\/\/theperfumebottles.com\/pl\/wp-json\/wp\/v2\/product_cat?post=6517"},{"taxonomy":"product_tag","embeddable":true,"href":"https:\/\/theperfumebottles.com\/pl\/wp-json\/wp\/v2\/product_tag?post=6517"}],"curies":[{"name":"wp","href":"https:\/\/api.w.org\/{rel}","templated":true}]}}