{"id":7026,"date":"2025-11-11T14:11:22","date_gmt":"2025-11-11T06:11:22","guid":{"rendered":"https:\/\/theperfumebottles.com\/?post_type=product&#038;p=7026"},"modified":"2025-11-11T14:23:34","modified_gmt":"2025-11-11T06:23:34","slug":"perfume-refill-bottle-bulk-order","status":"publish","type":"product","link":"https:\/\/theperfumebottles.com\/pl\/produkt\/perfume-refill-bottle-bulk-order\/","title":{"rendered":"Buteleczka z perfumami 5 ml do codziennego u\u017cytku. Zam\u00f3wienie hurtowe."},"content":{"rendered":"<p>Szukasz flakonu na perfumy, kt\u00f3ry idealnie podkre\u015bli atrakcyjno\u015b\u0107 wizualn\u0105 Twojej marki. Nasza butelka perfum o pojemno\u015bci 5 ml jest zdecydowanie odpowiednia! Zosta\u0142 stworzony, aby Tw\u00f3j zapach by\u0142 w centrum uwagi i nadal oferowa\u0142 klientom \u0142adne i por\u0119czne pi\u0119kno. Trudno oprze\u0107 si\u0119 stylowi i funkcjonalno\u015bci, kt\u00f3re id\u0105 w parze w tym produkcie z linii opakowa\u0144.<\/p>\n<h2>Kluczowe specyfikacje<\/h2>\n<table style=\"border-collapse: collapse;width: 80%;margin-left: auto;margin-right: auto\" border=\"0\" width=\"144\" cellspacing=\"0\" cellpadding=\"0\">\n<tbody>\n<tr style=\"height: 13.50pt\">\n<td style=\"height: 13.5pt;width: 54pt;text-align: center\" width=\"72\" height=\"18\">Funkcja<\/td>\n<td style=\"width: 54pt;text-align: center\" width=\"72\">Bli\u017csze dane<\/td>\n<\/tr>\n<tr style=\"height: 13.50pt\">\n<td style=\"height: 13.5pt;text-align: center\" height=\"18\">Pojemno\u015b\u0107<\/td>\n<td style=\"text-align: center\">5 ml<\/td>\n<\/tr>\n<tr style=\"height: 13.50pt\">\n<td style=\"height: 13.5pt;text-align: center\" height=\"18\">Wymiary<\/td>\n<td style=\"text-align: center\">1,7 * 8,1 cm<\/td>\n<\/tr>\n<tr style=\"height: 13.50pt\">\n<td style=\"height: 13.5pt;text-align: center\" height=\"18\">Tworzywo<\/td>\n<td style=\"text-align: center\">Aluminium z przezroczystym szklanym okienkiem<\/td>\n<\/tr>\n<tr style=\"height: 13.50pt\">\n<td style=\"height: 13.5pt;text-align: center\" height=\"18\">Opcje kolor\u00f3w<\/td>\n<td style=\"text-align: center\">Niebieski, zielony, czerwony, \u017c\u00f3\u0142ty, fioletowy<\/td>\n<\/tr>\n<tr style=\"height: 13.50pt\">\n<td style=\"height: 13.5pt;text-align: center\" height=\"18\">Najlepsze dla<\/td>\n<td style=\"text-align: center\">Perfumy, olejki eteryczne, spraye zapachowe<\/td>\n<\/tr>\n<\/tbody>\n<\/table>\n<h2>Przypadek sukcesu<\/h2>\n<p>Francuska marka perfum skontaktowa\u0142a si\u0119 z nami w celu spersonalizowania tej aluminiowej butelki uzupe\u0142niaj\u0105cej perfumy dla ich przeno\u015bnej linii, wyposa\u017conej w przezroczyste okienko u\u0142atwiaj\u0105ce podgl\u0105d pozosta\u0142ej ilo\u015bci. Butelka wykorzystuje proces anodowania w celu uzyskania r\u00f3\u017cnych \u017cywych kolor\u00f3w i jest grawerowana logo marki.<\/p>\n<p>Po wprowadzeniu nowego opakowania sprzeda\u017c przeno\u015bnej linii marki wzros\u0142a o 38%.<\/p>\n<h2>Spersonalizuj swoj\u0105 butelk\u0119<\/h2>\n<ol>\n<li><strong>Wyb\u00f3r materia\u0142\u00f3w\u200d\u200d\u200d\u200d\u200d\u200d i pojemno\u015bci:<\/strong> Po\u0142\u0105czenie aluminiowej pow\u0142oki zewn\u0119trznej z wewn\u0119trzn\u0105 szklan\u0105 lub plastikow\u0105 butelk\u0105 sprawia, \u017ce produkt jest zar\u00f3wno lekki, jak i wytrzyma\u0142y. Dost\u0119pne s\u0105 pojemno\u015bci 5 ml, 8 ml i 10 ml, dzi\u0119ki czemu mo\u017cna je stosowa\u0107 w r\u00f3\u017cnych sytuacjach (w podr\u00f3\u017cy, do noszenia na co dzie\u0144 itp.).<\/li>\n<li><strong>Konstrukcja dyszy:<\/strong> Mo\u017cesz zdecydowa\u0107 si\u0119 na dysz\u0119 z drobn\u0105 mgie\u0142k\u0105, kt\u00f3r\u0105 mo\u017cna dodatkowo udoskonali\u0107 w celu uzyskania drobniejszej atomizacji; lub po prostu wybra\u0107 obrotowy mechanizm blokuj\u0105cy, aby zapobiec przypadkowemu rozpyleniu i uczyni\u0107 urz\u0105dzenie bardziej przeno\u015bnym.<\/li>\n<li><strong>Kszta\u0142t i przezroczysto\u015b\u0107 okna:<\/strong> Dost\u0119pne s\u0105 konfigurowalne okna podgl\u0105du w r\u00f3\u017cnych kszta\u0142tach (pasek, owal, serce itp.) o zmiennej przezroczysto\u015bci, kt\u00f3re s\u0105 zar\u00f3wno eleganckie, jak i \u200d\u200d\u200d\u200d\u200d\u200d u\u017cyteczne.<\/li>\n<\/ol>","protected":false},"excerpt":{"rendered":"<p>Lekka butelka perfum z przezroczystym okienkiem. Idealna butelka na perfumy w podr\u00f3\u017cy, \u0142atwa do przenoszenia i nape\u0142niania w dowolnym momencie.<\/p>","protected":false},"featured_media":7027,"comment_status":"open","ping_status":"closed","template":"","meta":{"_acf_changed":false,"site-sidebar-layout":"default","site-content-layout":"","ast-site-content-layout":"default","site-content-style":"default","site-sidebar-style":"default","ast-global-header-display":"","ast-banner-title-visibility":"","ast-main-header-display":"","ast-hfb-above-header-display":"","ast-hfb-below-header-display":"","ast-hfb-mobile-header-display":"","site-post-title":"","ast-breadcrumbs-content":"","ast-featured-img":"","footer-sml-layout":"","ast-disable-related-posts":"","theme-transparent-header-meta":"default","adv-header-id-meta":"","stick-header-meta":"","header-above-stick-meta":"","header-main-stick-meta":"","header-below-stick-meta":"","astra-migrate-meta-layouts":"set","ast-page-background-enabled":"default","ast-page-background-meta":{"desktop":{"background-color":"var(--ast-global-color-5)","background-image":"","background-repeat":"repeat","background-position":"center center","background-size":"auto","background-attachment":"scroll","background-type":"","background-media":"","overlay-type":"","overlay-color":"","overlay-opacity":"","overlay-gradient":""},"tablet":{"background-color":"","background-image":"","background-repeat":"repeat","background-position":"center center","background-size":"auto","background-attachment":"scroll","background-type":"","background-media":"","overlay-type":"","overlay-color":"","overlay-opacity":"","overlay-gradient":""},"mobile":{"background-color":"","background-image":"","background-repeat":"repeat","background-position":"center center","background-size":"auto","background-attachment":"scroll","background-type":"","background-media":"","overlay-type":"","overlay-color":"","overlay-opacity":"","overlay-gradient":""}},"ast-content-background-meta":{"desktop":{"background-color":"var(--ast-global-color-4)","background-image":"","background-repeat":"repeat","background-position":"center center","background-size":"auto","background-attachment":"scroll","background-type":"","background-media":"","overlay-type":"","overlay-color":"","overlay-opacity":"","overlay-gradient":""},"tablet":{"background-color":"var(--ast-global-color-4)","background-image":"","background-repeat":"repeat","background-position":"center center","background-size":"auto","background-attachment":"scroll","background-type":"","background-media":"","overlay-type":"","overlay-color":"","overlay-opacity":"","overlay-gradient":""},"mobile":{"background-color":"var(--ast-global-color-4)","background-image":"","background-repeat":"repeat","background-position":"center center","background-size":"auto","background-attachment":"scroll","background-type":"","background-media":"","overlay-type":"","overlay-color":"","overlay-opacity":"","overlay-gradient":""}}},"product_brand":[],"product_cat":[72,90],"product_tag":[],"class_list":{"0":"post-7026","1":"product","2":"type-product","3":"status-publish","4":"has-post-thumbnail","6":"product_cat-cosmetic-packaging","7":"product_cat-refillable-perfume-bottles","8":"desktop-align-left","9":"tablet-align-left","10":"mobile-align-left","12":"first","13":"instock","14":"shipping-taxable","15":"product-type-simple"},"acf":[],"jetpack_sharing_enabled":true,"_links":{"self":[{"href":"https:\/\/theperfumebottles.com\/pl\/wp-json\/wp\/v2\/product\/7026","targetHints":{"allow":["GET"]}}],"collection":[{"href":"https:\/\/theperfumebottles.com\/pl\/wp-json\/wp\/v2\/product"}],"about":[{"href":"https:\/\/theperfumebottles.com\/pl\/wp-json\/wp\/v2\/types\/product"}],"replies":[{"embeddable":true,"href":"https:\/\/theperfumebottles.com\/pl\/wp-json\/wp\/v2\/comments?post=7026"}],"wp:featuredmedia":[{"embeddable":true,"href":"https:\/\/theperfumebottles.com\/pl\/wp-json\/wp\/v2\/media\/7027"}],"wp:attachment":[{"href":"https:\/\/theperfumebottles.com\/pl\/wp-json\/wp\/v2\/media?parent=7026"}],"wp:term":[{"taxonomy":"product_brand","embeddable":true,"href":"https:\/\/theperfumebottles.com\/pl\/wp-json\/wp\/v2\/product_brand?post=7026"},{"taxonomy":"product_cat","embeddable":true,"href":"https:\/\/theperfumebottles.com\/pl\/wp-json\/wp\/v2\/product_cat?post=7026"},{"taxonomy":"product_tag","embeddable":true,"href":"https:\/\/theperfumebottles.com\/pl\/wp-json\/wp\/v2\/product_tag?post=7026"}],"curies":[{"name":"wp","href":"https:\/\/api.w.org\/{rel}","templated":true}]}}