{"id":7031,"date":"2025-11-11T15:55:53","date_gmt":"2025-11-11T07:55:53","guid":{"rendered":"https:\/\/theperfumebottles.com\/?post_type=product&#038;p=7031"},"modified":"2025-11-11T17:29:30","modified_gmt":"2025-11-11T09:29:30","slug":"10ml-double-end-perfume-bottles-wholesaler","status":"publish","type":"product","link":"https:\/\/theperfumebottles.com\/pl\/produkt\/10ml-double-end-perfume-bottles-wholesaler\/","title":{"rendered":"10ml Double End Perfume Bottles for Travel Fragrance Bulk"},"content":{"rendered":"<p>Bez\u200d\u200d\u200d\u200d\u200d\u200d\u200d utraty stylu, potrzebujesz s\u0142oika na perfumy, kt\u00f3ry mo\u017ce pe\u0142ni\u0107 dwie funkcje w tym samym czasie. Nasze podw\u00f3jne buteleczki na perfumy o pojemno\u015bci 10 ml s\u0105 w\u0142a\u015bnie takie - zaprojektowane z my\u015bl\u0105 o pi\u0119knie i codziennej wygodzie. Jedna z tych szklanych butelek 2 w 1 ca\u0142kowicie odmieni Twoje doznania zapachowe i b\u0119dziesz zaskoczony.<\/p>\n<h2>Kluczowe specyfikacje<\/h2>\n<table style=\"border-collapse: collapse;width: 80%;margin-left: auto;margin-right: auto\" border=\"0\" width=\"144\" cellspacing=\"0\" cellpadding=\"0\">\n<tbody>\n<tr style=\"height: 13.50pt\">\n<td style=\"height: 13.5pt;width: 54pt;text-align: center\" width=\"72\" height=\"18\">Funkcja<\/td>\n<td style=\"width: 54pt;text-align: center\" width=\"72\">Bli\u017csze dane<\/td>\n<\/tr>\n<tr style=\"height: 13.50pt\">\n<td style=\"height: 13.5pt;text-align: center\" height=\"18\">Pojemno\u015b\u0107<\/td>\n<td style=\"text-align: center\">10 ml<\/td>\n<\/tr>\n<tr style=\"height: 13.50pt\">\n<td style=\"height: 13.5pt;text-align: center\" height=\"18\">Wymiary<\/td>\n<td style=\"text-align: center\">1,9 * 10,5 cm<\/td>\n<\/tr>\n<tr style=\"height: 13.50pt\">\n<td style=\"height: 13.5pt;text-align: center\" height=\"18\">Opcje szk\u0142a<\/td>\n<td style=\"text-align: center\">Przezroczysty lub bursztynowy<\/td>\n<\/tr>\n<tr style=\"height: 13.50pt\">\n<td style=\"height: 13.5pt;text-align: center\" height=\"18\">Kolory czapek<\/td>\n<td style=\"text-align: center\">Czarny, srebrny, z\u0142oty (z mo\u017cliwo\u015bci\u0105 dostosowania)<\/td>\n<\/tr>\n<tr style=\"height: 13.50pt\">\n<td style=\"height: 13.5pt;text-align: center\" height=\"18\">Typy atomizer\u00f3w<\/td>\n<td style=\"text-align: center\">Spray i roll-on (podw\u00f3jna g\u0142owica)<\/td>\n<\/tr>\n<tr style=\"height: 13.50pt\">\n<td style=\"height: 13.5pt;text-align: center\" height=\"18\">Najlepsze dla<\/td>\n<td style=\"text-align: center\">Perfumy, olejki eteryczne, spraye do cia\u0142a<\/td>\n<\/tr>\n<\/tbody>\n<\/table>\n<h2>Przypadek sukcesu<\/h2>\n<p>Do nas\u200d\u200d\u200d\u200d\u200d\u200d zwr\u00f3ci\u0142a si\u0119 hiszpa\u0144ska marka perfum, aby\u015bmy spersonalizowali ten dwustronny flakonik na perfumy, kt\u00f3rego jeden koniec to dysza rozpylaj\u0105ca drobn\u0105 mgie\u0142k\u0119, a drugi to kulka ze stali nierdzewnej do precyzyjnej aplikacji. Wyb\u00f3r pad\u0142 na gradientowe bursztynowe wyko\u0144czenie, a logo marki zosta\u0142o przez nich wygrawerowane laserowo na metalowej nasadce, dzi\u0119ki czemu ich minimalistyczna, ale luksusowa estetyka by\u0142a dla nich idealna.<\/p>\n<p>Ten ma\u0142y, sprytny pomys\u0142 spotka\u0142 si\u0119 z du\u017cym zainteresowaniem klient\u00f3w i w rezultacie sprzeda\u017c produkt\u00f3w w rozmiarze podr\u00f3\u017cnym wzros\u0142a o 30% po \u200d\u200d\u200d\u200d\u200d\u200d\u200d.<\/p>\n<h2>Spersonalizuj swoj\u0105 butelk\u0119<\/h2>\n<ol>\n<li><strong>Dostosowanie koloru butelki\u200d\u200d\u200d\u200d\u200d\u200d:<\/strong> Wybierz spo\u015br\u00f3d przezroczystych, br\u0105zowych, gradientowych lub matowych, aby skoordynowa\u0107 je z lini\u0105 perfum Twojej marki lub motywem sezonowym.<\/li>\n<li><strong>Materia\u0142 i kolor czapki:<\/strong> Charakteryzuje si\u0119 r\u00f3\u017cnym wygl\u0105dem metalu, takim jak galwanizowane z\u0142oto, srebro, czer\u0144 i r\u00f3\u017cowe z\u0142oto, kt\u00f3re podnosz\u0105 og\u00f3lny poziom produktu.<\/li>\n<li><strong>Kombinacja rozpylacza i dyszy rollerball:<\/strong> Spersonalizowana pojedyncza dysza rozpylaj\u0105ca, konstrukcja z dwiema g\u0142owicami lub zdejmowana konstrukcja dla \u0142atwego nape\u0142niania i wielofunkcyjnego \u200d\u200d\u200d\u200d\u200d\u200d u\u017cycia.<\/li>\n<\/ol>","protected":false},"excerpt":{"rendered":"<p>Stylowe, podw\u00f3jne flakony na perfumy wykonane z wytrzyma\u0142ego szk\u0142a 2 w 1, idealne do przenoszenia dw\u00f3ch zapach\u00f3w w jednym kompaktowym, szczelnym pojemniku.<\/p>","protected":false},"featured_media":7033,"comment_status":"open","ping_status":"closed","template":"","meta":{"_acf_changed":false,"site-sidebar-layout":"default","site-content-layout":"","ast-site-content-layout":"default","site-content-style":"default","site-sidebar-style":"default","ast-global-header-display":"","ast-banner-title-visibility":"","ast-main-header-display":"","ast-hfb-above-header-display":"","ast-hfb-below-header-display":"","ast-hfb-mobile-header-display":"","site-post-title":"","ast-breadcrumbs-content":"","ast-featured-img":"","footer-sml-layout":"","ast-disable-related-posts":"","theme-transparent-header-meta":"default","adv-header-id-meta":"","stick-header-meta":"","header-above-stick-meta":"","header-main-stick-meta":"","header-below-stick-meta":"","astra-migrate-meta-layouts":"set","ast-page-background-enabled":"default","ast-page-background-meta":{"desktop":{"background-color":"var(--ast-global-color-5)","background-image":"","background-repeat":"repeat","background-position":"center center","background-size":"auto","background-attachment":"scroll","background-type":"","background-media":"","overlay-type":"","overlay-color":"","overlay-opacity":"","overlay-gradient":""},"tablet":{"background-color":"","background-image":"","background-repeat":"repeat","background-position":"center center","background-size":"auto","background-attachment":"scroll","background-type":"","background-media":"","overlay-type":"","overlay-color":"","overlay-opacity":"","overlay-gradient":""},"mobile":{"background-color":"","background-image":"","background-repeat":"repeat","background-position":"center center","background-size":"auto","background-attachment":"scroll","background-type":"","background-media":"","overlay-type":"","overlay-color":"","overlay-opacity":"","overlay-gradient":""}},"ast-content-background-meta":{"desktop":{"background-color":"var(--ast-global-color-4)","background-image":"","background-repeat":"repeat","background-position":"center center","background-size":"auto","background-attachment":"scroll","background-type":"","background-media":"","overlay-type":"","overlay-color":"","overlay-opacity":"","overlay-gradient":""},"tablet":{"background-color":"var(--ast-global-color-4)","background-image":"","background-repeat":"repeat","background-position":"center center","background-size":"auto","background-attachment":"scroll","background-type":"","background-media":"","overlay-type":"","overlay-color":"","overlay-opacity":"","overlay-gradient":""},"mobile":{"background-color":"var(--ast-global-color-4)","background-image":"","background-repeat":"repeat","background-position":"center center","background-size":"auto","background-attachment":"scroll","background-type":"","background-media":"","overlay-type":"","overlay-color":"","overlay-opacity":"","overlay-gradient":""}}},"product_brand":[],"product_cat":[72,90,41],"product_tag":[],"class_list":{"0":"post-7031","1":"product","2":"type-product","3":"status-publish","4":"has-post-thumbnail","6":"product_cat-cosmetic-packaging","7":"product_cat-refillable-perfume-bottles","8":"product_cat-perfume-bottles","9":"desktop-align-left","10":"tablet-align-left","11":"mobile-align-left","13":"first","14":"instock","15":"shipping-taxable","16":"product-type-simple"},"acf":[],"jetpack_sharing_enabled":true,"_links":{"self":[{"href":"https:\/\/theperfumebottles.com\/pl\/wp-json\/wp\/v2\/product\/7031","targetHints":{"allow":["GET"]}}],"collection":[{"href":"https:\/\/theperfumebottles.com\/pl\/wp-json\/wp\/v2\/product"}],"about":[{"href":"https:\/\/theperfumebottles.com\/pl\/wp-json\/wp\/v2\/types\/product"}],"replies":[{"embeddable":true,"href":"https:\/\/theperfumebottles.com\/pl\/wp-json\/wp\/v2\/comments?post=7031"}],"wp:featuredmedia":[{"embeddable":true,"href":"https:\/\/theperfumebottles.com\/pl\/wp-json\/wp\/v2\/media\/7033"}],"wp:attachment":[{"href":"https:\/\/theperfumebottles.com\/pl\/wp-json\/wp\/v2\/media?parent=7031"}],"wp:term":[{"taxonomy":"product_brand","embeddable":true,"href":"https:\/\/theperfumebottles.com\/pl\/wp-json\/wp\/v2\/product_brand?post=7031"},{"taxonomy":"product_cat","embeddable":true,"href":"https:\/\/theperfumebottles.com\/pl\/wp-json\/wp\/v2\/product_cat?post=7031"},{"taxonomy":"product_tag","embeddable":true,"href":"https:\/\/theperfumebottles.com\/pl\/wp-json\/wp\/v2\/product_tag?post=7031"}],"curies":[{"name":"wp","href":"https:\/\/api.w.org\/{rel}","templated":true}]}}