{"id":7062,"date":"2025-11-20T11:41:58","date_gmt":"2025-11-20T03:41:58","guid":{"rendered":"https:\/\/theperfumebottles.com\/?post_type=product&#038;p=7062"},"modified":"2025-11-20T17:15:55","modified_gmt":"2025-11-20T09:15:55","slug":"2-in-1-spray-bottle-with-roller-ball-wholesale","status":"publish","type":"product","link":"https:\/\/theperfumebottles.com\/pl\/produkt\/2-in-1-spray-bottle-with-roller-ball-wholesale\/","title":{"rendered":"2 in 1 Spray Bottle with\u00a0Roller Ball Wholesale 10ml"},"content":{"rendered":"<p>Flakon perfum, kt\u00f3rego szukasz, musi by\u0107 nie tylko wydajny, ale i atrakcyjny wizualnie. Nasze 10-mililitrowe szklane butelki z atomizerem to dok\u0142adnie to, czego szukasz \u2013 prawdziwy atomizer 2 w 1, idealny do Twojej linii zapachowej. Ten szklany flakon bez w\u0105tpienia sprawi, \u017ce Twoja marka zab\u0142y\u015bnie, a temu nie mo\u017cesz si\u0119 oprze\u0107.<\/p>\n<h2>Kluczowe specyfikacje<\/h2>\n<table style=\"border-collapse: collapse;width: 80%;margin-left: auto;margin-right: auto\" border=\"0\" width=\"144\" cellspacing=\"0\" cellpadding=\"0\">\n<tbody>\n<tr style=\"height: 13.50pt\">\n<td style=\"height: 13.5pt;width: 54pt;text-align: center\" width=\"72\" height=\"18\">Funkcja<\/td>\n<td style=\"width: 54pt;text-align: center\" width=\"72\">Bli\u017csze dane<\/td>\n<\/tr>\n<tr style=\"height: 13.50pt\">\n<td style=\"height: 13.5pt;text-align: center\" height=\"18\">Pojemno\u015b\u0107<\/td>\n<td style=\"text-align: center\">10 ml<\/td>\n<\/tr>\n<tr style=\"height: 13.50pt\">\n<td style=\"height: 13.5pt;text-align: center\" height=\"18\">Wymiary<\/td>\n<td style=\"text-align: center\">1,6 * 10,0 cm<\/td>\n<\/tr>\n<tr style=\"height: 13.50pt\">\n<td style=\"height: 13.5pt;text-align: center\" height=\"18\">Zabarwienie<\/td>\n<td style=\"text-align: center\">Srebrny, czarny, z\u0142oty (mo\u017cliwo\u015b\u0107 dostosowania)<\/td>\n<\/tr>\n<tr style=\"height: 13.50pt\">\n<td style=\"height: 13.5pt;text-align: center\" height=\"18\">Rozpylacz<\/td>\n<td style=\"text-align: center\">Natrysk i wa\u0142ek (podw\u00f3jna g\u0142owica)<\/td>\n<\/tr>\n<tr style=\"height: 13.50pt\">\n<td style=\"height: 13.5pt;text-align: center\" height=\"18\">Najlepsze dla<\/td>\n<td style=\"text-align: center\">Perfumy, olejki eteryczne, spraye zapachowe<\/td>\n<\/tr>\n<\/tbody>\n<\/table>\n<h2>Przypadek sukcesu<\/h2>\n<p>Kanadyjska firma produkuj\u0105ca perfumy zwr\u00f3ci\u0142a si\u0119 do nas z pro\u015bb\u0105 o przeno\u015bne opakowanie, kt\u00f3re pomie\u015bci zar\u00f3wno delikatn\u0105 mgie\u0142k\u0119 perfum, jak i mieszank\u0119 naturalnych olejk\u00f3w. Naszym rozwi\u0105zaniem by\u0142a butelka z atomizerem 2 w 1 z eleganck\u0105 metalow\u0105 obudow\u0105 i ma\u0142ym, wbudowanym szklanym aplikatorem kulkowym. Po personalizacji koloru butelki i ulepszeniu pompki z atomizerem, aby uzyska\u0107 delikatniejsz\u0105 mgie\u0142k\u0119, marka zaprezentowa\u0142a kolekcj\u0119 w rozmiarze podr\u00f3\u017cnym, kt\u00f3ra w mgnieniu oka sta\u0142a si\u0119 ich najlepiej sprzedaj\u0105cym si\u0119 prezentem.<\/p>\n<p>Wolumen zam\u00f3wie\u0144 na du\u017ce ilo\u015bci wzr\u00f3s\u0142 o 40% w ci\u0105gu zaledwie dw\u00f3ch miesi\u0119cy.<\/p>\n<h2>Spersonalizuj swoj\u0105 butelk\u0119 ze spryskiwaczem 2 w 1<\/h2>\n<ol>\n<li><strong>Regulowany\u200b\u200d\u200b\u200c\u200d\u200b\u200d\u200c\u200d\u200b\u200c\u200d\u200b\u200d\u200c Kolor galwanizacji:<\/strong> Wybierz kolor galwanizacji, np. z\u0142oty, srebrny, r\u00f3\u017cowo-z\u0142oty, metaliczny lub inny, aby nada\u0107 swojej marce bardziej sp\u00f3jny wygl\u0105d.<\/li>\n<li><strong>R\u00f3\u017cne materia\u0142y \u0142o\u017cysk kulkowych:<\/strong> Oferujemy r\u00f3\u017cne rodzaje \u0142o\u017cysk kulkowych, takich jak szklane, ze stali nierdzewnej i ceramiczne, kt\u00f3re dopasowuj\u0105 si\u0119 do tekstury olejk\u00f3w eterycznych lub perfum.<\/li>\n<li><strong>Branding i wz\u00f3r dekoracyjny:<\/strong> Wybierz spo\u015br\u00f3d sitodruku, grawerowania laserowego, t\u0142oczenia na gor\u0105co i innych technik, aby wskaza\u0107 swoj\u0105 mark\u0119 i zwi\u0119kszy\u0107 jej rozpoznawalno\u015b\u0107.<\/li>\n<\/ol>","protected":false},"excerpt":{"rendered":"<p>Wszechstronna butelka z atomizerem 2 w 1 w po\u0142\u0105czeniu z aplikatorem kulkowym, idealna do perfum lub olejk\u00f3w. Dostawa bezpo\u015brednio z fabryki z mo\u017cliwo\u015bci\u0105 personalizacji. Dost\u0119pna natychmiastowa dostawa.<\/p>","protected":false},"featured_media":7063,"comment_status":"open","ping_status":"closed","template":"","meta":{"_acf_changed":false,"site-sidebar-layout":"default","site-content-layout":"","ast-site-content-layout":"default","site-content-style":"default","site-sidebar-style":"default","ast-global-header-display":"","ast-banner-title-visibility":"","ast-main-header-display":"","ast-hfb-above-header-display":"","ast-hfb-below-header-display":"","ast-hfb-mobile-header-display":"","site-post-title":"","ast-breadcrumbs-content":"","ast-featured-img":"","footer-sml-layout":"","ast-disable-related-posts":"","theme-transparent-header-meta":"default","adv-header-id-meta":"","stick-header-meta":"","header-above-stick-meta":"","header-main-stick-meta":"","header-below-stick-meta":"","astra-migrate-meta-layouts":"set","ast-page-background-enabled":"default","ast-page-background-meta":{"desktop":{"background-color":"var(--ast-global-color-5)","background-image":"","background-repeat":"repeat","background-position":"center center","background-size":"auto","background-attachment":"scroll","background-type":"","background-media":"","overlay-type":"","overlay-color":"","overlay-opacity":"","overlay-gradient":""},"tablet":{"background-color":"","background-image":"","background-repeat":"repeat","background-position":"center center","background-size":"auto","background-attachment":"scroll","background-type":"","background-media":"","overlay-type":"","overlay-color":"","overlay-opacity":"","overlay-gradient":""},"mobile":{"background-color":"","background-image":"","background-repeat":"repeat","background-position":"center center","background-size":"auto","background-attachment":"scroll","background-type":"","background-media":"","overlay-type":"","overlay-color":"","overlay-opacity":"","overlay-gradient":""}},"ast-content-background-meta":{"desktop":{"background-color":"var(--ast-global-color-4)","background-image":"","background-repeat":"repeat","background-position":"center center","background-size":"auto","background-attachment":"scroll","background-type":"","background-media":"","overlay-type":"","overlay-color":"","overlay-opacity":"","overlay-gradient":""},"tablet":{"background-color":"var(--ast-global-color-4)","background-image":"","background-repeat":"repeat","background-position":"center center","background-size":"auto","background-attachment":"scroll","background-type":"","background-media":"","overlay-type":"","overlay-color":"","overlay-opacity":"","overlay-gradient":""},"mobile":{"background-color":"var(--ast-global-color-4)","background-image":"","background-repeat":"repeat","background-position":"center center","background-size":"auto","background-attachment":"scroll","background-type":"","background-media":"","overlay-type":"","overlay-color":"","overlay-opacity":"","overlay-gradient":""}}},"product_brand":[],"product_cat":[72,90,41],"product_tag":[],"class_list":{"0":"post-7062","1":"product","2":"type-product","3":"status-publish","4":"has-post-thumbnail","6":"product_cat-cosmetic-packaging","7":"product_cat-refillable-perfume-bottles","8":"product_cat-perfume-bottles","9":"desktop-align-left","10":"tablet-align-left","11":"mobile-align-left","13":"first","14":"instock","15":"shipping-taxable","16":"product-type-simple"},"acf":[],"jetpack_sharing_enabled":true,"_links":{"self":[{"href":"https:\/\/theperfumebottles.com\/pl\/wp-json\/wp\/v2\/product\/7062","targetHints":{"allow":["GET"]}}],"collection":[{"href":"https:\/\/theperfumebottles.com\/pl\/wp-json\/wp\/v2\/product"}],"about":[{"href":"https:\/\/theperfumebottles.com\/pl\/wp-json\/wp\/v2\/types\/product"}],"replies":[{"embeddable":true,"href":"https:\/\/theperfumebottles.com\/pl\/wp-json\/wp\/v2\/comments?post=7062"}],"wp:featuredmedia":[{"embeddable":true,"href":"https:\/\/theperfumebottles.com\/pl\/wp-json\/wp\/v2\/media\/7063"}],"wp:attachment":[{"href":"https:\/\/theperfumebottles.com\/pl\/wp-json\/wp\/v2\/media?parent=7062"}],"wp:term":[{"taxonomy":"product_brand","embeddable":true,"href":"https:\/\/theperfumebottles.com\/pl\/wp-json\/wp\/v2\/product_brand?post=7062"},{"taxonomy":"product_cat","embeddable":true,"href":"https:\/\/theperfumebottles.com\/pl\/wp-json\/wp\/v2\/product_cat?post=7062"},{"taxonomy":"product_tag","embeddable":true,"href":"https:\/\/theperfumebottles.com\/pl\/wp-json\/wp\/v2\/product_tag?post=7062"}],"curies":[{"name":"wp","href":"https:\/\/api.w.org\/{rel}","templated":true}]}}