{"id":3,"date":"2024-12-05T06:22:48","date_gmt":"2024-12-05T06:22:48","guid":{"rendered":"https:\/\/theperfumebottles.com\/?page_id=3"},"modified":"2025-10-31T10:10:35","modified_gmt":"2025-10-31T02:10:35","slug":"privacy-policy","status":"publish","type":"page","link":"https:\/\/theperfumebottles.com\/pt\/privacy-policy\/","title":{"rendered":"pol\u00edtica de Privacidade"},"content":{"rendered":"<div data-elementor-type=\"wp-page\" data-elementor-id=\"3\" class=\"elementor elementor-3\" data-elementor-settings=\"{&quot;ha_cmc_init_switcher&quot;:&quot;no&quot;}\" data-elementor-post-type=\"page\">\n\t\t\t\t<div class=\"elementor-element elementor-element-7292605e e-flex e-con-boxed e-con e-parent\" data-id=\"7292605e\" data-element_type=\"container\" data-e-type=\"container\" data-settings=\"{&quot;_ha_eqh_enable&quot;:false}\">\n\t\t\t\t\t<div class=\"e-con-inner\">\n\t\t\t\t<div class=\"elementor-element elementor-element-23aa057f elementor-widget elementor-widget-text-editor\" data-id=\"23aa057f\" data-element_type=\"widget\" data-e-type=\"widget\" data-widget_type=\"text-editor.default\">\n\t\t\t\t<div class=\"elementor-widget-container\">\n\t\t\t\t\t\t\t\t\t<p>Esta Pol\u00edtica de Privacidade descreve a forma como a sua informa\u00e7\u00e3o pessoal \u00e9 recolhida, utilizada e partilhada quando visita ou efectua uma compra em theperfumebottles.com (o \"Site\").<\/p>\n<p><span style=\"color: #002b5b;\"><strong>INFORMA\u00c7\u00d5ES PESSOAIS QUE RECOLHEMOS<\/strong><\/span><\/p>\n<p>Quando visita o Site, recolhemos automaticamente determinadas informa\u00e7\u00f5es sobre o seu dispositivo, incluindo informa\u00e7\u00f5es sobre o seu browser, endere\u00e7o IP, fuso hor\u00e1rio e alguns dos cookies que est\u00e3o instalados no seu dispositivo. Al\u00e9m disso, \u00e0 medida que o utilizador navega no S\u00edtio, recolhemos informa\u00e7\u00f5es sobre as p\u00e1ginas Web ou produtos individuais que visualiza, que s\u00edtios Web ou termos de pesquisa o encaminharam para o S\u00edtio e informa\u00e7\u00f5es sobre a forma como interage com o S\u00edtio. Referimo-nos a estas informa\u00e7\u00f5es recolhidas automaticamente como \"Informa\u00e7\u00f5es do dispositivo\".<\/p>\n<p>Recolhemos Informa\u00e7\u00f5es do dispositivo utilizando as seguintes tecnologias:<br \/>- Os \"cookies\" s\u00e3o ficheiros de dados que s\u00e3o colocados no seu dispositivo ou computador e que incluem frequentemente um identificador \u00fanico an\u00f3nimo. Para mais informa\u00e7\u00f5es sobre cookies e sobre como desativar os cookies, visite http:\/\/www.allaboutcookies.org.<br \/>- Os \"ficheiros de registo\" registam as ac\u00e7\u00f5es que ocorrem no Site e recolhem dados, incluindo o seu endere\u00e7o IP, tipo de browser, fornecedor de servi\u00e7os Internet, p\u00e1ginas de refer\u00eancia\/sa\u00edda e carimbos de data\/hora.<br \/>- Os \"Web beacons\", \"tags\" e \"pixels\" s\u00e3o ficheiros electr\u00f3nicos utilizados para registar informa\u00e7\u00f5es sobre a forma como o utilizador navega no Site.<\/p>\n<p>Al\u00e9m disso, quando o utilizador faz uma compra ou tenta fazer uma compra atrav\u00e9s do S\u00edtio, recolhemos determinadas informa\u00e7\u00f5es do utilizador, incluindo o seu nome, endere\u00e7o de fatura\u00e7\u00e3o, endere\u00e7o de envio, informa\u00e7\u00f5es de pagamento, endere\u00e7o de correio eletr\u00f3nico e n\u00famero de telefone. Referimo-nos a estas informa\u00e7\u00f5es como \"Informa\u00e7\u00f5es da encomenda\".<\/p>\n<p>Quando falamos de \"Informa\u00e7\u00f5es Pessoais\" nesta Pol\u00edtica de Privacidade, estamos a falar de Informa\u00e7\u00f5es do Dispositivo e de Informa\u00e7\u00f5es da Encomenda.<\/p>\n<p><span style=\"color: #002b5b;\"><strong>COMO \u00c9 QUE UTILIZAMOS AS SUAS INFORMA\u00c7\u00d5ES PESSOAIS?<\/strong><\/span><\/p>\n<p>Utilizamos as Informa\u00e7\u00f5es de Encomenda que recolhemos geralmente para cumprir quaisquer encomendas efectuadas atrav\u00e9s do Site (incluindo o processamento das suas informa\u00e7\u00f5es de pagamento, a organiza\u00e7\u00e3o do envio e o fornecimento de facturas e\/ou confirma\u00e7\u00f5es de encomendas). Adicionalmente, utilizamos esta Informa\u00e7\u00e3o de Encomenda para:<br \/>- Comunicar consigo;<br \/>- Verificar se as nossas encomendas apresentam riscos ou fraudes potenciais; <br \/>- Quando estiver de acordo com as prefer\u00eancias que partilhou connosco, fornecer-lhe informa\u00e7\u00f5es ou publicidade relacionadas com os nossos produtos ou servi\u00e7os.<\/p>\n<p>Utilizamos as Informa\u00e7\u00f5es do dispositivo que recolhemos para nos ajudar a detetar potenciais riscos e fraudes (em particular, o seu endere\u00e7o IP) e, de uma forma mais geral, para melhorar e otimizar o nosso Site (por exemplo, gerando an\u00e1lises sobre a forma como os nossos clientes navegam e interagem com o Site e para avaliar o sucesso das nossas campanhas de marketing e publicidade).<\/p>\n<p><span style=\"color: #002b5b;\"><strong>PARTILHAR AS SUAS INFORMA\u00c7\u00d5ES PESSOAIS<\/strong><\/span><\/p>\n<p>Partilhamos as suas Informa\u00e7\u00f5es Pessoais com terceiros para nos ajudarem a utilizar as suas Informa\u00e7\u00f5es Pessoais, conforme descrito acima. <br \/>Utilizamos o Google Analytics para nos ajudar a compreender a forma como os nossos clientes utilizam o S\u00edtio - pode ler mais sobre a forma como o Google utiliza os seus Dados Pessoais aqui: https:\/\/www.google.com\/intl\/en\/policies\/privacy\/. O utilizador tamb\u00e9m pode optar por n\u00e3o utilizar o Google Analytics aqui: https:\/\/tools.google.com\/dlpage\/gaoptout\/.<\/p>\n<p>Por fim, tamb\u00e9m podemos partilhar as suas Informa\u00e7\u00f5es Pessoais para cumprir as leis e regulamentos aplic\u00e1veis, para responder a uma intima\u00e7\u00e3o, mandado de busca ou outros pedidos legais de informa\u00e7\u00f5es que recebemos, ou para proteger os nossos direitos.<\/p>\n<p><span style=\"color: #002b5b;\"><strong>N\u00c3O RASTREAR<\/strong><\/span><\/p>\n<p>Tenha em aten\u00e7\u00e3o que n\u00e3o alteramos as pr\u00e1ticas de recolha e utiliza\u00e7\u00e3o de dados do nosso S\u00edtio quando vemos um sinal de \"N\u00e3o seguir\" do seu browser.<\/p>\n<p><span style=\"color: #002b5b;\"><strong>OS SEUS DIREITOS<\/strong><\/span><\/p>\n<p>Se for um residente europeu, tem o direito de aceder \u00e0s informa\u00e7\u00f5es pessoais que temos sobre si e de solicitar que as suas informa\u00e7\u00f5es pessoais sejam corrigidas, actualizadas ou eliminadas. Se pretender exercer este direito, contacte-nos atrav\u00e9s das informa\u00e7\u00f5es de contacto abaixo.<\/p>\n<p>Al\u00e9m disso, se o utilizador for um residente europeu, informamos que estamos a processar as suas informa\u00e7\u00f5es para cumprir contratos que possamos ter com o utilizador (por exemplo, se fizer uma encomenda atrav\u00e9s do S\u00edtio) ou para prosseguir os nossos interesses comerciais leg\u00edtimos acima referidos. Al\u00e9m disso, note que as suas informa\u00e7\u00f5es ser\u00e3o transferidas para fora da Europa, incluindo para o Canad\u00e1 e os Estados Unidos.<\/p>\n<p><span style=\"color: #002b5b;\"><strong>RETEN\u00c7\u00c3O DE DADOS<\/strong><\/span><\/p>\n<p>Quando o utilizador efectua uma encomenda atrav\u00e9s do S\u00edtio, manteremos as suas Informa\u00e7\u00f5es de Encomenda nos nossos registos, a menos e at\u00e9 que o utilizador nos pe\u00e7a para eliminar essas informa\u00e7\u00f5es.<\/p>\n<p><span style=\"color: #002b5b;\"><strong>ALTERA\u00c7\u00d5ES<\/strong><\/span><\/p>\n<p>Podemos atualizar esta pol\u00edtica de privacidade periodicamente para refletir, por exemplo, altera\u00e7\u00f5es \u00e0s nossas pr\u00e1ticas ou por outras raz\u00f5es operacionais, legais ou regulamentares.<\/p>\n<p><span style=\"color: #002b5b;\"><strong>MENORES<\/strong><\/span><\/p>\n<p>O S\u00edtio n\u00e3o se destina a pessoas com idade inferior a 18 anos.<\/p>\n<p><span style=\"color: #002b5b;\"><strong>CONTACTE-NOS<\/strong><\/span><\/p>\n<p>Para obter mais informa\u00e7\u00f5es sobre as nossas pr\u00e1ticas de privacidade, se tiver d\u00favidas ou se pretender apresentar uma queixa, contacte-nos.<\/p>\t\t\t\t\t\t\t\t<\/div>\n\t\t\t\t<\/div>\n\t\t\t\t\t<\/div>\n\t\t\t\t<\/div>\n\t\t\t\t<\/div>","protected":false},"excerpt":{"rendered":"<p>Esta Pol\u00edtica de Privacidade descreve a forma como as suas informa\u00e7\u00f5es pessoais s\u00e3o recolhidas, utilizadas e partilhadas quando visita ou efectua uma compra [...]<\/p>","protected":false},"author":1,"featured_media":0,"parent":0,"menu_order":111,"comment_status":"closed","ping_status":"closed","template":"","meta":{"_acf_changed":false,"site-sidebar-layout":"default","site-content-layout":"","ast-site-content-layout":"default","site-content-style":"default","site-sidebar-style":"default","ast-global-header-display":"","ast-banner-title-visibility":"","ast-main-header-display":"","ast-hfb-above-header-display":"","ast-hfb-below-header-display":"","ast-hfb-mobile-header-display":"","site-post-title":"","ast-breadcrumbs-content":"","ast-featured-img":"","footer-sml-layout":"","ast-disable-related-posts":"","theme-transparent-header-meta":"","adv-header-id-meta":"","stick-header-meta":"","header-above-stick-meta":"","header-main-stick-meta":"","header-below-stick-meta":"","astra-migrate-meta-layouts":"default","ast-page-background-enabled":"default","ast-page-background-meta":{"desktop":{"background-color":"var(--ast-global-color-5)","background-image":"","background-repeat":"repeat","background-position":"center center","background-size":"auto","background-attachment":"scroll","background-type":"","background-media":"","overlay-type":"","overlay-color":"","overlay-opacity":"","overlay-gradient":""},"tablet":{"background-color":"","background-image":"","background-repeat":"repeat","background-position":"center center","background-size":"auto","background-attachment":"scroll","background-type":"","background-media":"","overlay-type":"","overlay-color":"","overlay-opacity":"","overlay-gradient":""},"mobile":{"background-color":"","background-image":"","background-repeat":"repeat","background-position":"center center","background-size":"auto","background-attachment":"scroll","background-type":"","background-media":"","overlay-type":"","overlay-color":"","overlay-opacity":"","overlay-gradient":""}},"ast-content-background-meta":{"desktop":{"background-color":"var(--ast-global-color-4)","background-image":"","background-repeat":"repeat","background-position":"center center","background-size":"auto","background-attachment":"scroll","background-type":"","background-media":"","overlay-type":"","overlay-color":"","overlay-opacity":"","overlay-gradient":""},"tablet":{"background-color":"var(--ast-global-color-4)","background-image":"","background-repeat":"repeat","background-position":"center center","background-size":"auto","background-attachment":"scroll","background-type":"","background-media":"","overlay-type":"","overlay-color":"","overlay-opacity":"","overlay-gradient":""},"mobile":{"background-color":"var(--ast-global-color-4)","background-image":"","background-repeat":"repeat","background-position":"center center","background-size":"auto","background-attachment":"scroll","background-type":"","background-media":"","overlay-type":"","overlay-color":"","overlay-opacity":"","overlay-gradient":""}},"footnotes":""},"class_list":["post-3","page","type-page","status-publish","hentry"],"acf":[],"jetpack_sharing_enabled":true,"_links":{"self":[{"href":"https:\/\/theperfumebottles.com\/pt\/wp-json\/wp\/v2\/pages\/3","targetHints":{"allow":["GET"]}}],"collection":[{"href":"https:\/\/theperfumebottles.com\/pt\/wp-json\/wp\/v2\/pages"}],"about":[{"href":"https:\/\/theperfumebottles.com\/pt\/wp-json\/wp\/v2\/types\/page"}],"author":[{"embeddable":true,"href":"https:\/\/theperfumebottles.com\/pt\/wp-json\/wp\/v2\/users\/1"}],"replies":[{"embeddable":true,"href":"https:\/\/theperfumebottles.com\/pt\/wp-json\/wp\/v2\/comments?post=3"}],"version-history":[{"count":5,"href":"https:\/\/theperfumebottles.com\/pt\/wp-json\/wp\/v2\/pages\/3\/revisions"}],"predecessor-version":[{"id":2216,"href":"https:\/\/theperfumebottles.com\/pt\/wp-json\/wp\/v2\/pages\/3\/revisions\/2216"}],"wp:attachment":[{"href":"https:\/\/theperfumebottles.com\/pt\/wp-json\/wp\/v2\/media?parent=3"}],"curies":[{"name":"wp","href":"https:\/\/api.w.org\/{rel}","templated":true}]}}