{"id":1698,"date":"2025-01-20T09:14:51","date_gmt":"2025-01-20T09:14:51","guid":{"rendered":"https:\/\/theperfumebottles.com\/?post_type=product&#038;p=1698"},"modified":"2025-05-30T13:11:05","modified_gmt":"2025-05-30T05:11:05","slug":"customizable-glass-perfume-bottles","status":"publish","type":"product","link":"https:\/\/theperfumebottles.com\/pt\/produto\/customizable-glass-perfume-bottles\/","title":{"rendered":"Frascos de perfume de vidro plano de 30ml, 50ml e 100ml"},"content":{"rendered":"<p>Este frasco de perfume em vidro plano \u00e9 t\u00e3o alto como um edif\u00edcio moderno, mas os seus cantos arredondados escondem um encanto cl\u00e1ssico. As tr\u00eas capacidades de 30\/50\/100ml v\u00e3o desde a bagagem de m\u00e3o \u00e0 caixa de presente, satisfazendo as necessidades de v\u00e1rios cen\u00e1rios. O vidro de cristal com 3,5 mm de espessura \u00e9 como o luar solidificado, fazendo com que a cor da fragr\u00e2ncia pare\u00e7a uma obra de arte. As op\u00e7\u00f5es de personaliza\u00e7\u00e3o, como a serigrafia, a cobertura e a pulveriza\u00e7\u00e3o de cores, permitem que a hist\u00f3ria da marca brilhe exclusivamente no frasco. O design patenteado da cabe\u00e7a da bomba permite uma pulveriza\u00e7\u00e3o precisa e, quer seja para uso pessoal ou como presente, proporciona uma sensa\u00e7\u00e3o de cerim\u00f3nia de desembalagem ao n\u00edvel de um museu - n\u00e3o \u00e9 apenas um recipiente ideal para fragr\u00e2ncias de alta qualidade, mas tamb\u00e9m uma anota\u00e7\u00e3o perfeita da est\u00e9tica da vida urbana.<\/p>\n<h2>Especifica\u00e7\u00f5es principais dos nossos frascos de vidro plano para perfumes<\/h2>\n<table style=\"border-collapse: collapse;margin-left: auto;margin-right: auto;width: 527.27pt\" border=\"0\" width=\"703\" cellspacing=\"0\" cellpadding=\"0\">\n<tbody>\n<tr style=\"height: 13.50pt\">\n<td class=\"et2\" style=\"height: 13.50pt;width: 165.75pt\" width=\"221\" height=\"18\">Modelo<\/td>\n<td class=\"et2\" style=\"width: 115.50pt\" width=\"154\">PB-BF1701<\/td>\n<td class=\"et2\" style=\"width: 116.25pt\" width=\"155\">PB-BF1702<\/td>\n<td class=\"et2\" style=\"width: 129.75pt\" width=\"173\">PB-BF1703<\/td>\n<\/tr>\n<tr style=\"height: 13.50pt\">\n<td class=\"et2\" style=\"height: 13.50pt\" height=\"18\">Capacidade<\/td>\n<td class=\"et5\">30 ml<\/td>\n<td class=\"et5\">50 ml<\/td>\n<td class=\"et5\">100 ml<\/td>\n<\/tr>\n<tr style=\"height: 13.50pt\">\n<td class=\"et2\" style=\"height: 13.50pt\" height=\"18\">Calibre<\/td>\n<td class=\"et5\">15 mm<\/td>\n<td class=\"et5\">15 mm<\/td>\n<td class=\"et5\">15 mm<\/td>\n<\/tr>\n<tr style=\"height: 13.50pt\">\n<td class=\"et2\" style=\"height: 13.50pt\" height=\"18\">Dimens\u00e3o do vidro\/mm<\/td>\n<td class=\"et5\">52*28*63<\/td>\n<td class=\"et5\">61*29*72<\/td>\n<td class=\"et5\">81*35*89<\/td>\n<\/tr>\n<tr style=\"height: 13.50pt\">\n<td class=\"et2\" style=\"height: 13.50pt\" height=\"18\">Cor<\/td>\n<td class=\"et5\" colspan=\"3\">Transparente<\/td>\n<\/tr>\n<tr style=\"height: 13.50pt\">\n<td class=\"et2\" style=\"height: 13.50pt\" height=\"18\">Forma<\/td>\n<td class=\"et5\" colspan=\"3\">Ret\u00e2ngulo com cantos arredondados<\/td>\n<\/tr>\n<tr style=\"height: 13.50pt\">\n<td class=\"et2\" style=\"height: 13.50pt\" height=\"18\">Tratamento de superf\u00edcie<\/td>\n<td class=\"et5\" colspan=\"3\">Grava\u00e7\u00e3o nos lados do corpo de vidro e da tampa<\/td>\n<\/tr>\n<tr style=\"height: 13.50pt\">\n<td class=\"et2\" style=\"height: 13.50pt\" height=\"18\">Material<\/td>\n<td class=\"et5\" colspan=\"3\">Vidro de cristal de alta qualidade<\/td>\n<\/tr>\n<\/tbody>\n<\/table>\n<p>Fa\u00e7a parceria connosco para obter frascos de perfume de vidro de alta qualidade, solu\u00e7\u00f5es de embalagem de perfume personaliz\u00e1veis.<\/p>","protected":false},"excerpt":{"rendered":"<p>Os nossos frascos de perfume em vidro plano oferecem uma combina\u00e7\u00e3o requintada de sofistica\u00e7\u00e3o, funcionalidade e estilo. Concebidos para a ind\u00fastria cosm\u00e9tica, estes frascos de vidro cristalino de alta qualidade s\u00e3o perfeitos para guardar as suas fragr\u00e2ncias de qualidade superior. Dispon\u00edveis em tamanhos de 30 ml, 50 ml e 100 ml, proporcionam uma solu\u00e7\u00e3o de embalagem vers\u00e1til para perfumes e outros produtos l\u00edquidos de alta qualidade.<\/p>","protected":false},"featured_media":2265,"comment_status":"open","ping_status":"closed","template":"","meta":{"_acf_changed":false,"site-sidebar-layout":"default","site-content-layout":"","ast-site-content-layout":"default","site-content-style":"default","site-sidebar-style":"default","ast-global-header-display":"","ast-banner-title-visibility":"","ast-main-header-display":"","ast-hfb-above-header-display":"","ast-hfb-below-header-display":"","ast-hfb-mobile-header-display":"","site-post-title":"","ast-breadcrumbs-content":"","ast-featured-img":"","footer-sml-layout":"","ast-disable-related-posts":"","theme-transparent-header-meta":"default","adv-header-id-meta":"","stick-header-meta":"","header-above-stick-meta":"","header-main-stick-meta":"","header-below-stick-meta":"","astra-migrate-meta-layouts":"set","ast-page-background-enabled":"default","ast-page-background-meta":{"desktop":{"background-color":"var(--ast-global-color-5)","background-image":"","background-repeat":"repeat","background-position":"center center","background-size":"auto","background-attachment":"scroll","background-type":"","background-media":"","overlay-type":"","overlay-color":"","overlay-opacity":"","overlay-gradient":""},"tablet":{"background-color":"","background-image":"","background-repeat":"repeat","background-position":"center center","background-size":"auto","background-attachment":"scroll","background-type":"","background-media":"","overlay-type":"","overlay-color":"","overlay-opacity":"","overlay-gradient":""},"mobile":{"background-color":"","background-image":"","background-repeat":"repeat","background-position":"center center","background-size":"auto","background-attachment":"scroll","background-type":"","background-media":"","overlay-type":"","overlay-color":"","overlay-opacity":"","overlay-gradient":""}},"ast-content-background-meta":{"desktop":{"background-color":"var(--ast-global-color-4)","background-image":"","background-repeat":"repeat","background-position":"center center","background-size":"auto","background-attachment":"scroll","background-type":"","background-media":"","overlay-type":"","overlay-color":"","overlay-opacity":"","overlay-gradient":""},"tablet":{"background-color":"var(--ast-global-color-4)","background-image":"","background-repeat":"repeat","background-position":"center center","background-size":"auto","background-attachment":"scroll","background-type":"","background-media":"","overlay-type":"","overlay-color":"","overlay-opacity":"","overlay-gradient":""},"mobile":{"background-color":"var(--ast-global-color-4)","background-image":"","background-repeat":"repeat","background-position":"center center","background-size":"auto","background-attachment":"scroll","background-type":"","background-media":"","overlay-type":"","overlay-color":"","overlay-opacity":"","overlay-gradient":""}}},"product_brand":[],"product_cat":[41,72,91],"product_tag":[50,49],"class_list":{"0":"post-1698","1":"product","2":"type-product","3":"status-publish","4":"has-post-thumbnail","6":"product_cat-perfume-bottles","7":"product_cat-cosmetic-packaging","8":"product_cat-custom-perfume-bottles","9":"product_tag-glass-perfume-bottles","10":"product_tag-perfume-bottles","11":"desktop-align-left","12":"tablet-align-left","13":"mobile-align-left","15":"first","16":"instock","17":"shipping-taxable","18":"product-type-simple"},"acf":[],"jetpack_sharing_enabled":true,"_links":{"self":[{"href":"https:\/\/theperfumebottles.com\/pt\/wp-json\/wp\/v2\/product\/1698","targetHints":{"allow":["GET"]}}],"collection":[{"href":"https:\/\/theperfumebottles.com\/pt\/wp-json\/wp\/v2\/product"}],"about":[{"href":"https:\/\/theperfumebottles.com\/pt\/wp-json\/wp\/v2\/types\/product"}],"replies":[{"embeddable":true,"href":"https:\/\/theperfumebottles.com\/pt\/wp-json\/wp\/v2\/comments?post=1698"}],"wp:featuredmedia":[{"embeddable":true,"href":"https:\/\/theperfumebottles.com\/pt\/wp-json\/wp\/v2\/media\/2265"}],"wp:attachment":[{"href":"https:\/\/theperfumebottles.com\/pt\/wp-json\/wp\/v2\/media?parent=1698"}],"wp:term":[{"taxonomy":"product_brand","embeddable":true,"href":"https:\/\/theperfumebottles.com\/pt\/wp-json\/wp\/v2\/product_brand?post=1698"},{"taxonomy":"product_cat","embeddable":true,"href":"https:\/\/theperfumebottles.com\/pt\/wp-json\/wp\/v2\/product_cat?post=1698"},{"taxonomy":"product_tag","embeddable":true,"href":"https:\/\/theperfumebottles.com\/pt\/wp-json\/wp\/v2\/product_tag?post=1698"}],"curies":[{"name":"wp","href":"https:\/\/api.w.org\/{rel}","templated":true}]}}