{"id":1835,"date":"2025-02-12T08:36:19","date_gmt":"2025-02-12T08:36:19","guid":{"rendered":"https:\/\/theperfumebottles.com\/?post_type=product&#038;p=1835"},"modified":"2025-05-29T14:46:40","modified_gmt":"2025-05-29T06:46:40","slug":"20g-eco-friendly-cosmetic-jars","status":"publish","type":"product","link":"https:\/\/theperfumebottles.com\/pt\/produto\/20g-eco-friendly-cosmetic-jars\/","title":{"rendered":"Potes cosm\u00e9ticos ecol\u00f3gicos de 20g"},"content":{"rendered":"<p>Este frasco de vidro redondo PB-GS20 foi inspirado na sua capacidade de 20 gramas, combinando na perfei\u00e7\u00e3o uma est\u00e9tica simples com conceitos sustent\u00e1veis. O vidro transparente revela a verdadeira cor do produto como uma janela. Quer se trate de um creme hidratante, uma lo\u00e7\u00e3o leve ou uma ess\u00eancia luxuosa, o vidro resistente protege a a\u00e7\u00e3o dos ingredientes, ao mesmo tempo que embeleza a penteadeira com o seu formato redondo retro.<\/p>\n<h2>Principais especifica\u00e7\u00f5es dos potes cosm\u00e9ticos ecol\u00f3gicos da Thess<\/h2>\n<p>&nbsp;<\/p>\n<table style=\"border-collapse: collapse;margin-left: auto;margin-right: auto;width: 459.02pt\" border=\"0\" width=\"612\" cellspacing=\"0\" cellpadding=\"0\">\n<tbody>\n<tr style=\"height: 15.00pt\">\n<td style=\"height: 15.00pt;width: 122.25pt\" width=\"163\" height=\"20\">N\u00famero do modelo<\/td>\n<td style=\"width: 336.75pt\" width=\"449\">PB-GS20<\/td>\n<\/tr>\n<tr style=\"height: 15.00pt\">\n<td style=\"height: 15.00pt\" height=\"20\">Conte\u00fado l\u00edquido<\/td>\n<td>20g<\/td>\n<\/tr>\n<tr style=\"height: 15.00pt\">\n<td style=\"height: 15.00pt\" height=\"20\">Bon\u00e9<\/td>\n<td>Tampa de rosca de pl\u00e1stico e tampa interna<\/td>\n<\/tr>\n<tr style=\"height: 15.00pt\">\n<td style=\"height: 15.00pt\" height=\"20\">Forma<\/td>\n<td>Redondo<\/td>\n<\/tr>\n<tr style=\"height: 15.00pt\">\n<td style=\"height: 15.00pt\" height=\"20\">Uso<\/td>\n<td>Creme, produtos cosm\u00e9ticos<\/td>\n<\/tr>\n<tr style=\"height: 15.00pt\">\n<td style=\"height: 15.00pt\" height=\"20\">Uso industrial<\/td>\n<td>embalagens cosm\u00e9ticas<\/td>\n<\/tr>\n<tr style=\"height: 15.00pt\">\n<td style=\"height: 15.00pt\" height=\"20\">Material da gola<\/td>\n<td>Vidro<\/td>\n<\/tr>\n<tr style=\"height: 15.00pt\">\n<td style=\"height: 15.00pt\" height=\"20\">Tratamento de superf\u00edcie<\/td>\n<td>Acabamento fosco, decalque, polimento, pintura, spray colorido, etc.<\/td>\n<\/tr>\n<tr style=\"height: 15.00pt\">\n<td style=\"height: 15.00pt\" height=\"20\">Logotipo<\/td>\n<td>Logotipo aceit\u00e1vel do cliente<\/td>\n<\/tr>\n<tr style=\"height: 15.00pt\">\n<td style=\"height: 15.00pt\" height=\"20\">Amostra<\/td>\n<td>Fornecido gratuitamente<\/td>\n<\/tr>\n<tr style=\"height: 15.00pt\">\n<td style=\"height: 15.00pt\" height=\"20\">Embalagem<\/td>\n<td>Personalizado Aceit\u00e1vel<\/td>\n<\/tr>\n<tr style=\"height: 15.00pt\">\n<td style=\"height: 15.00pt\" height=\"20\">Cor<\/td>\n<td>Cor personalizada<\/td>\n<\/tr>\n<\/tbody>\n<\/table>\n<h2>Recipientes vers\u00e1teis que atendem a diversas necessidades.<\/h2>\n<p>Este frasco de vidro de 20 gramas \u00e9 o seu parceiro universal para embalagens de cosm\u00e9ticos \u2013 sejam cremes hidratantes, lo\u00e7\u00f5es leves ou ess\u00eancias de alta concentra\u00e7\u00e3o, como batons suaves, ele protege a efic\u00e1cia de cada gota de ess\u00eancia gra\u00e7as \u00e0 sua transpar\u00eancia. Para marcas, \u00e9 uma embalagem elegante para criar caixas de presente exclusivas; para atacadistas, \u00e9 a escolha ideal para desenvolver kits tem\u00e1ticos sustent\u00e1veis; e clientes corporativos podem utiliz\u00e1-lo para criar embalagens de viagem criativas, para que os produtos conquistem o cora\u00e7\u00e3o dos clientes durante a experi\u00eancia.<\/p>\n<p>Fale agora mesmo com nossa equipe de design e deixe que este belo e sustent\u00e1vel frasco de vidro se torne o melhor contador de hist\u00f3rias da sua linha de produtos!<\/p>","protected":false},"excerpt":{"rendered":"<p>Nosso pote cosm\u00e9tico PB-GS20 \u00e9 um pote de vidro redondo de 20g, projetado com eleg\u00e2ncia e sustentabilidade em mente.<\/p>","protected":false},"featured_media":1836,"comment_status":"open","ping_status":"closed","template":"","meta":{"_acf_changed":false,"site-sidebar-layout":"default","site-content-layout":"","ast-site-content-layout":"default","site-content-style":"default","site-sidebar-style":"default","ast-global-header-display":"","ast-banner-title-visibility":"","ast-main-header-display":"","ast-hfb-above-header-display":"","ast-hfb-below-header-display":"","ast-hfb-mobile-header-display":"","site-post-title":"","ast-breadcrumbs-content":"","ast-featured-img":"","footer-sml-layout":"","ast-disable-related-posts":"","theme-transparent-header-meta":"default","adv-header-id-meta":"","stick-header-meta":"","header-above-stick-meta":"","header-main-stick-meta":"","header-below-stick-meta":"","astra-migrate-meta-layouts":"set","ast-page-background-enabled":"default","ast-page-background-meta":{"desktop":{"background-color":"var(--ast-global-color-5)","background-image":"","background-repeat":"repeat","background-position":"center center","background-size":"auto","background-attachment":"scroll","background-type":"","background-media":"","overlay-type":"","overlay-color":"","overlay-opacity":"","overlay-gradient":""},"tablet":{"background-color":"","background-image":"","background-repeat":"repeat","background-position":"center center","background-size":"auto","background-attachment":"scroll","background-type":"","background-media":"","overlay-type":"","overlay-color":"","overlay-opacity":"","overlay-gradient":""},"mobile":{"background-color":"","background-image":"","background-repeat":"repeat","background-position":"center center","background-size":"auto","background-attachment":"scroll","background-type":"","background-media":"","overlay-type":"","overlay-color":"","overlay-opacity":"","overlay-gradient":""}},"ast-content-background-meta":{"desktop":{"background-color":"var(--ast-global-color-4)","background-image":"","background-repeat":"repeat","background-position":"center center","background-size":"auto","background-attachment":"scroll","background-type":"","background-media":"","overlay-type":"","overlay-color":"","overlay-opacity":"","overlay-gradient":""},"tablet":{"background-color":"var(--ast-global-color-4)","background-image":"","background-repeat":"repeat","background-position":"center center","background-size":"auto","background-attachment":"scroll","background-type":"","background-media":"","overlay-type":"","overlay-color":"","overlay-opacity":"","overlay-gradient":""},"mobile":{"background-color":"var(--ast-global-color-4)","background-image":"","background-repeat":"repeat","background-position":"center center","background-size":"auto","background-attachment":"scroll","background-type":"","background-media":"","overlay-type":"","overlay-color":"","overlay-opacity":"","overlay-gradient":""}}},"product_brand":[],"product_cat":[56,62,72],"product_tag":[],"class_list":{"0":"post-1835","1":"product","2":"type-product","3":"status-publish","4":"has-post-thumbnail","6":"product_cat-cosmetic-jars","7":"product_cat-cosmetic-containers","8":"product_cat-cosmetic-packaging","9":"desktop-align-left","10":"tablet-align-left","11":"mobile-align-left","13":"first","14":"instock","15":"shipping-taxable","16":"product-type-simple"},"acf":[],"jetpack_sharing_enabled":true,"_links":{"self":[{"href":"https:\/\/theperfumebottles.com\/pt\/wp-json\/wp\/v2\/product\/1835","targetHints":{"allow":["GET"]}}],"collection":[{"href":"https:\/\/theperfumebottles.com\/pt\/wp-json\/wp\/v2\/product"}],"about":[{"href":"https:\/\/theperfumebottles.com\/pt\/wp-json\/wp\/v2\/types\/product"}],"replies":[{"embeddable":true,"href":"https:\/\/theperfumebottles.com\/pt\/wp-json\/wp\/v2\/comments?post=1835"}],"wp:featuredmedia":[{"embeddable":true,"href":"https:\/\/theperfumebottles.com\/pt\/wp-json\/wp\/v2\/media\/1836"}],"wp:attachment":[{"href":"https:\/\/theperfumebottles.com\/pt\/wp-json\/wp\/v2\/media?parent=1835"}],"wp:term":[{"taxonomy":"product_brand","embeddable":true,"href":"https:\/\/theperfumebottles.com\/pt\/wp-json\/wp\/v2\/product_brand?post=1835"},{"taxonomy":"product_cat","embeddable":true,"href":"https:\/\/theperfumebottles.com\/pt\/wp-json\/wp\/v2\/product_cat?post=1835"},{"taxonomy":"product_tag","embeddable":true,"href":"https:\/\/theperfumebottles.com\/pt\/wp-json\/wp\/v2\/product_tag?post=1835"}],"curies":[{"name":"wp","href":"https:\/\/api.w.org\/{rel}","templated":true}]}}