{"id":1846,"date":"2025-02-13T09:27:43","date_gmt":"2025-02-13T09:27:43","guid":{"rendered":"https:\/\/theperfumebottles.com\/?post_type=product&#038;p=1846"},"modified":"2025-05-29T16:07:24","modified_gmt":"2025-05-29T08:07:24","slug":"roller-bottles-for-essential-oils","status":"publish","type":"product","link":"https:\/\/theperfumebottles.com\/pt\/produto\/roller-bottles-for-essential-oils\/","title":{"rendered":"Frascos roll-on de vidro octogonais requintados para \u00f3leos essenciais."},"content":{"rendered":"<p>Estes frascos de rolo de vidro PB-OC312 destacam-se pela sua forma octogonal inspirada em arestas arquitect\u00f3nicas, combinando geometria moderna com design funcional para aplica\u00e7\u00f5es de \u00f3leos essenciais.O vidro transparente reflecte uma luz delicada sob a luz, tornando o momento de utiliza\u00e7\u00e3o do rolo de \u00f3leos essenciais, perfumes ou ess\u00eancias de cuidados da pele cheio de ritual. Quer esteja cheio de \u00f3leos essenciais curativos, perfumes personalizados ou a misturar f\u00f3rmulas exclusivas de cuidados da pele, pode proteger cada gota de l\u00edquido precioso com um design de veda\u00e7\u00e3o sem costuras. Como parceiro especializado em embalagens para cosm\u00e9ticos, fornecemos solu\u00e7\u00f5es econ\u00f3micas de fornecimento a granel, tornando este frasco de vidro elegante e pr\u00e1tico uma \"estrela silenciosa\" deslumbrante na sua linha de produtos.<\/p>\n<h2>Principais especifica\u00e7\u00f5es destas garrafas de rolo<\/h2>\n<table style=\"border-collapse: collapse;margin-left: auto;margin-right: auto;width: 522.02pt\" border=\"0\" width=\"696\" cellspacing=\"0\" cellpadding=\"0\">\n<tbody>\n<tr style=\"height: 13.50pt\">\n<td style=\"height: 13.50pt;width: 111.00pt\" width=\"148\" height=\"18\">N\u00famero do modelo<\/td>\n<td style=\"width: 411.00pt\" width=\"548\">PB-OC312<\/td>\n<\/tr>\n<tr style=\"height: 13.50pt\">\n<td style=\"height: 13.50pt\" height=\"18\">Capacidade<\/td>\n<td>3ml, 6ml, 9ml, 12ml. (personaliz\u00e1vel)<\/td>\n<\/tr>\n<tr style=\"height: 13.50pt\">\n<td style=\"height: 13.50pt\" height=\"18\">Cor<\/td>\n<td>Transparente, cor-de-rosa (personaliz\u00e1vel)<\/td>\n<\/tr>\n<tr style=\"height: 13.50pt\">\n<td style=\"height: 13.50pt\" height=\"18\">Forma<\/td>\n<td>Octogonal<\/td>\n<\/tr>\n<tr style=\"height: 13.50pt\">\n<td style=\"height: 13.50pt\" height=\"18\">Materiais<\/td>\n<td>Corpo de vidro, tampa de alum\u00ednio anodizado, esfera de vidro, base de esfera de pl\u00e1stico<\/td>\n<\/tr>\n<tr style=\"height: 13.50pt\">\n<td style=\"height: 13.50pt\" height=\"18\">Tratamento de superf\u00edcie<\/td>\n<td>Impress\u00e3o serigr\u00e1fica, fosca, decalque, spray de cor, etiqueta, etc.<\/td>\n<\/tr>\n<\/tbody>\n<\/table>\n<h2>Vers\u00e1til<\/h2>\n<p>Estas requintadas garrafas de vidro s\u00e3o adequadas para uma variedade de aplica\u00e7\u00f5es, incluindo:<\/p>\n<ul>\n<li><strong>Rolos de \u00f3leo essencial:<\/strong> Aplique diretamente na pele e a f\u00f3rmula curativa estar\u00e1 na ponta dos seus dedos.<\/li>\n<li><strong>Compostos de aromaterapia:<\/strong> Da perfumaria \u00e0 embalagem, proteja a pureza da fragr\u00e2ncia.<\/li>\n<li><strong>Perfume\/lustra-l\u00e1bios:<\/strong> Roll-on de maquilhagem de precis\u00e3o, ritual de atualiza\u00e7\u00e3o dos cuidados di\u00e1rios.<\/li>\n<\/ul>\n<p>Quer necessite de um frasco de \u00f3leo essencial em rolo ou de outros recipientes para cosm\u00e9ticos, somos a sua solu\u00e7\u00e3o \u00fanica - contacte-nos agora e deixe que o frasco elegante acrescente apelo de mercado aos seus produtos!<\/p>","protected":false},"excerpt":{"rendered":"<p>As nossas garrafas de vidro octogonais com rolo foram concebidas tendo em conta a est\u00e9tica e a funcionalidade.<\/p>","protected":false},"featured_media":1849,"comment_status":"open","ping_status":"closed","template":"","meta":{"_acf_changed":false,"site-sidebar-layout":"default","site-content-layout":"","ast-site-content-layout":"default","site-content-style":"default","site-sidebar-style":"default","ast-global-header-display":"","ast-banner-title-visibility":"","ast-main-header-display":"","ast-hfb-above-header-display":"","ast-hfb-below-header-display":"","ast-hfb-mobile-header-display":"","site-post-title":"","ast-breadcrumbs-content":"","ast-featured-img":"","footer-sml-layout":"","ast-disable-related-posts":"","theme-transparent-header-meta":"default","adv-header-id-meta":"","stick-header-meta":"","header-above-stick-meta":"","header-main-stick-meta":"","header-below-stick-meta":"","astra-migrate-meta-layouts":"set","ast-page-background-enabled":"default","ast-page-background-meta":{"desktop":{"background-color":"var(--ast-global-color-5)","background-image":"","background-repeat":"repeat","background-position":"center center","background-size":"auto","background-attachment":"scroll","background-type":"","background-media":"","overlay-type":"","overlay-color":"","overlay-opacity":"","overlay-gradient":""},"tablet":{"background-color":"","background-image":"","background-repeat":"repeat","background-position":"center center","background-size":"auto","background-attachment":"scroll","background-type":"","background-media":"","overlay-type":"","overlay-color":"","overlay-opacity":"","overlay-gradient":""},"mobile":{"background-color":"","background-image":"","background-repeat":"repeat","background-position":"center center","background-size":"auto","background-attachment":"scroll","background-type":"","background-media":"","overlay-type":"","overlay-color":"","overlay-opacity":"","overlay-gradient":""}},"ast-content-background-meta":{"desktop":{"background-color":"var(--ast-global-color-4)","background-image":"","background-repeat":"repeat","background-position":"center center","background-size":"auto","background-attachment":"scroll","background-type":"","background-media":"","overlay-type":"","overlay-color":"","overlay-opacity":"","overlay-gradient":""},"tablet":{"background-color":"var(--ast-global-color-4)","background-image":"","background-repeat":"repeat","background-position":"center center","background-size":"auto","background-attachment":"scroll","background-type":"","background-media":"","overlay-type":"","overlay-color":"","overlay-opacity":"","overlay-gradient":""},"mobile":{"background-color":"var(--ast-global-color-4)","background-image":"","background-repeat":"repeat","background-position":"center center","background-size":"auto","background-attachment":"scroll","background-type":"","background-media":"","overlay-type":"","overlay-color":"","overlay-opacity":"","overlay-gradient":""}}},"product_brand":[],"product_cat":[60,72,62,57],"product_tag":[88],"class_list":{"0":"post-1846","1":"product","2":"type-product","3":"status-publish","4":"has-post-thumbnail","6":"product_cat-roller-bottles","7":"product_cat-cosmetic-packaging","8":"product_cat-cosmetic-containers","9":"product_cat-essential-oil-bottles","10":"product_tag-roller-bottles","11":"desktop-align-left","12":"tablet-align-left","13":"mobile-align-left","15":"first","16":"instock","17":"shipping-taxable","18":"product-type-simple"},"acf":[],"jetpack_sharing_enabled":true,"_links":{"self":[{"href":"https:\/\/theperfumebottles.com\/pt\/wp-json\/wp\/v2\/product\/1846","targetHints":{"allow":["GET"]}}],"collection":[{"href":"https:\/\/theperfumebottles.com\/pt\/wp-json\/wp\/v2\/product"}],"about":[{"href":"https:\/\/theperfumebottles.com\/pt\/wp-json\/wp\/v2\/types\/product"}],"replies":[{"embeddable":true,"href":"https:\/\/theperfumebottles.com\/pt\/wp-json\/wp\/v2\/comments?post=1846"}],"wp:featuredmedia":[{"embeddable":true,"href":"https:\/\/theperfumebottles.com\/pt\/wp-json\/wp\/v2\/media\/1849"}],"wp:attachment":[{"href":"https:\/\/theperfumebottles.com\/pt\/wp-json\/wp\/v2\/media?parent=1846"}],"wp:term":[{"taxonomy":"product_brand","embeddable":true,"href":"https:\/\/theperfumebottles.com\/pt\/wp-json\/wp\/v2\/product_brand?post=1846"},{"taxonomy":"product_cat","embeddable":true,"href":"https:\/\/theperfumebottles.com\/pt\/wp-json\/wp\/v2\/product_cat?post=1846"},{"taxonomy":"product_tag","embeddable":true,"href":"https:\/\/theperfumebottles.com\/pt\/wp-json\/wp\/v2\/product_tag?post=1846"}],"curies":[{"name":"wp","href":"https:\/\/api.w.org\/{rel}","templated":true}]}}