{"id":1909,"date":"2025-02-17T07:16:21","date_gmt":"2025-02-17T07:16:21","guid":{"rendered":"https:\/\/theperfumebottles.com\/?post_type=product&#038;p=1909"},"modified":"2026-04-07T16:33:12","modified_gmt":"2026-04-07T08:33:12","slug":"50ml-fragrance-bottles-wholesale","status":"publish","type":"product","link":"https:\/\/theperfumebottles.com\/pt\/produto\/50ml-fragrance-bottles-wholesale\/","title":{"rendered":"Frascos de vidro cristal para fragr\u00e2ncias de 50ml - Atacado"},"content":{"rendered":"<p data-sourcepos=\"9:1-9:360\">Esses frascos de perfume exibem um design quadrado atraente. O design do frasco inclui uma tampa de cristal lapidado que se encaixa em um gargalo de vidro com um anel de metal dourado polido, criando um efeito visual atraente que aumenta o valor luxuoso do frasco.<\/p>\n<p><img fetchpriority=\"high\" decoding=\"async\" class=\"size-medium wp-image-1910 aligncenter\" src=\"https:\/\/theperfumebottles.com\/wp-content\/uploads\/2025\/02\/fragrance-bottles-300x300.jpg\" alt=\"frascos de perfume\" width=\"300\" height=\"300\" srcset=\"https:\/\/theperfumebottles.com\/wp-content\/uploads\/2025\/02\/fragrance-bottles-300x300.jpg 300w, https:\/\/theperfumebottles.com\/wp-content\/uploads\/2025\/02\/fragrance-bottles-150x150.jpg 150w, https:\/\/theperfumebottles.com\/wp-content\/uploads\/2025\/02\/fragrance-bottles-768x768.jpg 768w, https:\/\/theperfumebottles.com\/wp-content\/uploads\/2025\/02\/fragrance-bottles-12x12.jpg 12w, https:\/\/theperfumebottles.com\/wp-content\/uploads\/2025\/02\/fragrance-bottles-600x600.jpg 600w, https:\/\/theperfumebottles.com\/wp-content\/uploads\/2025\/02\/fragrance-bottles-100x100.jpg 100w, https:\/\/theperfumebottles.com\/wp-content\/uploads\/2025\/02\/fragrance-bottles.jpg 1000w\" sizes=\"(max-width: 300px) 100vw, 300px\" \/><\/p>\n<h2>Especifica\u00e7\u00f5es principais dos nossos frascos de fragr\u00e2ncia de 50ml<\/h2>\n<table style=\"border-collapse: collapse; margin-left: auto; margin-right: auto; width: 354.02pt;\" border=\"0\" width=\"472\" cellspacing=\"0\" cellpadding=\"0\">\n<tbody>\n<tr style=\"height: 13.50pt;\">\n<td style=\"height: 13.50pt; width: 130.50pt;\" width=\"174\" height=\"18\">N\u00famero do modelo<\/td>\n<td style=\"width: 223.50pt;\" width=\"298\">PB-BF0801 \/ PB-BF0802<\/td>\n<\/tr>\n<tr style=\"height: 13.50pt;\">\n<td style=\"height: 13.50pt;\" height=\"18\">Capacidade<\/td>\n<td>50ml<\/td>\n<\/tr>\n<tr style=\"height: 13.50pt;\">\n<td style=\"height: 13.50pt;\" height=\"18\">Di\u00e2metro<\/td>\n<td>15 mm<\/td>\n<\/tr>\n<tr style=\"height: 13.50pt;\">\n<td style=\"height: 13.50pt;\" height=\"18\">Cor<\/td>\n<td>Vidro transparente com tampo dourado\/prateado<\/td>\n<\/tr>\n<tr style=\"height: 13.50pt;\">\n<td style=\"height: 13.50pt;\" height=\"18\">Tamanho do copo<\/td>\n<td>58mm33mm79mm \/ 58mm35mm91mm<\/td>\n<\/tr>\n<tr style=\"height: 13.50pt;\">\n<td style=\"height: 13.50pt;\" height=\"18\">Forma<\/td>\n<td>Retangular<\/td>\n<\/tr>\n<tr style=\"height: 13.50pt;\">\n<td style=\"height: 13.50pt;\" height=\"18\">Material<\/td>\n<td>Vidro de cristal de alta qualidade<\/td>\n<\/tr>\n<\/tbody>\n<\/table>\n<h2>Caso de sucesso: um pedido personalizado de uma marca de luxo do Oriente M\u00e9dio.<\/h2>\n<p>Uma marca de fragr\u00e2ncias sediada em Dubai escolheu nosso frasco de col\u00f4nia dourado, personalizando o gargalo com banho de ouro 24 quilates e o corpo em vidro azul profundo. O frasco personalizado obteve grande sucesso, pois 45% das avalia\u00e7\u00f5es descreveram seu peso e cor como indicadores essenciais de luxo, enquanto os clientes reconheceram que o uso de materiais de alta qualidade elevou seu pre\u00e7o em 15% em rela\u00e7\u00e3o \u00e0 cole\u00e7\u00e3o padr\u00e3o. A empresa encomendou 360.000 frascos adicionais para o lan\u00e7amento de sua fragr\u00e2ncia de oud e para seus produtos exclusivos para lojas duty-free em aeroportos.<\/p>\n<h2>Op\u00e7\u00f5es de personaliza\u00e7\u00e3o de frascos de perfume<\/h2>\n<ul>\n<li>Combina\u00e7\u00f5es de an\u00e9is e ponteiras de metal: Dispon\u00edveis com an\u00e9is para o pesco\u00e7o e bases de metal combinando ou contrastantes (ouro rosa, cinza chumbo, prata antiga).<\/li>\n<li>Material e design da tampa: A empresa oferece tr\u00eas tipos de materiais para as tampas, incluindo cristal natural, vitral e metal com esmalte incrustado.<\/li>\n<li>Tamanho e Propor\u00e7\u00e3o: O design do frasco oferece diversas op\u00e7\u00f5es de altura e largura, desde um robusto de 30ml at\u00e9 um compacto de 200ml, para atender a diferentes necessidades.<\/li>\n<\/ul>","protected":false},"excerpt":{"rendered":"<p>Frascos de fragr\u00e2ncias premium em cristal com tampa lapidada em diamante e detalhes em dourado. Design de frasco dourado para col\u00f4nias de marcas de luxo. Descontos para compras no atacado dispon\u00edveis.<\/p>","protected":false},"featured_media":2339,"comment_status":"open","ping_status":"closed","template":"","meta":{"_acf_changed":false,"site-sidebar-layout":"default","site-content-layout":"","ast-site-content-layout":"default","site-content-style":"default","site-sidebar-style":"default","ast-global-header-display":"","ast-banner-title-visibility":"","ast-main-header-display":"","ast-hfb-above-header-display":"","ast-hfb-below-header-display":"","ast-hfb-mobile-header-display":"","site-post-title":"","ast-breadcrumbs-content":"","ast-featured-img":"","footer-sml-layout":"","ast-disable-related-posts":"","theme-transparent-header-meta":"default","adv-header-id-meta":"","stick-header-meta":"","header-above-stick-meta":"","header-main-stick-meta":"","header-below-stick-meta":"","astra-migrate-meta-layouts":"set","ast-page-background-enabled":"default","ast-page-background-meta":{"desktop":{"background-color":"var(--ast-global-color-5)","background-image":"","background-repeat":"repeat","background-position":"center center","background-size":"auto","background-attachment":"scroll","background-type":"","background-media":"","overlay-type":"","overlay-color":"","overlay-opacity":"","overlay-gradient":""},"tablet":{"background-color":"","background-image":"","background-repeat":"repeat","background-position":"center center","background-size":"auto","background-attachment":"scroll","background-type":"","background-media":"","overlay-type":"","overlay-color":"","overlay-opacity":"","overlay-gradient":""},"mobile":{"background-color":"","background-image":"","background-repeat":"repeat","background-position":"center center","background-size":"auto","background-attachment":"scroll","background-type":"","background-media":"","overlay-type":"","overlay-color":"","overlay-opacity":"","overlay-gradient":""}},"ast-content-background-meta":{"desktop":{"background-color":"var(--ast-global-color-4)","background-image":"","background-repeat":"repeat","background-position":"center center","background-size":"auto","background-attachment":"scroll","background-type":"","background-media":"","overlay-type":"","overlay-color":"","overlay-opacity":"","overlay-gradient":""},"tablet":{"background-color":"var(--ast-global-color-4)","background-image":"","background-repeat":"repeat","background-position":"center center","background-size":"auto","background-attachment":"scroll","background-type":"","background-media":"","overlay-type":"","overlay-color":"","overlay-opacity":"","overlay-gradient":""},"mobile":{"background-color":"var(--ast-global-color-4)","background-image":"","background-repeat":"repeat","background-position":"center center","background-size":"auto","background-attachment":"scroll","background-type":"","background-media":"","overlay-type":"","overlay-color":"","overlay-opacity":"","overlay-gradient":""}}},"product_brand":[],"product_cat":[91,72,41],"product_tag":[],"class_list":{"0":"post-1909","1":"product","2":"type-product","3":"status-publish","4":"has-post-thumbnail","6":"product_cat-custom-perfume-bottles","7":"product_cat-cosmetic-packaging","8":"product_cat-perfume-bottles","9":"desktop-align-left","10":"tablet-align-left","11":"mobile-align-left","13":"first","14":"instock","15":"shipping-taxable","16":"product-type-simple"},"acf":[],"jetpack_sharing_enabled":true,"_links":{"self":[{"href":"https:\/\/theperfumebottles.com\/pt\/wp-json\/wp\/v2\/product\/1909","targetHints":{"allow":["GET"]}}],"collection":[{"href":"https:\/\/theperfumebottles.com\/pt\/wp-json\/wp\/v2\/product"}],"about":[{"href":"https:\/\/theperfumebottles.com\/pt\/wp-json\/wp\/v2\/types\/product"}],"replies":[{"embeddable":true,"href":"https:\/\/theperfumebottles.com\/pt\/wp-json\/wp\/v2\/comments?post=1909"}],"wp:featuredmedia":[{"embeddable":true,"href":"https:\/\/theperfumebottles.com\/pt\/wp-json\/wp\/v2\/media\/2339"}],"wp:attachment":[{"href":"https:\/\/theperfumebottles.com\/pt\/wp-json\/wp\/v2\/media?parent=1909"}],"wp:term":[{"taxonomy":"product_brand","embeddable":true,"href":"https:\/\/theperfumebottles.com\/pt\/wp-json\/wp\/v2\/product_brand?post=1909"},{"taxonomy":"product_cat","embeddable":true,"href":"https:\/\/theperfumebottles.com\/pt\/wp-json\/wp\/v2\/product_cat?post=1909"},{"taxonomy":"product_tag","embeddable":true,"href":"https:\/\/theperfumebottles.com\/pt\/wp-json\/wp\/v2\/product_tag?post=1909"}],"curies":[{"name":"wp","href":"https:\/\/api.w.org\/{rel}","templated":true}]}}