{"id":2588,"date":"2025-03-10T09:12:01","date_gmt":"2025-03-10T09:12:01","guid":{"rendered":"https:\/\/theperfumebottles.com\/?post_type=product&#038;p=2588"},"modified":"2025-05-28T18:09:05","modified_gmt":"2025-05-28T10:09:05","slug":"cologne-bottles-wholesale-custom-fragrance-packaging","status":"publish","type":"product","link":"https:\/\/theperfumebottles.com\/pt\/produto\/cologne-bottles-wholesale-custom-fragrance-packaging\/","title":{"rendered":"Frascos de col\u00f4nia de 60ml, 80ml e 100ml no atacado"},"content":{"rendered":"<p>Ideal para frascos de col\u00f3nia por atacado, o nosso frasco de perfume de vidro PB-BF13 foi concebido para marcas de perfume de luxo. Apresenta uma forma retangular requintada com vidro cristalino espesso e uma tampa retangular preta arrojada. Medindo 53x35x116mm, este frasco de perfume combina estabilidade (atrav\u00e9s de uma base s\u00f3lida) com uma est\u00e9tica moderna. A estrutura c\u00f4ncava curva especialmente concebida na parede interior do frasco n\u00e3o s\u00f3 permite que o l\u00edquido flua mais naturalmente, como tamb\u00e9m confere ao frasco um n\u00edvel visual profundo. Dispon\u00edvel em tr\u00eas capacidades de 60ml\/80ml\/100ml, \u00e9 adequado para uso di\u00e1rio, tamanho de viagem e edi\u00e7\u00e3o limitada para satisfazer as suas v\u00e1rias necessidades.<\/p>\n<h2>Especifica\u00e7\u00f5es principais<\/h2>\n<table style=\"border-collapse: collapse;margin-left: auto;margin-right: auto;width: 384.77pt\" border=\"0\" width=\"513\" cellspacing=\"0\" cellpadding=\"0\">\n<tbody>\n<tr style=\"height: 13.50pt\">\n<td style=\"height: 13.50pt;width: 127.50pt\" width=\"170\" height=\"18\">Mitat<\/td>\n<td style=\"width: 257.25pt\" width=\"343\">Detalhes<\/td>\n<\/tr>\n<tr style=\"height: 13.50pt\">\n<td style=\"height: 13.50pt\" height=\"18\">Modelo<\/td>\n<td>PB-BF13<\/td>\n<\/tr>\n<tr style=\"height: 13.50pt\">\n<td style=\"height: 13.50pt\" height=\"18\">Op\u00e7\u00f5es de capacidade<\/td>\n<td>60ml, 80ml, 100ml (frasco de col\u00f3nia de 2 oz)<\/td>\n<\/tr>\n<tr style=\"height: 13.50pt\">\n<td style=\"height: 13.50pt\" height=\"18\">Dimens\u00f5es<\/td>\n<td>53 x 35 x 116 mm<\/td>\n<\/tr>\n<tr style=\"height: 13.50pt\">\n<td style=\"height: 13.50pt\" height=\"18\">Material<\/td>\n<td>Vidro de cristal, tampa de spray preta<\/td>\n<\/tr>\n<tr style=\"height: 13.50pt\">\n<td style=\"height: 13.50pt\" height=\"18\">Cor<\/td>\n<td>Vidro transparente, tampa preta mate<\/td>\n<\/tr>\n<tr style=\"height: 13.50pt\">\n<td style=\"height: 13.50pt\" height=\"18\">Tipo de veda\u00e7\u00e3o<\/td>\n<td>Tampa de pulveriza\u00e7\u00e3o<\/td>\n<\/tr>\n<\/tbody>\n<\/table>\n<h2>Aplica\u00e7\u00f5es vers\u00e1teis para a marca de fragr\u00e2ncias<\/h2>\n<p>Estes frascos de perfume vazios foram concebidos para embalagens de col\u00f3nia, perfume ou n\u00e9voa de perfume de luxo. Adequados para fragr\u00e2ncias de viagem, s\u00e9ries de colec\u00e7\u00f5es limitadas ou conjuntos de presentes de Natal. O design universal das fragr\u00e2ncias masculinas e femininas pode n\u00e3o s\u00f3 real\u00e7ar a suavidade das notas florais femininas, mas tamb\u00e9m transportar a profundidade da \u00e1gua de col\u00f3nia masculina. \u00c9 especialmente adequado para marcas de fragr\u00e2ncias topo de gama que procuram um sentido de fronteiras sem g\u00e9nero, realizando uma solu\u00e7\u00e3o elegante de um frasco para v\u00e1rios cen\u00e1rios.<\/p>\n<h2>Parceria com um fabricante de confian\u00e7a<\/h2>\n<p>Eleve a sua linha de fragr\u00e2ncias com estes frascos de perfume de vidro premium. Se voc\u00ea precisa de frascos de col\u00f4nia por atacado, marca personalizada ou pedidos em massa de frascos de spray de 100ml, nossa f\u00e1brica garante uma resposta r\u00e1pida, embalagem segura e conformidade com a exporta\u00e7\u00e3o. Contacte-nos hoje para criar embalagens de perfume personalizadas que cativem os seus clientes!<\/p>","protected":false},"excerpt":{"rendered":"<p>Criado para a marca de fragr\u00e2ncias de luxo, o nosso frasco de perfume de vidro Modelo PB-BF13 apresenta uma forma retangular refinada com vidro de cristal transparente e espesso e uma tampa retangular preta arrojada.<\/p>","protected":false},"featured_media":2592,"comment_status":"open","ping_status":"closed","template":"","meta":{"_acf_changed":false,"site-sidebar-layout":"default","site-content-layout":"","ast-site-content-layout":"default","site-content-style":"default","site-sidebar-style":"default","ast-global-header-display":"","ast-banner-title-visibility":"","ast-main-header-display":"","ast-hfb-above-header-display":"","ast-hfb-below-header-display":"","ast-hfb-mobile-header-display":"","site-post-title":"","ast-breadcrumbs-content":"","ast-featured-img":"","footer-sml-layout":"","ast-disable-related-posts":"","theme-transparent-header-meta":"default","adv-header-id-meta":"","stick-header-meta":"","header-above-stick-meta":"","header-main-stick-meta":"","header-below-stick-meta":"","astra-migrate-meta-layouts":"set","ast-page-background-enabled":"default","ast-page-background-meta":{"desktop":{"background-color":"var(--ast-global-color-5)","background-image":"","background-repeat":"repeat","background-position":"center center","background-size":"auto","background-attachment":"scroll","background-type":"","background-media":"","overlay-type":"","overlay-color":"","overlay-opacity":"","overlay-gradient":""},"tablet":{"background-color":"","background-image":"","background-repeat":"repeat","background-position":"center center","background-size":"auto","background-attachment":"scroll","background-type":"","background-media":"","overlay-type":"","overlay-color":"","overlay-opacity":"","overlay-gradient":""},"mobile":{"background-color":"","background-image":"","background-repeat":"repeat","background-position":"center center","background-size":"auto","background-attachment":"scroll","background-type":"","background-media":"","overlay-type":"","overlay-color":"","overlay-opacity":"","overlay-gradient":""}},"ast-content-background-meta":{"desktop":{"background-color":"var(--ast-global-color-4)","background-image":"","background-repeat":"repeat","background-position":"center center","background-size":"auto","background-attachment":"scroll","background-type":"","background-media":"","overlay-type":"","overlay-color":"","overlay-opacity":"","overlay-gradient":""},"tablet":{"background-color":"var(--ast-global-color-4)","background-image":"","background-repeat":"repeat","background-position":"center center","background-size":"auto","background-attachment":"scroll","background-type":"","background-media":"","overlay-type":"","overlay-color":"","overlay-opacity":"","overlay-gradient":""},"mobile":{"background-color":"var(--ast-global-color-4)","background-image":"","background-repeat":"repeat","background-position":"center center","background-size":"auto","background-attachment":"scroll","background-type":"","background-media":"","overlay-type":"","overlay-color":"","overlay-opacity":"","overlay-gradient":""}}},"product_brand":[],"product_cat":[41,72],"product_tag":[],"class_list":{"0":"post-2588","1":"product","2":"type-product","3":"status-publish","4":"has-post-thumbnail","6":"product_cat-perfume-bottles","7":"product_cat-cosmetic-packaging","8":"desktop-align-left","9":"tablet-align-left","10":"mobile-align-left","12":"first","13":"instock","14":"shipping-taxable","15":"product-type-simple"},"acf":[],"jetpack_sharing_enabled":true,"_links":{"self":[{"href":"https:\/\/theperfumebottles.com\/pt\/wp-json\/wp\/v2\/product\/2588","targetHints":{"allow":["GET"]}}],"collection":[{"href":"https:\/\/theperfumebottles.com\/pt\/wp-json\/wp\/v2\/product"}],"about":[{"href":"https:\/\/theperfumebottles.com\/pt\/wp-json\/wp\/v2\/types\/product"}],"replies":[{"embeddable":true,"href":"https:\/\/theperfumebottles.com\/pt\/wp-json\/wp\/v2\/comments?post=2588"}],"wp:featuredmedia":[{"embeddable":true,"href":"https:\/\/theperfumebottles.com\/pt\/wp-json\/wp\/v2\/media\/2592"}],"wp:attachment":[{"href":"https:\/\/theperfumebottles.com\/pt\/wp-json\/wp\/v2\/media?parent=2588"}],"wp:term":[{"taxonomy":"product_brand","embeddable":true,"href":"https:\/\/theperfumebottles.com\/pt\/wp-json\/wp\/v2\/product_brand?post=2588"},{"taxonomy":"product_cat","embeddable":true,"href":"https:\/\/theperfumebottles.com\/pt\/wp-json\/wp\/v2\/product_cat?post=2588"},{"taxonomy":"product_tag","embeddable":true,"href":"https:\/\/theperfumebottles.com\/pt\/wp-json\/wp\/v2\/product_tag?post=2588"}],"curies":[{"name":"wp","href":"https:\/\/api.w.org\/{rel}","templated":true}]}}