{"id":2696,"date":"2025-03-14T09:32:49","date_gmt":"2025-03-14T09:32:49","guid":{"rendered":"https:\/\/theperfumebottles.com\/?post_type=product&#038;p=2696"},"modified":"2025-05-27T10:50:16","modified_gmt":"2025-05-27T02:50:16","slug":"50ml-100ml-empty-perfume-spray-bottles","status":"publish","type":"product","link":"https:\/\/theperfumebottles.com\/pt\/produto\/50ml-100ml-empty-perfume-spray-bottles\/","title":{"rendered":"Frascos de perfume spray vazios de 50ml e 100ml"},"content":{"rendered":"<p>Estes frascos de spray de perfume vazios s\u00e3o especialmente concebidos para marcas que procuram alta qualidade. Feito de vidro cristal de alta qualidade, o frasco adota um design retangular ligeiramente chanfrado com linhas limpas. O visual geral \u00e9 simples e generoso, e exala eleg\u00e2ncia e sensa\u00e7\u00e3o high-end de forma discreta. A garrafa transparente permite mostrar perfeitamente o encanto da cor do perfume ou da col\u00f3nia, tornando cada gota de fragr\u00e2ncia cheia de apelo visual. Com uma tampa met\u00e1lica azul ou uma tampa preta mate, n\u00e3o \u00e9 apenas vers\u00e1til em estilo, mas tamb\u00e9m possui um temperamento \u00fanico. A base de vidro espessada \u00e9 est\u00e1vel e s\u00f3lida, e a sensa\u00e7\u00e3o na m\u00e3o \u00e9 calma e luxuosa, sendo muito adequada para s\u00e9ries de perfumes high-end ou de nicho.<\/p>\n<h2>Escolha ideal para criar perfumes exclusivos<\/h2>\n<p>Quer esteja a criar uma nova marca ou a lan\u00e7ar uma s\u00e9rie limitada de fragr\u00e2ncias, estes frascos vazios s\u00e3o parceiros de embalagem ideais. A superf\u00edcie lisa do frasco suporta uma variedade de m\u00e9todos de personaliza\u00e7\u00e3o, como impress\u00e3o, grava\u00e7\u00e3o ou rotulagem, ajudando-o a apresentar facilmente a personalidade da sua marca.<\/p>\n<h2>Especifica\u00e7\u00f5es principais: Precis\u00e3o e qualidade<\/h2>\n<div class=\"hyc-common-markdown__table-wrapper\">\n<table>\n<thead>\n<tr>\n<th>\u200b<strong>Especifica\u00e7\u00e3o<\/strong><\/th>\n<th>\u200b<strong>Detalhes<\/strong><\/th>\n<\/tr>\n<\/thead>\n<tbody>\n<tr>\n<td>\u200b<strong>Modelos<\/strong><\/td>\n<td>PB-BF1802 (50ml), PB-BF1803 (100ml)<\/td>\n<\/tr>\n<tr>\n<td>\u200b<strong>Dimens\u00f5es<\/strong><\/td>\n<td>70 * 27 * 84 mm (50ml), 95 * 30 * 109 mm (100ml)<\/td>\n<\/tr>\n<tr>\n<td>\u200b<strong>Op\u00e7\u00f5es de limite<\/strong><\/td>\n<td>Tampa met\u00e1lica azul, tampa PE preta mate<\/td>\n<\/tr>\n<tr>\n<td>\u200b<strong>Forma<\/strong><\/td>\n<td>Retangular com bordos ligeiramente biselados<\/td>\n<\/tr>\n<tr>\n<td>\u200b<strong>Material<\/strong><\/td>\n<td>Vidro de cristal de alta qualidade<\/td>\n<\/tr>\n<tr>\n<td>\u200b<strong>Tipo de veda\u00e7\u00e3o<\/strong><\/td>\n<td>Tampa de pulveriza\u00e7\u00e3o<\/td>\n<\/tr>\n<\/tbody>\n<\/table>\n<\/div>\n<h2>Eleve a sua marca com embalagens de qualidade superior<\/h2>\n<p>Quer injetar mais estilo na sua s\u00e9rie de perfumes? Disponibilizamos duas capacidades de 50 ml e 100 ml, e a cor da tampa do frasco pode ser livremente selecionada de acordo com o estilo da marca. Suportamos encomendas a granel, fornecimento est\u00e1vel e ajudamos no crescimento da marca.<\/p>\n<p>Bem-vindo a contactar a nossa f\u00e1brica a qualquer momento para criar a sua pr\u00f3pria embalagem exclusiva de fragr\u00e2ncias em conjunto \u2013 come\u00e7ando por um frasco, tornando a marca mais acolhedora.<\/p>","protected":false},"excerpt":{"rendered":"<p>Os nossos frascos de spray de perfume vazios foram concebidos para elevar as suas embalagens de fragr\u00e2ncias com uma est\u00e9tica moderna e requintada.<\/p>","protected":false},"featured_media":2697,"comment_status":"open","ping_status":"closed","template":"","meta":{"_acf_changed":false,"site-sidebar-layout":"default","site-content-layout":"","ast-site-content-layout":"default","site-content-style":"default","site-sidebar-style":"default","ast-global-header-display":"","ast-banner-title-visibility":"","ast-main-header-display":"","ast-hfb-above-header-display":"","ast-hfb-below-header-display":"","ast-hfb-mobile-header-display":"","site-post-title":"","ast-breadcrumbs-content":"","ast-featured-img":"","footer-sml-layout":"","ast-disable-related-posts":"","theme-transparent-header-meta":"default","adv-header-id-meta":"","stick-header-meta":"","header-above-stick-meta":"","header-main-stick-meta":"","header-below-stick-meta":"","astra-migrate-meta-layouts":"set","ast-page-background-enabled":"default","ast-page-background-meta":{"desktop":{"background-color":"var(--ast-global-color-5)","background-image":"","background-repeat":"repeat","background-position":"center center","background-size":"auto","background-attachment":"scroll","background-type":"","background-media":"","overlay-type":"","overlay-color":"","overlay-opacity":"","overlay-gradient":""},"tablet":{"background-color":"","background-image":"","background-repeat":"repeat","background-position":"center center","background-size":"auto","background-attachment":"scroll","background-type":"","background-media":"","overlay-type":"","overlay-color":"","overlay-opacity":"","overlay-gradient":""},"mobile":{"background-color":"","background-image":"","background-repeat":"repeat","background-position":"center center","background-size":"auto","background-attachment":"scroll","background-type":"","background-media":"","overlay-type":"","overlay-color":"","overlay-opacity":"","overlay-gradient":""}},"ast-content-background-meta":{"desktop":{"background-color":"var(--ast-global-color-4)","background-image":"","background-repeat":"repeat","background-position":"center center","background-size":"auto","background-attachment":"scroll","background-type":"","background-media":"","overlay-type":"","overlay-color":"","overlay-opacity":"","overlay-gradient":""},"tablet":{"background-color":"var(--ast-global-color-4)","background-image":"","background-repeat":"repeat","background-position":"center center","background-size":"auto","background-attachment":"scroll","background-type":"","background-media":"","overlay-type":"","overlay-color":"","overlay-opacity":"","overlay-gradient":""},"mobile":{"background-color":"var(--ast-global-color-4)","background-image":"","background-repeat":"repeat","background-position":"center center","background-size":"auto","background-attachment":"scroll","background-type":"","background-media":"","overlay-type":"","overlay-color":"","overlay-opacity":"","overlay-gradient":""}}},"product_brand":[],"product_cat":[72,41],"product_tag":[],"class_list":{"0":"post-2696","1":"product","2":"type-product","3":"status-publish","4":"has-post-thumbnail","6":"product_cat-cosmetic-packaging","7":"product_cat-perfume-bottles","8":"desktop-align-left","9":"tablet-align-left","10":"mobile-align-left","12":"first","13":"instock","14":"shipping-taxable","15":"product-type-simple"},"acf":[],"jetpack_sharing_enabled":true,"_links":{"self":[{"href":"https:\/\/theperfumebottles.com\/pt\/wp-json\/wp\/v2\/product\/2696","targetHints":{"allow":["GET"]}}],"collection":[{"href":"https:\/\/theperfumebottles.com\/pt\/wp-json\/wp\/v2\/product"}],"about":[{"href":"https:\/\/theperfumebottles.com\/pt\/wp-json\/wp\/v2\/types\/product"}],"replies":[{"embeddable":true,"href":"https:\/\/theperfumebottles.com\/pt\/wp-json\/wp\/v2\/comments?post=2696"}],"wp:featuredmedia":[{"embeddable":true,"href":"https:\/\/theperfumebottles.com\/pt\/wp-json\/wp\/v2\/media\/2697"}],"wp:attachment":[{"href":"https:\/\/theperfumebottles.com\/pt\/wp-json\/wp\/v2\/media?parent=2696"}],"wp:term":[{"taxonomy":"product_brand","embeddable":true,"href":"https:\/\/theperfumebottles.com\/pt\/wp-json\/wp\/v2\/product_brand?post=2696"},{"taxonomy":"product_cat","embeddable":true,"href":"https:\/\/theperfumebottles.com\/pt\/wp-json\/wp\/v2\/product_cat?post=2696"},{"taxonomy":"product_tag","embeddable":true,"href":"https:\/\/theperfumebottles.com\/pt\/wp-json\/wp\/v2\/product_tag?post=2696"}],"curies":[{"name":"wp","href":"https:\/\/api.w.org\/{rel}","templated":true}]}}